{"id":22046,"date":"2025-02-06T08:22:59","date_gmt":"2025-02-06T08:22:59","guid":{"rendered":"https:\/\/crossboard.dev2.smartegy.ca\/?page_id=22046"},"modified":"2025-06-30T15:34:24","modified_gmt":"2025-06-30T15:34:24","slug":"don-de-dotation","status":"publish","type":"page","link":"https:\/\/crossboard.dev2.smartegy.ca\/fr\/faire-un-don-dons-testamentaires\/don-de-dotation\/","title":{"rendered":"Don de dotation"},"content":{"rendered":"\t\t<div data-elementor-type=\"wp-page\" data-elementor-id=\"22046\" class=\"elementor elementor-22046 elementor-18490\" data-elementor-settings=\"{&quot;ha_cmc_init_switcher&quot;:&quot;no&quot;}\" data-elementor-post-type=\"page\">\n\t\t\t\t<div class=\"elementor-element elementor-element-c41c8de e-con-full e-flex e-con e-parent\" data-id=\"c41c8de\" data-element_type=\"container\" data-settings=\"{&quot;background_background&quot;:&quot;classic&quot;,&quot;_ha_eqh_enable&quot;:false}\">\n\t\t\t\t<div class=\"elementor-element elementor-element-0fe6919 elementor-widget elementor-widget-text-editor\" data-id=\"0fe6919\" data-element_type=\"widget\" data-widget_type=\"text-editor.default\">\n\t\t\t\t<div class=\"elementor-widget-container\">\n\t\t\t\t\t\t\t\t\t<p>FAIRE UN DON \u2013 D\u00e9tails<\/p>\t\t\t\t\t\t\t\t<\/div>\n\t\t\t\t<\/div>\n\t\t\t\t<div class=\"elementor-element elementor-element-8cb3ce8 elementor-widget elementor-widget-text-editor\" data-id=\"8cb3ce8\" data-element_type=\"widget\" data-widget_type=\"text-editor.default\">\n\t\t\t\t<div class=\"elementor-widget-container\">\n\t\t\t\t\t\t\t\t\t<p>Don de dotation<\/p>\t\t\t\t\t\t\t\t<\/div>\n\t\t\t\t<\/div>\n\t\t\t\t<\/div>\n\t\t<div class=\"elementor-element elementor-element-a7aa123 e-flex e-con-boxed e-con e-parent\" data-id=\"a7aa123\" data-element_type=\"container\" data-settings=\"{&quot;_ha_eqh_enable&quot;:false}\">\n\t\t\t\t\t<div class=\"e-con-inner\">\n\t\t<div class=\"elementor-element elementor-element-2ded755 e-con-full e-flex e-con e-child\" data-id=\"2ded755\" data-element_type=\"container\" data-settings=\"{&quot;_ha_eqh_enable&quot;:false}\">\n\t\t\t\t<div class=\"elementor-element elementor-element-82fdb6e elementor-widget elementor-widget-heading\" data-id=\"82fdb6e\" data-element_type=\"widget\" data-widget_type=\"heading.default\">\n\t\t\t\t<div class=\"elementor-widget-container\">\n\t\t\t\t\t<h2 class=\"elementor-heading-title elementor-size-default\">COMMENT COMMENCER<\/h2>\t\t\t\t<\/div>\n\t\t\t\t<\/div>\n\t\t\t\t<div class=\"elementor-element elementor-element-74bae68 elementor-widget elementor-widget-text-editor\" data-id=\"74bae68\" data-element_type=\"widget\" data-widget_type=\"text-editor.default\">\n\t\t\t\t<div class=\"elementor-widget-container\">\n\t\t\t\t\t\t\t\t\t<p>Lorsqu&rsquo;un donateur choisit de faire don \u00e0 Carrefour, l&rsquo;int\u00e9gralit\u00e9 de son don est investie et g\u00e9n\u00e8re des revenus qui contribuent \u00e0 un changement durable ann\u00e9e apr\u00e8s ann\u00e9e. Les fondateurs de Carrefour \u00e9taient profond\u00e9ment attach\u00e9s \u00e0 la notion d&rsquo;Un Monde Unique et cette vision continue de guider notre action aujourd&rsquo;hui. Le Fonds de dotation Carrefour a \u00e9t\u00e9 cr\u00e9\u00e9 gr\u00e2ce \u00e0 un don visionnaire de Robbert Hartog, fondateur et premier pr\u00e9sident du conseil d&rsquo;administration. La le\u00e7on que les fondateurs de Carrefour ont tir\u00e9e est l&rsquo;immense obligation de poursuivre ce travail, et non de r\u00e9p\u00e9ter aveugl\u00e9ment ce qui a \u00e9t\u00e9 fait avant eux. Ils ont d\u00e9velopp\u00e9 de nouvelles solutions \u00e0 ces d\u00e9fis et ont pris des mesures audacieuses et innovantes avec courage et cr\u00e9ativit\u00e9. Aujourd&rsquo;hui, le fonds soutient des actions innovantes pour lutter contre la pauvret\u00e9 et faire progresser les droits des femmes et des filles.<\/p>\t\t\t\t\t\t\t\t<\/div>\n\t\t\t\t<\/div>\n\t\t\t\t<\/div>\n\t\t<div class=\"elementor-element elementor-element-3e74436 e-con-full e-flex e-con e-child\" data-id=\"3e74436\" data-element_type=\"container\" data-settings=\"{&quot;background_background&quot;:&quot;classic&quot;,&quot;_ha_eqh_enable&quot;:false}\">\n\t\t\t\t<div class=\"elementor-element elementor-element-ace48e3 elementor-position-left elementor-view-default elementor-mobile-position-top elementor-vertical-align-top elementor-widget elementor-widget-icon-box\" data-id=\"ace48e3\" data-element_type=\"widget\" data-widget_type=\"icon-box.default\">\n\t\t\t\t<div class=\"elementor-widget-container\">\n\t\t\t\t\t\t\t<div class=\"elementor-icon-box-wrapper\">\n\n\t\t\t\t\t\t<div class=\"elementor-icon-box-icon\">\n\t\t\t\t<span  class=\"elementor-icon\">\n\t\t\t\t<svg xmlns=\"http:\/\/www.w3.org\/2000\/svg\" width=\"32\" height=\"24\" viewBox=\"0 0 32 24\" fill=\"none\"><path d=\"M25.5074 23.5957C23.6856 23.5957 22.1282 22.9493 20.8353 21.6564C19.6012 20.3047 18.9841 18.6592 18.9841 16.7199C18.9841 13.0762 20.042 9.81458 22.1576 6.93494C24.3321 3.99652 26.8297 1.79271 29.6506 0.323503L30.0032 0.235352C30.4733 0.235352 30.7084 0.470423 30.7084 0.940567C30.7084 1.11687 30.6203 1.29318 30.444 1.46949C29.0335 2.70362 27.9463 3.96714 27.1823 5.26004C26.4183 6.49417 26.0363 7.61077 26.0363 8.60983C26.0363 9.66766 26.5946 10.5492 27.7112 11.2544C29.0629 12.0184 30.0914 12.8118 30.7966 13.6345C31.5606 14.4573 31.9426 15.6033 31.9426 17.0725C31.9426 18.8943 31.2961 20.4516 30.0032 21.7445C28.7691 22.9787 27.2705 23.5957 25.5074 23.5957ZM7.08357 23.5957C5.32052 23.5957 3.79254 22.9493 2.49964 21.6564C1.2655 20.3047 0.648438 18.6592 0.648438 16.7199C0.648438 13.0762 1.73565 9.81458 3.91008 6.93494C6.0845 3.99652 8.52339 1.82209 11.2267 0.411654C11.3443 0.352887 11.4912 0.323503 11.6675 0.323503C12.0789 0.323503 12.2846 0.558576 12.2846 1.02872C12.2846 1.20503 12.2258 1.35195 12.1083 1.46949C10.6978 2.76239 9.6106 4.05529 8.84661 5.34819C8.08263 6.58233 7.70063 7.66954 7.70063 8.60983C7.70063 9.9615 8.25893 10.843 9.37553 11.2544C10.6684 11.9009 11.6675 12.6648 12.3727 13.5464C13.1367 14.4279 13.5187 15.6033 13.5187 17.0725C13.5187 18.8943 12.9016 20.4516 11.6675 21.7445C10.4334 22.9787 8.90538 23.5957 7.08357 23.5957Z\" fill=\"white\"><\/path><\/svg>\t\t\t\t<\/span>\n\t\t\t<\/div>\n\t\t\t\n\t\t\t\t\t\t<div class=\"elementor-icon-box-content\">\n\n\t\t\t\t\n\t\t\t\t\t\t\t\t\t<p class=\"elementor-icon-box-description\">\n\t\t\t\t\t\tVous croyez qu'en travaillant ensemble sur un pied d'\u00e9galit\u00e9, nous pouvons lib\u00e9rer le potentiel des g\u00e9n\u00e9rations actuelles et futures pour vaincre la pauvret\u00e9 et faire progresser les droits des femmes et des filles. Vous croyez que les femmes, les jeunes et les populations rurales pauvres ont le droit de s'exprimer sur un pied d'\u00e9galit\u00e9, de vivre \u00e0 l'abri de la violence, de d\u00e9terminer leur avenir et de r\u00e9aliser pleinement leur potentiel. Vous pouvez nous aider \u00e0 y parvenir. Vous pouvez \u00eatre un acteur du changement en faisant un don testamentaire \u00e0 Carrefour International.\t\t\t\t\t<\/p>\n\t\t\t\t\n\t\t\t<\/div>\n\t\t\t\n\t\t<\/div>\n\t\t\t\t\t\t<\/div>\n\t\t\t\t<\/div>\n\t\t\t\t<\/div>\n\t\t\t\t\t<\/div>\n\t\t\t\t<\/div>\n\t\t<div class=\"elementor-element elementor-element-a51191f e-flex e-con-boxed e-con e-parent\" data-id=\"a51191f\" data-element_type=\"container\" data-settings=\"{&quot;_ha_eqh_enable&quot;:false}\">\n\t\t\t\t\t<div class=\"e-con-inner\">\n\t\t\t\t<div class=\"elementor-element elementor-element-cff1a82 elementor-widget elementor-widget-text-editor\" data-id=\"cff1a82\" data-element_type=\"widget\" data-widget_type=\"text-editor.default\">\n\t\t\t\t<div class=\"elementor-widget-container\">\n\t\t\t\t\t\t\t\t\t<p>Votre don permettra \u00e0 Carrefour de continuer \u00e0 d\u00e9velopper des solutions innovantes pour faire progresser l&rsquo;\u00e9galit\u00e9 dans certains des pays les plus pauvres du monde. Avec des organisations partenaires locales, nous contribuerons \u00e0 l&rsquo;autonomisation des femmes, des jeunes et des populations rurales pauvres, souvent marginalis\u00e9es \u00e9conomiquement et exclues des d\u00e9cisions qui les affectent. Ensemble, nous cr\u00e9erons des emplois d\u00e9cents et donnerons aux femmes les moyens de devenir des leaders et de vivre \u00e0 l&rsquo;abri de la violence. Carrefour offre \u00e9galement \u00e0 ses donateurs la possibilit\u00e9 de cr\u00e9er des fonds de dotation nominatifs. Pour un don de 100 000 $ ou plus, un fonds peut \u00eatre cr\u00e9\u00e9 \u00e0 votre nom, au nom de votre famille ou en l&rsquo;honneur d&rsquo;une personne de votre choix. La performance du fonds nominatif est communiqu\u00e9e chaque ann\u00e9e aux donateurs (ou \u00e0 leurs familles). Carrefour vous recommande vivement de consulter un professionnel afin de vous assurer que vos objectifs financiers sont pris en compte, que votre situation fiscale est examin\u00e9e et que votre don est adapt\u00e9 \u00e0 votre situation.<\/p>\t\t\t\t\t\t\t\t<\/div>\n\t\t\t\t<\/div>\n\t\t\t\t\t<\/div>\n\t\t\t\t<\/div>\n\t\t<div class=\"elementor-element elementor-element-856e5d0 e-flex e-con-boxed e-con e-parent\" data-id=\"856e5d0\" data-element_type=\"container\" data-settings=\"{&quot;_ha_eqh_enable&quot;:false}\">\n\t\t\t\t\t<div class=\"e-con-inner\">\n\t\t<div class=\"elementor-element elementor-element-b8c4080 e-con-full e-flex e-con e-child\" data-id=\"b8c4080\" data-element_type=\"container\" data-settings=\"{&quot;_ha_eqh_enable&quot;:false}\">\n\t\t\t\t<div class=\"elementor-element elementor-element-9c8f627 elementor-widget elementor-widget-heading\" data-id=\"9c8f627\" data-element_type=\"widget\" data-widget_type=\"heading.default\">\n\t\t\t\t<div class=\"elementor-widget-container\">\n\t\t\t\t\t<h2 class=\"elementor-heading-title elementor-size-default\">AVANTAGES POUR VOUS<\/h2>\t\t\t\t<\/div>\n\t\t\t\t<\/div>\n\t\t\t\t<div class=\"elementor-element elementor-element-3a9807b elementor-widget elementor-widget-text-editor\" data-id=\"3a9807b\" data-element_type=\"widget\" data-widget_type=\"text-editor.default\">\n\t\t\t\t<div class=\"elementor-widget-container\">\n\t\t\t\t\t\t\t\t\t<ul><li><strong>VISION D&rsquo;AVENIR<\/strong>\u00a0: Un don de dotation vous permet d&rsquo;exprimer votre vision de l&rsquo;avenir de la mission de Carrefour International.<\/li><li><strong>GESTION DES RESSOURCES\u00a0: Carrefour g\u00e8re les fonds de dotation avec prudence. Le Comit\u00e9 des finances examine r\u00e9guli\u00e8rement les rapports de dotation pr\u00e9par\u00e9s et pr\u00e9sent\u00e9s par la soci\u00e9t\u00e9 d&rsquo;investissement de Carrefour, Genus Capital Management.<\/strong><\/li><li><strong>AVANTAGE FISCAL\u00a0: Vous ou votre succession recevrez un re\u00e7u fiscal pour don de bienfaisance correspondant au montant total de votre don, ce qui pourrait r\u00e9duire l&rsquo;imp\u00f4t \u00e0 payer sur votre d\u00e9claration de revenus finale. Si votre don d\u00e9passe 100 % de votre revenu net l&rsquo;ann\u00e9e de votre d\u00e9c\u00e8s, le cr\u00e9dit d&rsquo;imp\u00f4t exc\u00e9dentaire peut \u00eatre report\u00e9 r\u00e9trospectivement sur l&rsquo;ann\u00e9e d&rsquo;imposition pr\u00e9c\u00e9dente ou prospective dans le cadre d&rsquo;un plan successoral \u00e0 taux progressifs.<\/strong><\/li><li><strong>RECONNAISSANCE\u00a0:<\/strong>\u00a0Votre don peut \u00eatre honor\u00e9 de votre vivant et vous pouvez contribuer \u00e0 cr\u00e9er un m\u00e9morial durable pour vous, votre famille ou toute personne que vous souhaitez honorer.<\/li><\/ul>\t\t\t\t\t\t\t\t<\/div>\n\t\t\t\t<\/div>\n\t\t\t\t<\/div>\n\t\t<div class=\"elementor-element elementor-element-34e4da1 e-con-full e-flex e-con e-child\" data-id=\"34e4da1\" data-element_type=\"container\" data-settings=\"{&quot;_ha_eqh_enable&quot;:false}\">\n\t\t\t\t<div class=\"elementor-element elementor-element-9d73c1c elementor-widget elementor-widget-heading\" data-id=\"9d73c1c\" data-element_type=\"widget\" data-widget_type=\"heading.default\">\n\t\t\t\t<div class=\"elementor-widget-container\">\n\t\t\t\t\t<h2 class=\"elementor-heading-title elementor-size-default\">FORMULATION SUGG\u00c9R\u00c9E<\/h2>\t\t\t\t<\/div>\n\t\t\t\t<\/div>\n\t\t\t\t<div class=\"elementor-element elementor-element-bdb4891 elementor-widget elementor-widget-text-editor\" data-id=\"bdb4891\" data-element_type=\"widget\" data-widget_type=\"text-editor.default\">\n\t\t\t\t<div class=\"elementor-widget-container\">\n\t\t\t\t\t\t\t\t\t<ul><li>Si vous cr\u00e9ez un fonds de dotation nominatif, nous vous sugg\u00e9rons ci-dessous une formulation \u00e0 partager avec votre avocat ou votre conseiller en planification successorale\u00a0:<\/li><li>Je donne \u00e0 Carrefour canadien international (montant) pour la cr\u00e9ation d&rsquo;un fonds de dotation nominatif. Le capital vers\u00e9 pour ce fonds peut \u00eatre investi dans les actifs de Carrefour \u00e0 des fins de placement, mais il doit \u00eatre identifi\u00e9 dans les registres de Carrefour comme \u00e9tant le (nom du fonds de dotation du donateur). Le revenu annuel, d\u00e9duction faite des frais d&rsquo;administration g\u00e9n\u00e9r\u00e9s par le fonds de dotation, sera utilis\u00e9 pour (indiquer l&rsquo;objectif de votre fonds).<\/li><\/ul>\t\t\t\t\t\t\t\t<\/div>\n\t\t\t\t<\/div>\n\t\t\t\t<\/div>\n\t\t\t\t\t<\/div>\n\t\t\t\t<\/div>\n\t\t<div class=\"elementor-element elementor-element-e2e8406 e-flex e-con-boxed e-con e-parent\" data-id=\"e2e8406\" data-element_type=\"container\" data-settings=\"{&quot;_ha_eqh_enable&quot;:false}\">\n\t\t\t\t\t<div class=\"e-con-inner\">\n\t\t<div class=\"elementor-element elementor-element-f695736 e-con-full e-flex e-con e-child\" data-id=\"f695736\" data-element_type=\"container\" data-settings=\"{&quot;background_background&quot;:&quot;classic&quot;,&quot;_ha_eqh_enable&quot;:false}\">\n\t\t\t\t<div class=\"elementor-element elementor-element-c4bf972 elementor-widget elementor-widget-heading\" data-id=\"c4bf972\" data-element_type=\"widget\" data-widget_type=\"heading.default\">\n\t\t\t\t<div class=\"elementor-widget-container\">\n\t\t\t\t\t<h2 class=\"elementor-heading-title elementor-size-default\"><p>\n<a href=\"\/wp-content\/uploads\/2025\/03\/One-World-Legacy-Circle_ENDOWMENT-GIFT_ENG_April_20-1.pdf\" target=\"_blank\">\nT\u00e9l\u00e9chargez ces informations pour vous aider\n<\/a>\nou contactez Wanjiro Ndungu, notre responsable philanthropie, \u00e0\n<a href=\"mailto:wanjiro@cintl.org\">wanjiro@cintl.org<\/a>\nou appelez le\n<a href=\"tel:4169671611\">416-967-1611<\/a>\npour plus d'informations.\n<\/p><\/h2>\t\t\t\t<\/div>\n\t\t\t\t<\/div>\n\t\t\t\t<\/div>\n\t\t\t\t\t<\/div>\n\t\t\t\t<\/div>\n\t\t\t\t<\/div>\n\t\t","protected":false},"excerpt":{"rendered":"<p>FAIRE UN DON \u2013 D\u00e9tails Don de dotation COMMENT COMMENCER Lorsqu&rsquo;un donateur choisit de faire don \u00e0 Carrefour, l&rsquo;int\u00e9gralit\u00e9 de son don est investie et g\u00e9n\u00e8re des revenus qui contribuent \u00e0 un changement durable ann\u00e9e apr\u00e8s ann\u00e9e. Les fondateurs de Carrefour \u00e9taient profond\u00e9ment attach\u00e9s \u00e0 la notion d&rsquo;Un Monde Unique et cette vision continue de [&hellip;]<\/p>\n","protected":false},"author":1,"featured_media":0,"parent":22017,"menu_order":0,"comment_status":"closed","ping_status":"closed","template":"elementor_header_footer","meta":{"_acf_changed":false,"footnotes":""},"class_list":["post-22046","page","type-page","status-publish","hentry"],"acf":[],"_links":{"self":[{"href":"https:\/\/crossboard.dev2.smartegy.ca\/fr\/wp-json\/wp\/v2\/pages\/22046","targetHints":{"allow":["GET"]}}],"collection":[{"href":"https:\/\/crossboard.dev2.smartegy.ca\/fr\/wp-json\/wp\/v2\/pages"}],"about":[{"href":"https:\/\/crossboard.dev2.smartegy.ca\/fr\/wp-json\/wp\/v2\/types\/page"}],"author":[{"embeddable":true,"href":"https:\/\/crossboard.dev2.smartegy.ca\/fr\/wp-json\/wp\/v2\/users\/1"}],"replies":[{"embeddable":true,"href":"https:\/\/crossboard.dev2.smartegy.ca\/fr\/wp-json\/wp\/v2\/comments?post=22046"}],"version-history":[{"count":7,"href":"https:\/\/crossboard.dev2.smartegy.ca\/fr\/wp-json\/wp\/v2\/pages\/22046\/revisions"}],"predecessor-version":[{"id":23820,"href":"https:\/\/crossboard.dev2.smartegy.ca\/fr\/wp-json\/wp\/v2\/pages\/22046\/revisions\/23820"}],"up":[{"embeddable":true,"href":"https:\/\/crossboard.dev2.smartegy.ca\/fr\/wp-json\/wp\/v2\/pages\/22017"}],"wp:attachment":[{"href":"https:\/\/crossboard.dev2.smartegy.ca\/fr\/wp-json\/wp\/v2\/media?parent=22046"}],"curies":[{"name":"wp","href":"https:\/\/api.w.org\/{rel}","templated":true}]}}