{"id":22052,"date":"2025-03-10T09:17:44","date_gmt":"2025-03-10T09:17:44","guid":{"rendered":"https:\/\/crossboard.dev2.smartegy.ca\/?page_id=22052"},"modified":"2025-06-30T15:36:20","modified_gmt":"2025-06-30T15:36:20","slug":"dons-de-biens-enregistres","status":"publish","type":"page","link":"https:\/\/crossboard.dev2.smartegy.ca\/fr\/faire-un-don-dons-testamentaires\/dons-de-biens-enregistres\/","title":{"rendered":"Dons de biens enregistr\u00e9s"},"content":{"rendered":"\t\t<div data-elementor-type=\"wp-page\" data-elementor-id=\"22052\" class=\"elementor elementor-22052 elementor-20471\" data-elementor-settings=\"{&quot;ha_cmc_init_switcher&quot;:&quot;no&quot;}\" data-elementor-post-type=\"page\">\n\t\t\t\t<div class=\"elementor-element elementor-element-f2ea4bf e-con-full e-flex e-con e-parent\" data-id=\"f2ea4bf\" data-element_type=\"container\" data-settings=\"{&quot;background_background&quot;:&quot;classic&quot;,&quot;_ha_eqh_enable&quot;:false}\">\n\t\t\t\t<div class=\"elementor-element elementor-element-5093336 elementor-widget elementor-widget-text-editor\" data-id=\"5093336\" data-element_type=\"widget\" data-widget_type=\"text-editor.default\">\n\t\t\t\t<div class=\"elementor-widget-container\">\n\t\t\t\t\t\t\t\t\t<p>FAIRE UN DON \u2013 D\u00e9tails<\/p>\t\t\t\t\t\t\t\t<\/div>\n\t\t\t\t<\/div>\n\t\t\t\t<div class=\"elementor-element elementor-element-dc5ffef elementor-widget elementor-widget-text-editor\" data-id=\"dc5ffef\" data-element_type=\"widget\" data-widget_type=\"text-editor.default\">\n\t\t\t\t<div class=\"elementor-widget-container\">\n\t\t\t\t\t\t\t\t\t<p>Dons de biens enregistr\u00e9s<\/p>\t\t\t\t\t\t\t\t<\/div>\n\t\t\t\t<\/div>\n\t\t\t\t<\/div>\n\t\t<div class=\"elementor-element elementor-element-a7aa123 e-flex e-con-boxed e-con e-parent\" data-id=\"a7aa123\" data-element_type=\"container\" data-settings=\"{&quot;_ha_eqh_enable&quot;:false}\">\n\t\t\t\t\t<div class=\"e-con-inner\">\n\t\t<div class=\"elementor-element elementor-element-2ded755 e-con-full e-flex e-con e-child\" data-id=\"2ded755\" data-element_type=\"container\" data-settings=\"{&quot;_ha_eqh_enable&quot;:false}\">\n\t\t\t\t<div class=\"elementor-element elementor-element-80c0883 elementor-widget elementor-widget-text-editor\" data-id=\"80c0883\" data-element_type=\"widget\" data-widget_type=\"text-editor.default\">\n\t\t\t\t<div class=\"elementor-widget-container\">\n\t\t\t\t\t\t\t\t\t<p>De nombreux Canadiens ont des \u00e9conomies dans des r\u00e9gimes enregistr\u00e9s d&rsquo;\u00e9pargne-retraite (REER). Cependant, les REER et les FERR engendrent souvent des imp\u00f4ts importants l&rsquo;ann\u00e9e du d\u00e9c\u00e8s, car le montant total du REER est inclus dans votre revenu annuel. Donner la totalit\u00e9 ou un pourcentage de votre REER ou FERR \u00e0 Carrefour est un moyen efficace de r\u00e9duire l&rsquo;imp\u00f4t \u00e0 payer par votre succession.<\/p>\t\t\t\t\t\t\t\t<\/div>\n\t\t\t\t<\/div>\n\t\t\t\t<div class=\"elementor-element elementor-element-04d253b elementor-widget elementor-widget-text-editor\" data-id=\"04d253b\" data-element_type=\"widget\" data-widget_type=\"text-editor.default\">\n\t\t\t\t<div class=\"elementor-widget-container\">\n\t\t\t\t\t\t\t\t\t<p>Les REER et les FERR deviennent enti\u00e8rement imposables l&rsquo;ann\u00e9e du d\u00e9c\u00e8s, g\u00e9n\u00e9ralement au taux marginal le plus \u00e9lev\u00e9, sauf si les fonds peuvent \u00eatre transf\u00e9r\u00e9s \u00e0 un conjoint survivant ou \u00e0 un enfant \u00e0 charge. Carrefour International d\u00e9livrera un re\u00e7u fiscal pour don de bienfaisance correspondant \u00e0 la valeur totale de votre don. Votre succession utilisera ce re\u00e7u pour r\u00e9duire l&rsquo;imp\u00f4t \u00e0 payer sur votre d\u00e9claration de revenus finale. Si votre don REER ou FERR d\u00e9passe 100 % de votre revenu net l&rsquo;ann\u00e9e de votre d\u00e9c\u00e8s, le cr\u00e9dit d&rsquo;imp\u00f4t exc\u00e9dentaire peut \u00eatre report\u00e9 r\u00e9trospectivement sur l&rsquo;ann\u00e9e d&rsquo;imposition pr\u00e9c\u00e9dente ou ult\u00e9rieure dans le cadre d&rsquo;un r\u00e9gime successoral \u00e0 taux progressifs.<\/p>\t\t\t\t\t\t\t\t<\/div>\n\t\t\t\t<\/div>\n\t\t\t\t<\/div>\n\t\t<div class=\"elementor-element elementor-element-3e74436 e-con-full e-flex e-con e-child\" data-id=\"3e74436\" data-element_type=\"container\" data-settings=\"{&quot;background_background&quot;:&quot;classic&quot;,&quot;_ha_eqh_enable&quot;:false}\">\n\t\t\t\t<div class=\"elementor-element elementor-element-ace48e3 elementor-position-left elementor-view-default elementor-mobile-position-top elementor-vertical-align-top elementor-widget elementor-widget-icon-box\" data-id=\"ace48e3\" data-element_type=\"widget\" data-widget_type=\"icon-box.default\">\n\t\t\t\t<div class=\"elementor-widget-container\">\n\t\t\t\t\t\t\t<div class=\"elementor-icon-box-wrapper\">\n\n\t\t\t\t\t\t<div class=\"elementor-icon-box-icon\">\n\t\t\t\t<span  class=\"elementor-icon\">\n\t\t\t\t<svg xmlns=\"http:\/\/www.w3.org\/2000\/svg\" width=\"32\" height=\"24\" viewBox=\"0 0 32 24\" fill=\"none\"><path d=\"M25.5074 23.5957C23.6856 23.5957 22.1282 22.9493 20.8353 21.6564C19.6012 20.3047 18.9841 18.6592 18.9841 16.7199C18.9841 13.0762 20.042 9.81458 22.1576 6.93494C24.3321 3.99652 26.8297 1.79271 29.6506 0.323503L30.0032 0.235352C30.4733 0.235352 30.7084 0.470423 30.7084 0.940567C30.7084 1.11687 30.6203 1.29318 30.444 1.46949C29.0335 2.70362 27.9463 3.96714 27.1823 5.26004C26.4183 6.49417 26.0363 7.61077 26.0363 8.60983C26.0363 9.66766 26.5946 10.5492 27.7112 11.2544C29.0629 12.0184 30.0914 12.8118 30.7966 13.6345C31.5606 14.4573 31.9426 15.6033 31.9426 17.0725C31.9426 18.8943 31.2961 20.4516 30.0032 21.7445C28.7691 22.9787 27.2705 23.5957 25.5074 23.5957ZM7.08357 23.5957C5.32052 23.5957 3.79254 22.9493 2.49964 21.6564C1.2655 20.3047 0.648438 18.6592 0.648438 16.7199C0.648438 13.0762 1.73565 9.81458 3.91008 6.93494C6.0845 3.99652 8.52339 1.82209 11.2267 0.411654C11.3443 0.352887 11.4912 0.323503 11.6675 0.323503C12.0789 0.323503 12.2846 0.558576 12.2846 1.02872C12.2846 1.20503 12.2258 1.35195 12.1083 1.46949C10.6978 2.76239 9.6106 4.05529 8.84661 5.34819C8.08263 6.58233 7.70063 7.66954 7.70063 8.60983C7.70063 9.9615 8.25893 10.843 9.37553 11.2544C10.6684 11.9009 11.6675 12.6648 12.3727 13.5464C13.1367 14.4279 13.5187 15.6033 13.5187 17.0725C13.5187 18.8943 12.9016 20.4516 11.6675 21.7445C10.4334 22.9787 8.90538 23.5957 7.08357 23.5957Z\" fill=\"white\"><\/path><\/svg>\t\t\t\t<\/span>\n\t\t\t<\/div>\n\t\t\t\n\t\t\t\t\t\t<div class=\"elementor-icon-box-content\">\n\n\t\t\t\t\n\t\t\t\t\t\t\t\t\t<p class=\"elementor-icon-box-description\">\n\t\t\t\t\t\tVous croyez qu'en travaillant ensemble sur un pied d'\u00e9galit\u00e9, nous pouvons lib\u00e9rer le potentiel des g\u00e9n\u00e9rations actuelles et futures pour vaincre la pauvret\u00e9 et promouvoir les droits des femmes et des filles. Vous croyez que les femmes, les jeunes et les populations rurales pauvres ont le droit de s'exprimer sur un pied d'\u00e9galit\u00e9, de vivre \u00e0 l'abri de la violence, de d\u00e9terminer leur avenir et de r\u00e9aliser leur plein potentiel. Vous pouvez nous aider \u00e0 y parvenir. Vous pouvez \u00eatre un acteur du changement en faisant don de la totalit\u00e9 ou d'un pourcentage de votre REER ou FERR \u00e0 Carrefour International. C'est un moyen efficace de r\u00e9duire l'imp\u00f4t \u00e0 payer sur votre succession.\t\t\t\t\t<\/p>\n\t\t\t\t\n\t\t\t<\/div>\n\t\t\t\n\t\t<\/div>\n\t\t\t\t\t\t<\/div>\n\t\t\t\t<\/div>\n\t\t\t\t<\/div>\n\t\t\t\t\t<\/div>\n\t\t\t\t<\/div>\n\t\t<div class=\"elementor-element elementor-element-a51191f e-flex e-con-boxed e-con e-parent\" data-id=\"a51191f\" data-element_type=\"container\" data-settings=\"{&quot;_ha_eqh_enable&quot;:false}\">\n\t\t\t\t\t<div class=\"e-con-inner\">\n\t\t\t\t<div class=\"elementor-element elementor-element-82fdb6e elementor-widget elementor-widget-heading\" data-id=\"82fdb6e\" data-element_type=\"widget\" data-widget_type=\"heading.default\">\n\t\t\t\t<div class=\"elementor-widget-container\">\n\t\t\t\t\t<h2 class=\"elementor-heading-title elementor-size-default\">COMMENT COMMENCER<\/h2>\t\t\t\t<\/div>\n\t\t\t\t<\/div>\n\t\t\t\t<div class=\"elementor-element elementor-element-74bae68 elementor-widget elementor-widget-text-editor\" data-id=\"74bae68\" data-element_type=\"widget\" data-widget_type=\"text-editor.default\">\n\t\t\t\t<div class=\"elementor-widget-container\">\n\t\t\t\t\t\t\t\t\t<p>Ce type de don est facile \u00e0 organiser. Pour d\u00e9signer Carrefour comme b\u00e9n\u00e9ficiaire de votre r\u00e9gime enregistr\u00e9 d&rsquo;\u00e9pargne-retraite ou de votre fonds de revenu de retraite, contactez votre institution financi\u00e8re et obtenez un formulaire de changement de b\u00e9n\u00e9ficiaire. Lorsque vous \u00eates pr\u00eat, d\u00e9signez Carrefour comme b\u00e9n\u00e9ficiaire de la totalit\u00e9 ou d&rsquo;un pourcentage du compte et demandez \u00e0 votre institution financi\u00e8re de mettre \u00e0 jour ses dossiers.<\/p>\t\t\t\t\t\t\t\t<\/div>\n\t\t\t\t<\/div>\n\t\t\t\t<div class=\"elementor-element elementor-element-cff1a82 elementor-widget elementor-widget-text-editor\" data-id=\"cff1a82\" data-element_type=\"widget\" data-widget_type=\"text-editor.default\">\n\t\t\t\t<div class=\"elementor-widget-container\">\n\t\t\t\t\t\t\t\t\t<p>Carrefour vous recommande fortement de demander conseil \u00e0 un professionnel pour vous assurer que vos objectifs financiers sont pris en compte, que votre situation fiscale est examin\u00e9e et que votre don pr\u00e9vu est adapt\u00e9 \u00e0 votre situation.<\/p>\t\t\t\t\t\t\t\t<\/div>\n\t\t\t\t<\/div>\n\t\t\t\t\t<\/div>\n\t\t\t\t<\/div>\n\t\t<div class=\"elementor-element elementor-element-7a2ecec e-flex e-con-boxed e-con e-parent\" data-id=\"7a2ecec\" data-element_type=\"container\" data-settings=\"{&quot;_ha_eqh_enable&quot;:false}\">\n\t\t\t\t\t<div class=\"e-con-inner\">\n\t\t\t\t<div class=\"elementor-element elementor-element-9c8f627 elementor-widget elementor-widget-heading\" data-id=\"9c8f627\" data-element_type=\"widget\" data-widget_type=\"heading.default\">\n\t\t\t\t<div class=\"elementor-widget-container\">\n\t\t\t\t\t<h2 class=\"elementor-heading-title elementor-size-default\">AVANTAGES POUR VOUS<\/h2>\t\t\t\t<\/div>\n\t\t\t\t<\/div>\n\t\t\t\t\t<\/div>\n\t\t\t\t<\/div>\n\t\t<div class=\"elementor-element elementor-element-856e5d0 e-flex e-con-boxed e-con e-parent\" data-id=\"856e5d0\" data-element_type=\"container\" data-settings=\"{&quot;_ha_eqh_enable&quot;:false}\">\n\t\t\t\t\t<div class=\"e-con-inner\">\n\t\t<div class=\"elementor-element elementor-element-b8c4080 e-con-full e-flex e-con e-child\" data-id=\"b8c4080\" data-element_type=\"container\" data-settings=\"{&quot;_ha_eqh_enable&quot;:false}\">\n\t\t\t\t<div class=\"elementor-element elementor-element-3a9807b elementor-widget elementor-widget-text-editor\" data-id=\"3a9807b\" data-element_type=\"widget\" data-widget_type=\"text-editor.default\">\n\t\t\t\t<div class=\"elementor-widget-container\">\n\t\t\t\t\t\t\t\t\t<ul><li><strong>SIMPLE\u00a0: <\/strong>Ce type de don est facile \u00e0 organiser. Obtenez un formulaire de changement de b\u00e9n\u00e9ficiaire aupr\u00e8s de votre institution financi\u00e8re, d\u00e9signez Carrefour International comme b\u00e9n\u00e9ficiaire de la totalit\u00e9 ou d&rsquo;un pourcentage du compte et demandez \u00e0 votre institution financi\u00e8re de mettre \u00e0 jour ses dossiers.<\/li><li><strong>FLEXIBLE\u00a0: <\/strong>La d\u00e9signation est r\u00e9vocable et peut \u00eatre modifi\u00e9e.<\/li><li><strong>\u00c9CONOMIQUE\u00a0: <\/strong>Il n&rsquo;y a aucun frais suppl\u00e9mentaire \u00e0 d\u00e9bourser.<\/li><li><strong>PLANIFICATION FISCALE ET AVANTAGES\u00a0:<\/strong> Faire don de la totalit\u00e9 ou d&rsquo;un pourcentage de votre REER ou FERR \u00e0 Carrefour est un moyen efficace de r\u00e9duire l&rsquo;imp\u00f4t \u00e0 payer par votre succession.<\/li><li><strong>\u00c9LIMINE LES FRAIS D&rsquo;HOMOLOGATION, LES FRAIS JURIDIQUES ET LES FRAIS D&rsquo;EX\u00c9CUTION TESTAMENTAIRE\u00a0: <\/strong>Votre don ne sera pas assujetti aux frais d&rsquo;homologation ni aux retards de r\u00e8glement. Les sommes laiss\u00e9es \u00e0 Carrefour lui seront vers\u00e9es directement \u00e0 votre d\u00e9c\u00e8s.<\/li><\/ul>\t\t\t\t\t\t\t\t<\/div>\n\t\t\t\t<\/div>\n\t\t\t\t<\/div>\n\t\t<div class=\"elementor-element elementor-element-34e4da1 e-con-full e-flex e-con e-child\" data-id=\"34e4da1\" data-element_type=\"container\" data-settings=\"{&quot;_ha_eqh_enable&quot;:false}\">\n\t\t\t\t<div class=\"elementor-element elementor-element-bdb4891 elementor-widget elementor-widget-text-editor\" data-id=\"bdb4891\" data-element_type=\"widget\" data-widget_type=\"text-editor.default\">\n\t\t\t\t<div class=\"elementor-widget-container\">\n\t\t\t\t\t\t\t\t\t<ul><li><strong>TRANQUILLIT\u00c9 D&rsquo;ESPRIT<\/strong>\u00a0: Vous pouvez planifier, organiser et annoncer le don vous-m\u00eame et vous aurez la certitude qu&rsquo;il se d\u00e9roulera comme pr\u00e9vu.<\/li><li><strong>CONTR\u00d4LE<\/strong>\u00a0: Vous conservez l&rsquo;utilisation de l&rsquo;investissement toute votre vie.<\/li><li><strong>CONFIDENTIALIT\u00c9<\/strong>\u00a0: Votre don n&rsquo;est pas public, ce qui vous permet de rester anonyme. Contrairement \u00e0 un testament, le don est irr\u00e9vocable.<\/li><li><strong>RECONNAISSANCE<\/strong>\u00a0: Votre don peut \u00eatre honor\u00e9 de votre vivant.<\/li><li><strong>SATISFACTION<\/strong>\u00a0: Vous pouvez cr\u00e9er un souvenir durable pour vous, votre famille ou toute personne que vous souhaitez honorer. Bien entendu, vous continuerez \u00e9galement \u00e0 contribuer \u00e0 des solutions qui am\u00e9liorent fondamentalement la vie des gens en r\u00e9duisant la pauvret\u00e9 et en faisant progresser les droits des femmes et des filles dans le monde.<\/li><\/ul>\t\t\t\t\t\t\t\t<\/div>\n\t\t\t\t<\/div>\n\t\t\t\t<\/div>\n\t\t\t\t\t<\/div>\n\t\t\t\t<\/div>\n\t\t<div class=\"elementor-element elementor-element-e2e8406 e-flex e-con-boxed e-con e-parent\" data-id=\"e2e8406\" data-element_type=\"container\" data-settings=\"{&quot;_ha_eqh_enable&quot;:false}\">\n\t\t\t\t\t<div class=\"e-con-inner\">\n\t\t<div class=\"elementor-element elementor-element-f695736 e-con-full e-flex e-con e-child\" data-id=\"f695736\" data-element_type=\"container\" data-settings=\"{&quot;background_background&quot;:&quot;classic&quot;,&quot;_ha_eqh_enable&quot;:false}\">\n\t\t\t\t<div class=\"elementor-element elementor-element-c4bf972 elementor-widget elementor-widget-heading\" data-id=\"c4bf972\" data-element_type=\"widget\" data-widget_type=\"heading.default\">\n\t\t\t\t<div class=\"elementor-widget-container\">\n\t\t\t\t\t<h2 class=\"elementor-heading-title elementor-size-default\"><p>\n<a href=\"\/wp-content\/uploads\/2025\/03\/One-World-Legacy-Circle_REGISTERED-ASSETS_ENG_April_20.pdf\" target=\"_blank\">\nT\u00e9l\u00e9chargez ces informations comme ressource pour vous\n<\/a>\nou contactez Wanjiro Ndungu, notre responsable philanthropie, \u00e0\n<a href=\"mailto:wanjiro@cintl.org\">wanjiro@cintl.org<\/a>\nou appelez le\n<a href=\"tel:4169671611\">416-967-1611<\/a>\npour plus d'informations.\n<\/p><\/h2>\t\t\t\t<\/div>\n\t\t\t\t<\/div>\n\t\t\t\t<\/div>\n\t\t\t\t\t<\/div>\n\t\t\t\t<\/div>\n\t\t\t\t<\/div>\n\t\t","protected":false},"excerpt":{"rendered":"<p>FAIRE UN DON \u2013 D\u00e9tails Dons de biens enregistr\u00e9s De nombreux Canadiens ont des \u00e9conomies dans des r\u00e9gimes enregistr\u00e9s d&rsquo;\u00e9pargne-retraite (REER). Cependant, les REER et les FERR engendrent souvent des imp\u00f4ts importants l&rsquo;ann\u00e9e du d\u00e9c\u00e8s, car le montant total du REER est inclus dans votre revenu annuel. Donner la totalit\u00e9 ou un pourcentage de votre [&hellip;]<\/p>\n","protected":false},"author":1,"featured_media":0,"parent":22017,"menu_order":0,"comment_status":"closed","ping_status":"closed","template":"elementor_header_footer","meta":{"_acf_changed":false,"footnotes":""},"class_list":["post-22052","page","type-page","status-publish","hentry"],"acf":[],"_links":{"self":[{"href":"https:\/\/crossboard.dev2.smartegy.ca\/fr\/wp-json\/wp\/v2\/pages\/22052","targetHints":{"allow":["GET"]}}],"collection":[{"href":"https:\/\/crossboard.dev2.smartegy.ca\/fr\/wp-json\/wp\/v2\/pages"}],"about":[{"href":"https:\/\/crossboard.dev2.smartegy.ca\/fr\/wp-json\/wp\/v2\/types\/page"}],"author":[{"embeddable":true,"href":"https:\/\/crossboard.dev2.smartegy.ca\/fr\/wp-json\/wp\/v2\/users\/1"}],"replies":[{"embeddable":true,"href":"https:\/\/crossboard.dev2.smartegy.ca\/fr\/wp-json\/wp\/v2\/comments?post=22052"}],"version-history":[{"count":7,"href":"https:\/\/crossboard.dev2.smartegy.ca\/fr\/wp-json\/wp\/v2\/pages\/22052\/revisions"}],"predecessor-version":[{"id":23823,"href":"https:\/\/crossboard.dev2.smartegy.ca\/fr\/wp-json\/wp\/v2\/pages\/22052\/revisions\/23823"}],"up":[{"embeddable":true,"href":"https:\/\/crossboard.dev2.smartegy.ca\/fr\/wp-json\/wp\/v2\/pages\/22017"}],"wp:attachment":[{"href":"https:\/\/crossboard.dev2.smartegy.ca\/fr\/wp-json\/wp\/v2\/media?parent=22052"}],"curies":[{"name":"wp","href":"https:\/\/api.w.org\/{rel}","templated":true}]}}