{"id":22059,"date":"2025-03-10T09:37:34","date_gmt":"2025-03-10T09:37:34","guid":{"rendered":"https:\/\/crossboard.dev2.smartegy.ca\/?page_id=22059"},"modified":"2025-06-30T15:38:06","modified_gmt":"2025-06-30T15:38:06","slug":"don-dans-votre-testament","status":"publish","type":"page","link":"https:\/\/crossboard.dev2.smartegy.ca\/fr\/faire-un-don-dons-testamentaires\/don-dans-votre-testament\/","title":{"rendered":"Don dans votre testament"},"content":{"rendered":"\t\t<div data-elementor-type=\"wp-page\" data-elementor-id=\"22059\" class=\"elementor elementor-22059 elementor-20485\" data-elementor-settings=\"{&quot;ha_cmc_init_switcher&quot;:&quot;no&quot;}\" data-elementor-post-type=\"page\">\n\t\t\t\t<div class=\"elementor-element elementor-element-85a54b5 e-con-full e-flex e-con e-parent\" data-id=\"85a54b5\" data-element_type=\"container\" data-settings=\"{&quot;background_background&quot;:&quot;classic&quot;,&quot;_ha_eqh_enable&quot;:false}\">\n\t\t\t\t<div class=\"elementor-element elementor-element-880c95b elementor-widget elementor-widget-text-editor\" data-id=\"880c95b\" data-element_type=\"widget\" data-widget_type=\"text-editor.default\">\n\t\t\t\t<div class=\"elementor-widget-container\">\n\t\t\t\t\t\t\t\t\t<p>FAIRE UN DON \u2013 D\u00e9tails<\/p>\t\t\t\t\t\t\t\t<\/div>\n\t\t\t\t<\/div>\n\t\t\t\t<div class=\"elementor-element elementor-element-09cbb40 elementor-widget elementor-widget-text-editor\" data-id=\"09cbb40\" data-element_type=\"widget\" data-widget_type=\"text-editor.default\">\n\t\t\t\t<div class=\"elementor-widget-container\">\n\t\t\t\t\t\t\t\t\t<p>Don dans votre testament<\/p>\t\t\t\t\t\t\t\t<\/div>\n\t\t\t\t<\/div>\n\t\t\t\t<\/div>\n\t\t<div class=\"elementor-element elementor-element-a7aa123 e-flex e-con-boxed e-con e-parent\" data-id=\"a7aa123\" data-element_type=\"container\" data-settings=\"{&quot;_ha_eqh_enable&quot;:false}\">\n\t\t\t\t\t<div class=\"e-con-inner\">\n\t\t<div class=\"elementor-element elementor-element-2ded755 e-con-full e-flex e-con e-child\" data-id=\"2ded755\" data-element_type=\"container\" data-settings=\"{&quot;_ha_eqh_enable&quot;:false}\">\n\t\t\t\t<div class=\"elementor-element elementor-element-82fdb6e elementor-widget elementor-widget-heading\" data-id=\"82fdb6e\" data-element_type=\"widget\" data-widget_type=\"heading.default\">\n\t\t\t\t<div class=\"elementor-widget-container\">\n\t\t\t\t\t<h2 class=\"elementor-heading-title elementor-size-default\">COMMENT COMMENCER<\/h2>\t\t\t\t<\/div>\n\t\t\t\t<\/div>\n\t\t\t\t<div class=\"elementor-element elementor-element-74bae68 elementor-widget elementor-widget-text-editor\" data-id=\"74bae68\" data-element_type=\"widget\" data-widget_type=\"text-editor.default\">\n\t\t\t\t<div class=\"elementor-widget-container\">\n\t\t\t\t\t\t\t\t\t<p>Un legs de bienfaisance est une directive testamentaire qui demande \u00e0 votre ex\u00e9cuteur testamentaire ou fiduciaire de l\u00e9guer un ou plusieurs de vos biens \u00e0 un ou plusieurs organismes de bienfaisance. C&rsquo;est un moyen simple de soutenir Carrefour et de faire b\u00e9n\u00e9ficier votre succession d&rsquo;importantes \u00e9conomies d&rsquo;imp\u00f4t, r\u00e9duisant ainsi, voire \u00e9liminant, votre imp\u00f4t sur le revenu l&rsquo;ann\u00e9e de votre d\u00e9c\u00e8s. Carrefour vous recommande vivement de consulter un professionnel afin de vous assurer que vos objectifs financiers sont pris en compte, que votre situation fiscale est examin\u00e9e et que votre don planifi\u00e9 est adapt\u00e9 \u00e0 votre situation.<\/p>\t\t\t\t\t\t\t\t<\/div>\n\t\t\t\t<\/div>\n\t\t\t\t<\/div>\n\t\t<div class=\"elementor-element elementor-element-3e74436 e-con-full e-flex e-con e-child\" data-id=\"3e74436\" data-element_type=\"container\" data-settings=\"{&quot;background_background&quot;:&quot;classic&quot;,&quot;_ha_eqh_enable&quot;:false}\">\n\t\t\t\t<div class=\"elementor-element elementor-element-ace48e3 elementor-position-left elementor-view-default elementor-mobile-position-top elementor-vertical-align-top elementor-widget elementor-widget-icon-box\" data-id=\"ace48e3\" data-element_type=\"widget\" data-widget_type=\"icon-box.default\">\n\t\t\t\t<div class=\"elementor-widget-container\">\n\t\t\t\t\t\t\t<div class=\"elementor-icon-box-wrapper\">\n\n\t\t\t\t\t\t<div class=\"elementor-icon-box-icon\">\n\t\t\t\t<span  class=\"elementor-icon\">\n\t\t\t\t<svg xmlns=\"http:\/\/www.w3.org\/2000\/svg\" width=\"32\" height=\"24\" viewBox=\"0 0 32 24\" fill=\"none\"><path d=\"M25.5074 23.5957C23.6856 23.5957 22.1282 22.9493 20.8353 21.6564C19.6012 20.3047 18.9841 18.6592 18.9841 16.7199C18.9841 13.0762 20.042 9.81458 22.1576 6.93494C24.3321 3.99652 26.8297 1.79271 29.6506 0.323503L30.0032 0.235352C30.4733 0.235352 30.7084 0.470423 30.7084 0.940567C30.7084 1.11687 30.6203 1.29318 30.444 1.46949C29.0335 2.70362 27.9463 3.96714 27.1823 5.26004C26.4183 6.49417 26.0363 7.61077 26.0363 8.60983C26.0363 9.66766 26.5946 10.5492 27.7112 11.2544C29.0629 12.0184 30.0914 12.8118 30.7966 13.6345C31.5606 14.4573 31.9426 15.6033 31.9426 17.0725C31.9426 18.8943 31.2961 20.4516 30.0032 21.7445C28.7691 22.9787 27.2705 23.5957 25.5074 23.5957ZM7.08357 23.5957C5.32052 23.5957 3.79254 22.9493 2.49964 21.6564C1.2655 20.3047 0.648438 18.6592 0.648438 16.7199C0.648438 13.0762 1.73565 9.81458 3.91008 6.93494C6.0845 3.99652 8.52339 1.82209 11.2267 0.411654C11.3443 0.352887 11.4912 0.323503 11.6675 0.323503C12.0789 0.323503 12.2846 0.558576 12.2846 1.02872C12.2846 1.20503 12.2258 1.35195 12.1083 1.46949C10.6978 2.76239 9.6106 4.05529 8.84661 5.34819C8.08263 6.58233 7.70063 7.66954 7.70063 8.60983C7.70063 9.9615 8.25893 10.843 9.37553 11.2544C10.6684 11.9009 11.6675 12.6648 12.3727 13.5464C13.1367 14.4279 13.5187 15.6033 13.5187 17.0725C13.5187 18.8943 12.9016 20.4516 11.6675 21.7445C10.4334 22.9787 8.90538 23.5957 7.08357 23.5957Z\" fill=\"white\"><\/path><\/svg>\t\t\t\t<\/span>\n\t\t\t<\/div>\n\t\t\t\n\t\t\t\t\t\t<div class=\"elementor-icon-box-content\">\n\n\t\t\t\t\n\t\t\t\t\t\t\t\t\t<p class=\"elementor-icon-box-description\">\n\t\t\t\t\t\tTout comme vous avez soutenu Carrefour International tout au long de votre vie, vous pouvez inclure une disposition en notre faveur dans votre testament. Ce faisant, vous continuerez \u00e0 soutenir la g\u00e9n\u00e9ration actuelle et les g\u00e9n\u00e9rations futures dans la lutte contre la pauvret\u00e9 et la promotion des droits des femmes et des filles.\t\t\t\t\t<\/p>\n\t\t\t\t\n\t\t\t<\/div>\n\t\t\t\n\t\t<\/div>\n\t\t\t\t\t\t<\/div>\n\t\t\t\t<\/div>\n\t\t\t\t<\/div>\n\t\t\t\t\t<\/div>\n\t\t\t\t<\/div>\n\t\t<div class=\"elementor-element elementor-element-856e5d0 e-flex e-con-boxed e-con e-parent\" data-id=\"856e5d0\" data-element_type=\"container\" data-settings=\"{&quot;_ha_eqh_enable&quot;:false}\">\n\t\t\t\t\t<div class=\"e-con-inner\">\n\t\t<div class=\"elementor-element elementor-element-b8c4080 e-con-full e-flex e-con e-child\" data-id=\"b8c4080\" data-element_type=\"container\" data-settings=\"{&quot;_ha_eqh_enable&quot;:false}\">\n\t\t\t\t<div class=\"elementor-element elementor-element-9c8f627 elementor-widget elementor-widget-heading\" data-id=\"9c8f627\" data-element_type=\"widget\" data-widget_type=\"heading.default\">\n\t\t\t\t<div class=\"elementor-widget-container\">\n\t\t\t\t\t<h2 class=\"elementor-heading-title elementor-size-default\">AVANTAGES POUR VOUS<\/h2>\t\t\t\t<\/div>\n\t\t\t\t<\/div>\n\t\t\t\t<div class=\"elementor-element elementor-element-3a9807b elementor-widget elementor-widget-text-editor\" data-id=\"3a9807b\" data-element_type=\"widget\" data-widget_type=\"text-editor.default\">\n\t\t\t\t<div class=\"elementor-widget-container\">\n\t\t\t\t\t\t\t\t\t<ul><li><strong>PRATIQUE<\/strong>\u00a0: Ce don est accessible \u00e0 tous. Quel que soit votre \u00e2ge, il peut \u00eatre du montant de votre choix.<\/li><li><strong>SIMPLE<\/strong> : Un don testamentaire est facile \u00e0 organiser. Il vous suffit de demander \u00e0 votre notaire d&rsquo;inclure un don de bienfaisance \u00e0 Carrefour International dans votre testament ou codicille.<\/li><li><strong>\u00c9CONOMIQUE<\/strong>\u00a0: Vos revenus actuels ne diminueront pas.<\/li><li><strong>ALL\u00c8GEMENT FISCAL<\/strong>\u00a0: Un don testamentaire est un moyen tr\u00e8s efficace de r\u00e9duire les droits de succession.<\/li><li><strong>PLANIFICATION FISCALE<\/strong> : Carrefour d\u00e9livrera un re\u00e7u fiscal pour don de bienfaisance correspondant \u00e0 la valeur totale de votre don. Votre succession utilisera ce re\u00e7u pour r\u00e9duire l&rsquo;imp\u00f4t \u00e0 payer sur votre d\u00e9claration de revenus finale. Si votre don d\u00e9passe 100 % de votre revenu net l&rsquo;ann\u00e9e de votre d\u00e9c\u00e8s, le cr\u00e9dit d&rsquo;imp\u00f4t exc\u00e9dentaire peut \u00eatre report\u00e9 r\u00e9trospectivement sur l&rsquo;ann\u00e9e d&rsquo;imposition pr\u00e9c\u00e9dente ou prospective dans le cadre d&rsquo;un plan successoral \u00e0 taux progressifs.<\/li><li><strong>FLEXIBILIT\u00c9<\/strong>\u00a0: Votre don peut porter sur un montant pr\u00e9cis, un pourcentage de votre succession ou le reliquat de votre succession, c&rsquo;est-\u00e0-dire une donation apr\u00e8s le paiement de vos dettes et autres legs.<\/li><li><strong>CONTR\u00d4LE<\/strong>\u00a0: Vous conservez l&rsquo;usage des actifs toute votre vie.<\/li><li><strong>TRANQUILLIT\u00c9 D&rsquo;ESPRIT<\/strong>\u00a0: Vous pouvez modifier votre testament \u00e0 tout moment.<\/li><li><strong>RECONNAISSANCE<\/strong>\u00a0: Si Carrefour International a connaissance de votre don, nous pouvons vous honorer de votre vivant.<\/li><li><strong>SATISFACTION<\/strong>\u00a0: Votre don est fait \u00e0 des fins personnelles\u00a0; vous pouvez cr\u00e9er un m\u00e9morial durable pour vous, votre famille ou toute personne \u00e0 qui vous souhaitez rendre hommage. Bien entendu, vous continuerez \u00e9galement \u00e0 contribuer \u00e0 des solutions qui am\u00e9liorent fondamentalement la vie des populations en r\u00e9duisant la pauvret\u00e9 et en faisant progresser les droits des femmes et des filles dans le monde entier.<\/li><\/ul>\t\t\t\t\t\t\t\t<\/div>\n\t\t\t\t<\/div>\n\t\t\t\t<\/div>\n\t\t<div class=\"elementor-element elementor-element-34e4da1 e-con-full e-flex e-con e-child\" data-id=\"34e4da1\" data-element_type=\"container\" data-settings=\"{&quot;_ha_eqh_enable&quot;:false}\">\n\t\t\t\t<div class=\"elementor-element elementor-element-a03cf8a elementor-widget elementor-widget-heading\" data-id=\"a03cf8a\" data-element_type=\"widget\" data-widget_type=\"heading.default\">\n\t\t\t\t<div class=\"elementor-widget-container\">\n\t\t\t\t\t<h2 class=\"elementor-heading-title elementor-size-default\">Volont\u00e9 pour<\/h2>\t\t\t\t<\/div>\n\t\t\t\t<\/div>\n\t\t\t\t<div class=\"elementor-element elementor-element-bdb4891 elementor-widget elementor-widget-text-editor\" data-id=\"bdb4891\" data-element_type=\"widget\" data-widget_type=\"text-editor.default\">\n\t\t\t\t<div class=\"elementor-widget-container\">\n\t\t\t\t\t\t\t\t\t<p>Carrefour International s&rsquo;est associ\u00e9 \u00e0 Willfora.com pour promouvoir les dons testamentaires et offrir \u00e0 ses sympathisants un service gratuit de r\u00e9daction de testament.<\/p><p>Willfora permettra \u00e0 nos sympathisants de r\u00e9diger un testament l\u00e9gal en moins de vingt minutes, gratuitement.<\/p>\t\t\t\t\t\t\t\t<\/div>\n\t\t\t\t<\/div>\n\t\t\t\t<div class=\"elementor-element elementor-element-e188a17 elementor-widget elementor-widget-button\" data-id=\"e188a17\" data-element_type=\"widget\" data-widget_type=\"button.default\">\n\t\t\t\t<div class=\"elementor-widget-container\">\n\t\t\t\t\t\t\t\t\t<div class=\"elementor-button-wrapper\">\n\t\t\t\t\t<a class=\"elementor-button elementor-button-link elementor-size-sm\" href=\"https:\/\/give.willfora.com\/charities\/crossroads-international\" target=\"_blank\">\n\t\t\t\t\t\t<span class=\"elementor-button-content-wrapper\">\n\t\t\t\t\t\t\t\t\t<span class=\"elementor-button-text\">COMMENCEZ MON TESTAMENT GRATUITEMENT<\/span>\n\t\t\t\t\t<\/span>\n\t\t\t\t\t<\/a>\n\t\t\t\t<\/div>\n\t\t\t\t\t\t\t\t<\/div>\n\t\t\t\t<\/div>\n\t\t\t\t<div class=\"elementor-element elementor-element-0147c90 elementor-widget elementor-widget-heading\" data-id=\"0147c90\" data-element_type=\"widget\" data-widget_type=\"heading.default\">\n\t\t\t\t<div class=\"elementor-widget-container\">\n\t\t\t\t\t<h2 class=\"elementor-heading-title elementor-size-default\">INFORMATIONS JURIDIQUES<\/h2>\t\t\t\t<\/div>\n\t\t\t\t<\/div>\n\t\t\t\t<div class=\"elementor-element elementor-element-8bdbd4f elementor-widget elementor-widget-text-editor\" data-id=\"8bdbd4f\" data-element_type=\"widget\" data-widget_type=\"text-editor.default\">\n\t\t\t\t<div class=\"elementor-widget-container\">\n\t\t\t\t\t\t\t\t\t<p>Lorsque vous mentionnez Carrefour dans votre testament, veuillez utiliser notre nom l\u00e9gal exact\u00a0:<\/p><p>Carrefour canadien international<br \/>(op\u00e9rant sous le nom de Carrefour international)<br \/>49, rue Bathurst, bureau 201<br \/>Toronto (Ontario) M5V 2P2<\/p>\t\t\t\t\t\t\t\t<\/div>\n\t\t\t\t<\/div>\n\t\t\t\t<\/div>\n\t\t\t\t\t<\/div>\n\t\t\t\t<\/div>\n\t\t<div class=\"elementor-element elementor-element-e2e8406 e-flex e-con-boxed e-con e-parent\" data-id=\"e2e8406\" data-element_type=\"container\" data-settings=\"{&quot;_ha_eqh_enable&quot;:false}\">\n\t\t\t\t\t<div class=\"e-con-inner\">\n\t\t<div class=\"elementor-element elementor-element-f695736 e-con-full e-flex e-con e-child\" data-id=\"f695736\" data-element_type=\"container\" data-settings=\"{&quot;background_background&quot;:&quot;classic&quot;,&quot;_ha_eqh_enable&quot;:false}\">\n\t\t\t\t<div class=\"elementor-element elementor-element-c4bf972 elementor-widget elementor-widget-heading\" data-id=\"c4bf972\" data-element_type=\"widget\" data-widget_type=\"heading.default\">\n\t\t\t\t<div class=\"elementor-widget-container\">\n\t\t\t\t\t<h2 class=\"elementor-heading-title elementor-size-default\"><p>\n<a href=\"\/wp-content\/uploads\/2025\/03\/One-World-Legacy-Circle_GIFT-IN-YOUR-WILL_EN_Nov-2023-UPDATED.pdf\" target=\"_blank\">\nT\u00e9l\u00e9chargez ces informations comme ressource pour vous\n<\/a>\nou contactez Wanjiro Ndungu, notre responsable philanthropie, \u00e0\n<a href=\"mailto:wanjiro@cintl.org\">wanjiro@cintl.org<\/a>\nou appelez le\n<a href=\"tel:4169671611\">416-967-1611<\/a>\npour plus d'informations.\n<\/p><\/h2>\t\t\t\t<\/div>\n\t\t\t\t<\/div>\n\t\t\t\t<\/div>\n\t\t\t\t\t<\/div>\n\t\t\t\t<\/div>\n\t\t\t\t<\/div>\n\t\t","protected":false},"excerpt":{"rendered":"<p>FAIRE UN DON \u2013 D\u00e9tails Don dans votre testament COMMENT COMMENCER Un legs de bienfaisance est une directive testamentaire qui demande \u00e0 votre ex\u00e9cuteur testamentaire ou fiduciaire de l\u00e9guer un ou plusieurs de vos biens \u00e0 un ou plusieurs organismes de bienfaisance. C&rsquo;est un moyen simple de soutenir Carrefour et de faire b\u00e9n\u00e9ficier votre succession [&hellip;]<\/p>\n","protected":false},"author":1,"featured_media":0,"parent":22017,"menu_order":0,"comment_status":"closed","ping_status":"closed","template":"elementor_header_footer","meta":{"_acf_changed":false,"footnotes":""},"class_list":["post-22059","page","type-page","status-publish","hentry"],"acf":[],"_links":{"self":[{"href":"https:\/\/crossboard.dev2.smartegy.ca\/fr\/wp-json\/wp\/v2\/pages\/22059","targetHints":{"allow":["GET"]}}],"collection":[{"href":"https:\/\/crossboard.dev2.smartegy.ca\/fr\/wp-json\/wp\/v2\/pages"}],"about":[{"href":"https:\/\/crossboard.dev2.smartegy.ca\/fr\/wp-json\/wp\/v2\/types\/page"}],"author":[{"embeddable":true,"href":"https:\/\/crossboard.dev2.smartegy.ca\/fr\/wp-json\/wp\/v2\/users\/1"}],"replies":[{"embeddable":true,"href":"https:\/\/crossboard.dev2.smartegy.ca\/fr\/wp-json\/wp\/v2\/comments?post=22059"}],"version-history":[{"count":8,"href":"https:\/\/crossboard.dev2.smartegy.ca\/fr\/wp-json\/wp\/v2\/pages\/22059\/revisions"}],"predecessor-version":[{"id":23826,"href":"https:\/\/crossboard.dev2.smartegy.ca\/fr\/wp-json\/wp\/v2\/pages\/22059\/revisions\/23826"}],"up":[{"embeddable":true,"href":"https:\/\/crossboard.dev2.smartegy.ca\/fr\/wp-json\/wp\/v2\/pages\/22017"}],"wp:attachment":[{"href":"https:\/\/crossboard.dev2.smartegy.ca\/fr\/wp-json\/wp\/v2\/media?parent=22059"}],"curies":[{"name":"wp","href":"https:\/\/api.w.org\/{rel}","templated":true}]}}