{"id":22082,"date":"2025-04-07T12:25:08","date_gmt":"2025-04-07T12:25:08","guid":{"rendered":"https:\/\/crossboard.dev2.smartegy.ca\/?page_id=22082"},"modified":"2025-06-30T10:15:57","modified_gmt":"2025-06-30T10:15:57","slug":"details-de-levenement-celebrons-les-benevoles-et-partenaires-diversifies-de-crossroads-pour-legalite-des-sexes-et-les-droits-des-femmes","status":"publish","type":"page","link":"https:\/\/crossboard.dev2.smartegy.ca\/fr\/evenements-dimpact\/details-de-levenement-celebrons-les-benevoles-et-partenaires-diversifies-de-crossroads-pour-legalite-des-sexes-et-les-droits-des-femmes\/","title":{"rendered":"D\u00e9tails de l&rsquo;\u00e9v\u00e9nement &#8211; C\u00e9l\u00e9brons les b\u00e9n\u00e9voles et partenaires diversifi\u00e9s de Crossroads pour l&rsquo;\u00e9galit\u00e9 des sexes et les droits des femmes"},"content":{"rendered":"\t\t<div data-elementor-type=\"wp-page\" data-elementor-id=\"22082\" class=\"elementor elementor-22082 elementor-21838\" data-elementor-settings=\"{&quot;ha_cmc_init_switcher&quot;:&quot;no&quot;}\" data-elementor-post-type=\"page\">\n\t\t\t\t<div class=\"elementor-element elementor-element-3f39af0 e-con-full e-flex e-con e-parent\" data-id=\"3f39af0\" data-element_type=\"container\" data-settings=\"{&quot;background_background&quot;:&quot;classic&quot;,&quot;_ha_eqh_enable&quot;:false}\">\n\t\t\t\t<div class=\"elementor-element elementor-element-c56acf0 elementor-widget elementor-widget-text-editor\" data-id=\"c56acf0\" data-element_type=\"widget\" data-widget_type=\"text-editor.default\">\n\t\t\t\t<div class=\"elementor-widget-container\">\n\t\t\t\t\t\t\t\t\t<p>Impact<\/p>\t\t\t\t\t\t\t\t<\/div>\n\t\t\t\t<\/div>\n\t\t\t\t<div class=\"elementor-element elementor-element-f172ce1 elementor-widget elementor-widget-text-editor\" data-id=\"f172ce1\" data-element_type=\"widget\" data-widget_type=\"text-editor.default\">\n\t\t\t\t<div class=\"elementor-widget-container\">\n\t\t\t\t\t\t\t\t\t<p>D\u00e9tails des \u00e9v\u00e9nements<\/p>\t\t\t\t\t\t\t\t<\/div>\n\t\t\t\t<\/div>\n\t\t\t\t<\/div>\n\t\t<div class=\"elementor-element elementor-element-a075539 e-flex e-con-boxed e-con e-parent\" data-id=\"a075539\" data-element_type=\"container\" data-settings=\"{&quot;_ha_eqh_enable&quot;:false}\">\n\t\t\t\t\t<div class=\"e-con-inner\">\n\t\t\t\t<div class=\"elementor-element elementor-element-f57e4e6 elementor-widget elementor-widget-heading\" data-id=\"f57e4e6\" data-element_type=\"widget\" data-widget_type=\"heading.default\">\n\t\t\t\t<div class=\"elementor-widget-container\">\n\t\t\t\t\t<h2 class=\"elementor-heading-title elementor-size-default\">\u00c9V\u00c9NEMENTS PASS\u00c9S<\/h2>\t\t\t\t<\/div>\n\t\t\t\t<\/div>\n\t\t\t\t<div class=\"elementor-element elementor-element-188fdf4 elementor-position-left elementor-vertical-align-middle elementor-mobile-position-left elementor-view-default elementor-widget elementor-widget-icon-box\" data-id=\"188fdf4\" data-element_type=\"widget\" data-widget_type=\"icon-box.default\">\n\t\t\t\t<div class=\"elementor-widget-container\">\n\t\t\t\t\t\t\t<div class=\"elementor-icon-box-wrapper\">\n\n\t\t\t\t\t\t<div class=\"elementor-icon-box-icon\">\n\t\t\t\t<a href=\"\/fr\/evenements-dimpact\/\" class=\"elementor-icon\" tabindex=\"-1\">\n\t\t\t\t<svg xmlns=\"http:\/\/www.w3.org\/2000\/svg\" width=\"28\" height=\"28\" viewBox=\"0 0 28 28\" fill=\"none\"><g clip-path=\"url(#clip0_750_15573)\"><path d=\"M19.8949 -1.9325e-07C20.485 -1.41664e-07 21.0398 0.229906 21.4579 0.647282C21.8752 1.06498 22.1055 1.62017 22.1055 2.21058C22.1055 2.80098 21.8752 3.35617 21.4579 3.77366L11.2312 14.0001L21.4579 24.2266C21.8752 24.6441 22.1055 25.1992 22.1055 25.7896C22.1055 26.38 21.8752 26.9352 21.4579 27.3527C21.0405 27.7702 20.485 28 19.8949 28C19.3049 28 18.7494 27.7703 18.332 27.3529L6.5425 15.5632C6.12513 15.1456 5.89489 14.5905 5.89489 14.0001C5.89489 13.4097 6.12518 12.8545 6.5425 12.437L18.332 0.647499C18.7501 0.229906 19.3049 -2.44832e-07 19.8949 -1.9325e-07Z\" fill=\"#F3911F\"><\/path><\/g><defs><clipPath id=\"clip0_750_15573\"><rect width=\"28\" height=\"28\" fill=\"white\" transform=\"translate(28 28) rotate(-180)\"><\/rect><\/clipPath><\/defs><\/svg>\t\t\t\t<\/a>\n\t\t\t<\/div>\n\t\t\t\n\t\t\t\t\t\t<div class=\"elementor-icon-box-content\">\n\n\t\t\t\t\n\t\t\t\t\t\t\t\t\t<p class=\"elementor-icon-box-description\">\n\t\t\t\t\t\tC\u00e9l\u00e9brons la diversit\u00e9 des volontaires et partenaires de Carrefour pour l'\u00e9galit\u00e9 des genres et les droits des femmes\t\t\t\t\t<\/p>\n\t\t\t\t\n\t\t\t<\/div>\n\t\t\t\n\t\t<\/div>\n\t\t\t\t\t\t<\/div>\n\t\t\t\t<\/div>\n\t\t\t\t\t<\/div>\n\t\t\t\t<\/div>\n\t\t\t\t<\/div>\n\t\t","protected":false},"excerpt":{"rendered":"<p>Impact D\u00e9tails des \u00e9v\u00e9nements \u00c9V\u00c9NEMENTS PASS\u00c9S C\u00e9l\u00e9brons la diversit\u00e9 des volontaires et partenaires de Carrefour pour l&rsquo;\u00e9galit\u00e9 des genres et les droits des femmes<\/p>\n","protected":false},"author":1,"featured_media":0,"parent":22077,"menu_order":0,"comment_status":"closed","ping_status":"closed","template":"elementor_header_footer","meta":{"_acf_changed":false,"footnotes":""},"class_list":["post-22082","page","type-page","status-publish","hentry"],"acf":[],"_links":{"self":[{"href":"https:\/\/crossboard.dev2.smartegy.ca\/fr\/wp-json\/wp\/v2\/pages\/22082","targetHints":{"allow":["GET"]}}],"collection":[{"href":"https:\/\/crossboard.dev2.smartegy.ca\/fr\/wp-json\/wp\/v2\/pages"}],"about":[{"href":"https:\/\/crossboard.dev2.smartegy.ca\/fr\/wp-json\/wp\/v2\/types\/page"}],"author":[{"embeddable":true,"href":"https:\/\/crossboard.dev2.smartegy.ca\/fr\/wp-json\/wp\/v2\/users\/1"}],"replies":[{"embeddable":true,"href":"https:\/\/crossboard.dev2.smartegy.ca\/fr\/wp-json\/wp\/v2\/comments?post=22082"}],"version-history":[{"count":10,"href":"https:\/\/crossboard.dev2.smartegy.ca\/fr\/wp-json\/wp\/v2\/pages\/22082\/revisions"}],"predecessor-version":[{"id":23561,"href":"https:\/\/crossboard.dev2.smartegy.ca\/fr\/wp-json\/wp\/v2\/pages\/22082\/revisions\/23561"}],"up":[{"embeddable":true,"href":"https:\/\/crossboard.dev2.smartegy.ca\/fr\/wp-json\/wp\/v2\/pages\/22077"}],"wp:attachment":[{"href":"https:\/\/crossboard.dev2.smartegy.ca\/fr\/wp-json\/wp\/v2\/media?parent=22082"}],"curies":[{"name":"wp","href":"https:\/\/api.w.org\/{rel}","templated":true}]}}