{"id":22109,"date":"2025-01-02T07:41:57","date_gmt":"2025-01-02T07:41:57","guid":{"rendered":"https:\/\/crossboard.dev2.smartegy.ca\/?page_id=22109"},"modified":"2025-06-30T10:21:24","modified_gmt":"2025-06-30T10:21:24","slug":"impact-details-de-levenement-celebration-de-la-journee-internationale-des-femmes-2024-investir-dans-les-femmes-accelerer-les-progres","status":"publish","type":"page","link":"https:\/\/crossboard.dev2.smartegy.ca\/fr\/impact-details-de-levenement-celebration-de-la-journee-internationale-des-femmes-2024-investir-dans-les-femmes-accelerer-les-progres\/","title":{"rendered":"Impact &#8211; D\u00e9tails de l&rsquo;\u00e9v\u00e9nement &#8211; C\u00e9l\u00e9bration de la Journ\u00e9e internationale des femmes 2024\u00a0: \u00ab\u00a0Investir dans les femmes\u00a0: acc\u00e9l\u00e9rer les progr\u00e8s\u00a0\u00bb"},"content":{"rendered":"\t\t<div data-elementor-type=\"wp-page\" data-elementor-id=\"22109\" class=\"elementor elementor-22109 elementor-1114\" data-elementor-settings=\"{&quot;ha_cmc_init_switcher&quot;:&quot;no&quot;}\" data-elementor-post-type=\"page\">\n\t\t\t\t<div class=\"elementor-element elementor-element-3f39af0 e-con-full e-flex e-con e-parent\" data-id=\"3f39af0\" data-element_type=\"container\" data-settings=\"{&quot;background_background&quot;:&quot;classic&quot;,&quot;_ha_eqh_enable&quot;:false}\">\n\t\t\t\t<div class=\"elementor-element elementor-element-c56acf0 elementor-widget elementor-widget-text-editor\" data-id=\"c56acf0\" data-element_type=\"widget\" data-widget_type=\"text-editor.default\">\n\t\t\t\t<div class=\"elementor-widget-container\">\n\t\t\t\t\t\t\t\t\t<p>Impact<\/p>\t\t\t\t\t\t\t\t<\/div>\n\t\t\t\t<\/div>\n\t\t\t\t<div class=\"elementor-element elementor-element-f172ce1 elementor-widget elementor-widget-text-editor\" data-id=\"f172ce1\" data-element_type=\"widget\" data-widget_type=\"text-editor.default\">\n\t\t\t\t<div class=\"elementor-widget-container\">\n\t\t\t\t\t\t\t\t\t<p>D\u00e9tails des \u00e9v\u00e9nements<\/p>\t\t\t\t\t\t\t\t<\/div>\n\t\t\t\t<\/div>\n\t\t\t\t<\/div>\n\t\t<div class=\"elementor-element elementor-element-a075539 e-flex e-con-boxed e-con e-parent\" data-id=\"a075539\" data-element_type=\"container\" data-settings=\"{&quot;_ha_eqh_enable&quot;:false}\">\n\t\t\t\t\t<div class=\"e-con-inner\">\n\t\t\t\t<div class=\"elementor-element elementor-element-f57e4e6 elementor-widget elementor-widget-heading\" data-id=\"f57e4e6\" data-element_type=\"widget\" data-widget_type=\"heading.default\">\n\t\t\t\t<div class=\"elementor-widget-container\">\n\t\t\t\t\t<h2 class=\"elementor-heading-title elementor-size-default\">\u00c9V\u00c9NEMENTS PASS\u00c9S<\/h2>\t\t\t\t<\/div>\n\t\t\t\t<\/div>\n\t\t\t\t<div class=\"elementor-element elementor-element-188fdf4 elementor-position-left elementor-vertical-align-middle elementor-mobile-position-left elementor-view-default elementor-widget elementor-widget-icon-box\" data-id=\"188fdf4\" data-element_type=\"widget\" data-widget_type=\"icon-box.default\">\n\t\t\t\t<div class=\"elementor-widget-container\">\n\t\t\t\t\t\t\t<div class=\"elementor-icon-box-wrapper\">\n\n\t\t\t\t\t\t<div class=\"elementor-icon-box-icon\">\n\t\t\t\t<a href=\"\/fr\/evenements-dimpact\/\" class=\"elementor-icon\" tabindex=\"-1\">\n\t\t\t\t<svg xmlns=\"http:\/\/www.w3.org\/2000\/svg\" width=\"28\" height=\"28\" viewBox=\"0 0 28 28\" fill=\"none\"><g clip-path=\"url(#clip0_750_15573)\"><path d=\"M19.8949 -1.9325e-07C20.485 -1.41664e-07 21.0398 0.229906 21.4579 0.647282C21.8752 1.06498 22.1055 1.62017 22.1055 2.21058C22.1055 2.80098 21.8752 3.35617 21.4579 3.77366L11.2312 14.0001L21.4579 24.2266C21.8752 24.6441 22.1055 25.1992 22.1055 25.7896C22.1055 26.38 21.8752 26.9352 21.4579 27.3527C21.0405 27.7702 20.485 28 19.8949 28C19.3049 28 18.7494 27.7703 18.332 27.3529L6.5425 15.5632C6.12513 15.1456 5.89489 14.5905 5.89489 14.0001C5.89489 13.4097 6.12518 12.8545 6.5425 12.437L18.332 0.647499C18.7501 0.229906 19.3049 -2.44832e-07 19.8949 -1.9325e-07Z\" fill=\"#F3911F\"><\/path><\/g><defs><clipPath id=\"clip0_750_15573\"><rect width=\"28\" height=\"28\" fill=\"white\" transform=\"translate(28 28) rotate(-180)\"><\/rect><\/clipPath><\/defs><\/svg>\t\t\t\t<\/a>\n\t\t\t<\/div>\n\t\t\t\n\t\t\t\t\t\t<div class=\"elementor-icon-box-content\">\n\n\t\t\t\t\n\t\t\t\t\t\t\t\t\t<p class=\"elementor-icon-box-description\">\n\t\t\t\t\t\tC\u00c9L\u00c9BRATION DE LA JOURN\u00c9E INTERNATIONALE DE LA FEMME 2024 : \u00ab INVESTIR DANS LES FEMMES : ACC\u00c9L\u00c9RER LE PROGR\u00c8S \u00bb\t\t\t\t\t<\/p>\n\t\t\t\t\n\t\t\t<\/div>\n\t\t\t\n\t\t<\/div>\n\t\t\t\t\t\t<\/div>\n\t\t\t\t<\/div>\n\t\t\t\t\t<\/div>\n\t\t\t\t<\/div>\n\t\t<div class=\"elementor-element elementor-element-60463dc e-flex e-con-boxed e-con e-parent\" data-id=\"60463dc\" data-element_type=\"container\" data-settings=\"{&quot;_ha_eqh_enable&quot;:false}\">\n\t\t\t\t\t<div class=\"e-con-inner\">\n\t\t<div class=\"elementor-element elementor-element-0631087 e-con-full e-flex e-con e-child\" data-id=\"0631087\" data-element_type=\"container\" data-settings=\"{&quot;_ha_eqh_enable&quot;:false}\">\n\t\t\t\t<div class=\"elementor-element elementor-element-3d80388 elementor-widget elementor-widget-text-editor\" data-id=\"3d80388\" data-element_type=\"widget\" data-widget_type=\"text-editor.default\">\n\t\t\t\t<div class=\"elementor-widget-container\">\n\t\t\t\t\t\t\t\t\t<p>\u00c0 l\u2019occasion de la Journ\u00e9e internationale des femmes 2024, dont le th\u00e8me est \u00ab\u00a0Investir dans les femmes\u00a0: acc\u00e9l\u00e9rer le progr\u00e8s\u00a0\u00bb, Carrefour International r\u00e9affirme son engagement \u00e0 promouvoir l\u2019\u00e9ducation et l\u2019autonomisation \u00e9conomique des femmes et des filles en Afrique subsaharienne. Le th\u00e8me de cette ann\u00e9e souligne la n\u00e9cessit\u00e9 cruciale d\u2019investir davantage dans l\u2019\u00e9ducation, la sant\u00e9 et les opportunit\u00e9s \u00e9conomiques des femmes, comme catalyseur du progr\u00e8s mondial.<\/p>\t\t\t\t\t\t\t\t<\/div>\n\t\t\t\t<\/div>\n\t\t\t\t<\/div>\n\t\t\t\t\t<\/div>\n\t\t\t\t<\/div>\n\t\t<div class=\"elementor-element elementor-element-a8de286 e-flex e-con-boxed e-con e-parent\" data-id=\"a8de286\" data-element_type=\"container\" data-settings=\"{&quot;_ha_eqh_enable&quot;:false}\">\n\t\t\t\t\t<div class=\"e-con-inner\">\n\t\t\t\t<div class=\"elementor-element elementor-element-04a75aa elementor-widget elementor-widget-heading\" data-id=\"04a75aa\" data-element_type=\"widget\" data-widget_type=\"heading.default\">\n\t\t\t\t<div class=\"elementor-widget-container\">\n\t\t\t\t\t<h2 class=\"elementor-heading-title elementor-size-default\">AUTONOMISER LES FEMMES PAR L'\u00c9DUCATION<\/h2>\t\t\t\t<\/div>\n\t\t\t\t<\/div>\n\t\t\t\t<div class=\"elementor-element elementor-element-1609293 elementor-widget elementor-widget-text-editor\" data-id=\"1609293\" data-element_type=\"widget\" data-widget_type=\"text-editor.default\">\n\t\t\t\t<div class=\"elementor-widget-container\">\n\t\t\t\t\t\t\t\t\t<p>Chez Carrefour International, nous croyons que l&rsquo;\u00e9ducation est un droit fondamental et un pilier de l&rsquo;autonomisation des femmes. Nos initiatives \u00e9ducatives visent \u00e0 fournir aux femmes et aux filles les connaissances et les comp\u00e9tences n\u00e9cessaires pour briser le cycle de la pauvret\u00e9 et prendre leur avenir en main. En facilitant l&rsquo;acc\u00e8s \u00e0 une \u00e9ducation de qualit\u00e9, nous investissons non seulement dans les femmes, mais aussi dans des communaut\u00e9s plus saines et plus prosp\u00e8res, et dans un monde plus fort et plus \u00e9quitable.<\/p>\t\t\t\t\t\t\t\t<\/div>\n\t\t\t\t<\/div>\n\t\t\t\t\t<\/div>\n\t\t\t\t<\/div>\n\t\t<div class=\"elementor-element elementor-element-ae0073f e-flex e-con-boxed e-con e-parent\" data-id=\"ae0073f\" data-element_type=\"container\" data-settings=\"{&quot;_ha_eqh_enable&quot;:false}\">\n\t\t\t\t\t<div class=\"e-con-inner\">\n\t\t\t\t<div class=\"elementor-element elementor-element-5afcbfa elementor-widget elementor-widget-heading\" data-id=\"5afcbfa\" data-element_type=\"widget\" data-widget_type=\"heading.default\">\n\t\t\t\t<div class=\"elementor-widget-container\">\n\t\t\t\t\t<h2 class=\"elementor-heading-title elementor-size-default\">L'AUTONOMISATION \u00c9CONOMIQUE : UN CHEMIN VERS L'IND\u00c9PENDANCE<\/h2>\t\t\t\t<\/div>\n\t\t\t\t<\/div>\n\t\t\t\t<div class=\"elementor-element elementor-element-0da903f elementor-widget elementor-widget-text-editor\" data-id=\"0da903f\" data-element_type=\"widget\" data-widget_type=\"text-editor.default\">\n\t\t\t\t<div class=\"elementor-widget-container\">\n\t\t\t\t\t\t\t\t\t<p>L&rsquo;autonomisation \u00e9conomique est essentielle \u00e0 l&rsquo;\u00e9galit\u00e9 des genres. Les programmes de Carrefour International visent \u00e0 doter les femmes des outils n\u00e9cessaires pour r\u00e9ussir sur le march\u00e9 du travail, cr\u00e9er leur propre entreprise et acqu\u00e9rir leur ind\u00e9pendance financi\u00e8re. Gr\u00e2ce \u00e0 des formations professionnelles, des ateliers d&rsquo;entrepreneuriat et un acc\u00e8s \u00e0 la microfinance, nous aidons les femmes \u00e0 lib\u00e9rer leur potentiel et \u00e0 contribuer au d\u00e9veloppement \u00e9conomique de leurs communaut\u00e9s.<\/p>\t\t\t\t\t\t\t\t<\/div>\n\t\t\t\t<\/div>\n\t\t\t\t\t<\/div>\n\t\t\t\t<\/div>\n\t\t<div class=\"elementor-element elementor-element-67f445e e-flex e-con-boxed e-con e-parent\" data-id=\"67f445e\" data-element_type=\"container\" data-settings=\"{&quot;_ha_eqh_enable&quot;:false}\">\n\t\t\t\t\t<div class=\"e-con-inner\">\n\t\t<div class=\"elementor-element elementor-element-1be0afc e-con-full e-flex e-con e-child\" data-id=\"1be0afc\" data-element_type=\"container\" data-settings=\"{&quot;_ha_eqh_enable&quot;:false}\">\n\t\t\t\t<div class=\"elementor-element elementor-element-ca4c2ee elementor-widget elementor-widget-heading\" data-id=\"ca4c2ee\" data-element_type=\"widget\" data-widget_type=\"heading.default\">\n\t\t\t\t<div class=\"elementor-widget-container\">\n\t\t\t\t\t<h2 class=\"elementor-heading-title elementor-size-default\">LE PARCOURS INSPIRANT DE NOS FEMMES volontaires<\/h2>\t\t\t\t<\/div>\n\t\t\t\t<\/div>\n\t\t\t\t<div class=\"elementor-element elementor-element-ba35751 elementor-widget elementor-widget-text-editor\" data-id=\"ba35751\" data-element_type=\"widget\" data-widget_type=\"text-editor.default\">\n\t\t\t\t<div class=\"elementor-widget-container\">\n\t\t\t\t\t\t\t\t\t<p>Nos volontaires jouent un r\u00f4le crucial dans la r\u00e9alisation de notre mission. Leur d\u00e9vouement et leur passion pour l&rsquo;\u00e9galit\u00e9 des genres et les droits des femmes sont une source d&rsquo;inspiration pour nous tous. Dans l&rsquo;esprit de la Journ\u00e9e internationale des droits des femmes, regardez notre vid\u00e9o \u00ab Pourquoi je suis volontaire \u00bb, qui pr\u00e9sente les t\u00e9moignages poignants de Nanasofoa Pabi, l&rsquo;une de nos volontaires. Son parcours met en lumi\u00e8re l&rsquo;impact de l&rsquo;investissement dans les femmes et le pouvoir transformateur du volontariat pour acc\u00e9l\u00e9rer les progr\u00e8s vers l&rsquo;\u00e9galit\u00e9 des genres.<\/p>\t\t\t\t\t\t\t\t<\/div>\n\t\t\t\t<\/div>\n\t\t\t\t<\/div>\n\t\t<div class=\"elementor-element elementor-element-0178d0f e-con-full e-flex e-con e-child\" data-id=\"0178d0f\" data-element_type=\"container\" data-settings=\"{&quot;_ha_eqh_enable&quot;:false}\">\n\t\t\t\t<div class=\"elementor-element elementor-element-ac54e2d elementor-widget elementor-widget-video\" data-id=\"ac54e2d\" data-element_type=\"widget\" data-settings=\"{&quot;youtube_url&quot;:&quot;https:\\\/\\\/www.youtube.com\\\/watch?v=3KuA4UsZGkU&quot;,&quot;video_type&quot;:&quot;youtube&quot;,&quot;controls&quot;:&quot;yes&quot;}\" data-widget_type=\"video.default\">\n\t\t\t\t<div class=\"elementor-widget-container\">\n\t\t\t\t\t\t\t<div class=\"elementor-wrapper elementor-open-inline\">\n\t\t\t<div class=\"elementor-video\"><\/div>\t\t<\/div>\n\t\t\t\t\t\t<\/div>\n\t\t\t\t<\/div>\n\t\t\t\t<\/div>\n\t\t\t\t\t<\/div>\n\t\t\t\t<\/div>\n\t\t<div class=\"elementor-element elementor-element-4c8c8a0 e-flex e-con-boxed e-con e-parent\" data-id=\"4c8c8a0\" data-element_type=\"container\" data-settings=\"{&quot;_ha_eqh_enable&quot;:false}\">\n\t\t\t\t\t<div class=\"e-con-inner\">\n\t\t\t\t<div class=\"elementor-element elementor-element-1385ef7 elementor-widget elementor-widget-heading\" data-id=\"1385ef7\" data-element_type=\"widget\" data-widget_type=\"heading.default\">\n\t\t\t\t<div class=\"elementor-widget-container\">\n\t\t\t\t\t<h2 class=\"elementor-heading-title elementor-size-default\">C\u00c9L\u00c9BRER TOUT LE MOIS<\/h2>\t\t\t\t<\/div>\n\t\t\t\t<\/div>\n\t\t\t\t<div class=\"elementor-element elementor-element-dca3f50 elementor-widget elementor-widget-text-editor\" data-id=\"dca3f50\" data-element_type=\"widget\" data-widget_type=\"text-editor.default\">\n\t\t\t\t<div class=\"elementor-widget-container\">\n\t\t\t\t\t\t\t\t\t<p>Le mois de mars est \u00e9galement le Mois de l\u2019histoire des femmes, une c\u00e9l\u00e9bration des r\u00e9alisations et des contributions des femmes \u00e0 tous les aspects de la soci\u00e9t\u00e9. C\u2019est aussi l\u2019occasion de r\u00e9fl\u00e9chir aux d\u00e9fis que doivent relever les femmes pour aller de l\u2019avant. Vous trouverez ci-dessous de nombreuses fa\u00e7ons de vous engager pour les droits des femmes ce mois-ci\u00a0!<\/p>\t\t\t\t\t\t\t\t<\/div>\n\t\t\t\t<\/div>\n\t\t\t\t\t<\/div>\n\t\t\t\t<\/div>\n\t\t<div class=\"elementor-element elementor-element-e97f2e1 e-flex e-con-boxed e-con e-parent\" data-id=\"e97f2e1\" data-element_type=\"container\" data-settings=\"{&quot;_ha_eqh_enable&quot;:false}\">\n\t\t\t\t\t<div class=\"e-con-inner\">\n\t\t\t\t<div class=\"elementor-element elementor-element-85515d0 elementor-widget elementor-widget-heading\" data-id=\"85515d0\" data-element_type=\"widget\" data-widget_type=\"heading.default\">\n\t\t\t\t<div class=\"elementor-widget-container\">\n\t\t\t\t\t<h2 class=\"elementor-heading-title elementor-size-default\">C\u00c9L\u00c9BRER LE LEADERSHIP F\u00c9MININ \u00c0 TRAVERS L'ART ET LE DIALOGUE<\/h2>\t\t\t\t<\/div>\n\t\t\t\t<\/div>\n\t\t\t\t<div class=\"elementor-element elementor-element-843b47d elementor-widget elementor-widget-text-editor\" data-id=\"843b47d\" data-element_type=\"widget\" data-widget_type=\"text-editor.default\">\n\t\t\t\t<div class=\"elementor-widget-container\">\n\t\t\t\t\t\t\t\t\t<p>Joignez-vous \u00e0 nous le 30 mars 2024 pour une c\u00e9l\u00e9bration inoubliable de la Journ\u00e9e internationale des femmes, organis\u00e9e par Carrefour International \u00e0 Casa Italia, \u00e0 <strong>Montr\u00e9al<\/strong>. La journ\u00e9e comprendra une exposition d\u2019art en partenariat avec <a href=\"https:\/\/afromusee.org\/fr\/\">Afromus\u00e9e<\/a>\u00a0et\u00a0<a href=\"https:\/\/vuesdafrique.org\/\">Festival Vues d\u2019Afrique<\/a>, mettant en valeur le leadership des femmes \u00e0 travers les \u0153uvres d\u2019artistes exceptionnelles. L\u2019\u00e9v\u00e9nement comprendra \u00e9galement une table ronde inspirante en collaboration avec des membres de <a href=\"https:\/\/sayaspora.com\/en\/\">Sayaspora<\/a>, suivie d\u2019un buffet vari\u00e9 et d\u2019une soir\u00e9e dansante anim\u00e9e par <a href=\"https:\/\/www.instagram.com\/accounts\/login\/?next=%2Fwe.are.afro%2F&amp;source=omni_redirect\">We Are Afro<\/a>. En tant qu&rsquo;agence de coop\u00e9ration volontaire de premier plan en mati\u00e8re d&rsquo;\u00e9galit\u00e9 et de d\u00e9veloppement, cet \u00e9v\u00e9nement offre une occasion id\u00e9ale de rassembler notre communaut\u00e9 pour c\u00e9l\u00e9brer et r\u00e9fl\u00e9chir. Ne manquez pas cette journ\u00e9e de c\u00e9l\u00e9bration, d&rsquo;autonomisation et de dialogue ! *Cet \u00e9v\u00e9nement se d\u00e9roulera en fran\u00e7ais.<\/p>\t\t\t\t\t\t\t\t<\/div>\n\t\t\t\t<\/div>\n\t\t\t\t<div class=\"elementor-element elementor-element-cefa0f1 elementor-widget elementor-widget-button\" data-id=\"cefa0f1\" data-element_type=\"widget\" data-widget_type=\"button.default\">\n\t\t\t\t<div class=\"elementor-widget-container\">\n\t\t\t\t\t\t\t\t\t<div class=\"elementor-button-wrapper\">\n\t\t\t\t\t<a class=\"elementor-button elementor-button-link elementor-size-sm\" href=\"https:\/\/www.eventbrite.com\/e\/billets-a-celebration-of-the-african-women-art-and-dialogue-853841120777?aff=oddtdtcreator\" target=\"_blank\">\n\t\t\t\t\t\t<span class=\"elementor-button-content-wrapper\">\n\t\t\t\t\t\t\t\t\t<span class=\"elementor-button-text\">R\u00c9SERVEZ VOTRE PLACE<\/span>\n\t\t\t\t\t<\/span>\n\t\t\t\t\t<\/a>\n\t\t\t\t<\/div>\n\t\t\t\t\t\t\t\t<\/div>\n\t\t\t\t<\/div>\n\t\t\t\t\t<\/div>\n\t\t\t\t<\/div>\n\t\t<div class=\"elementor-element elementor-element-03daaf2 e-flex e-con-boxed e-con e-parent\" data-id=\"03daaf2\" data-element_type=\"container\" data-settings=\"{&quot;_ha_eqh_enable&quot;:false}\">\n\t\t\t\t\t<div class=\"e-con-inner\">\n\t\t<div class=\"elementor-element elementor-element-20760b5 e-con-full e-flex e-con e-child\" data-id=\"20760b5\" data-element_type=\"container\" data-settings=\"{&quot;_ha_eqh_enable&quot;:false}\">\n\t\t\t\t<div class=\"elementor-element elementor-element-73b1c4d elementor-widget elementor-widget-heading\" data-id=\"73b1c4d\" data-element_type=\"widget\" data-widget_type=\"heading.default\">\n\t\t\t\t<div class=\"elementor-widget-container\">\n\t\t\t\t\t<h2 class=\"elementor-heading-title elementor-size-default\">IMPLIQUEZ-VOUS POUR L'AUTONOMISATION DES FEMMES<\/h2>\t\t\t\t<\/div>\n\t\t\t\t<\/div>\n\t\t\t\t<div class=\"elementor-element elementor-element-171aec5 elementor-widget elementor-widget-text-editor\" data-id=\"171aec5\" data-element_type=\"widget\" data-widget_type=\"text-editor.default\">\n\t\t\t\t<div class=\"elementor-widget-container\">\n\t\t\t\t\t\t\t\t\t<p>Rejoignez le mouvement ! Nous souhaitons amasser 5 000 $ d\u2019ici minuit le 8 mars et nous avons besoin de votre aide pour y parvenir. Chaque dollar compte et chaque contribution peut faire une grande diff\u00e9rence dans la vie des femmes et des filles qui ont besoin de soutien pour surmonter les obstacles et atteindre leur plein potentiel.<\/p>\t\t\t\t\t\t\t\t<\/div>\n\t\t\t\t<\/div>\n\t\t\t\t<div class=\"elementor-element elementor-element-96d5079 elementor-widget elementor-widget-text-editor\" data-id=\"96d5079\" data-element_type=\"widget\" data-widget_type=\"text-editor.default\">\n\t\t\t\t<div class=\"elementor-widget-container\">\n\t\t\t\t\t\t\t\t\t<p>Si vous souhaitez participer d&rsquo;une autre mani\u00e8re, partagez cette page avec votre famille et vos amis et rejoignez la discussion sur <a href=\"https:\/\/www.instagram.com\/accounts\/login\/?next=%2Fcrossroadsinternational%2F&amp;source=omni_redirect\">Instagram<\/a>\u00a0 #JeSuisCarrefourien<\/p>\t\t\t\t\t\t\t\t<\/div>\n\t\t\t\t<\/div>\n\t\t\t\t<\/div>\n\t\t<div class=\"elementor-element elementor-element-8c329a8 e-con-full e-flex e-con e-child\" data-id=\"8c329a8\" data-element_type=\"container\" data-settings=\"{&quot;_ha_eqh_enable&quot;:false}\">\n\t\t\t\t<div class=\"elementor-element elementor-element-6a6b17f elementor-widget elementor-widget-button\" data-id=\"6a6b17f\" data-element_type=\"widget\" data-widget_type=\"button.default\">\n\t\t\t\t<div class=\"elementor-widget-container\">\n\t\t\t\t\t\t\t\t\t<div class=\"elementor-button-wrapper\">\n\t\t\t\t\t<a class=\"elementor-button elementor-button-link elementor-size-sm\" href=\"\/fr\/faire-un-don-besoin-daide-etre-vie-saveror-quelquun\/\">\n\t\t\t\t\t\t<span class=\"elementor-button-content-wrapper\">\n\t\t\t\t\t\t\t\t\t<span class=\"elementor-button-text\">FAITES UN DON MAINTENANT<\/span>\n\t\t\t\t\t<\/span>\n\t\t\t\t\t<\/a>\n\t\t\t\t<\/div>\n\t\t\t\t\t\t\t\t<\/div>\n\t\t\t\t<\/div>\n\t\t\t\t<\/div>\n\t\t\t\t\t<\/div>\n\t\t\t\t<\/div>\n\t\t\t\t<\/div>\n\t\t","protected":false},"excerpt":{"rendered":"<p>Impact D\u00e9tails des \u00e9v\u00e9nements \u00c9V\u00c9NEMENTS PASS\u00c9S C\u00c9L\u00c9BRATION DE LA JOURN\u00c9E INTERNATIONALE DE LA FEMME 2024 : \u00ab INVESTIR DANS LES FEMMES : ACC\u00c9L\u00c9RER LE PROGR\u00c8S \u00bb \u00c0 l\u2019occasion de la Journ\u00e9e internationale des femmes 2024, dont le th\u00e8me est \u00ab\u00a0Investir dans les femmes\u00a0: acc\u00e9l\u00e9rer le progr\u00e8s\u00a0\u00bb, Carrefour International r\u00e9affirme son engagement \u00e0 promouvoir l\u2019\u00e9ducation et [&hellip;]<\/p>\n","protected":false},"author":1,"featured_media":0,"parent":0,"menu_order":0,"comment_status":"closed","ping_status":"closed","template":"elementor_header_footer","meta":{"_acf_changed":false,"footnotes":""},"class_list":["post-22109","page","type-page","status-publish","hentry"],"acf":[],"_links":{"self":[{"href":"https:\/\/crossboard.dev2.smartegy.ca\/fr\/wp-json\/wp\/v2\/pages\/22109","targetHints":{"allow":["GET"]}}],"collection":[{"href":"https:\/\/crossboard.dev2.smartegy.ca\/fr\/wp-json\/wp\/v2\/pages"}],"about":[{"href":"https:\/\/crossboard.dev2.smartegy.ca\/fr\/wp-json\/wp\/v2\/types\/page"}],"author":[{"embeddable":true,"href":"https:\/\/crossboard.dev2.smartegy.ca\/fr\/wp-json\/wp\/v2\/users\/1"}],"replies":[{"embeddable":true,"href":"https:\/\/crossboard.dev2.smartegy.ca\/fr\/wp-json\/wp\/v2\/comments?post=22109"}],"version-history":[{"count":10,"href":"https:\/\/crossboard.dev2.smartegy.ca\/fr\/wp-json\/wp\/v2\/pages\/22109\/revisions"}],"predecessor-version":[{"id":23567,"href":"https:\/\/crossboard.dev2.smartegy.ca\/fr\/wp-json\/wp\/v2\/pages\/22109\/revisions\/23567"}],"wp:attachment":[{"href":"https:\/\/crossboard.dev2.smartegy.ca\/fr\/wp-json\/wp\/v2\/media?parent=22109"}],"curies":[{"name":"wp","href":"https:\/\/api.w.org\/{rel}","templated":true}]}}