{"id":22126,"date":"2025-02-21T11:18:21","date_gmt":"2025-02-21T11:18:21","guid":{"rendered":"https:\/\/crossboard.dev2.smartegy.ca\/?page_id=22126"},"modified":"2025-06-30T10:23:39","modified_gmt":"2025-06-30T10:23:39","slug":"celebration-de-65-ans-dimpact-benevole-conference-des-benevoles-de-crossroads","status":"publish","type":"page","link":"https:\/\/crossboard.dev2.smartegy.ca\/fr\/evenements-dimpact\/celebration-de-65-ans-dimpact-benevole-conference-des-benevoles-de-crossroads\/","title":{"rendered":"C\u00e9l\u00e9bration de 65 ans d&rsquo;impact b\u00e9n\u00e9vole \u2013 Conf\u00e9rence des b\u00e9n\u00e9voles de Crossroads"},"content":{"rendered":"\t\t<div data-elementor-type=\"wp-page\" data-elementor-id=\"22126\" class=\"elementor elementor-22126 elementor-19405\" data-elementor-settings=\"{&quot;ha_cmc_init_switcher&quot;:&quot;no&quot;}\" data-elementor-post-type=\"page\">\n\t\t\t\t<div class=\"elementor-element elementor-element-fa533b7 e-con-full e-flex e-con e-parent\" data-id=\"fa533b7\" data-element_type=\"container\" data-settings=\"{&quot;background_background&quot;:&quot;classic&quot;,&quot;_ha_eqh_enable&quot;:false}\">\n\t\t\t\t<div class=\"elementor-element elementor-element-ede46ca elementor-widget elementor-widget-text-editor\" data-id=\"ede46ca\" data-element_type=\"widget\" data-widget_type=\"text-editor.default\">\n\t\t\t\t<div class=\"elementor-widget-container\">\n\t\t\t\t\t\t\t\t\t<p>Impact\u00a0<\/p>\t\t\t\t\t\t\t\t<\/div>\n\t\t\t\t<\/div>\n\t\t\t\t<div class=\"elementor-element elementor-element-6c2e70f elementor-widget elementor-widget-text-editor\" data-id=\"6c2e70f\" data-element_type=\"widget\" data-widget_type=\"text-editor.default\">\n\t\t\t\t<div class=\"elementor-widget-container\">\n\t\t\t\t\t\t\t\t\t<p>D\u00e9tails des \u00e9v\u00e9nements<\/p>\t\t\t\t\t\t\t\t<\/div>\n\t\t\t\t<\/div>\n\t\t\t\t<\/div>\n\t\t<div class=\"elementor-element elementor-element-a075539 e-flex e-con-boxed e-con e-parent\" data-id=\"a075539\" data-element_type=\"container\" data-settings=\"{&quot;_ha_eqh_enable&quot;:false}\">\n\t\t\t\t\t<div class=\"e-con-inner\">\n\t\t\t\t<div class=\"elementor-element elementor-element-f57e4e6 elementor-widget elementor-widget-heading\" data-id=\"f57e4e6\" data-element_type=\"widget\" data-widget_type=\"heading.default\">\n\t\t\t\t<div class=\"elementor-widget-container\">\n\t\t\t\t\t<h2 class=\"elementor-heading-title elementor-size-default\">\u00c9V\u00c9NEMENTS PASS\u00c9S<\/h2>\t\t\t\t<\/div>\n\t\t\t\t<\/div>\n\t\t\t\t<div class=\"elementor-element elementor-element-188fdf4 elementor-position-left elementor-vertical-align-middle elementor-mobile-position-left elementor-view-default elementor-widget elementor-widget-icon-box\" data-id=\"188fdf4\" data-element_type=\"widget\" data-widget_type=\"icon-box.default\">\n\t\t\t\t<div class=\"elementor-widget-container\">\n\t\t\t\t\t\t\t<div class=\"elementor-icon-box-wrapper\">\n\n\t\t\t\t\t\t<div class=\"elementor-icon-box-icon\">\n\t\t\t\t<a href=\"\/fr\/evenements-dimpact\/\" class=\"elementor-icon\" tabindex=\"-1\">\n\t\t\t\t<svg xmlns=\"http:\/\/www.w3.org\/2000\/svg\" width=\"28\" height=\"28\" viewBox=\"0 0 28 28\" fill=\"none\"><g clip-path=\"url(#clip0_750_15573)\"><path d=\"M19.8949 -1.9325e-07C20.485 -1.41664e-07 21.0398 0.229906 21.4579 0.647282C21.8752 1.06498 22.1055 1.62017 22.1055 2.21058C22.1055 2.80098 21.8752 3.35617 21.4579 3.77366L11.2312 14.0001L21.4579 24.2266C21.8752 24.6441 22.1055 25.1992 22.1055 25.7896C22.1055 26.38 21.8752 26.9352 21.4579 27.3527C21.0405 27.7702 20.485 28 19.8949 28C19.3049 28 18.7494 27.7703 18.332 27.3529L6.5425 15.5632C6.12513 15.1456 5.89489 14.5905 5.89489 14.0001C5.89489 13.4097 6.12518 12.8545 6.5425 12.437L18.332 0.647499C18.7501 0.229906 19.3049 -2.44832e-07 19.8949 -1.9325e-07Z\" fill=\"#F3911F\"><\/path><\/g><defs><clipPath id=\"clip0_750_15573\"><rect width=\"28\" height=\"28\" fill=\"white\" transform=\"translate(28 28) rotate(-180)\"><\/rect><\/clipPath><\/defs><\/svg>\t\t\t\t<\/a>\n\t\t\t<\/div>\n\t\t\t\n\t\t\t\t\t\t<div class=\"elementor-icon-box-content\">\n\n\t\t\t\t\n\t\t\t\t\t\t\t\t\t<p class=\"elementor-icon-box-description\">\n\t\t\t\t\t\tC\u00e9l\u00e9bration de 65 ans d'impact volontaire avec Carrefour International\t\t\t\t\t<\/p>\n\t\t\t\t\n\t\t\t<\/div>\n\t\t\t\n\t\t<\/div>\n\t\t\t\t\t\t<\/div>\n\t\t\t\t<\/div>\n\t\t\t\t\t<\/div>\n\t\t\t\t<\/div>\n\t\t<div class=\"elementor-element elementor-element-60463dc e-flex e-con-boxed e-con e-parent\" data-id=\"60463dc\" data-element_type=\"container\" data-settings=\"{&quot;_ha_eqh_enable&quot;:false}\">\n\t\t\t\t\t<div class=\"e-con-inner\">\n\t\t<div class=\"elementor-element elementor-element-0631087 e-con-full e-flex e-con e-child\" data-id=\"0631087\" data-element_type=\"container\" data-settings=\"{&quot;_ha_eqh_enable&quot;:false}\">\n\t\t\t\t<div class=\"elementor-element elementor-element-3d80388 elementor-widget elementor-widget-text-editor\" data-id=\"3d80388\" data-element_type=\"widget\" data-widget_type=\"text-editor.default\">\n\t\t\t\t<div class=\"elementor-widget-container\">\n\t\t\t\t\t\t\t\t\t<p>C\u00e9l\u00e9brez 65 ans d&rsquo;impact volontaire avec Carrefour International \ud83c\udf89<br \/>Nous sommes ravis de vous inviter \u00e0 une journ\u00e9e exceptionnelle de c\u00e9l\u00e9bration, de r\u00e9flexion et d&rsquo;inspiration, alors que nous marquons une \u00e9tape importante de notre histoire et de celle de nos volontaires. Le 25 novembre 2023, nous vous invitons \u00e0 c\u00e9l\u00e9brer 65 ans d&rsquo;impact volontaire \u00e0 l&rsquo;Universit\u00e9 Western \u00e0 London, en Ontario, de 9 h 30 \u00e0 17 h (HNE).<\/p>\t\t\t\t\t\t\t\t<\/div>\n\t\t\t\t<\/div>\n\t\t\t\t<\/div>\n\t\t\t\t\t<\/div>\n\t\t\t\t<\/div>\n\t\t<div class=\"elementor-element elementor-element-a8de286 e-flex e-con-boxed e-con e-parent\" data-id=\"a8de286\" data-element_type=\"container\" data-settings=\"{&quot;_ha_eqh_enable&quot;:false}\">\n\t\t\t\t\t<div class=\"e-con-inner\">\n\t\t\t\t<div class=\"elementor-element elementor-element-04a75aa elementor-widget elementor-widget-heading\" data-id=\"04a75aa\" data-element_type=\"widget\" data-widget_type=\"heading.default\">\n\t\t\t\t<div class=\"elementor-widget-container\">\n\t\t\t\t\t<h2 class=\"elementor-heading-title elementor-size-default\">\u00c0 PROPOS DE L'\u00c9V\u00c9NEMENT<\/h2>\t\t\t\t<\/div>\n\t\t\t\t<\/div>\n\t\t\t\t<div class=\"elementor-element elementor-element-1609293 elementor-widget elementor-widget-text-editor\" data-id=\"1609293\" data-element_type=\"widget\" data-widget_type=\"text-editor.default\">\n\t\t\t\t<div class=\"elementor-widget-container\">\n\t\t\t\t\t\t\t\t\t<p>Rejoignez-nous pour une journ\u00e9e m\u00e9morable o\u00f9 nous rendrons hommage \u00e0 l&rsquo;impact impressionnant de nos volontaires au cours des 65 derni\u00e8res ann\u00e9es. Ce sera non seulement l&rsquo;occasion de c\u00e9l\u00e9brer cette riche histoire, mais aussi d&rsquo;aborder les enjeux actuels et futurs qui requi\u00e8rent notre attention collective. Des intervenants exceptionnels partageront leurs connaissances et leurs points de vue sur des sujets cruciaux li\u00e9s au d\u00e9veloppement international, \u00e0 l&rsquo;autonomisation des femmes et bien plus encore. Un conf\u00e9rencier, des amuse-gueules et des ateliers interactifs seront \u00e9galement au programme.<\/p>\t\t\t\t\t\t\t\t<\/div>\n\t\t\t\t<\/div>\n\t\t\t\t<div class=\"elementor-element elementor-element-f1d5bb8 elementor-widget elementor-widget-text-editor\" data-id=\"f1d5bb8\" data-element_type=\"widget\" data-widget_type=\"text-editor.default\">\n\t\t\t\t<div class=\"elementor-widget-container\">\n\t\t\t\t\t\t\t\t\t<ul><li>Date\u00a0:\u00a025\u00a0novembre\u00a02023<\/li><li>Heure\u00a0:\u00a09h30 \u00e0 17h00, heure de l&rsquo;Est<\/li><li>Emplacement\u00a0: Ouest<\/li><li>Universit\u00e9 de London, Ontario<\/li><\/ul>\t\t\t\t\t\t\t\t<\/div>\n\t\t\t\t<\/div>\n\t\t\t\t\t<\/div>\n\t\t\t\t<\/div>\n\t\t<div class=\"elementor-element elementor-element-ae0073f e-flex e-con-boxed e-con e-parent\" data-id=\"ae0073f\" data-element_type=\"container\" data-settings=\"{&quot;_ha_eqh_enable&quot;:false}\">\n\t\t\t\t\t<div class=\"e-con-inner\">\n\t\t\t\t<div class=\"elementor-element elementor-element-5afcbfa elementor-widget elementor-widget-heading\" data-id=\"5afcbfa\" data-element_type=\"widget\" data-widget_type=\"heading.default\">\n\t\t\t\t<div class=\"elementor-widget-container\">\n\t\t\t\t\t<h2 class=\"elementor-heading-title elementor-size-default\">COMMENT PARTICIPER<\/h2>\t\t\t\t<\/div>\n\t\t\t\t<\/div>\n\t\t\t\t<div class=\"elementor-element elementor-element-0da903f elementor-widget elementor-widget-text-editor\" data-id=\"0da903f\" data-element_type=\"widget\" data-widget_type=\"text-editor.default\">\n\t\t\t\t<div class=\"elementor-widget-container\">\n\t\t\t\t\t\t\t\t\t<p>Pour participer \u00e0 cette journ\u00e9e inspirante, inscrivez-vous en cliquant sur le bouton ci-dessous. Les places sont limit\u00e9es\u00a0; r\u00e9servez votre place d\u00e8s que possible.<\/p><p>Alors que nous c\u00e9l\u00e9brons 65 ans d&rsquo;engagement volontaire,<br \/>nous soulignons \u00e9galement le 65e\u00a0anniversaire de Carrefour International. C&rsquo;est l&rsquo;occasion id\u00e9ale de renouer, de se rassembler et de renouveler notre engagement pour un monde plus juste et plus durable.<\/p><p>Nous sommes impatients de vous accueillir pour cette journ\u00e9e inoubliable de c\u00e9l\u00e9bration et d&rsquo;engagement. Pr\u00e9parez-vous \u00e0 \u00e9changer, \u00e0 apprendre et \u00e0 c\u00e9l\u00e9brer ensemble nos r\u00e9ussites pass\u00e9es et futures.<\/p>\t\t\t\t\t\t\t\t<\/div>\n\t\t\t\t<\/div>\n\t\t\t\t\t<\/div>\n\t\t\t\t<\/div>\n\t\t<div class=\"elementor-element elementor-element-e97f2e1 e-flex e-con-boxed e-con e-parent\" data-id=\"e97f2e1\" data-element_type=\"container\" data-settings=\"{&quot;_ha_eqh_enable&quot;:false}\">\n\t\t\t\t\t<div class=\"e-con-inner\">\n\t\t\t\t<div class=\"elementor-element elementor-element-cefa0f1 elementor-align-left elementor-widget elementor-widget-button\" data-id=\"cefa0f1\" data-element_type=\"widget\" data-widget_type=\"button.default\">\n\t\t\t\t<div class=\"elementor-widget-container\">\n\t\t\t\t\t\t\t\t\t<div class=\"elementor-button-wrapper\">\n\t\t\t\t\t<a class=\"elementor-button elementor-button-link elementor-size-sm\" href=\"https:\/\/www.eventbrite.com\/e\/celebrating-65-years-of-volunteer-impact-championing-gender-equality-tickets-710032244557?aff=oddtdtcreator\" target=\"_blank\">\n\t\t\t\t\t\t<span class=\"elementor-button-content-wrapper\">\n\t\t\t\t\t\t\t\t\t<span class=\"elementor-button-text\">REGISTER<\/span>\n\t\t\t\t\t<\/span>\n\t\t\t\t\t<\/a>\n\t\t\t\t<\/div>\n\t\t\t\t\t\t\t\t<\/div>\n\t\t\t\t<\/div>\n\t\t\t\t\t<\/div>\n\t\t\t\t<\/div>\n\t\t<div class=\"elementor-element elementor-element-42c9128 e-flex e-con-boxed e-con e-parent\" data-id=\"42c9128\" data-element_type=\"container\" data-settings=\"{&quot;_ha_eqh_enable&quot;:false}\">\n\t\t\t\t\t<div class=\"e-con-inner\">\n\t\t<div class=\"elementor-element elementor-element-5131b60 e-con-full e-flex e-con e-child\" data-id=\"5131b60\" data-element_type=\"container\" data-settings=\"{&quot;_ha_eqh_enable&quot;:false}\">\n\t\t\t\t<div class=\"elementor-element elementor-element-2ed6e52 elementor-widget elementor-widget-heading\" data-id=\"2ed6e52\" data-element_type=\"widget\" data-widget_type=\"heading.default\">\n\t\t\t\t<div class=\"elementor-widget-container\">\n\t\t\t\t\t<h2 class=\"elementor-heading-title elementor-size-default\">QUAND<\/h2>\t\t\t\t<\/div>\n\t\t\t\t<\/div>\n\t\t\t\t<div class=\"elementor-element elementor-element-434cc47 elementor-widget elementor-widget-text-editor\" data-id=\"434cc47\" data-element_type=\"widget\" data-widget_type=\"text-editor.default\">\n\t\t\t\t<div class=\"elementor-widget-container\">\n\t\t\t\t\t\t\t\t\t<ul><li>Samedi\u00a025\u00a0novembre\u00a02023<\/li><li>9h30 (heure de l&rsquo;Est) \u00e0 17h00 (heure de l&rsquo;Est)<\/li><\/ul>\t\t\t\t\t\t\t\t<\/div>\n\t\t\t\t<\/div>\n\t\t\t\t<\/div>\n\t\t<div class=\"elementor-element elementor-element-6d4886f e-con-full e-flex e-con e-child\" data-id=\"6d4886f\" data-element_type=\"container\" data-settings=\"{&quot;_ha_eqh_enable&quot;:false}\">\n\t\t\t\t<div class=\"elementor-element elementor-element-b996006 elementor-widget elementor-widget-heading\" data-id=\"b996006\" data-element_type=\"widget\" data-widget_type=\"heading.default\">\n\t\t\t\t<div class=\"elementor-widget-container\">\n\t\t\t\t\t<h2 class=\"elementor-heading-title elementor-size-default\">O\u00f9<\/h2>\t\t\t\t<\/div>\n\t\t\t\t<\/div>\n\t\t\t\t<div class=\"elementor-element elementor-element-91c4b91 elementor-widget elementor-widget-text-editor\" data-id=\"91c4b91\" data-element_type=\"widget\" data-widget_type=\"text-editor.default\">\n\t\t\t\t<div class=\"elementor-widget-container\">\n\t\t\t\t\t\t\t\t\t<ul><li>Universit\u00e9 Western, London, Ontario (<a href=\"https:\/\/www.google.com\/maps\/dir\/45.5213056,-73.5772672\/Western+University,+Richmond+St,+London,+Ontario\/@44.2007292,-80.0512016,7z\/data=!3m2!4b1!5s0x882b34cb7491effd:0xadf4bc377f6e1d05!4m9!4m8!1m1!4e1!1m5!1m1!1s0x882eee0e6ac42bd1:0xaa87f353aab9799b!2m2!1d-81.2737336!2d43.0095971?entry=ttu\">Carte et Instructions<\/a>)<\/li><\/ul>\t\t\t\t\t\t\t\t<\/div>\n\t\t\t\t<\/div>\n\t\t\t\t<\/div>\n\t\t<div class=\"elementor-element elementor-element-9e15a54 e-con-full e-flex e-con e-child\" data-id=\"9e15a54\" data-element_type=\"container\" data-settings=\"{&quot;_ha_eqh_enable&quot;:false}\">\n\t\t\t\t<div class=\"elementor-element elementor-element-b0a8138 elementor-widget elementor-widget-heading\" data-id=\"b0a8138\" data-element_type=\"widget\" data-widget_type=\"heading.default\">\n\t\t\t\t<div class=\"elementor-widget-container\">\n\t\t\t\t\t<h2 class=\"elementor-heading-title elementor-size-default\">Billets<\/h2>\t\t\t\t<\/div>\n\t\t\t\t<\/div>\n\t\t\t\t<div class=\"elementor-element elementor-element-cce5566 elementor-widget elementor-widget-text-editor\" data-id=\"cce5566\" data-element_type=\"widget\" data-widget_type=\"text-editor.default\">\n\t\t\t\t<div class=\"elementor-widget-container\">\n\t\t\t\t\t\t\t\t\t<p>Billet simple\u00a0: (Gratuit) Cliquez <a href=\"https:\/\/www.eventbrite.com\/e\/celebrating-65-years-of-volunteer-impact-championing-gender-equality-tickets-710032244557?aff=oddtdtcreator\">ici<\/a><\/p>\t\t\t\t\t\t\t\t<\/div>\n\t\t\t\t<\/div>\n\t\t\t\t<\/div>\n\t\t\t\t\t<\/div>\n\t\t\t\t<\/div>\n\t\t\t\t<\/div>\n\t\t","protected":false},"excerpt":{"rendered":"<p>Impact\u00a0 D\u00e9tails des \u00e9v\u00e9nements \u00c9V\u00c9NEMENTS PASS\u00c9S C\u00e9l\u00e9bration de 65 ans d&rsquo;impact volontaire avec Carrefour International C\u00e9l\u00e9brez 65 ans d&rsquo;impact volontaire avec Carrefour International \ud83c\udf89Nous sommes ravis de vous inviter \u00e0 une journ\u00e9e exceptionnelle de c\u00e9l\u00e9bration, de r\u00e9flexion et d&rsquo;inspiration, alors que nous marquons une \u00e9tape importante de notre histoire et de celle de nos volontaires. [&hellip;]<\/p>\n","protected":false},"author":1,"featured_media":0,"parent":22077,"menu_order":0,"comment_status":"closed","ping_status":"closed","template":"elementor_header_footer","meta":{"_acf_changed":false,"footnotes":""},"class_list":["post-22126","page","type-page","status-publish","hentry"],"acf":[],"_links":{"self":[{"href":"https:\/\/crossboard.dev2.smartegy.ca\/fr\/wp-json\/wp\/v2\/pages\/22126","targetHints":{"allow":["GET"]}}],"collection":[{"href":"https:\/\/crossboard.dev2.smartegy.ca\/fr\/wp-json\/wp\/v2\/pages"}],"about":[{"href":"https:\/\/crossboard.dev2.smartegy.ca\/fr\/wp-json\/wp\/v2\/types\/page"}],"author":[{"embeddable":true,"href":"https:\/\/crossboard.dev2.smartegy.ca\/fr\/wp-json\/wp\/v2\/users\/1"}],"replies":[{"embeddable":true,"href":"https:\/\/crossboard.dev2.smartegy.ca\/fr\/wp-json\/wp\/v2\/comments?post=22126"}],"version-history":[{"count":10,"href":"https:\/\/crossboard.dev2.smartegy.ca\/fr\/wp-json\/wp\/v2\/pages\/22126\/revisions"}],"predecessor-version":[{"id":23570,"href":"https:\/\/crossboard.dev2.smartegy.ca\/fr\/wp-json\/wp\/v2\/pages\/22126\/revisions\/23570"}],"up":[{"embeddable":true,"href":"https:\/\/crossboard.dev2.smartegy.ca\/fr\/wp-json\/wp\/v2\/pages\/22077"}],"wp:attachment":[{"href":"https:\/\/crossboard.dev2.smartegy.ca\/fr\/wp-json\/wp\/v2\/media?parent=22126"}],"curies":[{"name":"wp","href":"https:\/\/api.w.org\/{rel}","templated":true}]}}