{"id":22132,"date":"2025-02-21T12:35:21","date_gmt":"2025-02-21T12:35:21","guid":{"rendered":"https:\/\/crossboard.dev2.smartegy.ca\/?page_id=22132"},"modified":"2025-06-30T10:27:10","modified_gmt":"2025-06-30T10:27:10","slug":"demande-dautonomisation","status":"publish","type":"page","link":"https:\/\/crossboard.dev2.smartegy.ca\/fr\/evenements-dimpact\/demande-dautonomisation\/","title":{"rendered":"Demande d&rsquo;autonomisation"},"content":{"rendered":"\t\t<div data-elementor-type=\"wp-page\" data-elementor-id=\"22132\" class=\"elementor elementor-22132 elementor-19459\" data-elementor-settings=\"{&quot;ha_cmc_init_switcher&quot;:&quot;no&quot;}\" data-elementor-post-type=\"page\">\n\t\t\t\t<div class=\"elementor-element elementor-element-50ba9b0 e-con-full e-flex e-con e-parent\" data-id=\"50ba9b0\" data-element_type=\"container\" data-settings=\"{&quot;background_background&quot;:&quot;classic&quot;,&quot;_ha_eqh_enable&quot;:false}\">\n\t\t\t\t<div class=\"elementor-element elementor-element-431399d elementor-widget elementor-widget-text-editor\" data-id=\"431399d\" data-element_type=\"widget\" data-widget_type=\"text-editor.default\">\n\t\t\t\t<div class=\"elementor-widget-container\">\n\t\t\t\t\t\t\t\t\t<p>Impact<\/p>\t\t\t\t\t\t\t\t<\/div>\n\t\t\t\t<\/div>\n\t\t\t\t<div class=\"elementor-element elementor-element-d47fa18 elementor-widget elementor-widget-text-editor\" data-id=\"d47fa18\" data-element_type=\"widget\" data-widget_type=\"text-editor.default\">\n\t\t\t\t<div class=\"elementor-widget-container\">\n\t\t\t\t\t\t\t\t\t<p>D\u00e9tails des \u00e9v\u00e9nements<\/p>\t\t\t\t\t\t\t\t<\/div>\n\t\t\t\t<\/div>\n\t\t\t\t<\/div>\n\t\t<div class=\"elementor-element elementor-element-a075539 e-flex e-con-boxed e-con e-parent\" data-id=\"a075539\" data-element_type=\"container\" data-settings=\"{&quot;_ha_eqh_enable&quot;:false}\">\n\t\t\t\t\t<div class=\"e-con-inner\">\n\t\t\t\t<div class=\"elementor-element elementor-element-f57e4e6 elementor-widget elementor-widget-heading\" data-id=\"f57e4e6\" data-element_type=\"widget\" data-widget_type=\"heading.default\">\n\t\t\t\t<div class=\"elementor-widget-container\">\n\t\t\t\t\t<h2 class=\"elementor-heading-title elementor-size-default\">\u00c9V\u00c9NEMENTS PASS\u00c9S<\/h2>\t\t\t\t<\/div>\n\t\t\t\t<\/div>\n\t\t\t\t<div class=\"elementor-element elementor-element-188fdf4 elementor-position-left elementor-vertical-align-middle elementor-mobile-position-left elementor-view-default elementor-widget elementor-widget-icon-box\" data-id=\"188fdf4\" data-element_type=\"widget\" data-widget_type=\"icon-box.default\">\n\t\t\t\t<div class=\"elementor-widget-container\">\n\t\t\t\t\t\t\t<div class=\"elementor-icon-box-wrapper\">\n\n\t\t\t\t\t\t<div class=\"elementor-icon-box-icon\">\n\t\t\t\t<a href=\"\/fr\/evenements-dimpact\/\" class=\"elementor-icon\" tabindex=\"-1\">\n\t\t\t\t<svg xmlns=\"http:\/\/www.w3.org\/2000\/svg\" width=\"28\" height=\"28\" viewBox=\"0 0 28 28\" fill=\"none\"><g clip-path=\"url(#clip0_750_15573)\"><path d=\"M19.8949 -1.9325e-07C20.485 -1.41664e-07 21.0398 0.229906 21.4579 0.647282C21.8752 1.06498 22.1055 1.62017 22.1055 2.21058C22.1055 2.80098 21.8752 3.35617 21.4579 3.77366L11.2312 14.0001L21.4579 24.2266C21.8752 24.6441 22.1055 25.1992 22.1055 25.7896C22.1055 26.38 21.8752 26.9352 21.4579 27.3527C21.0405 27.7702 20.485 28 19.8949 28C19.3049 28 18.7494 27.7703 18.332 27.3529L6.5425 15.5632C6.12513 15.1456 5.89489 14.5905 5.89489 14.0001C5.89489 13.4097 6.12518 12.8545 6.5425 12.437L18.332 0.647499C18.7501 0.229906 19.3049 -2.44832e-07 19.8949 -1.9325e-07Z\" fill=\"#F3911F\"><\/path><\/g><defs><clipPath id=\"clip0_750_15573\"><rect width=\"28\" height=\"28\" fill=\"white\" transform=\"translate(28 28) rotate(-180)\"><\/rect><\/clipPath><\/defs><\/svg>\t\t\t\t<\/a>\n\t\t\t<\/div>\n\t\t\t\n\t\t\t\t\t\t<div class=\"elementor-icon-box-content\">\n\n\t\t\t\t\n\t\t\t\t\t\t\t\t\t<p class=\"elementor-icon-box-description\">\n\t\t\t\t\t\tDemande d'autonomisation\t\t\t\t\t<\/p>\n\t\t\t\t\n\t\t\t<\/div>\n\t\t\t\n\t\t<\/div>\n\t\t\t\t\t\t<\/div>\n\t\t\t\t<\/div>\n\t\t\t\t\t<\/div>\n\t\t\t\t<\/div>\n\t\t<div class=\"elementor-element elementor-element-60463dc e-flex e-con-boxed e-con e-parent\" data-id=\"60463dc\" data-element_type=\"container\" data-settings=\"{&quot;_ha_eqh_enable&quot;:false}\">\n\t\t\t\t\t<div class=\"e-con-inner\">\n\t\t<div class=\"elementor-element elementor-element-0631087 e-con-full e-flex e-con e-child\" data-id=\"0631087\" data-element_type=\"container\" data-settings=\"{&quot;_ha_eqh_enable&quot;:false}\">\n\t\t\t\t<div class=\"elementor-element elementor-element-24109f8 elementor-widget elementor-widget-text-editor\" data-id=\"24109f8\" data-element_type=\"widget\" data-widget_type=\"text-editor.default\">\n\t\t\t\t<div class=\"elementor-widget-container\">\n\t\t\t\t\t\t\t\t\tNous sommes de retour ! Rejoignez-nous pour r\u00e9clamer l&rsquo;autonomisation !\t\t\t\t\t\t\t\t<\/div>\n\t\t\t\t<\/div>\n\t\t\t\t<div class=\"elementor-element elementor-element-3d80388 elementor-widget elementor-widget-text-editor\" data-id=\"3d80388\" data-element_type=\"widget\" data-widget_type=\"text-editor.default\">\n\t\t\t\t<div class=\"elementor-widget-container\">\n\t\t\t\t\t\t\t\t\t<p>Vous cherchez des id\u00e9es cadeaux originales et originales pour les f\u00eates\u00a0? Ne cherchez plus\u00a0: La qu\u00eate d&rsquo;autonomisation de Carrefour est de retour pour la deuxi\u00e8me ann\u00e9e cons\u00e9cutive.<br \/>L\u2019ench\u00e8re silencieuse virtuelle d\u00e9butera le 1er\u00a0novembre \u00e0 12\u00a0h\u00a0HAE (9\u00a0h\u00a0HP) et se terminera le 22\u00a0novembre \u00e0 21\u00a0h\u00a0HAE (18\u00a0h\u00a0HP).<br \/>Faire du shopping n\u2019a jamais \u00e9t\u00e9 aussi agr\u00e9able\u00a0: non seulement vous ferez des achats pour vous et vos proches, mais vous soutiendrez \u00e9galement les femmes et les filles d\u2019Afrique subsaharienne, tout cela depuis chez vous. Il y en a pour tous les go\u00fbts, alors faites-vous plaisir et faites plaisir \u00e0 ceux que vous aimez\u00a0!<\/p>\t\t\t\t\t\t\t\t<\/div>\n\t\t\t\t<\/div>\n\t\t\t\t<\/div>\n\t\t\t\t\t<\/div>\n\t\t\t\t<\/div>\n\t\t<div class=\"elementor-element elementor-element-a8de286 e-flex e-con-boxed e-con e-parent\" data-id=\"a8de286\" data-element_type=\"container\" data-settings=\"{&quot;_ha_eqh_enable&quot;:false}\">\n\t\t\t\t\t<div class=\"e-con-inner\">\n\t\t\t\t<div class=\"elementor-element elementor-element-04a75aa elementor-widget elementor-widget-heading\" data-id=\"04a75aa\" data-element_type=\"widget\" data-widget_type=\"heading.default\">\n\t\t\t\t<div class=\"elementor-widget-container\">\n\t\t\t\t\t<h2 class=\"elementor-heading-title elementor-size-default\">Comment faire une offre et un don<\/h2>\t\t\t\t<\/div>\n\t\t\t\t<\/div>\n\t\t\t\t<div class=\"elementor-element elementor-element-1609293 elementor-widget elementor-widget-text-editor\" data-id=\"1609293\" data-element_type=\"widget\" data-widget_type=\"text-editor.default\">\n\t\t\t\t<div class=\"elementor-widget-container\">\n\t\t\t\t\t\t\t\t\t<ol><li>Visitez <a href=\"https:\/\/cintlauctionencheres.com\" target=\"_blank\" rel=\"noopener\">https:\/\/cintlauctionencheres.com<\/a><\/li><li>Utilisez le menu en haut \u00e0 gauche pour consulter les articles de la vente aux ench\u00e8res silencieuse, acc\u00e9der \u00e0 Mes ench\u00e8res ou faire un don.<\/li><li>Pour ench\u00e9rir, s\u00e9lectionnez un article, saisissez votre montant, puis cliquez sur \u00ab\u00a0Ench\u00e9rir\u00a0\u00bb. Utilisez la fonction \u00ab\u00a0Ench\u00e8re maximale\u00a0\u00bb et le syst\u00e8me ench\u00e9rira pour vous jusqu&rsquo;au montant saisi.<\/li><li>Enregistrez vos coordonn\u00e9es, puis \u00ab\u00a0Confirmez votre ench\u00e8re\u00a0\u00bb.<\/li><li>Recevez des notifications par SMS de surench\u00e8re et ench\u00e9rissez \u00e0 nouveau\u00a0! <strong>Toutes les ench\u00e8res doivent \u00eatre plac\u00e9es avant le 22 novembre 2022 \u00e0 21\u00a0h (heure de l&rsquo;Est).<\/strong><\/li><\/ol>\t\t\t\t\t\t\t\t<\/div>\n\t\t\t\t<\/div>\n\t\t\t\t<div class=\"elementor-element elementor-element-8be8c66 elementor-widget elementor-widget-text-editor\" data-id=\"8be8c66\" data-element_type=\"widget\" data-widget_type=\"text-editor.default\">\n\t\t\t\t<div class=\"elementor-widget-container\">\n\t\t\t\t\t\t\t\t\t<p>Cette plateforme est enti\u00e8rement <strong>mobile friendly<\/strong>\u00a0! Vous avez la possibilit\u00e9 d&rsquo;ench\u00e9rir en direct et de suivre vos articles sur votre smartphone ou votre tablette.<\/p>\t\t\t\t\t\t\t\t<\/div>\n\t\t\t\t<\/div>\n\t\t\t\t<div class=\"elementor-element elementor-element-ea44af5 elementor-align-left elementor-widget elementor-widget-button\" data-id=\"ea44af5\" data-element_type=\"widget\" data-widget_type=\"button.default\">\n\t\t\t\t<div class=\"elementor-widget-container\">\n\t\t\t\t\t\t\t\t\t<div class=\"elementor-button-wrapper\">\n\t\t\t\t\t<a class=\"elementor-button elementor-button-link elementor-size-sm\" href=\"https:\/\/cintlauctionencheres.com\/\" target=\"_blank\">\n\t\t\t\t\t\t<span class=\"elementor-button-content-wrapper\">\n\t\t\t\t\t\t\t\t\t<span class=\"elementor-button-text\">INSCRIVEZ-VOUS MAINTENANT<\/span>\n\t\t\t\t\t<\/span>\n\t\t\t\t\t<\/a>\n\t\t\t\t<\/div>\n\t\t\t\t\t\t\t\t<\/div>\n\t\t\t\t<\/div>\n\t\t\t\t\t<\/div>\n\t\t\t\t<\/div>\n\t\t<div class=\"elementor-element elementor-element-67f445e e-flex e-con-boxed e-con e-parent\" data-id=\"67f445e\" data-element_type=\"container\" data-settings=\"{&quot;_ha_eqh_enable&quot;:false}\">\n\t\t\t\t\t<div class=\"e-con-inner\">\n\t\t<div class=\"elementor-element elementor-element-1be0afc e-con-full e-flex e-con e-child\" data-id=\"1be0afc\" data-element_type=\"container\" data-settings=\"{&quot;_ha_eqh_enable&quot;:false}\">\n\t\t\t\t<div class=\"elementor-element elementor-element-ca4c2ee elementor-widget elementor-widget-heading\" data-id=\"ca4c2ee\" data-element_type=\"widget\" data-widget_type=\"heading.default\">\n\t\t\t\t<div class=\"elementor-widget-container\">\n\t\t\t\t\t<h2 class=\"elementor-heading-title elementor-size-default\">O\u00d9 VA VOTRE ARGENT<\/h2>\t\t\t\t<\/div>\n\t\t\t\t<\/div>\n\t\t\t\t<div class=\"elementor-element elementor-element-ba35751 elementor-widget elementor-widget-text-editor\" data-id=\"ba35751\" data-element_type=\"widget\" data-widget_type=\"text-editor.default\">\n\t\t\t\t<div class=\"elementor-widget-container\">\n\t\t\t\t\t\t\t\t\t<p>Les fonds collect\u00e9s serviront \u00e0 r\u00e9pondre aux besoins urgents des femmes et des filles vuln\u00e9rables, touch\u00e9es de mani\u00e8re disproportionn\u00e9e par la pand\u00e9mie de COVID-19 et les graves changements climatiques. Les dons financeront des actions importantes visant \u00e0 r\u00e9duire les violences sexistes, telles que les mariages pr\u00e9coces, la traite des \u00eatres humains et les mutilations g\u00e9nitales f\u00e9minines. Ils favoriseront \u00e9galement la r\u00e9silience \u00e0 long terme et des moyens de subsistance durables pour les communaut\u00e9s rurales et marginalis\u00e9es, gr\u00e2ce \u00e0 des programmes d&rsquo;autonomisation sociale et \u00e9conomique.<\/p>\t\t\t\t\t\t\t\t<\/div>\n\t\t\t\t<\/div>\n\t\t\t\t<div class=\"elementor-element elementor-element-c8c180a elementor-widget elementor-widget-text-editor\" data-id=\"c8c180a\" data-element_type=\"widget\" data-widget_type=\"text-editor.default\">\n\t\t\t\t<div class=\"elementor-widget-container\">\n\t\t\t\t\t\t\t\t\t<p>En participant \u00e0 cet \u00e9v\u00e9nement et en ench\u00e9rissant sur des articles, vous contribuerez \u00e0 soutenir les femmes et les filles qui en ont le plus besoin. Merci\u00a0!<\/p><p>Une fois, deux fois\u2026 tentez votre chance\u00a0!<\/p>\t\t\t\t\t\t\t\t<\/div>\n\t\t\t\t<\/div>\n\t\t\t\t<div class=\"elementor-element elementor-element-b354d04 elementor-align-left elementor-widget elementor-widget-button\" data-id=\"b354d04\" data-element_type=\"widget\" data-widget_type=\"button.default\">\n\t\t\t\t<div class=\"elementor-widget-container\">\n\t\t\t\t\t\t\t\t\t<div class=\"elementor-button-wrapper\">\n\t\t\t\t\t<a class=\"elementor-button elementor-button-link elementor-size-sm\" href=\"https:\/\/cintlauctionencheres.com\/\" target=\"_blank\">\n\t\t\t\t\t\t<span class=\"elementor-button-content-wrapper\">\n\t\t\t\t\t\t\t\t\t<span class=\"elementor-button-text\">INSCRIVEZ-VOUS MAINTENANT<\/span>\n\t\t\t\t\t<\/span>\n\t\t\t\t\t<\/a>\n\t\t\t\t<\/div>\n\t\t\t\t\t\t\t\t<\/div>\n\t\t\t\t<\/div>\n\t\t\t\t<\/div>\n\t\t<div class=\"elementor-element elementor-element-0178d0f e-con-full e-flex e-con e-child\" data-id=\"0178d0f\" data-element_type=\"container\" data-settings=\"{&quot;background_background&quot;:&quot;classic&quot;,&quot;_ha_eqh_enable&quot;:false}\">\n\t\t\t\t<\/div>\n\t\t\t\t\t<\/div>\n\t\t\t\t<\/div>\n\t\t<div class=\"elementor-element elementor-element-e97f2e1 e-flex e-con-boxed e-con e-parent\" data-id=\"e97f2e1\" data-element_type=\"container\" data-settings=\"{&quot;_ha_eqh_enable&quot;:false}\">\n\t\t\t\t\t<div class=\"e-con-inner\">\n\t\t\t\t<div class=\"elementor-element elementor-element-85515d0 elementor-widget elementor-widget-heading\" data-id=\"85515d0\" data-element_type=\"widget\" data-widget_type=\"heading.default\">\n\t\t\t\t<div class=\"elementor-widget-container\">\n\t\t\t\t\t<h2 class=\"elementor-heading-title elementor-size-default\">MERCI \u00c0 NOS SPONSORS et supporters<\/h2>\t\t\t\t<\/div>\n\t\t\t\t<\/div>\n\t\t\t\t<div class=\"elementor-element elementor-element-843b47d elementor-widget elementor-widget-text-editor\" data-id=\"843b47d\" data-element_type=\"widget\" data-widget_type=\"text-editor.default\">\n\t\t\t\t<div class=\"elementor-widget-container\">\n\t\t\t\t\t\t\t\t\t<p><a href=\"https:\/\/www.adventurebook.com\/\" target=\"_blank\" rel=\"noopener noreferrer\">Adventure Books<\/a><br \/><a href=\"https:\/\/www.givergy.com\/\">Givergy<\/a><br \/><a href=\"http:\/\/www.goneruralswazi.com\/?fbclid=IwAR2PiCeooTgpTb0nd8iSan9gsZTy9GJFxMyZqpBwMYNZLg3A6uQnrI0QBe8\">Gone Rural<\/a><br \/><a href=\"https:\/\/kpjewelryco.com\/\" target=\"_blank\" rel=\"noopener noreferrer\">kp jewelry co.<\/a><br \/><a href=\"https:\/\/www.ripleyaquariums.com\/canada\/\">Ripley\u2019s Aquarium of Canada<\/a><br \/><a href=\"https:\/\/www.sandmanhotels.com\/\">Sandman Hotel Group<\/a><br \/><a href=\"https:\/\/unfcs.wordpress.com\/\">UNION NATIONALE DES FEMMES COOP\u00c9RATRICES DU S\u00c9N\u00c9GAL (UNFCS)<\/a><\/p>\t\t\t\t\t\t\t\t<\/div>\n\t\t\t\t<\/div>\n\t\t\t\t\t<\/div>\n\t\t\t\t<\/div>\n\t\t<div class=\"elementor-element elementor-element-e92e06b e-flex e-con-boxed e-con e-parent\" data-id=\"e92e06b\" data-element_type=\"container\" data-settings=\"{&quot;_ha_eqh_enable&quot;:false}\">\n\t\t\t\t\t<div class=\"e-con-inner\">\n\t\t\t\t<div class=\"elementor-element elementor-element-643ceaa elementor-widget elementor-widget-text-editor\" data-id=\"643ceaa\" data-element_type=\"widget\" data-widget_type=\"text-editor.default\">\n\t\t\t\t<div class=\"elementor-widget-container\">\n\t\t\t\t\t\t\t\t\t<p><strong>Si vous avez des questions ou connaissez des opportunit\u00e9s de partenariat avec une entreprise locale pour des articles aux ench\u00e8res, veuillez contacter notre responsable du d\u00e9veloppement des ressources \u00e0\u00a0<a href=\"mailto:cmahuran@cintl.org\">donorrelations@cintl.org<\/a>. <a href=\"https:\/\/www.cintlauctionencheres.com\/lite-ui\/?controller=guest&amp;action=faqs\">Nous vous encourageons \u00e9galement \u00e0 consulter notre FAQ pour plus de pr\u00e9cisions.<\/a><\/strong><\/p>\t\t\t\t\t\t\t\t<\/div>\n\t\t\t\t<\/div>\n\t\t\t\t\t<\/div>\n\t\t\t\t<\/div>\n\t\t\t\t<\/div>\n\t\t","protected":false},"excerpt":{"rendered":"<p>Impact D\u00e9tails des \u00e9v\u00e9nements \u00c9V\u00c9NEMENTS PASS\u00c9S Demande d&rsquo;autonomisation Nous sommes de retour ! Rejoignez-nous pour r\u00e9clamer l&rsquo;autonomisation ! Vous cherchez des id\u00e9es cadeaux originales et originales pour les f\u00eates\u00a0? Ne cherchez plus\u00a0: La qu\u00eate d&rsquo;autonomisation de Carrefour est de retour pour la deuxi\u00e8me ann\u00e9e cons\u00e9cutive.L\u2019ench\u00e8re silencieuse virtuelle d\u00e9butera le 1er\u00a0novembre \u00e0 12\u00a0h\u00a0HAE (9\u00a0h\u00a0HP) et se [&hellip;]<\/p>\n","protected":false},"author":1,"featured_media":0,"parent":22077,"menu_order":0,"comment_status":"closed","ping_status":"closed","template":"elementor_header_footer","meta":{"_acf_changed":false,"footnotes":""},"class_list":["post-22132","page","type-page","status-publish","hentry"],"acf":[],"_links":{"self":[{"href":"https:\/\/crossboard.dev2.smartegy.ca\/fr\/wp-json\/wp\/v2\/pages\/22132","targetHints":{"allow":["GET"]}}],"collection":[{"href":"https:\/\/crossboard.dev2.smartegy.ca\/fr\/wp-json\/wp\/v2\/pages"}],"about":[{"href":"https:\/\/crossboard.dev2.smartegy.ca\/fr\/wp-json\/wp\/v2\/types\/page"}],"author":[{"embeddable":true,"href":"https:\/\/crossboard.dev2.smartegy.ca\/fr\/wp-json\/wp\/v2\/users\/1"}],"replies":[{"embeddable":true,"href":"https:\/\/crossboard.dev2.smartegy.ca\/fr\/wp-json\/wp\/v2\/comments?post=22132"}],"version-history":[{"count":10,"href":"https:\/\/crossboard.dev2.smartegy.ca\/fr\/wp-json\/wp\/v2\/pages\/22132\/revisions"}],"predecessor-version":[{"id":23579,"href":"https:\/\/crossboard.dev2.smartegy.ca\/fr\/wp-json\/wp\/v2\/pages\/22132\/revisions\/23579"}],"up":[{"embeddable":true,"href":"https:\/\/crossboard.dev2.smartegy.ca\/fr\/wp-json\/wp\/v2\/pages\/22077"}],"wp:attachment":[{"href":"https:\/\/crossboard.dev2.smartegy.ca\/fr\/wp-json\/wp\/v2\/media?parent=22132"}],"curies":[{"name":"wp","href":"https:\/\/api.w.org\/{rel}","templated":true}]}}