{"id":22138,"date":"2025-02-21T12:52:18","date_gmt":"2025-02-21T12:52:18","guid":{"rendered":"https:\/\/crossboard.dev2.smartegy.ca\/?page_id=22138"},"modified":"2025-06-30T10:29:55","modified_gmt":"2025-06-30T10:29:55","slug":"conversation-sur-legalite-des-chances-lavenir-du-volontariat-international","status":"publish","type":"page","link":"https:\/\/crossboard.dev2.smartegy.ca\/fr\/conversation-sur-legalite-des-chances-lavenir-du-volontariat-international\/","title":{"rendered":"Conversation sur l&rsquo;\u00e9galit\u00e9 des chances\u00a0: l&rsquo;avenir du volontariat international"},"content":{"rendered":"\t\t<div data-elementor-type=\"wp-page\" data-elementor-id=\"22138\" class=\"elementor elementor-22138 elementor-19489\" data-elementor-settings=\"{&quot;ha_cmc_init_switcher&quot;:&quot;no&quot;}\" data-elementor-post-type=\"page\">\n\t\t\t\t<div class=\"elementor-element elementor-element-2bdf88e e-con-full e-flex e-con e-parent\" data-id=\"2bdf88e\" data-element_type=\"container\" data-settings=\"{&quot;background_background&quot;:&quot;classic&quot;,&quot;_ha_eqh_enable&quot;:false}\">\n\t\t\t\t<div class=\"elementor-element elementor-element-5057f71 elementor-widget elementor-widget-text-editor\" data-id=\"5057f71\" data-element_type=\"widget\" data-widget_type=\"text-editor.default\">\n\t\t\t\t<div class=\"elementor-widget-container\">\n\t\t\t\t\t\t\t\t\t<p>Impact<\/p>\t\t\t\t\t\t\t\t<\/div>\n\t\t\t\t<\/div>\n\t\t\t\t<div class=\"elementor-element elementor-element-73671a1 elementor-widget elementor-widget-text-editor\" data-id=\"73671a1\" data-element_type=\"widget\" data-widget_type=\"text-editor.default\">\n\t\t\t\t<div class=\"elementor-widget-container\">\n\t\t\t\t\t\t\t\t\t<p>D\u00e9tails des \u00e9v\u00e9nements<\/p>\t\t\t\t\t\t\t\t<\/div>\n\t\t\t\t<\/div>\n\t\t\t\t<\/div>\n\t\t<div class=\"elementor-element elementor-element-a075539 e-flex e-con-boxed e-con e-parent\" data-id=\"a075539\" data-element_type=\"container\" data-settings=\"{&quot;_ha_eqh_enable&quot;:false}\">\n\t\t\t\t\t<div class=\"e-con-inner\">\n\t\t\t\t<div class=\"elementor-element elementor-element-f57e4e6 elementor-widget elementor-widget-heading\" data-id=\"f57e4e6\" data-element_type=\"widget\" data-widget_type=\"heading.default\">\n\t\t\t\t<div class=\"elementor-widget-container\">\n\t\t\t\t\t<h2 class=\"elementor-heading-title elementor-size-default\">\u00c9V\u00c9NEMENTS PASS\u00c9S<\/h2>\t\t\t\t<\/div>\n\t\t\t\t<\/div>\n\t\t\t\t<div class=\"elementor-element elementor-element-188fdf4 elementor-position-left elementor-vertical-align-middle elementor-mobile-position-left elementor-view-default elementor-widget elementor-widget-icon-box\" data-id=\"188fdf4\" data-element_type=\"widget\" data-widget_type=\"icon-box.default\">\n\t\t\t\t<div class=\"elementor-widget-container\">\n\t\t\t\t\t\t\t<div class=\"elementor-icon-box-wrapper\">\n\n\t\t\t\t\t\t<div class=\"elementor-icon-box-icon\">\n\t\t\t\t<a href=\"\/fr\/evenements-dimpact\/\/impact-events\/\" class=\"elementor-icon\" tabindex=\"-1\">\n\t\t\t\t<svg xmlns=\"http:\/\/www.w3.org\/2000\/svg\" width=\"28\" height=\"28\" viewBox=\"0 0 28 28\" fill=\"none\"><g clip-path=\"url(#clip0_750_15573)\"><path d=\"M19.8949 -1.9325e-07C20.485 -1.41664e-07 21.0398 0.229906 21.4579 0.647282C21.8752 1.06498 22.1055 1.62017 22.1055 2.21058C22.1055 2.80098 21.8752 3.35617 21.4579 3.77366L11.2312 14.0001L21.4579 24.2266C21.8752 24.6441 22.1055 25.1992 22.1055 25.7896C22.1055 26.38 21.8752 26.9352 21.4579 27.3527C21.0405 27.7702 20.485 28 19.8949 28C19.3049 28 18.7494 27.7703 18.332 27.3529L6.5425 15.5632C6.12513 15.1456 5.89489 14.5905 5.89489 14.0001C5.89489 13.4097 6.12518 12.8545 6.5425 12.437L18.332 0.647499C18.7501 0.229906 19.3049 -2.44832e-07 19.8949 -1.9325e-07Z\" fill=\"#F3911F\"><\/path><\/g><defs><clipPath id=\"clip0_750_15573\"><rect width=\"28\" height=\"28\" fill=\"white\" transform=\"translate(28 28) rotate(-180)\"><\/rect><\/clipPath><\/defs><\/svg>\t\t\t\t<\/a>\n\t\t\t<\/div>\n\t\t\t\n\t\t\t\t\t\t<div class=\"elementor-icon-box-content\">\n\n\t\t\t\t\n\t\t\t\t\t\t\t\t\t<p class=\"elementor-icon-box-description\">\n\t\t\t\t\t\tConversation sur l'\u00e9galit\u00e9 des chances\u00a0: l'avenir du volontariat international\t\t\t\t\t<\/p>\n\t\t\t\t\n\t\t\t<\/div>\n\t\t\t\n\t\t<\/div>\n\t\t\t\t\t\t<\/div>\n\t\t\t\t<\/div>\n\t\t\t\t\t<\/div>\n\t\t\t\t<\/div>\n\t\t<div class=\"elementor-element elementor-element-60463dc e-flex e-con-boxed e-con e-parent\" data-id=\"60463dc\" data-element_type=\"container\" data-settings=\"{&quot;_ha_eqh_enable&quot;:false}\">\n\t\t\t\t\t<div class=\"e-con-inner\">\n\t\t<div class=\"elementor-element elementor-element-0631087 e-con-full e-flex e-con e-child\" data-id=\"0631087\" data-element_type=\"container\" data-settings=\"{&quot;_ha_eqh_enable&quot;:false}\">\n\t\t\t\t<div class=\"elementor-element elementor-element-3d80388 elementor-widget elementor-widget-text-editor\" data-id=\"3d80388\" data-element_type=\"widget\" data-widget_type=\"text-editor.default\">\n\t\t\t\t<div class=\"elementor-widget-container\">\n\t\t\t\t\t\t\t\t\t<p>28 avril 2022 \u2013 Semaine nationale de l&rsquo;action volontaire<\/p>\t\t\t\t\t\t\t\t<\/div>\n\t\t\t\t<\/div>\n\t\t\t\t<div class=\"elementor-element elementor-element-74430ad elementor-widget elementor-widget-text-editor\" data-id=\"74430ad\" data-element_type=\"widget\" data-widget_type=\"text-editor.default\">\n\t\t\t\t<div class=\"elementor-widget-container\">\n\t\t\t\t\t\t\t\t\t<p>Conversation \u00ab\u00a0\u00c9galit\u00e9, \u00e7a compte\u00a0\u00bb &#8211; 28 avril 2022<br \/>Rejoignez-nous pour une conversation \u00ab \u00c9galit\u00e9, \u00e7a compte \u00bb \u00e0 l&rsquo;occasion de la Semaine nationale du volontariat. Dans le cadre de leur mission de construire UN MONDE UNIQUE, nous \u00e9couterons deux volontaires internationaux actuels et un membre de la communaut\u00e9 qui souhaite en savoir plus.<\/p><p>Le volontariat international \u00e9volue constamment face aux effets de la COVID-19 \u00e0 l&rsquo;\u00e9chelle mondiale. Comment les volontaires s&rsquo;adaptent-ils \u00e0 leurs missions dans ce nouveau contexte ? \u00c0 quels besoins nos volontaires contribuent-ils ? \u00c0 quoi ressemblera le volontariat dans le futur ?<\/p><p>Posez vos questions sur les avantages et les d\u00e9fis uniques du volontariat, de l&rsquo;engagement et de la collaboration avec des partenaires et des communaut\u00e9s \u00e0 l&rsquo;\u00e9tranger.<\/p><p>Rejoignez-nous le 28 avril \u00e0 12h sur\u00a0<a href=\"https:\/\/us02web.zoom.us\/j\/88088877408?pwd=ZVBEaVlsRnMzUkVSeE5XQ0x6OUZhUT09\" target=\"_blank\" rel=\"noopener\">ce lien\u00a0!<\/a><\/p>\t\t\t\t\t\t\t\t<\/div>\n\t\t\t\t<\/div>\n\t\t\t\t<\/div>\n\t\t\t\t\t<\/div>\n\t\t\t\t<\/div>\n\t\t\t\t<\/div>\n\t\t","protected":false},"excerpt":{"rendered":"<p>Impact D\u00e9tails des \u00e9v\u00e9nements \u00c9V\u00c9NEMENTS PASS\u00c9S Conversation sur l&rsquo;\u00e9galit\u00e9 des chances\u00a0: l&rsquo;avenir du volontariat international 28 avril 2022 \u2013 Semaine nationale de l&rsquo;action volontaire Conversation \u00ab\u00a0\u00c9galit\u00e9, \u00e7a compte\u00a0\u00bb &#8211; 28 avril 2022Rejoignez-nous pour une conversation \u00ab \u00c9galit\u00e9, \u00e7a compte \u00bb \u00e0 l&rsquo;occasion de la Semaine nationale du volontariat. Dans le cadre de leur mission de [&hellip;]<\/p>\n","protected":false},"author":1,"featured_media":0,"parent":0,"menu_order":0,"comment_status":"closed","ping_status":"closed","template":"elementor_header_footer","meta":{"_acf_changed":false,"footnotes":""},"class_list":["post-22138","page","type-page","status-publish","hentry"],"acf":[],"_links":{"self":[{"href":"https:\/\/crossboard.dev2.smartegy.ca\/fr\/wp-json\/wp\/v2\/pages\/22138","targetHints":{"allow":["GET"]}}],"collection":[{"href":"https:\/\/crossboard.dev2.smartegy.ca\/fr\/wp-json\/wp\/v2\/pages"}],"about":[{"href":"https:\/\/crossboard.dev2.smartegy.ca\/fr\/wp-json\/wp\/v2\/types\/page"}],"author":[{"embeddable":true,"href":"https:\/\/crossboard.dev2.smartegy.ca\/fr\/wp-json\/wp\/v2\/users\/1"}],"replies":[{"embeddable":true,"href":"https:\/\/crossboard.dev2.smartegy.ca\/fr\/wp-json\/wp\/v2\/comments?post=22138"}],"version-history":[{"count":8,"href":"https:\/\/crossboard.dev2.smartegy.ca\/fr\/wp-json\/wp\/v2\/pages\/22138\/revisions"}],"predecessor-version":[{"id":23582,"href":"https:\/\/crossboard.dev2.smartegy.ca\/fr\/wp-json\/wp\/v2\/pages\/22138\/revisions\/23582"}],"wp:attachment":[{"href":"https:\/\/crossboard.dev2.smartegy.ca\/fr\/wp-json\/wp\/v2\/media?parent=22138"}],"curies":[{"name":"wp","href":"https:\/\/api.w.org\/{rel}","templated":true}]}}