{"id":22172,"date":"2024-12-06T10:51:23","date_gmt":"2024-12-06T10:51:23","guid":{"rendered":"https:\/\/crossboard.dev2.smartegy.ca\/?page_id=22172"},"modified":"2025-06-24T08:14:55","modified_gmt":"2025-06-24T08:14:55","slug":"notre-travail-ce-que-nous-faisons","status":"publish","type":"page","link":"https:\/\/crossboard.dev2.smartegy.ca\/fr\/notre-travail-ce-que-nous-faisons\/","title":{"rendered":"Notre travail Ce que nous faisons"},"content":{"rendered":"\t\t<div data-elementor-type=\"wp-page\" data-elementor-id=\"22172\" class=\"elementor elementor-22172 elementor-734\" data-elementor-settings=\"{&quot;ha_cmc_init_switcher&quot;:&quot;no&quot;}\" data-elementor-post-type=\"page\">\n\t\t\t\t<div class=\"elementor-element elementor-element-c809f5c e-con-full e-flex e-con e-parent\" data-id=\"c809f5c\" data-element_type=\"container\" data-settings=\"{&quot;background_background&quot;:&quot;classic&quot;,&quot;_ha_eqh_enable&quot;:false}\">\n\t\t\t\t<div class=\"elementor-element elementor-element-960576a elementor-widget elementor-widget-text-editor\" data-id=\"960576a\" data-element_type=\"widget\" data-widget_type=\"text-editor.default\">\n\t\t\t\t<div class=\"elementor-widget-container\">\n\t\t\t\t\t\t\t\t\t<p>Notre travail<\/p>\t\t\t\t\t\t\t\t<\/div>\n\t\t\t\t<\/div>\n\t\t\t\t<div class=\"elementor-element elementor-element-b48299d elementor-widget elementor-widget-text-editor\" data-id=\"b48299d\" data-element_type=\"widget\" data-widget_type=\"text-editor.default\">\n\t\t\t\t<div class=\"elementor-widget-container\">\n\t\t\t\t\t\t\t\t\t<p>Ce que nous faisons<\/p>\t\t\t\t\t\t\t\t<\/div>\n\t\t\t\t<\/div>\n\t\t\t\t<\/div>\n\t\t<div class=\"elementor-element elementor-element-7fab15d e-flex e-con-boxed e-con e-parent\" data-id=\"7fab15d\" data-element_type=\"container\" data-settings=\"{&quot;_ha_eqh_enable&quot;:false}\">\n\t\t\t\t\t<div class=\"e-con-inner\">\n\t\t\t\t<div class=\"elementor-element elementor-element-d51fadc elementor-widget elementor-widget-heading\" data-id=\"d51fadc\" data-element_type=\"widget\" data-widget_type=\"heading.default\">\n\t\t\t\t<div class=\"elementor-widget-container\">\n\t\t\t\t\t<h2 class=\"elementor-heading-title elementor-size-default\">Tirer parti des id\u00e9es et de l\u2019expertise pour vaincre la pauvret\u00e9 et faire progresser les droits des femmes<\/h2>\t\t\t\t<\/div>\n\t\t\t\t<\/div>\n\t\t\t\t<div class=\"elementor-element elementor-element-1d2f33c elementor-widget elementor-widget-text-editor\" data-id=\"1d2f33c\" data-element_type=\"widget\" data-widget_type=\"text-editor.default\">\n\t\t\t\t<div class=\"elementor-widget-container\">\n\t\t\t\t\t\t\t\t\t<p>Les besoins des femmes, des filles et des jeunes n&rsquo;ont jamais \u00e9t\u00e9 aussi urgents. L&rsquo;in\u00e9galit\u00e9 entre les genres entra\u00eene une augmentation des abus sexuels et des violences \u00e0 leur encontre, ainsi que le d\u00e9ni de leurs droits fondamentaux. L&rsquo;extr\u00eame pauvret\u00e9, exacerb\u00e9e par le changement climatique, engendre l&rsquo;ins\u00e9curit\u00e9 alimentaire, accentuant encore la vuln\u00e9rabilit\u00e9 des plus pauvres, en particulier des femmes et des filles. Ensemble, nous pilotons des programmes innovants pour pr\u00e9venir la violence et les abus, cr\u00e9er des revenus durables pour les femmes et les jeunes et donner aux femmes les moyens de devenir des leaders au sein de leurs communaut\u00e9s.<\/p>\t\t\t\t\t\t\t\t<\/div>\n\t\t\t\t<\/div>\n\t\t\t\t\t<\/div>\n\t\t\t\t<\/div>\n\t\t<div class=\"elementor-element elementor-element-b96bf39 e-flex e-con-boxed e-con e-parent\" data-id=\"b96bf39\" data-element_type=\"container\" data-settings=\"{&quot;_ha_eqh_enable&quot;:false}\">\n\t\t\t\t\t<div class=\"e-con-inner\">\n\t\t<div class=\"elementor-element elementor-element-f5d40dd e-con-full e-flex e-con e-child\" data-id=\"f5d40dd\" data-element_type=\"container\" data-settings=\"{&quot;background_background&quot;:&quot;classic&quot;,&quot;_ha_eqh_enable&quot;:false}\">\n\t\t<div class=\"elementor-element elementor-element-ae26bc3 e-con-full e-flex e-con e-child\" data-id=\"ae26bc3\" data-element_type=\"container\" data-settings=\"{&quot;_ha_eqh_enable&quot;:false}\">\n\t\t\t\t<div class=\"elementor-element elementor-element-041bc8d elementor-widget elementor-widget-image\" data-id=\"041bc8d\" data-element_type=\"widget\" data-widget_type=\"image.default\">\n\t\t\t\t<div class=\"elementor-widget-container\">\n\t\t\t\t\t\t\t\t\t\t\t\t\t\t\t<img fetchpriority=\"high\" decoding=\"async\" width=\"352\" height=\"238\" src=\"https:\/\/crossboard.dev2.smartegy.ca\/wp-content\/uploads\/2025\/02\/Title-35.webp\" class=\"attachment-full size-full wp-image-19735\" alt=\"\" srcset=\"https:\/\/crossboard.dev2.smartegy.ca\/wp-content\/uploads\/2025\/02\/Title-35.webp 352w, https:\/\/crossboard.dev2.smartegy.ca\/wp-content\/uploads\/2025\/02\/Title-35-300x203.webp 300w\" sizes=\"(max-width: 352px) 100vw, 352px\" \/>\t\t\t\t\t\t\t\t\t\t\t\t\t\t\t<\/div>\n\t\t\t\t<\/div>\n\t\t\t\t<\/div>\n\t\t<div class=\"elementor-element elementor-element-42e1783 e-con-full e-flex e-con e-child\" data-id=\"42e1783\" data-element_type=\"container\" data-settings=\"{&quot;_ha_eqh_enable&quot;:false}\">\n\t\t\t\t<div class=\"elementor-element elementor-element-3416cc6 elementor-position-right elementor-vertical-align-middle elementor-mobile-position-right elementor-vertical-align-middle elementor-view-default elementor-widget elementor-widget-icon-box\" data-id=\"3416cc6\" data-element_type=\"widget\" data-widget_type=\"icon-box.default\">\n\t\t\t\t<div class=\"elementor-widget-container\">\n\t\t\t\t\t\t\t<div class=\"elementor-icon-box-wrapper\">\n\n\t\t\t\t\t\t<div class=\"elementor-icon-box-icon\">\n\t\t\t\t<a href=\"\/fr\/acces-a-la-justice\" class=\"elementor-icon\" tabindex=\"-1\">\n\t\t\t\t<svg xmlns=\"http:\/\/www.w3.org\/2000\/svg\" width=\"50\" height=\"50\" viewBox=\"0 0 50 50\" fill=\"none\"><rect width=\"50\" height=\"50\" rx=\"10\" fill=\"white\"><\/rect><path d=\"M34.5 17.0555V30.7773C34.5 31.0573 34.3888 31.3257 34.1908 31.5237C33.9929 31.7216 33.7244 31.8328 33.4445 31.8328C33.1645 31.8328 32.8961 31.7216 32.6981 31.5237C32.5002 31.3257 32.389 31.0573 32.389 30.7773V19.6033L17.3029 34.6907C17.1048 34.8887 16.8362 35 16.5561 35C16.276 35 16.0074 34.8887 15.8093 34.6907C15.6113 34.4926 15.5 34.224 15.5 33.9439C15.5 33.6638 15.6113 33.3952 15.8093 33.1971L30.8967 18.111H19.7227C19.4427 18.111 19.1743 17.9998 18.9763 17.8019C18.7784 17.6039 18.6672 17.3355 18.6672 17.0555C18.6672 16.7756 18.7784 16.5071 18.9763 16.3092C19.1743 16.1112 19.4427 16 19.7227 16H33.4445C33.7244 16 33.9929 16.1112 34.1908 16.3092C34.3888 16.5071 34.5 16.7756 34.5 17.0555Z\" fill=\"#F3911F\"><\/path><\/svg>\t\t\t\t<\/a>\n\t\t\t<\/div>\n\t\t\t\n\t\t\t\t\t\t<div class=\"elementor-icon-box-content\">\n\n\t\t\t\t\n\t\t\t\t\t\t\t\t\t<p class=\"elementor-icon-box-description\">\n\t\t\t\t\t\tAcc\u00e8s \u00e0 la justice\t\t\t\t\t<\/p>\n\t\t\t\t\n\t\t\t<\/div>\n\t\t\t\n\t\t<\/div>\n\t\t\t\t\t\t<\/div>\n\t\t\t\t<\/div>\n\t\t\t\t<\/div>\n\t\t\t\t<\/div>\n\t\t<div class=\"elementor-element elementor-element-f37550a e-con-full e-flex e-con e-child\" data-id=\"f37550a\" data-element_type=\"container\" data-settings=\"{&quot;background_background&quot;:&quot;classic&quot;,&quot;_ha_eqh_enable&quot;:false}\">\n\t\t<div class=\"elementor-element elementor-element-bd877f5 e-con-full e-flex e-con e-child\" data-id=\"bd877f5\" data-element_type=\"container\" data-settings=\"{&quot;_ha_eqh_enable&quot;:false}\">\n\t\t\t\t<div class=\"elementor-element elementor-element-5dc3242 elementor-widget elementor-widget-image\" data-id=\"5dc3242\" data-element_type=\"widget\" data-widget_type=\"image.default\">\n\t\t\t\t<div class=\"elementor-widget-container\">\n\t\t\t\t\t\t\t\t\t\t\t\t\t\t\t<img decoding=\"async\" width=\"352\" height=\"238\" src=\"https:\/\/crossboard.dev2.smartegy.ca\/wp-content\/uploads\/2025\/02\/Title-38.webp\" class=\"attachment-full size-full wp-image-19737\" alt=\"\" srcset=\"https:\/\/crossboard.dev2.smartegy.ca\/wp-content\/uploads\/2025\/02\/Title-38.webp 352w, https:\/\/crossboard.dev2.smartegy.ca\/wp-content\/uploads\/2025\/02\/Title-38-300x203.webp 300w\" sizes=\"(max-width: 352px) 100vw, 352px\" \/>\t\t\t\t\t\t\t\t\t\t\t\t\t\t\t<\/div>\n\t\t\t\t<\/div>\n\t\t\t\t<\/div>\n\t\t<div class=\"elementor-element elementor-element-86acbec e-con-full e-flex e-con e-child\" data-id=\"86acbec\" data-element_type=\"container\" data-settings=\"{&quot;_ha_eqh_enable&quot;:false}\">\n\t\t\t\t<div class=\"elementor-element elementor-element-b00146d elementor-position-right elementor-vertical-align-middle elementor-mobile-position-right elementor-view-default elementor-widget elementor-widget-icon-box\" data-id=\"b00146d\" data-element_type=\"widget\" data-widget_type=\"icon-box.default\">\n\t\t\t\t<div class=\"elementor-widget-container\">\n\t\t\t\t\t\t\t<div class=\"elementor-icon-box-wrapper\">\n\n\t\t\t\t\t\t<div class=\"elementor-icon-box-icon\">\n\t\t\t\t<a href=\"\/fr\/damcam-ma-voix-ma-sante\" class=\"elementor-icon\" tabindex=\"-1\">\n\t\t\t\t<svg xmlns=\"http:\/\/www.w3.org\/2000\/svg\" width=\"50\" height=\"50\" viewBox=\"0 0 50 50\" fill=\"none\"><rect width=\"50\" height=\"50\" rx=\"10\" fill=\"white\"><\/rect><path d=\"M34.5 17.0555V30.7773C34.5 31.0573 34.3888 31.3257 34.1908 31.5237C33.9929 31.7216 33.7244 31.8328 33.4445 31.8328C33.1645 31.8328 32.8961 31.7216 32.6981 31.5237C32.5002 31.3257 32.389 31.0573 32.389 30.7773V19.6033L17.3029 34.6907C17.1048 34.8887 16.8362 35 16.5561 35C16.276 35 16.0074 34.8887 15.8093 34.6907C15.6113 34.4926 15.5 34.224 15.5 33.9439C15.5 33.6638 15.6113 33.3952 15.8093 33.1971L30.8967 18.111H19.7227C19.4427 18.111 19.1743 17.9998 18.9763 17.8019C18.7784 17.6039 18.6672 17.3355 18.6672 17.0555C18.6672 16.7756 18.7784 16.5071 18.9763 16.3092C19.1743 16.1112 19.4427 16 19.7227 16H33.4445C33.7244 16 33.9929 16.1112 34.1908 16.3092C34.3888 16.5071 34.5 16.7756 34.5 17.0555Z\" fill=\"#F3911F\"><\/path><\/svg>\t\t\t\t<\/a>\n\t\t\t<\/div>\n\t\t\t\n\t\t\t\t\t\t<div class=\"elementor-icon-box-content\">\n\n\t\t\t\t\n\t\t\t\t\t\t\t\t\t<p class=\"elementor-icon-box-description\">\n\t\t\t\t\t\tDAMCAM DAMCAM \u2013 MA VOIX MA SANT\u00c9\u2013 MY VOICE MY HEALTH\t\t\t\t\t<\/p>\n\t\t\t\t\n\t\t\t<\/div>\n\t\t\t\n\t\t<\/div>\n\t\t\t\t\t\t<\/div>\n\t\t\t\t<\/div>\n\t\t\t\t<\/div>\n\t\t\t\t<\/div>\n\t\t<div class=\"elementor-element elementor-element-4cff0e8 e-con-full e-flex e-con e-child\" data-id=\"4cff0e8\" data-element_type=\"container\" data-settings=\"{&quot;background_background&quot;:&quot;classic&quot;,&quot;_ha_eqh_enable&quot;:false}\">\n\t\t<div class=\"elementor-element elementor-element-195a929 e-con-full e-flex e-con e-child\" data-id=\"195a929\" data-element_type=\"container\" data-settings=\"{&quot;_ha_eqh_enable&quot;:false}\">\n\t\t\t\t<div class=\"elementor-element elementor-element-a974096 elementor-widget elementor-widget-image\" data-id=\"a974096\" data-element_type=\"widget\" data-widget_type=\"image.default\">\n\t\t\t\t<div class=\"elementor-widget-container\">\n\t\t\t\t\t\t\t\t\t\t\t\t\t\t\t<img decoding=\"async\" width=\"352\" height=\"238\" src=\"https:\/\/crossboard.dev2.smartegy.ca\/wp-content\/uploads\/2025\/02\/Title-36.webp\" class=\"attachment-full size-full wp-image-19739\" alt=\"\" srcset=\"https:\/\/crossboard.dev2.smartegy.ca\/wp-content\/uploads\/2025\/02\/Title-36.webp 352w, https:\/\/crossboard.dev2.smartegy.ca\/wp-content\/uploads\/2025\/02\/Title-36-300x203.webp 300w\" sizes=\"(max-width: 352px) 100vw, 352px\" \/>\t\t\t\t\t\t\t\t\t\t\t\t\t\t\t<\/div>\n\t\t\t\t<\/div>\n\t\t\t\t<\/div>\n\t\t<div class=\"elementor-element elementor-element-83cdd43 e-con-full e-flex e-con e-child\" data-id=\"83cdd43\" data-element_type=\"container\" data-settings=\"{&quot;_ha_eqh_enable&quot;:false}\">\n\t\t\t\t<div class=\"elementor-element elementor-element-47660ed elementor-position-right elementor-vertical-align-middle elementor-mobile-position-right elementor-view-default elementor-widget elementor-widget-icon-box\" data-id=\"47660ed\" data-element_type=\"widget\" data-widget_type=\"icon-box.default\">\n\t\t\t\t<div class=\"elementor-widget-container\">\n\t\t\t\t\t\t\t<div class=\"elementor-icon-box-wrapper\">\n\n\t\t\t\t\t\t<div class=\"elementor-icon-box-icon\">\n\t\t\t\t<a href=\"\/fr\/autonomisation-economique\" class=\"elementor-icon\" tabindex=\"-1\">\n\t\t\t\t<svg xmlns=\"http:\/\/www.w3.org\/2000\/svg\" width=\"50\" height=\"50\" viewBox=\"0 0 50 50\" fill=\"none\"><rect width=\"50\" height=\"50\" rx=\"10\" fill=\"white\"><\/rect><path d=\"M34.5 17.0555V30.7773C34.5 31.0573 34.3888 31.3257 34.1908 31.5237C33.9929 31.7216 33.7244 31.8328 33.4445 31.8328C33.1645 31.8328 32.8961 31.7216 32.6981 31.5237C32.5002 31.3257 32.389 31.0573 32.389 30.7773V19.6033L17.3029 34.6907C17.1048 34.8887 16.8362 35 16.5561 35C16.276 35 16.0074 34.8887 15.8093 34.6907C15.6113 34.4926 15.5 34.224 15.5 33.9439C15.5 33.6638 15.6113 33.3952 15.8093 33.1971L30.8967 18.111H19.7227C19.4427 18.111 19.1743 17.9998 18.9763 17.8019C18.7784 17.6039 18.6672 17.3355 18.6672 17.0555C18.6672 16.7756 18.7784 16.5071 18.9763 16.3092C19.1743 16.1112 19.4427 16 19.7227 16H33.4445C33.7244 16 33.9929 16.1112 34.1908 16.3092C34.3888 16.5071 34.5 16.7756 34.5 17.0555Z\" fill=\"#F3911F\"><\/path><\/svg>\t\t\t\t<\/a>\n\t\t\t<\/div>\n\t\t\t\n\t\t\t\t\t\t<div class=\"elementor-icon-box-content\">\n\n\t\t\t\t\n\t\t\t\t\t\t\t\t\t<p class=\"elementor-icon-box-description\">\n\t\t\t\t\t\tAutonomisation \u00e9conomique\t\t\t\t\t<\/p>\n\t\t\t\t\n\t\t\t<\/div>\n\t\t\t\n\t\t<\/div>\n\t\t\t\t\t\t<\/div>\n\t\t\t\t<\/div>\n\t\t\t\t<\/div>\n\t\t\t\t<\/div>\n\t\t<div class=\"elementor-element elementor-element-883a08b e-con-full e-flex e-con e-child\" data-id=\"883a08b\" data-element_type=\"container\" data-settings=\"{&quot;background_background&quot;:&quot;classic&quot;,&quot;_ha_eqh_enable&quot;:false}\">\n\t\t<div class=\"elementor-element elementor-element-24ca0b2 e-con-full e-flex e-con e-child\" data-id=\"24ca0b2\" data-element_type=\"container\" data-settings=\"{&quot;_ha_eqh_enable&quot;:false}\">\n\t\t\t\t<div class=\"elementor-element elementor-element-a820b60 elementor-widget elementor-widget-image\" data-id=\"a820b60\" data-element_type=\"widget\" data-widget_type=\"image.default\">\n\t\t\t\t<div class=\"elementor-widget-container\">\n\t\t\t\t\t\t\t\t\t\t\t\t\t\t\t<img loading=\"lazy\" decoding=\"async\" width=\"352\" height=\"238\" src=\"https:\/\/crossboard.dev2.smartegy.ca\/wp-content\/uploads\/2025\/02\/Title-39.webp\" class=\"attachment-full size-full wp-image-19741\" alt=\"\" srcset=\"https:\/\/crossboard.dev2.smartegy.ca\/wp-content\/uploads\/2025\/02\/Title-39.webp 352w, https:\/\/crossboard.dev2.smartegy.ca\/wp-content\/uploads\/2025\/02\/Title-39-300x203.webp 300w\" sizes=\"(max-width: 352px) 100vw, 352px\" \/>\t\t\t\t\t\t\t\t\t\t\t\t\t\t\t<\/div>\n\t\t\t\t<\/div>\n\t\t\t\t<\/div>\n\t\t<div class=\"elementor-element elementor-element-254a755 e-con-full e-flex e-con e-child\" data-id=\"254a755\" data-element_type=\"container\" data-settings=\"{&quot;_ha_eqh_enable&quot;:false}\">\n\t\t\t\t<div class=\"elementor-element elementor-element-139c9f3 elementor-position-right elementor-vertical-align-middle elementor-mobile-position-right elementor-view-default elementor-widget elementor-widget-icon-box\" data-id=\"139c9f3\" data-element_type=\"widget\" data-widget_type=\"icon-box.default\">\n\t\t\t\t<div class=\"elementor-widget-container\">\n\t\t\t\t\t\t\t<div class=\"elementor-icon-box-wrapper\">\n\n\t\t\t\t\t\t<div class=\"elementor-icon-box-icon\">\n\t\t\t\t<a href=\"\/fr\/droits-des-femmes-et-des-filles\" class=\"elementor-icon\" tabindex=\"-1\">\n\t\t\t\t<svg xmlns=\"http:\/\/www.w3.org\/2000\/svg\" width=\"50\" height=\"50\" viewBox=\"0 0 50 50\" fill=\"none\"><rect width=\"50\" height=\"50\" rx=\"10\" fill=\"white\"><\/rect><path d=\"M34.5 17.0555V30.7773C34.5 31.0573 34.3888 31.3257 34.1908 31.5237C33.9929 31.7216 33.7244 31.8328 33.4445 31.8328C33.1645 31.8328 32.8961 31.7216 32.6981 31.5237C32.5002 31.3257 32.389 31.0573 32.389 30.7773V19.6033L17.3029 34.6907C17.1048 34.8887 16.8362 35 16.5561 35C16.276 35 16.0074 34.8887 15.8093 34.6907C15.6113 34.4926 15.5 34.224 15.5 33.9439C15.5 33.6638 15.6113 33.3952 15.8093 33.1971L30.8967 18.111H19.7227C19.4427 18.111 19.1743 17.9998 18.9763 17.8019C18.7784 17.6039 18.6672 17.3355 18.6672 17.0555C18.6672 16.7756 18.7784 16.5071 18.9763 16.3092C19.1743 16.1112 19.4427 16 19.7227 16H33.4445C33.7244 16 33.9929 16.1112 34.1908 16.3092C34.3888 16.5071 34.5 16.7756 34.5 17.0555Z\" fill=\"#F3911F\"><\/path><\/svg>\t\t\t\t<\/a>\n\t\t\t<\/div>\n\t\t\t\n\t\t\t\t\t\t<div class=\"elementor-icon-box-content\">\n\n\t\t\t\t\n\t\t\t\t\t\t\t\t\t<p class=\"elementor-icon-box-description\">\n\t\t\t\t\t\tDroits des femmes et des filles\t\t\t\t\t<\/p>\n\t\t\t\t\n\t\t\t<\/div>\n\t\t\t\n\t\t<\/div>\n\t\t\t\t\t\t<\/div>\n\t\t\t\t<\/div>\n\t\t\t\t<\/div>\n\t\t\t\t<\/div>\n\t\t<div class=\"elementor-element elementor-element-7b0da2d e-con-full e-flex e-con e-child\" data-id=\"7b0da2d\" data-element_type=\"container\" data-settings=\"{&quot;background_background&quot;:&quot;classic&quot;,&quot;_ha_eqh_enable&quot;:false}\">\n\t\t<div class=\"elementor-element elementor-element-8aecb4a e-con-full e-flex e-con e-child\" data-id=\"8aecb4a\" data-element_type=\"container\" data-settings=\"{&quot;_ha_eqh_enable&quot;:false}\">\n\t\t\t\t<div class=\"elementor-element elementor-element-5402574 elementor-widget elementor-widget-image\" data-id=\"5402574\" data-element_type=\"widget\" data-widget_type=\"image.default\">\n\t\t\t\t<div class=\"elementor-widget-container\">\n\t\t\t\t\t\t\t\t\t\t\t\t\t\t\t<img loading=\"lazy\" decoding=\"async\" width=\"352\" height=\"238\" src=\"https:\/\/crossboard.dev2.smartegy.ca\/wp-content\/uploads\/2025\/02\/Title-37.webp\" class=\"attachment-full size-full wp-image-19743\" alt=\"\" srcset=\"https:\/\/crossboard.dev2.smartegy.ca\/wp-content\/uploads\/2025\/02\/Title-37.webp 352w, https:\/\/crossboard.dev2.smartegy.ca\/wp-content\/uploads\/2025\/02\/Title-37-300x203.webp 300w\" sizes=\"(max-width: 352px) 100vw, 352px\" \/>\t\t\t\t\t\t\t\t\t\t\t\t\t\t\t<\/div>\n\t\t\t\t<\/div>\n\t\t\t\t<\/div>\n\t\t<div class=\"elementor-element elementor-element-62dc5f7 e-con-full e-flex e-con e-child\" data-id=\"62dc5f7\" data-element_type=\"container\" data-settings=\"{&quot;_ha_eqh_enable&quot;:false}\">\n\t\t\t\t<div class=\"elementor-element elementor-element-e92f23b elementor-position-right elementor-vertical-align-middle elementor-mobile-position-right elementor-view-default elementor-widget elementor-widget-icon-box\" data-id=\"e92f23b\" data-element_type=\"widget\" data-widget_type=\"icon-box.default\">\n\t\t\t\t<div class=\"elementor-widget-container\">\n\t\t\t\t\t\t\t<div class=\"elementor-icon-box-wrapper\">\n\n\t\t\t\t\t\t<div class=\"elementor-icon-box-icon\">\n\t\t\t\t<a href=\"\/fr\/leadership-feminin\" class=\"elementor-icon\" tabindex=\"-1\">\n\t\t\t\t<svg xmlns=\"http:\/\/www.w3.org\/2000\/svg\" width=\"50\" height=\"50\" viewBox=\"0 0 50 50\" fill=\"none\"><rect width=\"50\" height=\"50\" rx=\"10\" fill=\"white\"><\/rect><path d=\"M34.5 17.0555V30.7773C34.5 31.0573 34.3888 31.3257 34.1908 31.5237C33.9929 31.7216 33.7244 31.8328 33.4445 31.8328C33.1645 31.8328 32.8961 31.7216 32.6981 31.5237C32.5002 31.3257 32.389 31.0573 32.389 30.7773V19.6033L17.3029 34.6907C17.1048 34.8887 16.8362 35 16.5561 35C16.276 35 16.0074 34.8887 15.8093 34.6907C15.6113 34.4926 15.5 34.224 15.5 33.9439C15.5 33.6638 15.6113 33.3952 15.8093 33.1971L30.8967 18.111H19.7227C19.4427 18.111 19.1743 17.9998 18.9763 17.8019C18.7784 17.6039 18.6672 17.3355 18.6672 17.0555C18.6672 16.7756 18.7784 16.5071 18.9763 16.3092C19.1743 16.1112 19.4427 16 19.7227 16H33.4445C33.7244 16 33.9929 16.1112 34.1908 16.3092C34.3888 16.5071 34.5 16.7756 34.5 17.0555Z\" fill=\"#F3911F\"><\/path><\/svg>\t\t\t\t<\/a>\n\t\t\t<\/div>\n\t\t\t\n\t\t\t\t\t\t<div class=\"elementor-icon-box-content\">\n\n\t\t\t\t\n\t\t\t\t\t\t\t\t\t<p class=\"elementor-icon-box-description\">\n\t\t\t\t\t\tLeadership f\u00e9minin\t\t\t\t\t<\/p>\n\t\t\t\t\n\t\t\t<\/div>\n\t\t\t\n\t\t<\/div>\n\t\t\t\t\t\t<\/div>\n\t\t\t\t<\/div>\n\t\t\t\t<\/div>\n\t\t\t\t<\/div>\n\t\t\t\t\t<\/div>\n\t\t\t\t<\/div>\n\t\t\t\t<\/div>\n\t\t","protected":false},"excerpt":{"rendered":"<p>Notre travail Ce que nous faisons Tirer parti des id\u00e9es et de l\u2019expertise pour vaincre la pauvret\u00e9 et faire progresser les droits des femmes Les besoins des femmes, des filles et des jeunes n&rsquo;ont jamais \u00e9t\u00e9 aussi urgents. L&rsquo;in\u00e9galit\u00e9 entre les genres entra\u00eene une augmentation des abus sexuels et des violences \u00e0 leur encontre, ainsi [&hellip;]<\/p>\n","protected":false},"author":1,"featured_media":0,"parent":0,"menu_order":0,"comment_status":"closed","ping_status":"closed","template":"elementor_header_footer","meta":{"_acf_changed":false,"footnotes":""},"class_list":["post-22172","page","type-page","status-publish","hentry"],"acf":[],"_links":{"self":[{"href":"https:\/\/crossboard.dev2.smartegy.ca\/fr\/wp-json\/wp\/v2\/pages\/22172","targetHints":{"allow":["GET"]}}],"collection":[{"href":"https:\/\/crossboard.dev2.smartegy.ca\/fr\/wp-json\/wp\/v2\/pages"}],"about":[{"href":"https:\/\/crossboard.dev2.smartegy.ca\/fr\/wp-json\/wp\/v2\/types\/page"}],"author":[{"embeddable":true,"href":"https:\/\/crossboard.dev2.smartegy.ca\/fr\/wp-json\/wp\/v2\/users\/1"}],"replies":[{"embeddable":true,"href":"https:\/\/crossboard.dev2.smartegy.ca\/fr\/wp-json\/wp\/v2\/comments?post=22172"}],"version-history":[{"count":10,"href":"https:\/\/crossboard.dev2.smartegy.ca\/fr\/wp-json\/wp\/v2\/pages\/22172\/revisions"}],"predecessor-version":[{"id":23445,"href":"https:\/\/crossboard.dev2.smartegy.ca\/fr\/wp-json\/wp\/v2\/pages\/22172\/revisions\/23445"}],"wp:attachment":[{"href":"https:\/\/crossboard.dev2.smartegy.ca\/fr\/wp-json\/wp\/v2\/media?parent=22172"}],"curies":[{"name":"wp","href":"https:\/\/api.w.org\/{rel}","templated":true}]}}