{"id":22177,"date":"2025-02-10T19:56:42","date_gmt":"2025-02-10T19:56:42","guid":{"rendered":"https:\/\/crossboard.dev2.smartegy.ca\/?page_id=22177"},"modified":"2025-06-30T09:48:04","modified_gmt":"2025-06-30T09:48:04","slug":"acces-a-la-justice","status":"publish","type":"page","link":"https:\/\/crossboard.dev2.smartegy.ca\/fr\/notre-travail-ce-que-nous-faisons\/acces-a-la-justice\/","title":{"rendered":"Acc\u00e8s \u00e0 la justice"},"content":{"rendered":"\t\t<div data-elementor-type=\"wp-page\" data-elementor-id=\"22177\" class=\"elementor elementor-22177 elementor-18789\" data-elementor-settings=\"{&quot;ha_cmc_init_switcher&quot;:&quot;no&quot;}\" data-elementor-post-type=\"page\">\n\t\t\t\t<div class=\"elementor-element elementor-element-745b01d e-con-full e-flex e-con e-parent\" data-id=\"745b01d\" data-element_type=\"container\" data-settings=\"{&quot;background_background&quot;:&quot;classic&quot;,&quot;_ha_eqh_enable&quot;:false}\">\n\t\t\t\t<div class=\"elementor-element elementor-element-915cb97 elementor-widget elementor-widget-text-editor\" data-id=\"915cb97\" data-element_type=\"widget\" data-widget_type=\"text-editor.default\">\n\t\t\t\t<div class=\"elementor-widget-container\">\n\t\t\t\t\t\t\t\t\t<p>Notre travail \u2013 Ce que nous faisons<\/p>\t\t\t\t\t\t\t\t<\/div>\n\t\t\t\t<\/div>\n\t\t\t\t<div class=\"elementor-element elementor-element-6decd47 elementor-widget elementor-widget-text-editor\" data-id=\"6decd47\" data-element_type=\"widget\" data-widget_type=\"text-editor.default\">\n\t\t\t\t<div class=\"elementor-widget-container\">\n\t\t\t\t\t\t\t\t\t<p>Acc\u00e8s \u00e0 la justice<\/p>\t\t\t\t\t\t\t\t<\/div>\n\t\t\t\t<\/div>\n\t\t\t\t<\/div>\n\t\t<div class=\"elementor-element elementor-element-19c025a e-flex e-con-boxed e-con e-parent\" data-id=\"19c025a\" data-element_type=\"container\" data-settings=\"{&quot;_ha_eqh_enable&quot;:false}\">\n\t\t\t\t\t<div class=\"e-con-inner\">\n\t\t\t\t<div class=\"elementor-element elementor-element-1664e2f elementor-position-left elementor-vertical-align-middle elementor-mobile-position-left elementor-vertical-align-middle elementor-view-default elementor-widget elementor-widget-icon-box\" data-id=\"1664e2f\" data-element_type=\"widget\" data-widget_type=\"icon-box.default\">\n\t\t\t\t<div class=\"elementor-widget-container\">\n\t\t\t\t\t\t\t<div class=\"elementor-icon-box-wrapper\">\n\n\t\t\t\t\t\t<div class=\"elementor-icon-box-icon\">\n\t\t\t\t<a href=\"\/fr\/notre-travail-ce-que-nous-faisons\" class=\"elementor-icon\" tabindex=\"-1\">\n\t\t\t\t<svg xmlns=\"http:\/\/www.w3.org\/2000\/svg\" width=\"28\" height=\"28\" viewBox=\"0 0 28 28\" fill=\"none\"><g clip-path=\"url(#clip0_750_15573)\"><path d=\"M19.8949 -1.9325e-07C20.485 -1.41664e-07 21.0398 0.229906 21.4579 0.647282C21.8752 1.06498 22.1055 1.62017 22.1055 2.21058C22.1055 2.80098 21.8752 3.35617 21.4579 3.77366L11.2312 14.0001L21.4579 24.2266C21.8752 24.6441 22.1055 25.1992 22.1055 25.7896C22.1055 26.38 21.8752 26.9352 21.4579 27.3527C21.0405 27.7702 20.485 28 19.8949 28C19.3049 28 18.7494 27.7703 18.332 27.3529L6.5425 15.5632C6.12513 15.1456 5.89489 14.5905 5.89489 14.0001C5.89489 13.4097 6.12518 12.8545 6.5425 12.437L18.332 0.647499C18.7501 0.229906 19.3049 -2.44832e-07 19.8949 -1.9325e-07Z\" fill=\"#F3911F\"><\/path><\/g><defs><clipPath id=\"clip0_750_15573\"><rect width=\"28\" height=\"28\" fill=\"white\" transform=\"translate(28 28) rotate(-180)\"><\/rect><\/clipPath><\/defs><\/svg>\t\t\t\t<\/a>\n\t\t\t<\/div>\n\t\t\t\n\t\t\t\t\t\t<div class=\"elementor-icon-box-content\">\n\n\t\t\t\t\n\t\t\t\t\t\t\t\t\t<p class=\"elementor-icon-box-description\">\n\t\t\t\t\t\tAcc\u00e8s \u00e0 la justice\t\t\t\t\t<\/p>\n\t\t\t\t\n\t\t\t<\/div>\n\t\t\t\n\t\t<\/div>\n\t\t\t\t\t\t<\/div>\n\t\t\t\t<\/div>\n\t\t<div class=\"elementor-element elementor-element-0cfd528 e-con-full e-flex e-con e-child\" data-id=\"0cfd528\" data-element_type=\"container\" data-settings=\"{&quot;_ha_eqh_enable&quot;:false}\">\n\t\t<div class=\"elementor-element elementor-element-a77d16b e-flex e-con-boxed e-con e-child\" data-id=\"a77d16b\" data-element_type=\"container\" data-settings=\"{&quot;background_background&quot;:&quot;classic&quot;,&quot;_ha_eqh_enable&quot;:false}\">\n\t\t\t\t\t<div class=\"e-con-inner\">\n\t\t\t\t<div class=\"elementor-element elementor-element-85112ca elementor-widget elementor-widget-image\" data-id=\"85112ca\" data-element_type=\"widget\" data-widget_type=\"image.default\">\n\t\t\t\t<div class=\"elementor-widget-container\">\n\t\t\t\t\t\t\t\t\t\t\t\t\t\t\t<img fetchpriority=\"high\" decoding=\"async\" width=\"352\" height=\"238\" src=\"https:\/\/crossboard.dev2.smartegy.ca\/wp-content\/uploads\/2024\/12\/Title-35.png\" class=\"attachment-full size-full wp-image-741\" alt=\"\" srcset=\"https:\/\/crossboard.dev2.smartegy.ca\/wp-content\/uploads\/2024\/12\/Title-35.png 352w, https:\/\/crossboard.dev2.smartegy.ca\/wp-content\/uploads\/2024\/12\/Title-35-300x203.png 300w\" sizes=\"(max-width: 352px) 100vw, 352px\" \/>\t\t\t\t\t\t\t\t\t\t\t\t\t\t\t<\/div>\n\t\t\t\t<\/div>\n\t\t\t\t<div class=\"elementor-element elementor-element-8c5d899 elementor-widget elementor-widget-heading\" data-id=\"8c5d899\" data-element_type=\"widget\" data-widget_type=\"heading.default\">\n\t\t\t\t<div class=\"elementor-widget-container\">\n\t\t\t\t\t<h2 class=\"elementor-heading-title elementor-size-default\">APER\u00c7U<\/h2>\t\t\t\t<\/div>\n\t\t\t\t<\/div>\n\t\t\t\t<div class=\"elementor-element elementor-element-236b889 elementor-widget elementor-widget-text-editor\" data-id=\"236b889\" data-element_type=\"widget\" data-widget_type=\"text-editor.default\">\n\t\t\t\t<div class=\"elementor-widget-container\">\n\t\t\t\t\t\t\t\t\t<p>Carrefour International am\u00e9liore l&rsquo;acc\u00e8s \u00e0 la justice pour les femmes et les filles, en particulier celles qui ont surv\u00e9cu \u00e0 des violences sexistes. Au Ghana, par exemple, pr\u00e8s de 30 % des femmes ont d\u00e9clar\u00e9 avoir subi au moins une forme de violence domestique (2016). La discrimination fond\u00e9e sur le genre dans les espaces sociaux et politiques limite la capacit\u00e9 des femmes \u00e0 exercer leurs droits. La m\u00e9connaissance de leurs droits entrave leur acc\u00e8s \u00e0 la justice lorsqu&rsquo;elles sont victimes de violences et, dans bien des cas, m\u00eame lorsqu&rsquo;elles d\u00e9noncent les faits, le syst\u00e8me judiciaire les laisse tomber. Gr\u00e2ce \u00e0 des actions de sensibilisation et de formation visant \u00e0 am\u00e9liorer leurs connaissances juridiques, les femmes et les filles apprennent \u00e0 conna\u00eetre leurs droits. Les volontaires de Carrefour travaillent \u00e9galement aux c\u00f4t\u00e9s de partenaires locaux tels que Femmes, Droit et D\u00e9veloppement en Afrique (WiLDAF) Ghana pour sensibiliser et former la police, les avocats et le syst\u00e8me judiciaire \u00e0 la l\u00e9gislation en vigueur en mati\u00e8re de violences domestiques et \u00e0 l&rsquo;accompagnement des victimes de violences. Ensemble, nous veillons \u00e0 ce que les femmes, les hommes et les enfants sachent comment faire valoir leurs droits.<\/p>\t\t\t\t\t\t\t\t<\/div>\n\t\t\t\t<\/div>\n\t\t\t\t\t<\/div>\n\t\t\t\t<\/div>\n\t\t\t\t<\/div>\n\t\t\t\t\t<\/div>\n\t\t\t\t<\/div>\n\t\t<div class=\"elementor-element elementor-element-6cce44a e-flex e-con-boxed e-con e-parent\" data-id=\"6cce44a\" data-element_type=\"container\" data-settings=\"{&quot;_ha_eqh_enable&quot;:false}\">\n\t\t\t\t\t<div class=\"e-con-inner\">\n\t\t\t\t<div class=\"elementor-element elementor-element-70f4c70 elementor-widget elementor-widget-heading\" data-id=\"70f4c70\" data-element_type=\"widget\" data-widget_type=\"heading.default\">\n\t\t\t\t<div class=\"elementor-widget-container\">\n\t\t\t\t\t<h2 class=\"elementor-heading-title elementor-size-default\">Pourquoi ce programme<\/h2>\t\t\t\t<\/div>\n\t\t\t\t<\/div>\n\t\t\t\t<div class=\"elementor-element elementor-element-105ce89 elementor-widget elementor-widget-text-editor\" data-id=\"105ce89\" data-element_type=\"widget\" data-widget_type=\"text-editor.default\">\n\t\t\t\t<div class=\"elementor-widget-container\">\n\t\t\t\t\t\t\t\t\t<ul><li>Les normes culturelles discriminatoires limitent le plein exercice des droits des femmes et des filles.<\/li><li>Par exemple, au Ghana, 65 % des femmes et 56 % des hommes s&rsquo;accordent \u00e0 dire que les femmes sont responsables des viols lorsqu&rsquo;elles portent des v\u00eatements r\u00e9v\u00e9lateurs.<\/li><\/ul>\t\t\t\t\t\t\t\t<\/div>\n\t\t\t\t<\/div>\n\t\t\t\t\t<\/div>\n\t\t\t\t<\/div>\n\t\t<div class=\"elementor-element elementor-element-e851fa2 e-flex e-con-boxed e-con e-parent\" data-id=\"e851fa2\" data-element_type=\"container\" data-settings=\"{&quot;_ha_eqh_enable&quot;:false}\">\n\t\t\t\t\t<div class=\"e-con-inner\">\n\t\t\t\t<div class=\"elementor-element elementor-element-61e6c21 elementor-widget elementor-widget-heading\" data-id=\"61e6c21\" data-element_type=\"widget\" data-widget_type=\"heading.default\">\n\t\t\t\t<div class=\"elementor-widget-container\">\n\t\t\t\t\t<h2 class=\"elementor-heading-title elementor-size-default\">Impact<\/h2>\t\t\t\t<\/div>\n\t\t\t\t<\/div>\n\t\t\t\t<div class=\"elementor-element elementor-element-a0cd785 elementor-widget elementor-widget-text-editor\" data-id=\"a0cd785\" data-element_type=\"widget\" data-widget_type=\"text-editor.default\">\n\t\t\t\t<div class=\"elementor-widget-container\">\n\t\t\t\t\t\t\t\t\t<ul>\n \t<li>255 Volontaires  ghan\u00e9ens en \u00e9ducation juridique sont d\u00e9sormais form\u00e9s pour aider les membres de leurs communaut\u00e9s \u00e0 acc\u00e9der \u00e0 la justice.<\/li>\n \t<li>Plus de 53\u00a0000 personnes ont \u00e9t\u00e9 sensibilis\u00e9es dans 140 communaut\u00e9s.<\/li>\n<\/ul>\t\t\t\t\t\t\t\t<\/div>\n\t\t\t\t<\/div>\n\t\t\t\t\t<\/div>\n\t\t\t\t<\/div>\n\t\t<div class=\"elementor-element elementor-element-0cc00c6 e-flex e-con-boxed e-con e-parent\" data-id=\"0cc00c6\" data-element_type=\"container\" data-settings=\"{&quot;_ha_eqh_enable&quot;:false}\">\n\t\t\t\t\t<div class=\"e-con-inner\">\n\t\t\t\t<div class=\"elementor-element elementor-element-d93020d elementor-widget elementor-widget-heading\" data-id=\"d93020d\" data-element_type=\"widget\" data-widget_type=\"heading.default\">\n\t\t\t\t<div class=\"elementor-widget-container\">\n\t\t\t\t\t<h2 class=\"elementor-heading-title elementor-size-default\">T\u00e9moignage<\/h2>\t\t\t\t<\/div>\n\t\t\t\t<\/div>\n\t\t<div class=\"elementor-element elementor-element-edd0cd5 e-con-full e-flex e-con e-child\" data-id=\"edd0cd5\" data-element_type=\"container\" data-settings=\"{&quot;background_background&quot;:&quot;classic&quot;,&quot;_ha_eqh_enable&quot;:false}\">\n\t\t\t\t<div class=\"elementor-element elementor-element-aaa07a6 elementor-position-left elementor-view-default elementor-mobile-position-top elementor-vertical-align-top elementor-widget elementor-widget-icon-box\" data-id=\"aaa07a6\" data-element_type=\"widget\" data-widget_type=\"icon-box.default\">\n\t\t\t\t<div class=\"elementor-widget-container\">\n\t\t\t\t\t\t\t<div class=\"elementor-icon-box-wrapper\">\n\n\t\t\t\t\t\t<div class=\"elementor-icon-box-icon\">\n\t\t\t\t<span  class=\"elementor-icon\">\n\t\t\t\t<svg xmlns=\"http:\/\/www.w3.org\/2000\/svg\" width=\"32\" height=\"24\" viewBox=\"0 0 32 24\" fill=\"none\"><path d=\"M25.506 23.5955C23.6841 23.5955 22.1268 22.9491 20.8339 21.6561C19.5997 20.3045 18.9827 18.659 18.9827 16.7196C18.9827 13.076 20.0405 9.81434 22.1562 6.93469C24.3306 3.99628 26.8282 1.79246 29.6491 0.323259L30.0017 0.235107C30.4719 0.235107 30.707 0.470179 30.707 0.940323C30.707 1.11663 30.6188 1.29294 30.4425 1.46924C29.0321 2.70337 27.9448 3.96689 27.1809 5.2598C26.4169 6.49393 26.0349 7.61053 26.0349 8.60959C26.0349 9.66742 26.5932 10.5489 27.7098 11.2542C29.0614 12.0182 30.0899 12.8115 30.7951 13.6343C31.5591 14.457 31.9411 15.603 31.9411 17.0722C31.9411 18.894 31.2946 20.4514 30.0017 21.7443C28.7676 22.9784 27.269 23.5955 25.506 23.5955ZM7.0821 23.5955C5.31905 23.5955 3.79108 22.9491 2.49817 21.6561C1.26404 20.3045 0.646973 18.659 0.646973 16.7196C0.646973 13.076 1.73419 9.81434 3.90861 6.93469C6.08304 3.99628 8.52192 1.82185 11.2253 0.41141C11.3428 0.352642 11.4897 0.323259 11.666 0.323259C12.0774 0.323259 12.2831 0.558332 12.2831 1.02848C12.2831 1.20478 12.2243 1.3517 12.1068 1.46924C10.6964 2.76214 9.60914 4.05504 8.84515 5.34795C8.08116 6.58208 7.69917 7.6693 7.69917 8.60959C7.69917 9.96126 8.25747 10.8428 9.37406 11.2542C10.667 11.9006 11.666 12.6646 12.3712 13.5461C13.1352 14.4277 13.5172 15.603 13.5172 17.0722C13.5172 18.894 12.9002 20.4514 11.666 21.7443C10.4319 22.9784 8.90392 23.5955 7.0821 23.5955Z\" fill=\"white\"><\/path><\/svg>\t\t\t\t<\/span>\n\t\t\t<\/div>\n\t\t\t\n\t\t\t\t\t\t<div class=\"elementor-icon-box-content\">\n\n\t\t\t\t\n\t\t\t\t\t\t\t\t\t<p class=\"elementor-icon-box-description\">\n\t\t\t\t\t\tLa formation a \u00e9t\u00e9 enrichissante. En tant que d\u00e9put\u00e9e, je veillerai \u00e0 ce que les dossiers que je ne suis pas en mesure de traiter soient transmis \u00e0 l'autorit\u00e9 comp\u00e9tente. Je partagerai \u00e9galement ces connaissances avec les membres de ma communaut\u00e9. \u2013 L'honorable Theresa E. Ahadzi, volontaire en \u00e9ducation juridique (d\u00e9put\u00e9e, Asotwene \u2013 UWA) Michael Cooke, ancien directeur ex\u00e9cutif \u00e0 Carrefour , vice-pr\u00e9sident acad\u00e9mique, George Brown College\t\t\t\t\t<\/p>\n\t\t\t\t\n\t\t\t<\/div>\n\t\t\t\n\t\t<\/div>\n\t\t\t\t\t\t<\/div>\n\t\t\t\t<\/div>\n\t\t\t\t<\/div>\n\t\t\t\t\t<\/div>\n\t\t\t\t<\/div>\n\t\t\t\t<\/div>\n\t\t","protected":false},"excerpt":{"rendered":"<p>Notre travail \u2013 Ce que nous faisons Acc\u00e8s \u00e0 la justice Acc\u00e8s \u00e0 la justice APER\u00c7U Carrefour International am\u00e9liore l&rsquo;acc\u00e8s \u00e0 la justice pour les femmes et les filles, en particulier celles qui ont surv\u00e9cu \u00e0 des violences sexistes. Au Ghana, par exemple, pr\u00e8s de 30 % des femmes ont d\u00e9clar\u00e9 avoir subi au moins [&hellip;]<\/p>\n","protected":false},"author":1,"featured_media":0,"parent":22172,"menu_order":0,"comment_status":"closed","ping_status":"closed","template":"elementor_header_footer","meta":{"_acf_changed":false,"footnotes":""},"class_list":["post-22177","page","type-page","status-publish","hentry"],"acf":[],"_links":{"self":[{"href":"https:\/\/crossboard.dev2.smartegy.ca\/fr\/wp-json\/wp\/v2\/pages\/22177","targetHints":{"allow":["GET"]}}],"collection":[{"href":"https:\/\/crossboard.dev2.smartegy.ca\/fr\/wp-json\/wp\/v2\/pages"}],"about":[{"href":"https:\/\/crossboard.dev2.smartegy.ca\/fr\/wp-json\/wp\/v2\/types\/page"}],"author":[{"embeddable":true,"href":"https:\/\/crossboard.dev2.smartegy.ca\/fr\/wp-json\/wp\/v2\/users\/1"}],"replies":[{"embeddable":true,"href":"https:\/\/crossboard.dev2.smartegy.ca\/fr\/wp-json\/wp\/v2\/comments?post=22177"}],"version-history":[{"count":10,"href":"https:\/\/crossboard.dev2.smartegy.ca\/fr\/wp-json\/wp\/v2\/pages\/22177\/revisions"}],"predecessor-version":[{"id":23545,"href":"https:\/\/crossboard.dev2.smartegy.ca\/fr\/wp-json\/wp\/v2\/pages\/22177\/revisions\/23545"}],"up":[{"embeddable":true,"href":"https:\/\/crossboard.dev2.smartegy.ca\/fr\/wp-json\/wp\/v2\/pages\/22172"}],"wp:attachment":[{"href":"https:\/\/crossboard.dev2.smartegy.ca\/fr\/wp-json\/wp\/v2\/media?parent=22177"}],"curies":[{"name":"wp","href":"https:\/\/api.w.org\/{rel}","templated":true}]}}