{"id":22200,"date":"2025-02-10T19:59:33","date_gmt":"2025-02-10T19:59:33","guid":{"rendered":"https:\/\/crossboard.dev2.smartegy.ca\/?page_id=22200"},"modified":"2025-05-27T12:31:31","modified_gmt":"2025-05-27T12:31:31","slug":"autonomisation-economique","status":"publish","type":"page","link":"https:\/\/crossboard.dev2.smartegy.ca\/fr\/notre-travail-ce-que-nous-faisons\/autonomisation-economique\/","title":{"rendered":"Autonomisation \u00e9conomique"},"content":{"rendered":"\t\t<div data-elementor-type=\"wp-page\" data-elementor-id=\"22200\" class=\"elementor elementor-22200 elementor-18797\" data-elementor-settings=\"{&quot;ha_cmc_init_switcher&quot;:&quot;no&quot;}\" data-elementor-post-type=\"page\">\n\t\t\t\t<div class=\"elementor-element elementor-element-745b01d e-con-full e-flex e-con e-parent\" data-id=\"745b01d\" data-element_type=\"container\" data-settings=\"{&quot;background_background&quot;:&quot;classic&quot;,&quot;_ha_eqh_enable&quot;:false}\">\n\t\t\t\t<div class=\"elementor-element elementor-element-915cb97 elementor-widget elementor-widget-text-editor\" data-id=\"915cb97\" data-element_type=\"widget\" data-widget_type=\"text-editor.default\">\n\t\t\t\t<div class=\"elementor-widget-container\">\n\t\t\t\t\t\t\t\t\t<p>Notre travail \u2013 Ce que nous faisons<\/p>\t\t\t\t\t\t\t\t<\/div>\n\t\t\t\t<\/div>\n\t\t\t\t<div class=\"elementor-element elementor-element-6decd47 elementor-widget elementor-widget-text-editor\" data-id=\"6decd47\" data-element_type=\"widget\" data-widget_type=\"text-editor.default\">\n\t\t\t\t<div class=\"elementor-widget-container\">\n\t\t\t\t\t\t\t\t\t<p>Autonomisation \u00e9conomique<\/p>\t\t\t\t\t\t\t\t<\/div>\n\t\t\t\t<\/div>\n\t\t\t\t<\/div>\n\t\t<div class=\"elementor-element elementor-element-19c025a e-flex e-con-boxed e-con e-parent\" data-id=\"19c025a\" data-element_type=\"container\" data-settings=\"{&quot;_ha_eqh_enable&quot;:false}\">\n\t\t\t\t\t<div class=\"e-con-inner\">\n\t\t\t\t<div class=\"elementor-element elementor-element-1664e2f elementor-position-left elementor-vertical-align-middle elementor-mobile-position-left elementor-view-default elementor-widget elementor-widget-icon-box\" data-id=\"1664e2f\" data-element_type=\"widget\" data-widget_type=\"icon-box.default\">\n\t\t\t\t<div class=\"elementor-widget-container\">\n\t\t\t\t\t\t\t<div class=\"elementor-icon-box-wrapper\">\n\n\t\t\t\t\t\t<div class=\"elementor-icon-box-icon\">\n\t\t\t\t<a href=\"\/fr\/notre-travail-ce-que-nous-faisons\" class=\"elementor-icon\" tabindex=\"-1\">\n\t\t\t\t<svg xmlns=\"http:\/\/www.w3.org\/2000\/svg\" width=\"28\" height=\"28\" viewBox=\"0 0 28 28\" fill=\"none\"><g clip-path=\"url(#clip0_750_15573)\"><path d=\"M19.8949 -1.9325e-07C20.485 -1.41664e-07 21.0398 0.229906 21.4579 0.647282C21.8752 1.06498 22.1055 1.62017 22.1055 2.21058C22.1055 2.80098 21.8752 3.35617 21.4579 3.77366L11.2312 14.0001L21.4579 24.2266C21.8752 24.6441 22.1055 25.1992 22.1055 25.7896C22.1055 26.38 21.8752 26.9352 21.4579 27.3527C21.0405 27.7702 20.485 28 19.8949 28C19.3049 28 18.7494 27.7703 18.332 27.3529L6.5425 15.5632C6.12513 15.1456 5.89489 14.5905 5.89489 14.0001C5.89489 13.4097 6.12518 12.8545 6.5425 12.437L18.332 0.647499C18.7501 0.229906 19.3049 -2.44832e-07 19.8949 -1.9325e-07Z\" fill=\"#F3911F\"><\/path><\/g><defs><clipPath id=\"clip0_750_15573\"><rect width=\"28\" height=\"28\" fill=\"white\" transform=\"translate(28 28) rotate(-180)\"><\/rect><\/clipPath><\/defs><\/svg>\t\t\t\t<\/a>\n\t\t\t<\/div>\n\t\t\t\n\t\t\t\t\t\t<div class=\"elementor-icon-box-content\">\n\n\t\t\t\t\n\t\t\t\t\t\t\t\t\t<p class=\"elementor-icon-box-description\">\n\t\t\t\t\t\tAutonomisation \u00e9conomique\t\t\t\t\t<\/p>\n\t\t\t\t\n\t\t\t<\/div>\n\t\t\t\n\t\t<\/div>\n\t\t\t\t\t\t<\/div>\n\t\t\t\t<\/div>\n\t\t<div class=\"elementor-element elementor-element-0cfd528 e-con-full e-flex e-con e-child\" data-id=\"0cfd528\" data-element_type=\"container\" data-settings=\"{&quot;_ha_eqh_enable&quot;:false}\">\n\t\t<div class=\"elementor-element elementor-element-a77d16b e-flex e-con-boxed e-con e-child\" data-id=\"a77d16b\" data-element_type=\"container\" data-settings=\"{&quot;background_background&quot;:&quot;classic&quot;,&quot;_ha_eqh_enable&quot;:false}\">\n\t\t\t\t\t<div class=\"e-con-inner\">\n\t\t\t\t<div class=\"elementor-element elementor-element-85112ca elementor-widget elementor-widget-image\" data-id=\"85112ca\" data-element_type=\"widget\" data-widget_type=\"image.default\">\n\t\t\t\t<div class=\"elementor-widget-container\">\n\t\t\t\t\t\t\t\t\t\t\t\t\t\t\t<img fetchpriority=\"high\" decoding=\"async\" width=\"352\" height=\"238\" src=\"https:\/\/crossboard.dev2.smartegy.ca\/wp-content\/uploads\/2024\/12\/Title-36.png\" class=\"attachment-full size-full wp-image-743\" alt=\"\" srcset=\"https:\/\/crossboard.dev2.smartegy.ca\/wp-content\/uploads\/2024\/12\/Title-36.png 352w, https:\/\/crossboard.dev2.smartegy.ca\/wp-content\/uploads\/2024\/12\/Title-36-300x203.png 300w\" sizes=\"(max-width: 352px) 100vw, 352px\" \/>\t\t\t\t\t\t\t\t\t\t\t\t\t\t\t<\/div>\n\t\t\t\t<\/div>\n\t\t\t\t<div class=\"elementor-element elementor-element-8c5d899 elementor-widget elementor-widget-heading\" data-id=\"8c5d899\" data-element_type=\"widget\" data-widget_type=\"heading.default\">\n\t\t\t\t<div class=\"elementor-widget-container\">\n\t\t\t\t\t<h2 class=\"elementor-heading-title elementor-size-default\">APER\u00c7U<\/h2>\t\t\t\t<\/div>\n\t\t\t\t<\/div>\n\t\t\t\t<div class=\"elementor-element elementor-element-236b889 elementor-widget elementor-widget-text-editor\" data-id=\"236b889\" data-element_type=\"widget\" data-widget_type=\"text-editor.default\">\n\t\t\t\t<div class=\"elementor-widget-container\">\n\t\t\t\t\t\t\t\t\t<p>Accro\u00eetre l&rsquo;autonomie \u00e9conomique des femmes et des jeunes<br \/>Les volontaires de Carrefour International travaillent avec des partenaires locaux pour renforcer les entreprises collectives et les petites entreprises dirig\u00e9es par des femmes et des jeunes. La pauvret\u00e9 et le ch\u00f4mage touchent les femmes et les jeunes de mani\u00e8re disproportionn\u00e9e. L&rsquo;Afrique poss\u00e8de la population la plus jeune et la plus dynamique du monde. Gr\u00e2ce \u00e0 des initiatives \u00e9conomiques telles que la fabrication de savon, l&rsquo;\u00e9levage de petits animaux, l&rsquo;apiculture et le mara\u00eechage, les femmes et les jeunes gagnent un revenu durable. Nombre d&rsquo;entre eux am\u00e9liorent ainsi leur s\u00e9curit\u00e9 alimentaire et celle de leurs communaut\u00e9s et acqui\u00e8rent des comp\u00e9tences en leadership. Investir dans l&rsquo;autonomisation \u00e9conomique des femmes et des jeunes, c&rsquo;est investir dans l&rsquo;\u00e9radication de la pauvret\u00e9 et la croissance \u00e9conomique pour tous.<\/p>\t\t\t\t\t\t\t\t<\/div>\n\t\t\t\t<\/div>\n\t\t\t\t\t<\/div>\n\t\t\t\t<\/div>\n\t\t\t\t<\/div>\n\t\t\t\t\t<\/div>\n\t\t\t\t<\/div>\n\t\t<div class=\"elementor-element elementor-element-192df5a e-flex e-con-boxed e-con e-parent\" data-id=\"192df5a\" data-element_type=\"container\" data-settings=\"{&quot;_ha_eqh_enable&quot;:false}\">\n\t\t\t\t\t<div class=\"e-con-inner\">\n\t\t\t\t<div class=\"elementor-element elementor-element-d93ab0f elementor-widget elementor-widget-heading\" data-id=\"d93ab0f\" data-element_type=\"widget\" data-widget_type=\"heading.default\">\n\t\t\t\t<div class=\"elementor-widget-container\">\n\t\t\t\t\t<h2 class=\"elementor-heading-title elementor-size-default\">Pourquoi ce programme<\/h2>\t\t\t\t<\/div>\n\t\t\t\t<\/div>\n\t\t\t\t<div class=\"elementor-element elementor-element-b821acf elementor-widget elementor-widget-text-editor\" data-id=\"b821acf\" data-element_type=\"widget\" data-widget_type=\"text-editor.default\">\n\t\t\t\t<div class=\"elementor-widget-container\">\n\t\t\t\t\t\t\t\t\t<ul><li>Les normes traditionnelles et les pratiques discriminatoires restreignent l&rsquo;acc\u00e8s des femmes africaines \u00e0 la terre et \u00e0 des emplois d\u00e9cents.<\/li><\/ul>\t\t\t\t\t\t\t\t<\/div>\n\t\t\t\t<\/div>\n\t\t\t\t\t<\/div>\n\t\t\t\t<\/div>\n\t\t<div class=\"elementor-element elementor-element-0c0c242 e-flex e-con-boxed e-con e-parent\" data-id=\"0c0c242\" data-element_type=\"container\" data-settings=\"{&quot;_ha_eqh_enable&quot;:false}\">\n\t\t\t\t\t<div class=\"e-con-inner\">\n\t\t\t\t<div class=\"elementor-element elementor-element-f9835ea elementor-widget elementor-widget-heading\" data-id=\"f9835ea\" data-element_type=\"widget\" data-widget_type=\"heading.default\">\n\t\t\t\t<div class=\"elementor-widget-container\">\n\t\t\t\t\t<h2 class=\"elementor-heading-title elementor-size-default\">Impact<\/h2>\t\t\t\t<\/div>\n\t\t\t\t<\/div>\n\t\t\t\t<div class=\"elementor-element elementor-element-40875d6 elementor-widget elementor-widget-text-editor\" data-id=\"40875d6\" data-element_type=\"widget\" data-widget_type=\"text-editor.default\">\n\t\t\t\t<div class=\"elementor-widget-container\">\n\t\t\t\t\t\t\t\t\t<ul><li>1\u00a0300 femmes entrepreneures au S\u00e9n\u00e9gal ont diversifi\u00e9 leurs produits et d\u00e9velopp\u00e9 leurs comp\u00e9tences en production durable de savon.<\/li><li>1\u00a0500 mara\u00eech\u00e8res s\u00e9n\u00e9galaises de la r\u00e9gion des Niayes am\u00e9liorent leur acc\u00e8s \u00e0 l&rsquo;eau et adoptent des pratiques agricoles innovantes pour accro\u00eetre leur r\u00e9silience face au changement climatique et diversifier leurs activit\u00e9s.<\/li><li>100 jeunes Togolais ont appris des techniques d&rsquo;agriculture int\u00e9gr\u00e9e, ce qui leur a permis d&rsquo;accro\u00eetre et de diversifier leur production.<\/li><\/ul>\t\t\t\t\t\t\t\t<\/div>\n\t\t\t\t<\/div>\n\t\t\t\t\t<\/div>\n\t\t\t\t<\/div>\n\t\t<div class=\"elementor-element elementor-element-5997e96 e-flex e-con-boxed e-con e-parent\" data-id=\"5997e96\" data-element_type=\"container\" data-settings=\"{&quot;_ha_eqh_enable&quot;:false}\">\n\t\t\t\t\t<div class=\"e-con-inner\">\n\t\t\t\t<div class=\"elementor-element elementor-element-041605e elementor-widget elementor-widget-heading\" data-id=\"041605e\" data-element_type=\"widget\" data-widget_type=\"heading.default\">\n\t\t\t\t<div class=\"elementor-widget-container\">\n\t\t\t\t\t<h2 class=\"elementor-heading-title elementor-size-default\">T\u00e9moignage<\/h2>\t\t\t\t<\/div>\n\t\t\t\t<\/div>\n\t\t<div class=\"elementor-element elementor-element-214e44f e-con-full e-flex e-con e-child\" data-id=\"214e44f\" data-element_type=\"container\" data-settings=\"{&quot;background_background&quot;:&quot;classic&quot;,&quot;_ha_eqh_enable&quot;:false}\">\n\t\t\t\t<div class=\"elementor-element elementor-element-0e90fc5 elementor-position-left elementor-view-default elementor-mobile-position-top elementor-vertical-align-top elementor-widget elementor-widget-icon-box\" data-id=\"0e90fc5\" data-element_type=\"widget\" data-widget_type=\"icon-box.default\">\n\t\t\t\t<div class=\"elementor-widget-container\">\n\t\t\t\t\t\t\t<div class=\"elementor-icon-box-wrapper\">\n\n\t\t\t\t\t\t<div class=\"elementor-icon-box-icon\">\n\t\t\t\t<span  class=\"elementor-icon\">\n\t\t\t\t<svg xmlns=\"http:\/\/www.w3.org\/2000\/svg\" width=\"32\" height=\"24\" viewBox=\"0 0 32 24\" fill=\"none\"><path d=\"M25.506 23.5955C23.6841 23.5955 22.1268 22.9491 20.8339 21.6561C19.5997 20.3045 18.9827 18.659 18.9827 16.7196C18.9827 13.076 20.0405 9.81434 22.1562 6.93469C24.3306 3.99628 26.8282 1.79246 29.6491 0.323259L30.0017 0.235107C30.4719 0.235107 30.707 0.470179 30.707 0.940323C30.707 1.11663 30.6188 1.29294 30.4425 1.46924C29.0321 2.70337 27.9448 3.96689 27.1809 5.2598C26.4169 6.49393 26.0349 7.61053 26.0349 8.60959C26.0349 9.66742 26.5932 10.5489 27.7098 11.2542C29.0614 12.0182 30.0899 12.8115 30.7951 13.6343C31.5591 14.457 31.9411 15.603 31.9411 17.0722C31.9411 18.894 31.2946 20.4514 30.0017 21.7443C28.7676 22.9784 27.269 23.5955 25.506 23.5955ZM7.0821 23.5955C5.31905 23.5955 3.79108 22.9491 2.49817 21.6561C1.26404 20.3045 0.646973 18.659 0.646973 16.7196C0.646973 13.076 1.73419 9.81434 3.90861 6.93469C6.08304 3.99628 8.52192 1.82185 11.2253 0.41141C11.3428 0.352642 11.4897 0.323259 11.666 0.323259C12.0774 0.323259 12.2831 0.558332 12.2831 1.02848C12.2831 1.20478 12.2243 1.3517 12.1068 1.46924C10.6964 2.76214 9.60914 4.05504 8.84515 5.34795C8.08116 6.58208 7.69917 7.6693 7.69917 8.60959C7.69917 9.96126 8.25747 10.8428 9.37406 11.2542C10.667 11.9006 11.666 12.6646 12.3712 13.5461C13.1352 14.4277 13.5172 15.603 13.5172 17.0722C13.5172 18.894 12.9002 20.4514 11.666 21.7443C10.4319 22.9784 8.90392 23.5955 7.0821 23.5955Z\" fill=\"white\"><\/path><\/svg>\t\t\t\t<\/span>\n\t\t\t<\/div>\n\t\t\t\n\t\t\t\t\t\t<div class=\"elementor-icon-box-content\">\n\n\t\t\t\t\n\t\t\t\t\t\t\t\t\t<p class=\"elementor-icon-box-description\">\n\t\t\t\t\t\tJe suis tellement heureuse et reconnaissante envers SWIFT\u00a0; ils m'ont redonn\u00e9 confiance en moi dans ce que j'entreprends. Ils m'ont redonn\u00e9 espoir, perdu depuis longtemps. \u00bb Phephile Hlophe, petite entrepreneuse form\u00e9e au d\u00e9veloppement d'entreprise par son partenaire local Swaziland Fair Trade (SWIFT).\t\t\t\t\t<\/p>\n\t\t\t\t\n\t\t\t<\/div>\n\t\t\t\n\t\t<\/div>\n\t\t\t\t\t\t<\/div>\n\t\t\t\t<\/div>\n\t\t\t\t<\/div>\n\t\t\t\t\t<\/div>\n\t\t\t\t<\/div>\n\t\t\t\t<\/div>\n\t\t","protected":false},"excerpt":{"rendered":"<p>Notre travail \u2013 Ce que nous faisons Autonomisation \u00e9conomique Autonomisation \u00e9conomique APER\u00c7U Accro\u00eetre l&rsquo;autonomie \u00e9conomique des femmes et des jeunesLes volontaires de Carrefour International travaillent avec des partenaires locaux pour renforcer les entreprises collectives et les petites entreprises dirig\u00e9es par des femmes et des jeunes. La pauvret\u00e9 et le ch\u00f4mage touchent les femmes et les [&hellip;]<\/p>\n","protected":false},"author":1,"featured_media":0,"parent":22172,"menu_order":0,"comment_status":"closed","ping_status":"closed","template":"elementor_header_footer","meta":{"_acf_changed":false,"footnotes":""},"class_list":["post-22200","page","type-page","status-publish","hentry"],"acf":[],"_links":{"self":[{"href":"https:\/\/crossboard.dev2.smartegy.ca\/fr\/wp-json\/wp\/v2\/pages\/22200","targetHints":{"allow":["GET"]}}],"collection":[{"href":"https:\/\/crossboard.dev2.smartegy.ca\/fr\/wp-json\/wp\/v2\/pages"}],"about":[{"href":"https:\/\/crossboard.dev2.smartegy.ca\/fr\/wp-json\/wp\/v2\/types\/page"}],"author":[{"embeddable":true,"href":"https:\/\/crossboard.dev2.smartegy.ca\/fr\/wp-json\/wp\/v2\/users\/1"}],"replies":[{"embeddable":true,"href":"https:\/\/crossboard.dev2.smartegy.ca\/fr\/wp-json\/wp\/v2\/comments?post=22200"}],"version-history":[{"count":5,"href":"https:\/\/crossboard.dev2.smartegy.ca\/fr\/wp-json\/wp\/v2\/pages\/22200\/revisions"}],"predecessor-version":[{"id":22206,"href":"https:\/\/crossboard.dev2.smartegy.ca\/fr\/wp-json\/wp\/v2\/pages\/22200\/revisions\/22206"}],"up":[{"embeddable":true,"href":"https:\/\/crossboard.dev2.smartegy.ca\/fr\/wp-json\/wp\/v2\/pages\/22172"}],"wp:attachment":[{"href":"https:\/\/crossboard.dev2.smartegy.ca\/fr\/wp-json\/wp\/v2\/media?parent=22200"}],"curies":[{"name":"wp","href":"https:\/\/api.w.org\/{rel}","templated":true}]}}