{"id":22207,"date":"2025-02-10T20:07:46","date_gmt":"2025-02-10T20:07:46","guid":{"rendered":"https:\/\/crossboard.dev2.smartegy.ca\/?page_id=22207"},"modified":"2025-05-27T13:29:44","modified_gmt":"2025-05-27T13:29:44","slug":"droits-des-femmes-et-des-filles","status":"publish","type":"page","link":"https:\/\/crossboard.dev2.smartegy.ca\/fr\/notre-travail-ce-que-nous-faisons\/droits-des-femmes-et-des-filles\/","title":{"rendered":"Droits des femmes et des filles"},"content":{"rendered":"\t\t<div data-elementor-type=\"wp-page\" data-elementor-id=\"22207\" class=\"elementor elementor-22207 elementor-18808\" data-elementor-settings=\"{&quot;ha_cmc_init_switcher&quot;:&quot;no&quot;}\" data-elementor-post-type=\"page\">\n\t\t\t\t<div class=\"elementor-element elementor-element-745b01d e-con-full e-flex e-con e-parent\" data-id=\"745b01d\" data-element_type=\"container\" data-settings=\"{&quot;background_background&quot;:&quot;classic&quot;,&quot;_ha_eqh_enable&quot;:false}\">\n\t\t\t\t<div class=\"elementor-element elementor-element-915cb97 elementor-widget elementor-widget-text-editor\" data-id=\"915cb97\" data-element_type=\"widget\" data-widget_type=\"text-editor.default\">\n\t\t\t\t<div class=\"elementor-widget-container\">\n\t\t\t\t\t\t\t\t\t<p>Notre travail \u2013 Ce que nous faisons<\/p>\t\t\t\t\t\t\t\t<\/div>\n\t\t\t\t<\/div>\n\t\t\t\t<div class=\"elementor-element elementor-element-6decd47 elementor-widget elementor-widget-text-editor\" data-id=\"6decd47\" data-element_type=\"widget\" data-widget_type=\"text-editor.default\">\n\t\t\t\t<div class=\"elementor-widget-container\">\n\t\t\t\t\t\t\t\t\t<p>Autonomisation \u00e9conomique<\/p>\t\t\t\t\t\t\t\t<\/div>\n\t\t\t\t<\/div>\n\t\t\t\t<\/div>\n\t\t<div class=\"elementor-element elementor-element-19c025a e-flex e-con-boxed e-con e-parent\" data-id=\"19c025a\" data-element_type=\"container\" data-settings=\"{&quot;_ha_eqh_enable&quot;:false}\">\n\t\t\t\t\t<div class=\"e-con-inner\">\n\t\t\t\t<div class=\"elementor-element elementor-element-1664e2f elementor-position-left elementor-vertical-align-middle elementor-mobile-position-left elementor-view-default elementor-widget elementor-widget-icon-box\" data-id=\"1664e2f\" data-element_type=\"widget\" data-widget_type=\"icon-box.default\">\n\t\t\t\t<div class=\"elementor-widget-container\">\n\t\t\t\t\t\t\t<div class=\"elementor-icon-box-wrapper\">\n\n\t\t\t\t\t\t<div class=\"elementor-icon-box-icon\">\n\t\t\t\t<a href=\"\/fr\/notre-travail-ce-que-nous-faisons\" class=\"elementor-icon\" tabindex=\"-1\">\n\t\t\t\t<svg xmlns=\"http:\/\/www.w3.org\/2000\/svg\" width=\"28\" height=\"28\" viewBox=\"0 0 28 28\" fill=\"none\"><g clip-path=\"url(#clip0_750_15573)\"><path d=\"M19.8949 -1.9325e-07C20.485 -1.41664e-07 21.0398 0.229906 21.4579 0.647282C21.8752 1.06498 22.1055 1.62017 22.1055 2.21058C22.1055 2.80098 21.8752 3.35617 21.4579 3.77366L11.2312 14.0001L21.4579 24.2266C21.8752 24.6441 22.1055 25.1992 22.1055 25.7896C22.1055 26.38 21.8752 26.9352 21.4579 27.3527C21.0405 27.7702 20.485 28 19.8949 28C19.3049 28 18.7494 27.7703 18.332 27.3529L6.5425 15.5632C6.12513 15.1456 5.89489 14.5905 5.89489 14.0001C5.89489 13.4097 6.12518 12.8545 6.5425 12.437L18.332 0.647499C18.7501 0.229906 19.3049 -2.44832e-07 19.8949 -1.9325e-07Z\" fill=\"#F3911F\"><\/path><\/g><defs><clipPath id=\"clip0_750_15573\"><rect width=\"28\" height=\"28\" fill=\"white\" transform=\"translate(28 28) rotate(-180)\"><\/rect><\/clipPath><\/defs><\/svg>\t\t\t\t<\/a>\n\t\t\t<\/div>\n\t\t\t\n\t\t\t\t\t\t<div class=\"elementor-icon-box-content\">\n\n\t\t\t\t\n\t\t\t\t\t\t\t\t\t<p class=\"elementor-icon-box-description\">\n\t\t\t\t\t\tDroits des femmes et des filles\t\t\t\t\t<\/p>\n\t\t\t\t\n\t\t\t<\/div>\n\t\t\t\n\t\t<\/div>\n\t\t\t\t\t\t<\/div>\n\t\t\t\t<\/div>\n\t\t<div class=\"elementor-element elementor-element-0cfd528 e-con-full e-flex e-con e-child\" data-id=\"0cfd528\" data-element_type=\"container\" data-settings=\"{&quot;_ha_eqh_enable&quot;:false}\">\n\t\t<div class=\"elementor-element elementor-element-a77d16b e-flex e-con-boxed e-con e-child\" data-id=\"a77d16b\" data-element_type=\"container\" data-settings=\"{&quot;background_background&quot;:&quot;classic&quot;,&quot;_ha_eqh_enable&quot;:false}\">\n\t\t\t\t\t<div class=\"e-con-inner\">\n\t\t\t\t<div class=\"elementor-element elementor-element-85112ca elementor-widget elementor-widget-image\" data-id=\"85112ca\" data-element_type=\"widget\" data-widget_type=\"image.default\">\n\t\t\t\t<div class=\"elementor-widget-container\">\n\t\t\t\t\t\t\t\t\t\t\t\t\t\t\t<img fetchpriority=\"high\" decoding=\"async\" width=\"352\" height=\"238\" src=\"https:\/\/crossboard.dev2.smartegy.ca\/wp-content\/uploads\/2024\/12\/Title-39.png\" class=\"attachment-full size-full wp-image-745\" alt=\"\" srcset=\"https:\/\/crossboard.dev2.smartegy.ca\/wp-content\/uploads\/2024\/12\/Title-39.png 352w, https:\/\/crossboard.dev2.smartegy.ca\/wp-content\/uploads\/2024\/12\/Title-39-300x203.png 300w\" sizes=\"(max-width: 352px) 100vw, 352px\" \/>\t\t\t\t\t\t\t\t\t\t\t\t\t\t\t<\/div>\n\t\t\t\t<\/div>\n\t\t\t\t<div class=\"elementor-element elementor-element-8c5d899 elementor-widget elementor-widget-heading\" data-id=\"8c5d899\" data-element_type=\"widget\" data-widget_type=\"heading.default\">\n\t\t\t\t<div class=\"elementor-widget-container\">\n\t\t\t\t\t<h2 class=\"elementor-heading-title elementor-size-default\">APER\u00c7U<\/h2>\t\t\t\t<\/div>\n\t\t\t\t<\/div>\n\t\t\t\t<div class=\"elementor-element elementor-element-236b889 elementor-widget elementor-widget-text-editor\" data-id=\"236b889\" data-element_type=\"widget\" data-widget_type=\"text-editor.default\">\n\t\t\t\t<div class=\"elementor-widget-container\">\n\t\t\t\t\t\t\t\t\t<p><strong>Promouvoir les droits des femmes et des filles<\/strong><br \/>Carrefour International cr\u00e9e des opportunit\u00e9s pour les femmes et les filles. Dans les pays les plus pauvres du monde et ceux o\u00f9 les in\u00e9galit\u00e9s de richesse sont importantes, les femmes et les filles sont les plus vuln\u00e9rables. Les filles sont plus susceptibles que les gar\u00e7ons de se voir refuser l&rsquo;acc\u00e8s \u00e0 l&rsquo;\u00e9ducation et \u00e0 la formation et se heurtent \u00e0 de multiples obstacles pour acc\u00e9der au march\u00e9 du travail. Les pratiques traditionnelles discriminatoires contribuent \u00e9galement \u00e0 la pr\u00e9valence des abus sexuels et des violences bas\u00e9es sur le genre. Il est urgent d&rsquo;agir. C&rsquo;est pourquoi nous avons mis en place des programmes visant \u00e0 pr\u00e9venir les violences bas\u00e9es sur le genre\u00a0; \u00e0 am\u00e9liorer l&rsquo;acc\u00e8s \u00e0 la justice pour les femmes et les filles, en particulier les survivantes\u00a0; et \u00e0 soutenir le leadership des femmes et des filles dans les espaces sociaux, politiques et \u00e9conomiques au sein de leurs communaut\u00e9s et de leurs pays.<\/p>\t\t\t\t\t\t\t\t<\/div>\n\t\t\t\t<\/div>\n\t\t\t\t\t<\/div>\n\t\t\t\t<\/div>\n\t\t\t\t<\/div>\n\t\t\t\t\t<\/div>\n\t\t\t\t<\/div>\n\t\t<div class=\"elementor-element elementor-element-beede83 e-flex e-con-boxed e-con e-parent\" data-id=\"beede83\" data-element_type=\"container\" data-settings=\"{&quot;_ha_eqh_enable&quot;:false}\">\n\t\t\t\t\t<div class=\"e-con-inner\">\n\t\t<div class=\"elementor-element elementor-element-30778cf e-con-full e-flex e-con e-child\" data-id=\"30778cf\" data-element_type=\"container\" data-settings=\"{&quot;background_background&quot;:&quot;classic&quot;,&quot;_ha_eqh_enable&quot;:false}\">\n\t\t<div class=\"elementor-element elementor-element-8ac7e51 e-con-full e-flex e-con e-child\" data-id=\"8ac7e51\" data-element_type=\"container\" data-settings=\"{&quot;_ha_eqh_enable&quot;:false}\">\n\t\t\t\t<div class=\"elementor-element elementor-element-a1ec7e3 elementor-widget elementor-widget-image\" data-id=\"a1ec7e3\" data-element_type=\"widget\" data-widget_type=\"image.default\">\n\t\t\t\t<div class=\"elementor-widget-container\">\n\t\t\t\t\t\t\t\t\t\t\t\t\t\t\t<img decoding=\"async\" width=\"600\" height=\"400\" src=\"https:\/\/crossboard.dev2.smartegy.ca\/wp-content\/uploads\/2025\/02\/grid-image-whatwedo-women-girls-rights-gender-based-violence.webp\" class=\"attachment-full size-full wp-image-18812\" alt=\"\" srcset=\"https:\/\/crossboard.dev2.smartegy.ca\/wp-content\/uploads\/2025\/02\/grid-image-whatwedo-women-girls-rights-gender-based-violence.webp 600w, https:\/\/crossboard.dev2.smartegy.ca\/wp-content\/uploads\/2025\/02\/grid-image-whatwedo-women-girls-rights-gender-based-violence-300x200.webp 300w\" sizes=\"(max-width: 600px) 100vw, 600px\" \/>\t\t\t\t\t\t\t\t\t\t\t\t\t\t\t<\/div>\n\t\t\t\t<\/div>\n\t\t\t\t<\/div>\n\t\t<div class=\"elementor-element elementor-element-75eb14b e-con-full e-flex e-con e-child\" data-id=\"75eb14b\" data-element_type=\"container\" data-settings=\"{&quot;_ha_eqh_enable&quot;:false}\">\n\t\t\t\t<div class=\"elementor-element elementor-element-12c5ef4 elementor-position-right elementor-vertical-align-middle elementor-mobile-position-right elementor-vertical-align-middle elementor-view-default elementor-widget elementor-widget-icon-box\" data-id=\"12c5ef4\" data-element_type=\"widget\" data-widget_type=\"icon-box.default\">\n\t\t\t\t<div class=\"elementor-widget-container\">\n\t\t\t\t\t\t\t<div class=\"elementor-icon-box-wrapper\">\n\n\t\t\t\t\t\t<div class=\"elementor-icon-box-icon\">\n\t\t\t\t<a href=\"\/fr\/violence-basee-sur-le-genre\" class=\"elementor-icon\" tabindex=\"-1\">\n\t\t\t\t<svg xmlns=\"http:\/\/www.w3.org\/2000\/svg\" width=\"50\" height=\"50\" viewBox=\"0 0 50 50\" fill=\"none\"><rect width=\"50\" height=\"50\" rx=\"10\" fill=\"white\"><\/rect><path d=\"M34.5 17.0555V30.7773C34.5 31.0573 34.3888 31.3257 34.1908 31.5237C33.9929 31.7216 33.7244 31.8328 33.4445 31.8328C33.1645 31.8328 32.8961 31.7216 32.6981 31.5237C32.5002 31.3257 32.389 31.0573 32.389 30.7773V19.6033L17.3029 34.6907C17.1048 34.8887 16.8362 35 16.5561 35C16.276 35 16.0074 34.8887 15.8093 34.6907C15.6113 34.4926 15.5 34.224 15.5 33.9439C15.5 33.6638 15.6113 33.3952 15.8093 33.1971L30.8967 18.111H19.7227C19.4427 18.111 19.1743 17.9998 18.9763 17.8019C18.7784 17.6039 18.6672 17.3355 18.6672 17.0555C18.6672 16.7756 18.7784 16.5071 18.9763 16.3092C19.1743 16.1112 19.4427 16 19.7227 16H33.4445C33.7244 16 33.9929 16.1112 34.1908 16.3092C34.3888 16.5071 34.5 16.7756 34.5 17.0555Z\" fill=\"#F3911F\"><\/path><\/svg>\t\t\t\t<\/a>\n\t\t\t<\/div>\n\t\t\t\n\t\t\t\t\t\t<div class=\"elementor-icon-box-content\">\n\n\t\t\t\t\n\t\t\t\t\t\t\t\t\t<p class=\"elementor-icon-box-description\">\n\t\t\t\t\t\tViolence bas\u00e9e sur le genre\t\t\t\t\t<\/p>\n\t\t\t\t\n\t\t\t<\/div>\n\t\t\t\n\t\t<\/div>\n\t\t\t\t\t\t<\/div>\n\t\t\t\t<\/div>\n\t\t\t\t<\/div>\n\t\t\t\t<\/div>\n\t\t<div class=\"elementor-element elementor-element-c30d73c e-con-full e-flex e-con e-child\" data-id=\"c30d73c\" data-element_type=\"container\" data-settings=\"{&quot;background_background&quot;:&quot;classic&quot;,&quot;_ha_eqh_enable&quot;:false}\">\n\t\t<div class=\"elementor-element elementor-element-8d8c718 e-con-full e-flex e-con e-child\" data-id=\"8d8c718\" data-element_type=\"container\" data-settings=\"{&quot;_ha_eqh_enable&quot;:false}\">\n\t\t\t\t<div class=\"elementor-element elementor-element-3360a0f elementor-widget elementor-widget-image\" data-id=\"3360a0f\" data-element_type=\"widget\" data-widget_type=\"image.default\">\n\t\t\t\t<div class=\"elementor-widget-container\">\n\t\t\t\t\t\t\t\t\t\t\t\t\t\t\t<img decoding=\"async\" width=\"600\" height=\"400\" src=\"https:\/\/crossboard.dev2.smartegy.ca\/wp-content\/uploads\/2025\/02\/grid-image-whatwedo-girls-empowerment.webp\" class=\"attachment-full size-full wp-image-18814\" alt=\"\" srcset=\"https:\/\/crossboard.dev2.smartegy.ca\/wp-content\/uploads\/2025\/02\/grid-image-whatwedo-girls-empowerment.webp 600w, https:\/\/crossboard.dev2.smartegy.ca\/wp-content\/uploads\/2025\/02\/grid-image-whatwedo-girls-empowerment-300x200.webp 300w\" sizes=\"(max-width: 600px) 100vw, 600px\" \/>\t\t\t\t\t\t\t\t\t\t\t\t\t\t\t<\/div>\n\t\t\t\t<\/div>\n\t\t\t\t<\/div>\n\t\t<div class=\"elementor-element elementor-element-406e0bf e-con-full e-flex e-con e-child\" data-id=\"406e0bf\" data-element_type=\"container\" data-settings=\"{&quot;_ha_eqh_enable&quot;:false}\">\n\t\t\t\t<div class=\"elementor-element elementor-element-a008f7a elementor-position-right elementor-vertical-align-middle elementor-mobile-position-right elementor-view-default elementor-widget elementor-widget-icon-box\" data-id=\"a008f7a\" data-element_type=\"widget\" data-widget_type=\"icon-box.default\">\n\t\t\t\t<div class=\"elementor-widget-container\">\n\t\t\t\t\t\t\t<div class=\"elementor-icon-box-wrapper\">\n\n\t\t\t\t\t\t<div class=\"elementor-icon-box-icon\">\n\t\t\t\t<a href=\"\/fr\/notre-travail-ce-que-nous-faisons\/droits-des-femmes-et-des-filles\/autonomisation-des-filles\/\" class=\"elementor-icon\" tabindex=\"-1\">\n\t\t\t\t<svg xmlns=\"http:\/\/www.w3.org\/2000\/svg\" width=\"50\" height=\"50\" viewBox=\"0 0 50 50\" fill=\"none\"><rect width=\"50\" height=\"50\" rx=\"10\" fill=\"white\"><\/rect><path d=\"M34.5 17.0555V30.7773C34.5 31.0573 34.3888 31.3257 34.1908 31.5237C33.9929 31.7216 33.7244 31.8328 33.4445 31.8328C33.1645 31.8328 32.8961 31.7216 32.6981 31.5237C32.5002 31.3257 32.389 31.0573 32.389 30.7773V19.6033L17.3029 34.6907C17.1048 34.8887 16.8362 35 16.5561 35C16.276 35 16.0074 34.8887 15.8093 34.6907C15.6113 34.4926 15.5 34.224 15.5 33.9439C15.5 33.6638 15.6113 33.3952 15.8093 33.1971L30.8967 18.111H19.7227C19.4427 18.111 19.1743 17.9998 18.9763 17.8019C18.7784 17.6039 18.6672 17.3355 18.6672 17.0555C18.6672 16.7756 18.7784 16.5071 18.9763 16.3092C19.1743 16.1112 19.4427 16 19.7227 16H33.4445C33.7244 16 33.9929 16.1112 34.1908 16.3092C34.3888 16.5071 34.5 16.7756 34.5 17.0555Z\" fill=\"#F3911F\"><\/path><\/svg>\t\t\t\t<\/a>\n\t\t\t<\/div>\n\t\t\t\n\t\t\t\t\t\t<div class=\"elementor-icon-box-content\">\n\n\t\t\t\t\n\t\t\t\t\t\t\t\t\t<p class=\"elementor-icon-box-description\">\n\t\t\t\t\t\tAutonomisation des filles\t\t\t\t\t<\/p>\n\t\t\t\t\n\t\t\t<\/div>\n\t\t\t\n\t\t<\/div>\n\t\t\t\t\t\t<\/div>\n\t\t\t\t<\/div>\n\t\t\t\t<\/div>\n\t\t\t\t<\/div>\n\t\t\t\t\t<\/div>\n\t\t\t\t<\/div>\n\t\t\t\t<\/div>\n\t\t","protected":false},"excerpt":{"rendered":"<p>Notre travail \u2013 Ce que nous faisons Autonomisation \u00e9conomique Droits des femmes et des filles APER\u00c7U Promouvoir les droits des femmes et des fillesCarrefour International cr\u00e9e des opportunit\u00e9s pour les femmes et les filles. Dans les pays les plus pauvres du monde et ceux o\u00f9 les in\u00e9galit\u00e9s de richesse sont importantes, les femmes et les [&hellip;]<\/p>\n","protected":false},"author":1,"featured_media":0,"parent":22172,"menu_order":0,"comment_status":"closed","ping_status":"closed","template":"elementor_header_footer","meta":{"_acf_changed":false,"footnotes":""},"class_list":["post-22207","page","type-page","status-publish","hentry"],"acf":[],"_links":{"self":[{"href":"https:\/\/crossboard.dev2.smartegy.ca\/fr\/wp-json\/wp\/v2\/pages\/22207","targetHints":{"allow":["GET"]}}],"collection":[{"href":"https:\/\/crossboard.dev2.smartegy.ca\/fr\/wp-json\/wp\/v2\/pages"}],"about":[{"href":"https:\/\/crossboard.dev2.smartegy.ca\/fr\/wp-json\/wp\/v2\/types\/page"}],"author":[{"embeddable":true,"href":"https:\/\/crossboard.dev2.smartegy.ca\/fr\/wp-json\/wp\/v2\/users\/1"}],"replies":[{"embeddable":true,"href":"https:\/\/crossboard.dev2.smartegy.ca\/fr\/wp-json\/wp\/v2\/comments?post=22207"}],"version-history":[{"count":10,"href":"https:\/\/crossboard.dev2.smartegy.ca\/fr\/wp-json\/wp\/v2\/pages\/22207\/revisions"}],"predecessor-version":[{"id":22257,"href":"https:\/\/crossboard.dev2.smartegy.ca\/fr\/wp-json\/wp\/v2\/pages\/22207\/revisions\/22257"}],"up":[{"embeddable":true,"href":"https:\/\/crossboard.dev2.smartegy.ca\/fr\/wp-json\/wp\/v2\/pages\/22172"}],"wp:attachment":[{"href":"https:\/\/crossboard.dev2.smartegy.ca\/fr\/wp-json\/wp\/v2\/media?parent=22207"}],"curies":[{"name":"wp","href":"https:\/\/api.w.org\/{rel}","templated":true}]}}