{"id":22248,"date":"2025-05-27T13:26:05","date_gmt":"2025-05-27T13:26:05","guid":{"rendered":"https:\/\/crossboard.dev2.smartegy.ca\/?page_id=22248"},"modified":"2025-05-27T13:29:10","modified_gmt":"2025-05-27T13:29:10","slug":"autonomisation-des-filles","status":"publish","type":"page","link":"https:\/\/crossboard.dev2.smartegy.ca\/fr\/notre-travail-ce-que-nous-faisons\/droits-des-femmes-et-des-filles\/autonomisation-des-filles\/","title":{"rendered":"Autonomisation des filles"},"content":{"rendered":"\t\t<div data-elementor-type=\"wp-page\" data-elementor-id=\"22248\" class=\"elementor elementor-22248\" data-elementor-settings=\"{&quot;ha_cmc_init_switcher&quot;:&quot;no&quot;}\" data-elementor-post-type=\"page\">\n\t\t\t\t<div class=\"elementor-element elementor-element-745b01d e-con-full e-flex e-con e-parent\" data-id=\"745b01d\" data-element_type=\"container\" data-settings=\"{&quot;background_background&quot;:&quot;classic&quot;,&quot;_ha_eqh_enable&quot;:false}\">\n\t\t\t\t<div class=\"elementor-element elementor-element-915cb97 elementor-widget elementor-widget-text-editor\" data-id=\"915cb97\" data-element_type=\"widget\" data-widget_type=\"text-editor.default\">\n\t\t\t\t<div class=\"elementor-widget-container\">\n\t\t\t\t\t\t\t\t\t<p>Notre travail \u2013 Ce que nous faisons<\/p>\t\t\t\t\t\t\t\t<\/div>\n\t\t\t\t<\/div>\n\t\t\t\t<div class=\"elementor-element elementor-element-6decd47 elementor-widget elementor-widget-text-editor\" data-id=\"6decd47\" data-element_type=\"widget\" data-widget_type=\"text-editor.default\">\n\t\t\t\t<div class=\"elementor-widget-container\">\n\t\t\t\t\t\t\t\t\t<p>Autonomisation des filles<\/p>\t\t\t\t\t\t\t\t<\/div>\n\t\t\t\t<\/div>\n\t\t\t\t<\/div>\n\t\t<div class=\"elementor-element elementor-element-19c025a e-flex e-con-boxed e-con e-parent\" data-id=\"19c025a\" data-element_type=\"container\" data-settings=\"{&quot;_ha_eqh_enable&quot;:false}\">\n\t\t\t\t\t<div class=\"e-con-inner\">\n\t\t\t\t<div class=\"elementor-element elementor-element-1664e2f elementor-position-left elementor-vertical-align-middle elementor-mobile-position-left elementor-view-default elementor-widget elementor-widget-icon-box\" data-id=\"1664e2f\" data-element_type=\"widget\" data-widget_type=\"icon-box.default\">\n\t\t\t\t<div class=\"elementor-widget-container\">\n\t\t\t\t\t\t\t<div class=\"elementor-icon-box-wrapper\">\n\n\t\t\t\t\t\t<div class=\"elementor-icon-box-icon\">\n\t\t\t\t<a href=\"\/fr\/notre-travail-ce-que-nous-faisons\/droits-des-femmes-et-des-filles\/\" class=\"elementor-icon\" tabindex=\"-1\">\n\t\t\t\t<svg xmlns=\"http:\/\/www.w3.org\/2000\/svg\" width=\"28\" height=\"28\" viewBox=\"0 0 28 28\" fill=\"none\"><g clip-path=\"url(#clip0_750_15573)\"><path d=\"M19.8949 -1.9325e-07C20.485 -1.41664e-07 21.0398 0.229906 21.4579 0.647282C21.8752 1.06498 22.1055 1.62017 22.1055 2.21058C22.1055 2.80098 21.8752 3.35617 21.4579 3.77366L11.2312 14.0001L21.4579 24.2266C21.8752 24.6441 22.1055 25.1992 22.1055 25.7896C22.1055 26.38 21.8752 26.9352 21.4579 27.3527C21.0405 27.7702 20.485 28 19.8949 28C19.3049 28 18.7494 27.7703 18.332 27.3529L6.5425 15.5632C6.12513 15.1456 5.89489 14.5905 5.89489 14.0001C5.89489 13.4097 6.12518 12.8545 6.5425 12.437L18.332 0.647499C18.7501 0.229906 19.3049 -2.44832e-07 19.8949 -1.9325e-07Z\" fill=\"#F3911F\"><\/path><\/g><defs><clipPath id=\"clip0_750_15573\"><rect width=\"28\" height=\"28\" fill=\"white\" transform=\"translate(28 28) rotate(-180)\"><\/rect><\/clipPath><\/defs><\/svg>\t\t\t\t<\/a>\n\t\t\t<\/div>\n\t\t\t\n\t\t\t\t\t\t<div class=\"elementor-icon-box-content\">\n\n\t\t\t\t\n\t\t\t\t\t\t\t\t\t<p class=\"elementor-icon-box-description\">\n\t\t\t\t\t\tAutonomisation des filles\t\t\t\t\t<\/p>\n\t\t\t\t\n\t\t\t<\/div>\n\t\t\t\n\t\t<\/div>\n\t\t\t\t\t\t<\/div>\n\t\t\t\t<\/div>\n\t\t<div class=\"elementor-element elementor-element-0cfd528 e-con-full e-flex e-con e-child\" data-id=\"0cfd528\" data-element_type=\"container\" data-settings=\"{&quot;_ha_eqh_enable&quot;:false}\">\n\t\t<div class=\"elementor-element elementor-element-a77d16b e-flex e-con-boxed e-con e-child\" data-id=\"a77d16b\" data-element_type=\"container\" data-settings=\"{&quot;background_background&quot;:&quot;classic&quot;,&quot;_ha_eqh_enable&quot;:false}\">\n\t\t\t\t\t<div class=\"e-con-inner\">\n\t\t\t\t<div class=\"elementor-element elementor-element-85112ca elementor-widget elementor-widget-image\" data-id=\"85112ca\" data-element_type=\"widget\" data-widget_type=\"image.default\">\n\t\t\t\t<div class=\"elementor-widget-container\">\n\t\t\t\t\t\t\t\t\t\t\t\t\t\t\t<img fetchpriority=\"high\" decoding=\"async\" width=\"600\" height=\"400\" src=\"https:\/\/crossboard.dev2.smartegy.ca\/wp-content\/uploads\/2025\/02\/grid-image-whatwedo-girls-empowerment.webp\" class=\"attachment-full size-full wp-image-18813\" alt=\"\" srcset=\"https:\/\/crossboard.dev2.smartegy.ca\/wp-content\/uploads\/2025\/02\/grid-image-whatwedo-girls-empowerment.webp 600w, https:\/\/crossboard.dev2.smartegy.ca\/wp-content\/uploads\/2025\/02\/grid-image-whatwedo-girls-empowerment-300x200.webp 300w\" sizes=\"(max-width: 600px) 100vw, 600px\" \/>\t\t\t\t\t\t\t\t\t\t\t\t\t\t\t<\/div>\n\t\t\t\t<\/div>\n\t\t\t\t<div class=\"elementor-element elementor-element-8c5d899 elementor-widget elementor-widget-heading\" data-id=\"8c5d899\" data-element_type=\"widget\" data-widget_type=\"heading.default\">\n\t\t\t\t<div class=\"elementor-widget-container\">\n\t\t\t\t\t<h2 class=\"elementor-heading-title elementor-size-default\">APER\u00c7U<\/h2>\t\t\t\t<\/div>\n\t\t\t\t<\/div>\n\t\t\t\t<div class=\"elementor-element elementor-element-236b889 elementor-widget elementor-widget-text-editor\" data-id=\"236b889\" data-element_type=\"widget\" data-widget_type=\"text-editor.default\">\n\t\t\t\t<div class=\"elementor-widget-container\">\n\t\t\t\t\t\t\t\t\t<p>Les filles qui fr\u00e9quentent les clubs d&rsquo;autonomisation au Ghana, au Swaziland et au Togo savent qu&rsquo;elles ont le pouvoir de changer leur vie et le monde. Dans ces clubs, elles apprennent \u00e0 conna\u00eetre leurs droits, leur corps et comment l&rsquo;\u00e9ducation peut leur donner les moyens de changer leur avenir. Les filles victimes de violence ou d&rsquo;abus, ainsi que les filles \u00e0 risque, trouvent du soutien aupr\u00e8s des autres membres du club et peuvent parler ouvertement de leurs exp\u00e9riences et de leurs espoirs pour l&rsquo;avenir. Les clubs d&rsquo;autonomisation sont des espaces s\u00fbrs o\u00f9 les filles trouvent la confiance n\u00e9cessaire pour se prot\u00e9ger et apporter des changements durables dans leur vie.<\/p>\t\t\t\t\t\t\t\t<\/div>\n\t\t\t\t<\/div>\n\t\t\t\t\t<\/div>\n\t\t\t\t<\/div>\n\t\t\t\t<\/div>\n\t\t\t\t\t<\/div>\n\t\t\t\t<\/div>\n\t\t<div class=\"elementor-element elementor-element-7cd626f e-flex e-con-boxed e-con e-parent\" data-id=\"7cd626f\" data-element_type=\"container\" data-settings=\"{&quot;_ha_eqh_enable&quot;:false}\">\n\t\t\t\t\t<div class=\"e-con-inner\">\n\t\t\t\t<div class=\"elementor-element elementor-element-88374ba elementor-widget elementor-widget-heading\" data-id=\"88374ba\" data-element_type=\"widget\" data-widget_type=\"heading.default\">\n\t\t\t\t<div class=\"elementor-widget-container\">\n\t\t\t\t\t<h2 class=\"elementor-heading-title elementor-size-default\">Pourquoi ce programme<\/h2>\t\t\t\t<\/div>\n\t\t\t\t<\/div>\n\t\t\t\t<div class=\"elementor-element elementor-element-cd86187 elementor-widget elementor-widget-text-editor\" data-id=\"cd86187\" data-element_type=\"widget\" data-widget_type=\"text-editor.default\">\n\t\t\t\t<div class=\"elementor-widget-container\">\n\t\t\t\t\t\t\t\t\t<ul><li>Au Swaziland, une fille swazie sur trois subit des abus sexuels avant l&rsquo;\u00e2ge de 18 ans.<\/li><li>Au Togo, 5 filles sur 10 ne terminent pas l&rsquo;\u00e9cole primaire, contre 2 gar\u00e7ons sur 10.<\/li><li>8 % des filles ghan\u00e9ennes se marient avant l&rsquo;\u00e2ge de 15 ans et 29 % avant l&rsquo;\u00e2ge de 18 ans.<\/li><\/ul>\t\t\t\t\t\t\t\t<\/div>\n\t\t\t\t<\/div>\n\t\t\t\t\t<\/div>\n\t\t\t\t<\/div>\n\t\t<div class=\"elementor-element elementor-element-68d3008 e-flex e-con-boxed e-con e-parent\" data-id=\"68d3008\" data-element_type=\"container\" data-settings=\"{&quot;_ha_eqh_enable&quot;:false}\">\n\t\t\t\t\t<div class=\"e-con-inner\">\n\t\t\t\t<div class=\"elementor-element elementor-element-d778d4b elementor-widget elementor-widget-heading\" data-id=\"d778d4b\" data-element_type=\"widget\" data-widget_type=\"heading.default\">\n\t\t\t\t<div class=\"elementor-widget-container\">\n\t\t\t\t\t<h2 class=\"elementor-heading-title elementor-size-default\">Impact<\/h2>\t\t\t\t<\/div>\n\t\t\t\t<\/div>\n\t\t\t\t<div class=\"elementor-element elementor-element-87603a7 elementor-widget elementor-widget-text-editor\" data-id=\"87603a7\" data-element_type=\"widget\" data-widget_type=\"text-editor.default\">\n\t\t\t\t<div class=\"elementor-widget-container\">\n\t\t\t\t\t\t\t\t\t<ul><li>3\u00a0000 filles autonomis\u00e9es chaque ann\u00e9e gr\u00e2ce \u00e0 71 clubs au Ghana, au Togo et au Swaziland<\/li><li>300 mentors et enseignants travaillant dans des clubs d&rsquo;autonomisation des filles<\/li><li>Des clubs Boys for Change ont \u00e9t\u00e9 cr\u00e9\u00e9s dans des \u00e9coles ghan\u00e9ennes et togolaises pour enseigner aux gar\u00e7ons une masculinit\u00e9 positive et leur r\u00f4le dans la pr\u00e9vention des violences sexistes.<\/li><\/ul>\t\t\t\t\t\t\t\t<\/div>\n\t\t\t\t<\/div>\n\t\t\t\t\t<\/div>\n\t\t\t\t<\/div>\n\t\t<div class=\"elementor-element elementor-element-59db50c e-flex e-con-boxed e-con e-parent\" data-id=\"59db50c\" data-element_type=\"container\" data-settings=\"{&quot;_ha_eqh_enable&quot;:false}\">\n\t\t\t\t\t<div class=\"e-con-inner\">\n\t\t\t\t<div class=\"elementor-element elementor-element-5d8ea57 elementor-widget elementor-widget-heading\" data-id=\"5d8ea57\" data-element_type=\"widget\" data-widget_type=\"heading.default\">\n\t\t\t\t<div class=\"elementor-widget-container\">\n\t\t\t\t\t<h2 class=\"elementor-heading-title elementor-size-default\">T\u00e9moignage<\/h2>\t\t\t\t<\/div>\n\t\t\t\t<\/div>\n\t\t<div class=\"elementor-element elementor-element-ac4f315 e-con-full e-flex e-con e-child\" data-id=\"ac4f315\" data-element_type=\"container\" data-settings=\"{&quot;background_background&quot;:&quot;classic&quot;,&quot;_ha_eqh_enable&quot;:false}\">\n\t\t\t\t<div class=\"elementor-element elementor-element-d925b85 elementor-position-left elementor-view-default elementor-mobile-position-top elementor-vertical-align-top elementor-widget elementor-widget-icon-box\" data-id=\"d925b85\" data-element_type=\"widget\" data-widget_type=\"icon-box.default\">\n\t\t\t\t<div class=\"elementor-widget-container\">\n\t\t\t\t\t\t\t<div class=\"elementor-icon-box-wrapper\">\n\n\t\t\t\t\t\t<div class=\"elementor-icon-box-icon\">\n\t\t\t\t<span  class=\"elementor-icon\">\n\t\t\t\t<svg xmlns=\"http:\/\/www.w3.org\/2000\/svg\" width=\"32\" height=\"24\" viewBox=\"0 0 32 24\" fill=\"none\"><path d=\"M25.506 23.5955C23.6841 23.5955 22.1268 22.9491 20.8339 21.6561C19.5997 20.3045 18.9827 18.659 18.9827 16.7196C18.9827 13.076 20.0405 9.81434 22.1562 6.93469C24.3306 3.99628 26.8282 1.79246 29.6491 0.323259L30.0017 0.235107C30.4719 0.235107 30.707 0.470179 30.707 0.940323C30.707 1.11663 30.6188 1.29294 30.4425 1.46924C29.0321 2.70337 27.9448 3.96689 27.1809 5.2598C26.4169 6.49393 26.0349 7.61053 26.0349 8.60959C26.0349 9.66742 26.5932 10.5489 27.7098 11.2542C29.0614 12.0182 30.0899 12.8115 30.7951 13.6343C31.5591 14.457 31.9411 15.603 31.9411 17.0722C31.9411 18.894 31.2946 20.4514 30.0017 21.7443C28.7676 22.9784 27.269 23.5955 25.506 23.5955ZM7.0821 23.5955C5.31905 23.5955 3.79108 22.9491 2.49817 21.6561C1.26404 20.3045 0.646973 18.659 0.646973 16.7196C0.646973 13.076 1.73419 9.81434 3.90861 6.93469C6.08304 3.99628 8.52192 1.82185 11.2253 0.41141C11.3428 0.352642 11.4897 0.323259 11.666 0.323259C12.0774 0.323259 12.2831 0.558332 12.2831 1.02848C12.2831 1.20478 12.2243 1.3517 12.1068 1.46924C10.6964 2.76214 9.60914 4.05504 8.84515 5.34795C8.08116 6.58208 7.69917 7.6693 7.69917 8.60959C7.69917 9.96126 8.25747 10.8428 9.37406 11.2542C10.667 11.9006 11.666 12.6646 12.3712 13.5461C13.1352 14.4277 13.5172 15.603 13.5172 17.0722C13.5172 18.894 12.9002 20.4514 11.666 21.7443C10.4319 22.9784 8.90392 23.5955 7.0821 23.5955Z\" fill=\"white\"><\/path><\/svg>\t\t\t\t<\/span>\n\t\t\t<\/div>\n\t\t\t\n\t\t\t\t\t\t<div class=\"elementor-icon-box-content\">\n\n\t\t\t\t\n\t\t\t\t\t\t\t\t\t<p class=\"elementor-icon-box-description\">\n\t\t\t\t\t\tAujourd'hui, j'ai confiance en moi. Les filles sont ma famille. Je ne me sens plus aussi timide. Nous discutons et nous nous amusons. Nous conseillons d'autres filles. C'est amusant\u2026 Je veux \u00eatre une fille ind\u00e9pendante, pleine de vie. Je veux vivre une vie heureuse. Je veux devenir avocate, et je sais que je le ferai. J'ai confiance en moi maintenant. \u00bb Phiwokuhle Vilakati, membre du Girls\u2019 Empowerment Club au Swaziland.\t\t\t\t\t<\/p>\n\t\t\t\t\n\t\t\t<\/div>\n\t\t\t\n\t\t<\/div>\n\t\t\t\t\t\t<\/div>\n\t\t\t\t<\/div>\n\t\t\t\t<\/div>\n\t\t\t\t\t<\/div>\n\t\t\t\t<\/div>\n\t\t\t\t<\/div>\n\t\t","protected":false},"excerpt":{"rendered":"<p>Notre travail \u2013 Ce que nous faisons Autonomisation des filles Autonomisation des filles APER\u00c7U Les filles qui fr\u00e9quentent les clubs d&rsquo;autonomisation au Ghana, au Swaziland et au Togo savent qu&rsquo;elles ont le pouvoir de changer leur vie et le monde. Dans ces clubs, elles apprennent \u00e0 conna\u00eetre leurs droits, leur corps et comment l&rsquo;\u00e9ducation peut [&hellip;]<\/p>\n","protected":false},"author":1,"featured_media":0,"parent":22207,"menu_order":0,"comment_status":"closed","ping_status":"closed","template":"elementor_header_footer","meta":{"_acf_changed":false,"footnotes":""},"class_list":["post-22248","page","type-page","status-publish","hentry"],"acf":[],"_links":{"self":[{"href":"https:\/\/crossboard.dev2.smartegy.ca\/fr\/wp-json\/wp\/v2\/pages\/22248","targetHints":{"allow":["GET"]}}],"collection":[{"href":"https:\/\/crossboard.dev2.smartegy.ca\/fr\/wp-json\/wp\/v2\/pages"}],"about":[{"href":"https:\/\/crossboard.dev2.smartegy.ca\/fr\/wp-json\/wp\/v2\/types\/page"}],"author":[{"embeddable":true,"href":"https:\/\/crossboard.dev2.smartegy.ca\/fr\/wp-json\/wp\/v2\/users\/1"}],"replies":[{"embeddable":true,"href":"https:\/\/crossboard.dev2.smartegy.ca\/fr\/wp-json\/wp\/v2\/comments?post=22248"}],"version-history":[{"count":5,"href":"https:\/\/crossboard.dev2.smartegy.ca\/fr\/wp-json\/wp\/v2\/pages\/22248\/revisions"}],"predecessor-version":[{"id":22254,"href":"https:\/\/crossboard.dev2.smartegy.ca\/fr\/wp-json\/wp\/v2\/pages\/22248\/revisions\/22254"}],"up":[{"embeddable":true,"href":"https:\/\/crossboard.dev2.smartegy.ca\/fr\/wp-json\/wp\/v2\/pages\/22207"}],"wp:attachment":[{"href":"https:\/\/crossboard.dev2.smartegy.ca\/fr\/wp-json\/wp\/v2\/media?parent=22248"}],"curies":[{"name":"wp","href":"https:\/\/api.w.org\/{rel}","templated":true}]}}