{"id":22405,"date":"2025-02-10T20:42:42","date_gmt":"2025-02-10T20:42:42","guid":{"rendered":"https:\/\/crossboard.dev2.smartegy.ca\/?page_id=22405"},"modified":"2025-06-30T12:10:56","modified_gmt":"2025-06-30T12:10:56","slug":"canada-fr","status":"publish","type":"page","link":"https:\/\/crossboard.dev2.smartegy.ca\/fr\/notre-travail-ce-que-nous-faisons\/pays-et-partenaires\/canada-fr\/","title":{"rendered":"Canada"},"content":{"rendered":"\t\t<div data-elementor-type=\"wp-page\" data-elementor-id=\"22405\" class=\"elementor elementor-22405 elementor-18855\" data-elementor-settings=\"{&quot;ha_cmc_init_switcher&quot;:&quot;no&quot;}\" data-elementor-post-type=\"page\">\n\t\t\t\t<div class=\"elementor-element elementor-element-d2c1656 e-con-full e-flex e-con e-parent\" data-id=\"d2c1656\" data-element_type=\"container\" data-settings=\"{&quot;background_background&quot;:&quot;classic&quot;,&quot;_ha_eqh_enable&quot;:false}\">\n\t\t\t\t<div class=\"elementor-element elementor-element-d61baab elementor-widget elementor-widget-text-editor\" data-id=\"d61baab\" data-element_type=\"widget\" data-widget_type=\"text-editor.default\">\n\t\t\t\t<div class=\"elementor-widget-container\">\n\t\t\t\t\t\t\t\t\t<p>Notre travail<\/p>\t\t\t\t\t\t\t\t<\/div>\n\t\t\t\t<\/div>\n\t\t\t\t<div class=\"elementor-element elementor-element-72e522e elementor-widget elementor-widget-text-editor\" data-id=\"72e522e\" data-element_type=\"widget\" data-widget_type=\"text-editor.default\">\n\t\t\t\t<div class=\"elementor-widget-container\">\n\t\t\t\t\t\t\t\t\t<p>Pays et partenaires<\/p>\t\t\t\t\t\t\t\t<\/div>\n\t\t\t\t<\/div>\n\t\t\t\t<\/div>\n\t\t<div class=\"elementor-element elementor-element-e702398 e-flex e-con-boxed e-con e-parent\" data-id=\"e702398\" data-element_type=\"container\" data-settings=\"{&quot;_ha_eqh_enable&quot;:false}\">\n\t\t\t\t\t<div class=\"e-con-inner\">\n\t\t\t\t<div class=\"elementor-element elementor-element-0bb872f elementor-widget elementor-widget-shortcode\" data-id=\"0bb872f\" data-element_type=\"widget\" data-widget_type=\"shortcode.default\">\n\t\t\t\t<div class=\"elementor-widget-container\">\n\t\t\t\t\t\t\t<div class=\"elementor-shortcode\"><\/div>\n\t\t\t\t\t\t<\/div>\n\t\t\t\t<\/div>\n\t\t\t\t<div class=\"elementor-element elementor-element-f4a4c17 elementor-widget elementor-widget-heading\" data-id=\"f4a4c17\" data-element_type=\"widget\" data-widget_type=\"heading.default\">\n\t\t\t\t<div class=\"elementor-widget-container\">\n\t\t\t\t\t<h2 class=\"elementor-heading-title elementor-size-default\">Canada<\/h2>\t\t\t\t<\/div>\n\t\t\t\t<\/div>\n\t\t\t\t<div class=\"elementor-element elementor-element-7489e80 elementor-widget elementor-widget-text-editor\" data-id=\"7489e80\" data-element_type=\"widget\" data-widget_type=\"text-editor.default\">\n\t\t\t\t<div class=\"elementor-widget-container\">\n\t\t\t\t\t\t\t\t\t<p>Nos organisations partenaires canadiennes offrent un soutien technique et strat\u00e9gique au recrutement de volontaires canadiens pour faire progresser ensemble l&rsquo;\u00e9galit\u00e9 des genres. Des entreprises du secteur priv\u00e9, des organisations de femmes, des universitaires et des organisations de la diaspora africaine collaborent quotidiennement avec Carrefour pour mettre en \u0153uvre notre approche holistique de transformation des genres. Au Canada, leur participation active et leur engagement \u00e0 long terme en tant que champions de l&rsquo;\u00e9galit\u00e9 des genres contribuent \u00e0 faire progresser l&rsquo;\u00e9galit\u00e9 des genres dans les communaut\u00e9s d&rsquo;Afrique subsaharienne.<\/p>\t\t\t\t\t\t\t\t<\/div>\n\t\t\t\t<\/div>\n\t\t\t\t<div class=\"elementor-element elementor-element-99eebbf elementor-widget elementor-widget-button\" data-id=\"99eebbf\" data-element_type=\"widget\" data-widget_type=\"button.default\">\n\t\t\t\t<div class=\"elementor-widget-container\">\n\t\t\t\t\t\t\t\t\t<div class=\"elementor-button-wrapper\">\n\t\t\t\t\t<a class=\"elementor-button elementor-button-link elementor-size-sm\" href=\"\/fr\/benevole-besoin-daide-etre-un-sauveur-ou-quelquun\/\">\n\t\t\t\t\t\t<span class=\"elementor-button-content-wrapper\">\n\t\t\t\t\t\t\t\t\t<span class=\"elementor-button-text\"> Faire du volontariat<\/span>\n\t\t\t\t\t<\/span>\n\t\t\t\t\t<\/a>\n\t\t\t\t<\/div>\n\t\t\t\t\t\t\t\t<\/div>\n\t\t\t\t<\/div>\n\t\t\t\t<div class=\"elementor-element elementor-element-a9e7236 elementor-widget elementor-widget-heading\" data-id=\"a9e7236\" data-element_type=\"widget\" data-widget_type=\"heading.default\">\n\t\t\t\t<div class=\"elementor-widget-container\">\n\t\t\t\t\t<h2 class=\"elementor-heading-title elementor-size-default\">PARTENAIRES<\/h2>\t\t\t\t<\/div>\n\t\t\t\t<\/div>\n\t\t<div class=\"elementor-element elementor-element-d0df64a e-con-full e-flex e-con e-child\" data-id=\"d0df64a\" data-element_type=\"container\" data-settings=\"{&quot;background_background&quot;:&quot;classic&quot;,&quot;_ha_eqh_enable&quot;:false}\">\n\t\t<div class=\"elementor-element elementor-element-a1600cb e-con-full e-flex e-con e-child\" data-id=\"a1600cb\" data-element_type=\"container\" data-settings=\"{&quot;_ha_eqh_enable&quot;:false}\">\n\t\t\t\t<div class=\"elementor-element elementor-element-7fd85cc elementor-widget elementor-widget-heading\" data-id=\"7fd85cc\" data-element_type=\"widget\" data-widget_type=\"heading.default\">\n\t\t\t\t<div class=\"elementor-widget-container\">\n\t\t\t\t\t<h2 class=\"elementor-heading-title elementor-size-default\">INSTITUT INTERNATIONAL COADY<\/h2>\t\t\t\t<\/div>\n\t\t\t\t<\/div>\n\t\t\t\t<div class=\"elementor-element elementor-element-f4a6165 elementor-widget elementor-widget-button\" data-id=\"f4a6165\" data-element_type=\"widget\" data-widget_type=\"button.default\">\n\t\t\t\t<div class=\"elementor-widget-container\">\n\t\t\t\t\t\t\t\t\t<div class=\"elementor-button-wrapper\">\n\t\t\t\t\t<a class=\"elementor-button elementor-button-link elementor-size-sm\" href=\"http:\/\/coady.stfx.ca\">\n\t\t\t\t\t\t<span class=\"elementor-button-content-wrapper\">\n\t\t\t\t\t\t\t\t\t<span class=\"elementor-button-text\">coady.stfx.ca<\/span>\n\t\t\t\t\t<\/span>\n\t\t\t\t\t<\/a>\n\t\t\t\t<\/div>\n\t\t\t\t\t\t\t\t<\/div>\n\t\t\t\t<\/div>\n\t\t\t\t<\/div>\n\t\t\t\t<div class=\"elementor-element elementor-element-b954516 elementor-widget elementor-widget-text-editor\" data-id=\"b954516\" data-element_type=\"widget\" data-widget_type=\"text-editor.default\">\n\t\t\t\t<div class=\"elementor-widget-container\">\n\t\t\t\t\t\t\t\t\t<p>L&rsquo;Institut international COADY est une organisation ax\u00e9e sur le d\u00e9veloppement communautaire et la formation au leadership. Il s&rsquo;engage \u00e0 r\u00e9duire la pauvret\u00e9 en renfor\u00e7ant les \u00e9conomies locales gr\u00e2ce \u00e0 la cr\u00e9ation de communaut\u00e9s r\u00e9silientes et \u00e0 la promotion de la responsabilit\u00e9 sociale et de la bonne gouvernance. Il s&rsquo;efforce de combler et de transformer le foss\u00e9 Nord-Sud en r\u00e9unissant les Canadiens et les populations du Sud pour \u00e9changer des innovations et apprendre les uns des autres. Gr\u00e2ce \u00e0 des programmes de formation continue, \u00e0 des partenariats efficaces et \u00e0 des recherches appliqu\u00e9es, l&rsquo;Institut COADY fournit aux leaders communautaires et \u00e0 leurs organisations les connaissances et les outils pratiques n\u00e9cessaires pour am\u00e9liorer leur performance. L&rsquo;institut collabore avec les partenaires de Carrefour en Eswatini, au Ghana et en Tanzanie afin de renforcer leurs comp\u00e9tences en leadership.<\/p>\t\t\t\t\t\t\t\t<\/div>\n\t\t\t\t<\/div>\n\t\t\t\t<\/div>\n\t\t<div class=\"elementor-element elementor-element-d198b71 e-con-full e-flex e-con e-child\" data-id=\"d198b71\" data-element_type=\"container\" data-settings=\"{&quot;background_background&quot;:&quot;classic&quot;,&quot;_ha_eqh_enable&quot;:false}\">\n\t\t<div class=\"elementor-element elementor-element-e8d96be e-con-full e-flex e-con e-child\" data-id=\"e8d96be\" data-element_type=\"container\" data-settings=\"{&quot;_ha_eqh_enable&quot;:false}\">\n\t\t\t\t<div class=\"elementor-element elementor-element-f8518d8 elementor-widget elementor-widget-heading\" data-id=\"f8518d8\" data-element_type=\"widget\" data-widget_type=\"heading.default\">\n\t\t\t\t<div class=\"elementor-widget-container\">\n\t\t\t\t\t<h2 class=\"elementor-heading-title elementor-size-default\">REFUGE POUR FEMMES ERNESTINE<\/h2>\t\t\t\t<\/div>\n\t\t\t\t<\/div>\n\t\t\t\t<div class=\"elementor-element elementor-element-775688c elementor-widget elementor-widget-button\" data-id=\"775688c\" data-element_type=\"widget\" data-widget_type=\"button.default\">\n\t\t\t\t<div class=\"elementor-widget-container\">\n\t\t\t\t\t\t\t\t\t<div class=\"elementor-button-wrapper\">\n\t\t\t\t\t<a class=\"elementor-button elementor-button-link elementor-size-sm\" href=\"http:\/\/ernestines.ca\">\n\t\t\t\t\t\t<span class=\"elementor-button-content-wrapper\">\n\t\t\t\t\t\t\t\t\t<span class=\"elementor-button-text\">ernestines.ca<\/span>\n\t\t\t\t\t<\/span>\n\t\t\t\t\t<\/a>\n\t\t\t\t<\/div>\n\t\t\t\t\t\t\t\t<\/div>\n\t\t\t\t<\/div>\n\t\t\t\t<\/div>\n\t\t\t\t<div class=\"elementor-element elementor-element-8d420c0 elementor-widget elementor-widget-text-editor\" data-id=\"8d420c0\" data-element_type=\"widget\" data-widget_type=\"text-editor.default\">\n\t\t\t\t<div class=\"elementor-widget-container\">\n\t\t\t\t\t\t\t\t\t<p>Le refuge pour femmes Ernestine a \u00e9t\u00e9 cr\u00e9\u00e9 en 1983 pour offrir un lieu s\u00fbr aux femmes et aux enfants fuyant la violence. Depuis, Ernestine a aid\u00e9 plus de 6\u00a0000 familles en leur fournissant des soins d&rsquo;urgence essentiels. L&rsquo;association aide \u00e9galement les femmes et les enfants \u00e0 reconstruire leur vie en proposant des interventions de crise et une gamme de services de soutien holistique, tout en reconnaissant les difficult\u00e9s rencontr\u00e9es par les survivantes de violences. Le refuge adapte ses services aux besoins sp\u00e9cifiques de chaque personne et promeut la sensibilisation, l&rsquo;\u00e9ducation et la promotion de l&rsquo;intervention pr\u00e9coce et de la pr\u00e9vention. Ernestine travaille avec le refuge pour femmes KWIECO en Tanzanie.<\/p>\t\t\t\t\t\t\t\t<\/div>\n\t\t\t\t<\/div>\n\t\t\t\t<\/div>\n\t\t<div class=\"elementor-element elementor-element-86638b0 e-con-full e-flex e-con e-child\" data-id=\"86638b0\" data-element_type=\"container\" data-settings=\"{&quot;background_background&quot;:&quot;classic&quot;,&quot;_ha_eqh_enable&quot;:false}\">\n\t\t<div class=\"elementor-element elementor-element-3ad4ea6 e-con-full e-flex e-con e-child\" data-id=\"3ad4ea6\" data-element_type=\"container\" data-settings=\"{&quot;_ha_eqh_enable&quot;:false}\">\n\t\t\t\t<div class=\"elementor-element elementor-element-3d680f0 elementor-widget elementor-widget-heading\" data-id=\"3d680f0\" data-element_type=\"widget\" data-widget_type=\"heading.default\">\n\t\t\t\t<div class=\"elementor-widget-container\">\n\t\t\t\t\t<h2 class=\"elementor-heading-title elementor-size-default\">SOCI\u00c9T\u00c9 JOHN B. HOWARD DE TORONTO<\/h2>\t\t\t\t<\/div>\n\t\t\t\t<\/div>\n\t\t\t\t<div class=\"elementor-element elementor-element-8434f70 elementor-widget elementor-widget-button\" data-id=\"8434f70\" data-element_type=\"widget\" data-widget_type=\"button.default\">\n\t\t\t\t<div class=\"elementor-widget-container\">\n\t\t\t\t\t\t\t\t\t<div class=\"elementor-button-wrapper\">\n\t\t\t\t\t<a class=\"elementor-button elementor-button-link elementor-size-sm\" href=\"http:\/\/johnhoward.on.ca\">\n\t\t\t\t\t\t<span class=\"elementor-button-content-wrapper\">\n\t\t\t\t\t\t\t\t\t<span class=\"elementor-button-text\">johnhoward.on.ca<\/span>\n\t\t\t\t\t<\/span>\n\t\t\t\t\t<\/a>\n\t\t\t\t<\/div>\n\t\t\t\t\t\t\t\t<\/div>\n\t\t\t\t<\/div>\n\t\t\t\t<\/div>\n\t\t\t\t<div class=\"elementor-element elementor-element-35a2b91 elementor-widget elementor-widget-text-editor\" data-id=\"35a2b91\" data-element_type=\"widget\" data-widget_type=\"text-editor.default\">\n\t\t\t\t<div class=\"elementor-widget-container\">\n\t\t\t\t\t\t\t\t\t<p>Fond\u00e9e en 2010, la Soci\u00e9t\u00e9 est une organisation \u00e0 but non lucratif dont l&rsquo;objectif est de r\u00e9duire la criminalit\u00e9 et de r\u00e9parer les pr\u00e9judices sociaux et individuels qu&rsquo;elle cause. Elle accomplit sa mission \u00e0 travers divers programmes visant \u00e0 favoriser l&rsquo;int\u00e9gration sociale des personnes en conflit avec la loi. Elle promeut des changements humains dans le droit et l&rsquo;administration de la justice, ainsi qu&rsquo;un traitement juste et humain de toutes les personnes incarc\u00e9r\u00e9es. L&rsquo;institut collabore avec les partenaires de Carrefour au Ghana et au Togo pour former les forces de l&rsquo;ordre et les travailleurs sociaux \u00e0 la pr\u00e9vention et \u00e0 la r\u00e9ponse aux violences sexistes, et pour sensibiliser les hommes auteurs de violences sexistes.<\/p>\t\t\t\t\t\t\t\t<\/div>\n\t\t\t\t<\/div>\n\t\t\t\t<\/div>\n\t\t<div class=\"elementor-element elementor-element-54f6e73 e-con-full e-flex e-con e-child\" data-id=\"54f6e73\" data-element_type=\"container\" data-settings=\"{&quot;background_background&quot;:&quot;classic&quot;,&quot;_ha_eqh_enable&quot;:false}\">\n\t\t<div class=\"elementor-element elementor-element-4be51d3 e-con-full e-flex e-con e-child\" data-id=\"4be51d3\" data-element_type=\"container\" data-settings=\"{&quot;_ha_eqh_enable&quot;:false}\">\n\t\t\t\t<div class=\"elementor-element elementor-element-c3c1e7b elementor-widget elementor-widget-heading\" data-id=\"c3c1e7b\" data-element_type=\"widget\" data-widget_type=\"heading.default\">\n\t\t\t\t<div class=\"elementor-widget-container\">\n\t\t\t\t\t<h2 class=\"elementor-heading-title elementor-size-default\">UNION DES PRODUCTEURS AGRICOLE (UPA)<\/h2>\t\t\t\t<\/div>\n\t\t\t\t<\/div>\n\t\t\t\t<div class=\"elementor-element elementor-element-e1fdecd elementor-widget elementor-widget-button\" data-id=\"e1fdecd\" data-element_type=\"widget\" data-widget_type=\"button.default\">\n\t\t\t\t<div class=\"elementor-widget-container\">\n\t\t\t\t\t\t\t\t\t<div class=\"elementor-button-wrapper\">\n\t\t\t\t\t<a class=\"elementor-button elementor-button-link elementor-size-sm\" href=\"http:\/\/upa.qc.ca\">\n\t\t\t\t\t\t<span class=\"elementor-button-content-wrapper\">\n\t\t\t\t\t\t\t\t\t<span class=\"elementor-button-text\">upa.qc.ca<\/span>\n\t\t\t\t\t<\/span>\n\t\t\t\t\t<\/a>\n\t\t\t\t<\/div>\n\t\t\t\t\t\t\t\t<\/div>\n\t\t\t\t<\/div>\n\t\t\t\t<\/div>\n\t\t\t\t<div class=\"elementor-element elementor-element-6fb6749 elementor-widget elementor-widget-text-editor\" data-id=\"6fb6749\" data-element_type=\"widget\" data-widget_type=\"text-editor.default\">\n\t\t\t\t<div class=\"elementor-widget-container\">\n\t\t\t\t\t\t\t\t\t<p>L&rsquo;UPA est un organisme officiel qui repr\u00e9sente les producteurs agricoles et forestiers du Qu\u00e9bec. Elle f\u00e9d\u00e8re les agriculteurs de deux fa\u00e7ons\u00a0: en fonction de leur lieu de r\u00e9sidence et de leur production. L&rsquo;UPA promeut, d\u00e9fend et fait progresser les int\u00e9r\u00eats professionnels, \u00e9conomiques, sociaux et moraux des producteurs agricoles et forestiers du Qu\u00e9bec. L&rsquo;UPA \u00e9tablit des partenariats avec des organisations paysannes d&rsquo;Afrique, d&rsquo;Am\u00e9rique latine et d&rsquo;Asie afin de renforcer leur capacit\u00e9 \u00e0 agir collectivement pour le d\u00e9veloppement de l&rsquo;agriculture et le bien-\u00eatre des familles rurales. L&rsquo;UPA travaille avec les partenaires de Carrefour International au Togo.<\/p>\t\t\t\t\t\t\t\t<\/div>\n\t\t\t\t<\/div>\n\t\t\t\t<\/div>\n\t\t<div class=\"elementor-element elementor-element-7878e0d e-con-full e-flex e-con e-child\" data-id=\"7878e0d\" data-element_type=\"container\" data-settings=\"{&quot;background_background&quot;:&quot;classic&quot;,&quot;_ha_eqh_enable&quot;:false}\">\n\t\t<div class=\"elementor-element elementor-element-540cc7d e-con-full e-flex e-con e-child\" data-id=\"540cc7d\" data-element_type=\"container\" data-settings=\"{&quot;_ha_eqh_enable&quot;:false}\">\n\t\t\t\t<div class=\"elementor-element elementor-element-825ff95 elementor-widget elementor-widget-heading\" data-id=\"825ff95\" data-element_type=\"widget\" data-widget_type=\"heading.default\">\n\t\t\t\t<div class=\"elementor-widget-container\">\n\t\t\t\t\t<h2 class=\"elementor-heading-title elementor-size-default\">FONDATION POWER TO GIRLS<\/h2>\t\t\t\t<\/div>\n\t\t\t\t<\/div>\n\t\t\t\t<div class=\"elementor-element elementor-element-7427054 elementor-widget elementor-widget-button\" data-id=\"7427054\" data-element_type=\"widget\" data-widget_type=\"button.default\">\n\t\t\t\t<div class=\"elementor-widget-container\">\n\t\t\t\t\t\t\t\t\t<div class=\"elementor-button-wrapper\">\n\t\t\t\t\t<a class=\"elementor-button elementor-button-link elementor-size-sm\" href=\"http:\/\/powertogirls.com\">\n\t\t\t\t\t\t<span class=\"elementor-button-content-wrapper\">\n\t\t\t\t\t\t\t\t\t<span class=\"elementor-button-text\">powertogirls.com<\/span>\n\t\t\t\t\t<\/span>\n\t\t\t\t\t<\/a>\n\t\t\t\t<\/div>\n\t\t\t\t\t\t\t\t<\/div>\n\t\t\t\t<\/div>\n\t\t\t\t<\/div>\n\t\t\t\t<div class=\"elementor-element elementor-element-5a57b15 elementor-widget elementor-widget-text-editor\" data-id=\"5a57b15\" data-element_type=\"widget\" data-widget_type=\"text-editor.default\">\n\t\t\t\t<div class=\"elementor-widget-container\">\n\t\t\t\t\t\t\t\t\t<p>La Fondation Power to Girls encourage et autonomise les filles et contribue \u00e0 cr\u00e9er des espaces propices \u00e0 l&rsquo;\u00e9panouissement, au leadership et \u00e0 la libert\u00e9 \u00e9conomique. Elle propose du mentorat, des interactions communautaires et des activit\u00e9s r\u00e9cr\u00e9atives qui favorisent la confiance en soi, l&rsquo;estime de soi, l&rsquo;amiti\u00e9 et les bonnes pratiques alimentaires et d&rsquo;hygi\u00e8ne chez les filles. La Fondation travaille avec des membres de clubs d&rsquo;autonomisation des filles au Ghana.<\/p>\t\t\t\t\t\t\t\t<\/div>\n\t\t\t\t<\/div>\n\t\t\t\t<\/div>\n\t\t<div class=\"elementor-element elementor-element-1dcdb51 e-con-full e-flex e-con e-child\" data-id=\"1dcdb51\" data-element_type=\"container\" data-settings=\"{&quot;background_background&quot;:&quot;classic&quot;,&quot;_ha_eqh_enable&quot;:false}\">\n\t\t<div class=\"elementor-element elementor-element-156b544 e-con-full e-flex e-con e-child\" data-id=\"156b544\" data-element_type=\"container\" data-settings=\"{&quot;_ha_eqh_enable&quot;:false}\">\n\t\t\t\t<div class=\"elementor-element elementor-element-9763b53 elementor-widget elementor-widget-heading\" data-id=\"9763b53\" data-element_type=\"widget\" data-widget_type=\"heading.default\">\n\t\t\t\t<div class=\"elementor-widget-container\">\n\t\t\t\t\t<h2 class=\"elementor-heading-title elementor-size-default\">LA COMPAGNIE GREEN BEAVER<\/h2>\t\t\t\t<\/div>\n\t\t\t\t<\/div>\n\t\t\t\t<div class=\"elementor-element elementor-element-1be9ef3 elementor-widget elementor-widget-button\" data-id=\"1be9ef3\" data-element_type=\"widget\" data-widget_type=\"button.default\">\n\t\t\t\t<div class=\"elementor-widget-container\">\n\t\t\t\t\t\t\t\t\t<div class=\"elementor-button-wrapper\">\n\t\t\t\t\t<a class=\"elementor-button elementor-button-link elementor-size-sm\" href=\"http:\/\/greenbeaver.com\">\n\t\t\t\t\t\t<span class=\"elementor-button-content-wrapper\">\n\t\t\t\t\t\t\t\t\t<span class=\"elementor-button-text\">greenbeaver.com<\/span>\n\t\t\t\t\t<\/span>\n\t\t\t\t\t<\/a>\n\t\t\t\t<\/div>\n\t\t\t\t\t\t\t\t<\/div>\n\t\t\t\t<\/div>\n\t\t\t\t<\/div>\n\t\t\t\t<div class=\"elementor-element elementor-element-0373ed1 elementor-widget elementor-widget-text-editor\" data-id=\"0373ed1\" data-element_type=\"widget\" data-widget_type=\"text-editor.default\">\n\t\t\t\t<div class=\"elementor-widget-container\">\n\t\t\t\t\t\t\t\t\t<p>Green Beaver est une entreprise familiale fond\u00e9e en 2002 par Karen Clark, biochimiste, et Alain M\u00e9nard, microbiologiste. Ils ont tous deux quitt\u00e9 l&rsquo;industrie des pesticides et de l&rsquo;industrie pharmaceutique pour adopter une vie plus saine et plus naturelle. La mission de Green Beaver est d&rsquo;aider les gens \u00e0 r\u00e9duire leur exposition aux ingr\u00e9dients chimiques toxiques qui polluent notre environnement. Green Beaver s&rsquo;appuie sur des ingr\u00e9dients purs et naturels pour proposer \u00e0 ses clients des alternatives s\u00fbres aux produits d&rsquo;entretien m\u00e9nager et de soins personnels courants. Ils collaborent avec l&rsquo;UNFCS au S\u00e9n\u00e9gal pour l&rsquo;autonomisation \u00e9conomique des femmes.<\/p>\t\t\t\t\t\t\t\t<\/div>\n\t\t\t\t<\/div>\n\t\t\t\t<\/div>\n\t\t<div class=\"elementor-element elementor-element-e15f84a e-con-full e-flex e-con e-child\" data-id=\"e15f84a\" data-element_type=\"container\" data-settings=\"{&quot;background_background&quot;:&quot;classic&quot;,&quot;_ha_eqh_enable&quot;:false}\">\n\t\t<div class=\"elementor-element elementor-element-7029b74 e-con-full e-flex e-con e-child\" data-id=\"7029b74\" data-element_type=\"container\" data-settings=\"{&quot;_ha_eqh_enable&quot;:false}\">\n\t\t\t\t<div class=\"elementor-element elementor-element-a592ce6 elementor-widget elementor-widget-heading\" data-id=\"a592ce6\" data-element_type=\"widget\" data-widget_type=\"heading.default\">\n\t\t\t\t<div class=\"elementor-widget-container\">\n\t\t\t\t\t<h2 class=\"elementor-heading-title elementor-size-default\">INSTITUT DES DROITS HUMAINS DES FEMMES (WHRI) - GHANA<\/h2>\t\t\t\t<\/div>\n\t\t\t\t<\/div>\n\t\t\t\t<div class=\"elementor-element elementor-element-a03b6ee elementor-widget elementor-widget-button\" data-id=\"a03b6ee\" data-element_type=\"widget\" data-widget_type=\"button.default\">\n\t\t\t\t<div class=\"elementor-widget-container\">\n\t\t\t\t\t\t\t\t\t<div class=\"elementor-button-wrapper\">\n\t\t\t\t\t<a class=\"elementor-button elementor-button-link elementor-size-sm\" href=\"http:\/\/learnwhr.org\">\n\t\t\t\t\t\t<span class=\"elementor-button-content-wrapper\">\n\t\t\t\t\t\t\t\t\t<span class=\"elementor-button-text\">learnwhr.org<\/span>\n\t\t\t\t\t<\/span>\n\t\t\t\t\t<\/a>\n\t\t\t\t<\/div>\n\t\t\t\t\t\t\t\t<\/div>\n\t\t\t\t<\/div>\n\t\t\t\t<\/div>\n\t\t\t\t<div class=\"elementor-element elementor-element-1d5b183 elementor-widget elementor-widget-text-editor\" data-id=\"1d5b183\" data-element_type=\"widget\" data-widget_type=\"text-editor.default\">\n\t\t\t\t<div class=\"elementor-widget-container\">\n\t\t\t\t\t\t\t\t\t<p>Le WHRI aide les participantes \u00e0 d\u00e9velopper une compr\u00e9hension pratique du syst\u00e8me des droits de l&rsquo;homme des Nations Unies et \u00e0 apprendre \u00e0 appliquer un cadre de r\u00e9f\u00e9rence pour les droits des femmes \u00e0 une multitude de probl\u00e9matiques. Les participantes d\u00e9veloppent des comp\u00e9tences pratiques d&rsquo;animation pour devenir des \u00e9ducateurs en droits de l&rsquo;homme dans leurs r\u00e9gions et organisations. Le WHRI s&rsquo;appuie sur le soutien de bailleurs de fonds et d&rsquo;organisations partenaires engag\u00e9es dans l&rsquo;\u00e9ducation et l&rsquo;autonomisation des femmes en mati\u00e8re de droits humains. Le WHRI travaille avec des partenaires locaux au Ghana.<\/p>\t\t\t\t\t\t\t\t<\/div>\n\t\t\t\t<\/div>\n\t\t\t\t<\/div>\n\t\t\t\t\t<\/div>\n\t\t\t\t<\/div>\n\t\t\t\t<\/div>\n\t\t","protected":false},"excerpt":{"rendered":"<p>Notre travail Pays et partenaires Canada Nos organisations partenaires canadiennes offrent un soutien technique et strat\u00e9gique au recrutement de volontaires canadiens pour faire progresser ensemble l&rsquo;\u00e9galit\u00e9 des genres. Des entreprises du secteur priv\u00e9, des organisations de femmes, des universitaires et des organisations de la diaspora africaine collaborent quotidiennement avec Carrefour pour mettre en \u0153uvre notre [&hellip;]<\/p>\n","protected":false},"author":1,"featured_media":0,"parent":22393,"menu_order":0,"comment_status":"closed","ping_status":"closed","template":"elementor_header_footer","meta":{"_acf_changed":false,"footnotes":""},"class_list":["post-22405","page","type-page","status-publish","hentry"],"acf":[],"_links":{"self":[{"href":"https:\/\/crossboard.dev2.smartegy.ca\/fr\/wp-json\/wp\/v2\/pages\/22405","targetHints":{"allow":["GET"]}}],"collection":[{"href":"https:\/\/crossboard.dev2.smartegy.ca\/fr\/wp-json\/wp\/v2\/pages"}],"about":[{"href":"https:\/\/crossboard.dev2.smartegy.ca\/fr\/wp-json\/wp\/v2\/types\/page"}],"author":[{"embeddable":true,"href":"https:\/\/crossboard.dev2.smartegy.ca\/fr\/wp-json\/wp\/v2\/users\/1"}],"replies":[{"embeddable":true,"href":"https:\/\/crossboard.dev2.smartegy.ca\/fr\/wp-json\/wp\/v2\/comments?post=22405"}],"version-history":[{"count":7,"href":"https:\/\/crossboard.dev2.smartegy.ca\/fr\/wp-json\/wp\/v2\/pages\/22405\/revisions"}],"predecessor-version":[{"id":23641,"href":"https:\/\/crossboard.dev2.smartegy.ca\/fr\/wp-json\/wp\/v2\/pages\/22405\/revisions\/23641"}],"up":[{"embeddable":true,"href":"https:\/\/crossboard.dev2.smartegy.ca\/fr\/wp-json\/wp\/v2\/pages\/22393"}],"wp:attachment":[{"href":"https:\/\/crossboard.dev2.smartegy.ca\/fr\/wp-json\/wp\/v2\/media?parent=22405"}],"curies":[{"name":"wp","href":"https:\/\/api.w.org\/{rel}","templated":true}]}}