{"id":22434,"date":"2024-12-09T11:00:21","date_gmt":"2024-12-09T11:00:21","guid":{"rendered":"https:\/\/crossboard.dev2.smartegy.ca\/?page_id=22434"},"modified":"2025-06-30T12:02:37","modified_gmt":"2025-06-30T12:02:37","slug":"burkina-faso-fr","status":"publish","type":"page","link":"https:\/\/crossboard.dev2.smartegy.ca\/fr\/notre-travail-ce-que-nous-faisons\/pays-et-partenaires\/burkina-faso-fr\/","title":{"rendered":"BURKINA FASO FR"},"content":{"rendered":"\t\t<div data-elementor-type=\"wp-page\" data-elementor-id=\"22434\" class=\"elementor elementor-22434 elementor-918\" data-elementor-settings=\"{&quot;ha_cmc_init_switcher&quot;:&quot;no&quot;}\" data-elementor-post-type=\"page\">\n\t\t\t\t<div class=\"elementor-element elementor-element-aceb8e2 e-con-full e-flex e-con e-parent\" data-id=\"aceb8e2\" data-element_type=\"container\" data-settings=\"{&quot;background_background&quot;:&quot;classic&quot;,&quot;_ha_eqh_enable&quot;:false}\">\n\t\t\t\t<div class=\"elementor-element elementor-element-3eca959 elementor-widget elementor-widget-text-editor\" data-id=\"3eca959\" data-element_type=\"widget\" data-widget_type=\"text-editor.default\">\n\t\t\t\t<div class=\"elementor-widget-container\">\n\t\t\t\t\t\t\t\t\t<p>Notre travail<\/p>\t\t\t\t\t\t\t\t<\/div>\n\t\t\t\t<\/div>\n\t\t\t\t<div class=\"elementor-element elementor-element-37f7e94 elementor-widget elementor-widget-text-editor\" data-id=\"37f7e94\" data-element_type=\"widget\" data-widget_type=\"text-editor.default\">\n\t\t\t\t<div class=\"elementor-widget-container\">\n\t\t\t\t\t\t\t\t\t<p>Pays et partenaires<\/p>\t\t\t\t\t\t\t\t<\/div>\n\t\t\t\t<\/div>\n\t\t\t\t<\/div>\n\t\t<div class=\"elementor-element elementor-element-e702398 e-flex e-con-boxed e-con e-parent\" data-id=\"e702398\" data-element_type=\"container\" data-settings=\"{&quot;_ha_eqh_enable&quot;:false}\">\n\t\t\t\t\t<div class=\"e-con-inner\">\n\t\t\t\t<div class=\"elementor-element elementor-element-0bb872f elementor-widget elementor-widget-shortcode\" data-id=\"0bb872f\" data-element_type=\"widget\" data-widget_type=\"shortcode.default\">\n\t\t\t\t<div class=\"elementor-widget-container\">\n\t\t\t\t\t\t\t<div class=\"elementor-shortcode\"><\/div>\n\t\t\t\t\t\t<\/div>\n\t\t\t\t<\/div>\n\t\t\t\t<div class=\"elementor-element elementor-element-f4a4c17 elementor-widget elementor-widget-heading\" data-id=\"f4a4c17\" data-element_type=\"widget\" data-widget_type=\"heading.default\">\n\t\t\t\t<div class=\"elementor-widget-container\">\n\t\t\t\t\t<h2 class=\"elementor-heading-title elementor-size-default\">BURKINA FASO<\/h2>\t\t\t\t<\/div>\n\t\t\t\t<\/div>\n\t\t\t\t<div class=\"elementor-element elementor-element-7489e80 elementor-widget elementor-widget-text-editor\" data-id=\"7489e80\" data-element_type=\"widget\" data-widget_type=\"text-editor.default\">\n\t\t\t\t<div class=\"elementor-widget-container\">\n\t\t\t\t\t\t\t\t\t<p>La pauvret\u00e9, les violences sexistes, les mariages pr\u00e9coces et la faible participation \u00e0 la vie politique et publique sont quelques-unes des difficult\u00e9s auxquelles les femmes et les filles sont confront\u00e9es au Burkina Faso. Le pays affiche un taux de pr\u00e9valence du mariage des enfants de 52 % et 76 % des femmes et des filles \u00e2g\u00e9es de 15 \u00e0 49 ans ont subi des mutilations g\u00e9nitales f\u00e9minines (MGF). Malgr\u00e9 les mesures positives prises par le gouvernement burkinab\u00e9, l&rsquo;influence des traditions et de la culture reste importante et continue de peser sur les femmes et les filles. La repr\u00e9sentation des femmes au parlement burkinab\u00e9 n&rsquo;est que de 11 %.<\/p>\t\t\t\t\t\t\t\t<\/div>\n\t\t\t\t<\/div>\n\t\t\t\t<div class=\"elementor-element elementor-element-a42c30e elementor-widget elementor-widget-button\" data-id=\"a42c30e\" data-element_type=\"widget\" data-widget_type=\"button.default\">\n\t\t\t\t<div class=\"elementor-widget-container\">\n\t\t\t\t\t\t\t\t\t<div class=\"elementor-button-wrapper\">\n\t\t\t\t\t<a class=\"elementor-button elementor-button-link elementor-size-sm\" href=\"\/fr\/benevole-besoin-daide-etre-un-sauveur-ou-quelquun\/\">\n\t\t\t\t\t\t<span class=\"elementor-button-content-wrapper\">\n\t\t\t\t\t\t\t\t\t<span class=\"elementor-button-text\"> Faire du volontariat<\/span>\n\t\t\t\t\t<\/span>\n\t\t\t\t\t<\/a>\n\t\t\t\t<\/div>\n\t\t\t\t\t\t\t\t<\/div>\n\t\t\t\t<\/div>\n\t\t\t\t<div class=\"elementor-element elementor-element-e92cb29 elementor-widget elementor-widget-heading\" data-id=\"e92cb29\" data-element_type=\"widget\" data-widget_type=\"heading.default\">\n\t\t\t\t<div class=\"elementor-widget-container\">\n\t\t\t\t\t<h2 class=\"elementor-heading-title elementor-size-default\">CARREFOUR DOMAINES D'INTERVENTION :<\/h2>\t\t\t\t<\/div>\n\t\t\t\t<\/div>\n\t\t<div class=\"elementor-element elementor-element-e26c3c5 e-con-full e-flex e-con e-child\" data-id=\"e26c3c5\" data-element_type=\"container\" data-settings=\"{&quot;_ha_eqh_enable&quot;:false}\">\n\t\t\t\t<div class=\"elementor-element elementor-element-df01dc4 elementor-widget elementor-widget-button\" data-id=\"df01dc4\" data-element_type=\"widget\" data-widget_type=\"button.default\">\n\t\t\t\t<div class=\"elementor-widget-container\">\n\t\t\t\t\t\t\t\t\t<div class=\"elementor-button-wrapper\">\n\t\t\t\t\t<a class=\"elementor-button elementor-button-link elementor-size-sm\" href=\"\/fr\/notre-travail-ce-que-nous-faisons\/droits-des-femmes-et-des-filles\/\">\n\t\t\t\t\t\t<span class=\"elementor-button-content-wrapper\">\n\t\t\t\t\t\t<span class=\"elementor-button-icon\">\n\t\t\t\t<svg xmlns=\"http:\/\/www.w3.org\/2000\/svg\" width=\"17\" height=\"18\" viewBox=\"0 0 17 18\" fill=\"none\"><g clip-path=\"url(#clip0_750_15553)\"><path d=\"M4.92023 17.5C4.56197 17.5 4.22515 17.3604 3.97132 17.107C3.71791 16.8534 3.57812 16.5163 3.57812 16.1579C3.57812 15.7994 3.71794 15.4623 3.97132 15.2089L10.1803 8.99993L3.97132 2.79102C3.71791 2.53751 3.57812 2.20046 3.57812 1.842C3.57812 1.48354 3.71794 1.14646 3.97132 0.892992C4.22469 0.63952 4.56197 0.5 4.92023 0.5C5.27849 0.5 5.61577 0.639486 5.86914 0.892859L13.0271 8.05092C13.2805 8.30443 13.4203 8.64147 13.4203 8.99993C13.4203 9.35839 13.2804 9.69547 13.0271 9.94895L5.86914 17.1069C5.6153 17.3604 5.27846 17.5 4.92023 17.5Z\" fill=\"#F3911F\"><\/path><\/g><defs><clipPath id=\"clip0_750_15553\"><rect width=\"17\" height=\"17\" fill=\"white\" transform=\"translate(0 0.5)\"><\/rect><\/clipPath><\/defs><\/svg>\t\t\t<\/span>\n\t\t\t\t\t\t\t\t\t<span class=\"elementor-button-text\">Droits des femmes et des filles<\/span>\n\t\t\t\t\t<\/span>\n\t\t\t\t\t<\/a>\n\t\t\t\t<\/div>\n\t\t\t\t\t\t\t\t<\/div>\n\t\t\t\t<\/div>\n\t\t\t\t<div class=\"elementor-element elementor-element-31d1c05 elementor-widget elementor-widget-button\" data-id=\"31d1c05\" data-element_type=\"widget\" data-widget_type=\"button.default\">\n\t\t\t\t<div class=\"elementor-widget-container\">\n\t\t\t\t\t\t\t\t\t<div class=\"elementor-button-wrapper\">\n\t\t\t\t\t<a class=\"elementor-button elementor-button-link elementor-size-sm\" href=\"\/fr\/notre-travail-ce-que-nous-faisons\/droits-des-femmes-et-des-filles\/violence-basee-sur-le-genre\/\">\n\t\t\t\t\t\t<span class=\"elementor-button-content-wrapper\">\n\t\t\t\t\t\t<span class=\"elementor-button-icon\">\n\t\t\t\t<svg xmlns=\"http:\/\/www.w3.org\/2000\/svg\" width=\"17\" height=\"18\" viewBox=\"0 0 17 18\" fill=\"none\"><g clip-path=\"url(#clip0_750_15553)\"><path d=\"M4.92023 17.5C4.56197 17.5 4.22515 17.3604 3.97132 17.107C3.71791 16.8534 3.57812 16.5163 3.57812 16.1579C3.57812 15.7994 3.71794 15.4623 3.97132 15.2089L10.1803 8.99993L3.97132 2.79102C3.71791 2.53751 3.57812 2.20046 3.57812 1.842C3.57812 1.48354 3.71794 1.14646 3.97132 0.892992C4.22469 0.63952 4.56197 0.5 4.92023 0.5C5.27849 0.5 5.61577 0.639486 5.86914 0.892859L13.0271 8.05092C13.2805 8.30443 13.4203 8.64147 13.4203 8.99993C13.4203 9.35839 13.2804 9.69547 13.0271 9.94895L5.86914 17.1069C5.6153 17.3604 5.27846 17.5 4.92023 17.5Z\" fill=\"#F3911F\"><\/path><\/g><defs><clipPath id=\"clip0_750_15553\"><rect width=\"17\" height=\"17\" fill=\"white\" transform=\"translate(0 0.5)\"><\/rect><\/clipPath><\/defs><\/svg>\t\t\t<\/span>\n\t\t\t\t\t\t\t\t\t<span class=\"elementor-button-text\">Violence bas\u00e9e sur le genre<\/span>\n\t\t\t\t\t<\/span>\n\t\t\t\t\t<\/a>\n\t\t\t\t<\/div>\n\t\t\t\t\t\t\t\t<\/div>\n\t\t\t\t<\/div>\n\t\t\t\t<div class=\"elementor-element elementor-element-7aaecd3 elementor-widget elementor-widget-button\" data-id=\"7aaecd3\" data-element_type=\"widget\" data-widget_type=\"button.default\">\n\t\t\t\t<div class=\"elementor-widget-container\">\n\t\t\t\t\t\t\t\t\t<div class=\"elementor-button-wrapper\">\n\t\t\t\t\t<a class=\"elementor-button elementor-button-link elementor-size-sm\" href=\"\/fr\/notre-travail-ce-que-nous-faisons\/autonomisation-economique\/\">\n\t\t\t\t\t\t<span class=\"elementor-button-content-wrapper\">\n\t\t\t\t\t\t<span class=\"elementor-button-icon\">\n\t\t\t\t<svg xmlns=\"http:\/\/www.w3.org\/2000\/svg\" width=\"17\" height=\"18\" viewBox=\"0 0 17 18\" fill=\"none\"><g clip-path=\"url(#clip0_750_15553)\"><path d=\"M4.92023 17.5C4.56197 17.5 4.22515 17.3604 3.97132 17.107C3.71791 16.8534 3.57812 16.5163 3.57812 16.1579C3.57812 15.7994 3.71794 15.4623 3.97132 15.2089L10.1803 8.99993L3.97132 2.79102C3.71791 2.53751 3.57812 2.20046 3.57812 1.842C3.57812 1.48354 3.71794 1.14646 3.97132 0.892992C4.22469 0.63952 4.56197 0.5 4.92023 0.5C5.27849 0.5 5.61577 0.639486 5.86914 0.892859L13.0271 8.05092C13.2805 8.30443 13.4203 8.64147 13.4203 8.99993C13.4203 9.35839 13.2804 9.69547 13.0271 9.94895L5.86914 17.1069C5.6153 17.3604 5.27846 17.5 4.92023 17.5Z\" fill=\"#F3911F\"><\/path><\/g><defs><clipPath id=\"clip0_750_15553\"><rect width=\"17\" height=\"17\" fill=\"white\" transform=\"translate(0 0.5)\"><\/rect><\/clipPath><\/defs><\/svg>\t\t\t<\/span>\n\t\t\t\t\t\t\t\t\t<span class=\"elementor-button-text\">Autonomisation \u00e9conomique<\/span>\n\t\t\t\t\t<\/span>\n\t\t\t\t\t<\/a>\n\t\t\t\t<\/div>\n\t\t\t\t\t\t\t\t<\/div>\n\t\t\t\t<\/div>\n\t\t\t\t<\/div>\n\t\t\t\t<div class=\"elementor-element elementor-element-a9e7236 elementor-widget elementor-widget-heading\" data-id=\"a9e7236\" data-element_type=\"widget\" data-widget_type=\"heading.default\">\n\t\t\t\t<div class=\"elementor-widget-container\">\n\t\t\t\t\t<h2 class=\"elementor-heading-title elementor-size-default\">PARTENAIRES<\/h2>\t\t\t\t<\/div>\n\t\t\t\t<\/div>\n\t\t<div class=\"elementor-element elementor-element-d0df64a e-con-full e-flex e-con e-child\" data-id=\"d0df64a\" data-element_type=\"container\" data-settings=\"{&quot;background_background&quot;:&quot;classic&quot;,&quot;_ha_eqh_enable&quot;:false}\">\n\t\t<div class=\"elementor-element elementor-element-a1600cb e-con-full e-flex e-con e-child\" data-id=\"a1600cb\" data-element_type=\"container\" data-settings=\"{&quot;_ha_eqh_enable&quot;:false}\">\n\t\t\t\t<div class=\"elementor-element elementor-element-7fd85cc elementor-widget elementor-widget-heading\" data-id=\"7fd85cc\" data-element_type=\"widget\" data-widget_type=\"heading.default\">\n\t\t\t\t<div class=\"elementor-widget-container\">\n\t\t\t\t\t<h2 class=\"elementor-heading-title elementor-size-default\">COALITION BURKINAB\u00c9 POUR LES DROITS DE LA FEMME (CBDF)<\/h2>\t\t\t\t<\/div>\n\t\t\t\t<\/div>\n\t\t\t\t<div class=\"elementor-element elementor-element-f4a6165 elementor-widget elementor-widget-button\" data-id=\"f4a6165\" data-element_type=\"widget\" data-widget_type=\"button.default\">\n\t\t\t\t<div class=\"elementor-widget-container\">\n\t\t\t\t\t\t\t\t\t<div class=\"elementor-button-wrapper\">\n\t\t\t\t\t<a class=\"elementor-button elementor-button-link elementor-size-sm\" href=\"http:\/\/courantsdefemmes.free.fr\">\n\t\t\t\t\t\t<span class=\"elementor-button-content-wrapper\">\n\t\t\t\t\t\t\t\t\t<span class=\"elementor-button-text\">courantsdefemmes.free.fr<\/span>\n\t\t\t\t\t<\/span>\n\t\t\t\t\t<\/a>\n\t\t\t\t<\/div>\n\t\t\t\t\t\t\t\t<\/div>\n\t\t\t\t<\/div>\n\t\t\t\t<\/div>\n\t\t\t\t<div class=\"elementor-element elementor-element-b954516 elementor-widget elementor-widget-text-editor\" data-id=\"b954516\" data-element_type=\"widget\" data-widget_type=\"text-editor.default\">\n\t\t\t\t<div class=\"elementor-widget-container\">\n\t\t\t\t\t\t\t\t\t<p>CBDF est un r\u00e9seau de 15 ONG et associations aux comp\u00e9tences diversifi\u00e9es et \u00e0 l&rsquo;objectif commun d&rsquo;am\u00e9liorer les droits des femmes. CBDF \u0153uvre pour la promotion de l&rsquo;\u00e9galit\u00e9 entre les hommes et les femmes, la d\u00e9fense de la participation effective des femmes \u00e0 la vie politique et la lutte contre les violences sexistes. La principale collaboration entre Carrefour International et CBDF est la pr\u00e9vention des mariages forc\u00e9s et pr\u00e9coces de filles.<\/p>\t\t\t\t\t\t\t\t<\/div>\n\t\t\t\t<\/div>\n\t\t\t\t<\/div>\n\t\t<div class=\"elementor-element elementor-element-d198b71 e-con-full e-flex e-con e-child\" data-id=\"d198b71\" data-element_type=\"container\" data-settings=\"{&quot;background_background&quot;:&quot;classic&quot;,&quot;_ha_eqh_enable&quot;:false}\">\n\t\t<div class=\"elementor-element elementor-element-e8d96be e-con-full e-flex e-con e-child\" data-id=\"e8d96be\" data-element_type=\"container\" data-settings=\"{&quot;_ha_eqh_enable&quot;:false}\">\n\t\t\t\t<div class=\"elementor-element elementor-element-f8518d8 elementor-widget elementor-widget-heading\" data-id=\"f8518d8\" data-element_type=\"widget\" data-widget_type=\"heading.default\">\n\t\t\t\t<div class=\"elementor-widget-container\">\n\t\t\t\t\t<h2 class=\"elementor-heading-title elementor-size-default\">ASMADE (ASSOCIATION SONGUI MAN\u00c9GR\u00c9 \/AIDE AU D\u00c9VELOPPEMENT ENDOG\u00c8NE)<\/h2>\t\t\t\t<\/div>\n\t\t\t\t<\/div>\n\t\t\t\t<div class=\"elementor-element elementor-element-775688c elementor-widget elementor-widget-button\" data-id=\"775688c\" data-element_type=\"widget\" data-widget_type=\"button.default\">\n\t\t\t\t<div class=\"elementor-widget-container\">\n\t\t\t\t\t\t\t\t\t<div class=\"elementor-button-wrapper\">\n\t\t\t\t\t<a class=\"elementor-button elementor-button-link elementor-size-sm\" href=\"http:\/\/ongasmade.org\">\n\t\t\t\t\t\t<span class=\"elementor-button-content-wrapper\">\n\t\t\t\t\t\t\t\t\t<span class=\"elementor-button-text\">ongasmade.org<\/span>\n\t\t\t\t\t<\/span>\n\t\t\t\t\t<\/a>\n\t\t\t\t<\/div>\n\t\t\t\t\t\t\t\t<\/div>\n\t\t\t\t<\/div>\n\t\t\t\t<\/div>\n\t\t\t\t<div class=\"elementor-element elementor-element-8d420c0 elementor-widget elementor-widget-text-editor\" data-id=\"8d420c0\" data-element_type=\"widget\" data-widget_type=\"text-editor.default\">\n\t\t\t\t<div class=\"elementor-widget-container\">\n\t\t\t\t\t\t\t\t\t<p>Depuis 1994, cette organisation s&rsquo;engage pour le bien-\u00eatre des populations burkinab\u00e8 et travaille directement avec 105 organisations communautaires de base et 4 r\u00e9seaux dans les secteurs de la restauration et de la transformation, de l&rsquo;agriculture, des mutualistes en milieu rural et urbain, aupr\u00e8s des jeunes scolaris\u00e9s et non scolaris\u00e9s et des populations \u00e2g\u00e9es de 14 \u00e0 65 ans, en particulier les femmes et les enfants. Carrefour travaille avec ASMADE depuis 2020 pour am\u00e9liorer l&rsquo;acc\u00e8s \u00e0 la justice et aux droits en mati\u00e8re de sant\u00e9 sexuelle et reproductive, r\u00e9duire les violences bas\u00e9es sur le genre, renforcer le leadership et la repr\u00e9sentation politique des femmes et des filles, accro\u00eetre le pouvoir \u00e9conomique des femmes et accro\u00eetre leur r\u00e9silience au changement climatique et \u00e0 la durabilit\u00e9 environnementale.<\/p>\t\t\t\t\t\t\t\t<\/div>\n\t\t\t\t<\/div>\n\t\t\t\t<\/div>\n\t\t<div class=\"elementor-element elementor-element-86638b0 e-con-full e-flex e-con e-child\" data-id=\"86638b0\" data-element_type=\"container\" data-settings=\"{&quot;background_background&quot;:&quot;classic&quot;,&quot;_ha_eqh_enable&quot;:false}\">\n\t\t<div class=\"elementor-element elementor-element-3ad4ea6 e-con-full e-flex e-con e-child\" data-id=\"3ad4ea6\" data-element_type=\"container\" data-settings=\"{&quot;_ha_eqh_enable&quot;:false}\">\n\t\t\t\t<div class=\"elementor-element elementor-element-3d680f0 elementor-widget elementor-widget-heading\" data-id=\"3d680f0\" data-element_type=\"widget\" data-widget_type=\"heading.default\">\n\t\t\t\t<div class=\"elementor-widget-container\">\n\t\t\t\t\t<h2 class=\"elementor-heading-title elementor-size-default\">GIP-PNVB (GROUPEMENT D'INT\u00c9R\u00caT PUBLIC \u2013 PROGRAMME NATIONAL DE VOLONTARIAT)<\/h2>\t\t\t\t<\/div>\n\t\t\t\t<\/div>\n\t\t\t\t<div class=\"elementor-element elementor-element-8434f70 elementor-widget elementor-widget-button\" data-id=\"8434f70\" data-element_type=\"widget\" data-widget_type=\"button.default\">\n\t\t\t\t<div class=\"elementor-widget-container\">\n\t\t\t\t\t\t\t\t\t<div class=\"elementor-button-wrapper\">\n\t\t\t\t\t<a class=\"elementor-button elementor-button-link elementor-size-sm\" href=\"http:\/\/fasovolontariat.bf\">\n\t\t\t\t\t\t<span class=\"elementor-button-content-wrapper\">\n\t\t\t\t\t\t\t\t\t<span class=\"elementor-button-text\">fasovolontariat.bf<\/span>\n\t\t\t\t\t<\/span>\n\t\t\t\t\t<\/a>\n\t\t\t\t<\/div>\n\t\t\t\t\t\t\t\t<\/div>\n\t\t\t\t<\/div>\n\t\t\t\t<\/div>\n\t\t\t\t<div class=\"elementor-element elementor-element-35a2b91 elementor-widget elementor-widget-text-editor\" data-id=\"35a2b91\" data-element_type=\"widget\" data-widget_type=\"text-editor.default\">\n\t\t\t\t<div class=\"elementor-widget-container\">\n\t\t\t\t\t\t\t\t\tCr\u00e9\u00e9 en 2006, le Groupe a pour mission de valoriser, promouvoir et d\u00e9velopper l&rsquo;engagement volontaire au Burkina Faso, en structurant et en encadrant le d\u00e9veloppement du volontariat national afin de contribuer efficacement au d\u00e9veloppement national. Carrefour collabore avec le GIP-PNVB depuis 2020 pour renforcer le leadership et la repr\u00e9sentation politique des femmes et des filles, accro\u00eetre leur pouvoir \u00e9conomique et leur r\u00e9silience face au changement climatique et \u00e0 la durabilit\u00e9 environnementale.\t\t\t\t\t\t\t\t<\/div>\n\t\t\t\t<\/div>\n\t\t\t\t<\/div>\n\t\t\t\t\t<\/div>\n\t\t\t\t<\/div>\n\t\t<div class=\"elementor-element elementor-element-499416c e-flex e-con-boxed e-con e-parent\" data-id=\"499416c\" data-element_type=\"container\" data-settings=\"{&quot;_ha_eqh_enable&quot;:false}\">\n\t\t\t\t\t<div class=\"e-con-inner\">\n\t\t\t\t<div class=\"elementor-element elementor-element-3b5bc3b elementor-widget elementor-widget-heading\" data-id=\"3b5bc3b\" data-element_type=\"widget\" data-widget_type=\"heading.default\">\n\t\t\t\t<div class=\"elementor-widget-container\">\n\t\t\t\t\t<h2 class=\"elementor-heading-title elementor-size-default\">NOTRE TRAVAIL<\/h2>\t\t\t\t<\/div>\n\t\t\t\t<\/div>\n\t\t<div class=\"elementor-element elementor-element-1aeda9e e-con-full e-flex e-con e-child\" data-id=\"1aeda9e\" data-element_type=\"container\" data-settings=\"{&quot;background_background&quot;:&quot;classic&quot;,&quot;_ha_eqh_enable&quot;:false}\">\n\t\t\t\t<div class=\"elementor-element elementor-element-e805af7 elementor-widget elementor-widget-image\" data-id=\"e805af7\" data-element_type=\"widget\" data-widget_type=\"image.default\">\n\t\t\t\t<div class=\"elementor-widget-container\">\n\t\t\t\t\t\t\t\t\t\t\t\t\t\t\t<img fetchpriority=\"high\" decoding=\"async\" width=\"336\" height=\"274\" src=\"https:\/\/crossboard.dev2.smartegy.ca\/wp-content\/uploads\/2024\/12\/Title-40-1.png\" class=\"attachment-full size-full wp-image-885\" alt=\"\" srcset=\"https:\/\/crossboard.dev2.smartegy.ca\/wp-content\/uploads\/2024\/12\/Title-40-1.png 336w, https:\/\/crossboard.dev2.smartegy.ca\/wp-content\/uploads\/2024\/12\/Title-40-1-300x245.png 300w\" sizes=\"(max-width: 336px) 100vw, 336px\" \/>\t\t\t\t\t\t\t\t\t\t\t\t\t\t\t<\/div>\n\t\t\t\t<\/div>\n\t\t<div class=\"elementor-element elementor-element-e4ffc7f e-con-full e-flex e-con e-child\" data-id=\"e4ffc7f\" data-element_type=\"container\" data-settings=\"{&quot;background_background&quot;:&quot;classic&quot;,&quot;_ha_eqh_enable&quot;:false}\">\n\t\t\t\t<div class=\"elementor-element elementor-element-11bf131 elementor-widget elementor-widget-heading\" data-id=\"11bf131\" data-element_type=\"widget\" data-widget_type=\"heading.default\">\n\t\t\t\t<div class=\"elementor-widget-container\">\n\t\t\t\t\t<h2 class=\"elementor-heading-title elementor-size-default\">PARTENARIAT POUR CHANGER <br> LE SORT DES FEMMES ET DES FILLES <br> AU BURKINA FASO<\/h2>\t\t\t\t<\/div>\n\t\t\t\t<\/div>\n\t\t\t\t<div class=\"elementor-element elementor-element-e27e83a elementor-widget elementor-widget-button\" data-id=\"e27e83a\" data-element_type=\"widget\" data-widget_type=\"button.default\">\n\t\t\t\t<div class=\"elementor-widget-container\">\n\t\t\t\t\t\t\t\t\t<div class=\"elementor-button-wrapper\">\n\t\t\t\t\t<a class=\"elementor-button elementor-button-link elementor-size-sm\" href=\"\/fr\/notre-travail-ce-que-nous-faisons\/\">\n\t\t\t\t\t\t<span class=\"elementor-button-content-wrapper\">\n\t\t\t\t\t\t\t\t\t<span class=\"elementor-button-text\">En savoir plus<\/span>\n\t\t\t\t\t<\/span>\n\t\t\t\t\t<\/a>\n\t\t\t\t<\/div>\n\t\t\t\t\t\t\t\t<\/div>\n\t\t\t\t<\/div>\n\t\t\t\t<\/div>\n\t\t\t\t<\/div>\n\t\t\t\t\t<\/div>\n\t\t\t\t<\/div>\n\t\t\t\t<\/div>\n\t\t","protected":false},"excerpt":{"rendered":"<p>Notre travail Pays et partenaires BURKINA FASO La pauvret\u00e9, les violences sexistes, les mariages pr\u00e9coces et la faible participation \u00e0 la vie politique et publique sont quelques-unes des difficult\u00e9s auxquelles les femmes et les filles sont confront\u00e9es au Burkina Faso. Le pays affiche un taux de pr\u00e9valence du mariage des enfants de 52 % et [&hellip;]<\/p>\n","protected":false},"author":1,"featured_media":0,"parent":22393,"menu_order":0,"comment_status":"closed","ping_status":"closed","template":"elementor_header_footer","meta":{"_acf_changed":false,"footnotes":""},"class_list":["post-22434","page","type-page","status-publish","hentry"],"acf":[],"_links":{"self":[{"href":"https:\/\/crossboard.dev2.smartegy.ca\/fr\/wp-json\/wp\/v2\/pages\/22434","targetHints":{"allow":["GET"]}}],"collection":[{"href":"https:\/\/crossboard.dev2.smartegy.ca\/fr\/wp-json\/wp\/v2\/pages"}],"about":[{"href":"https:\/\/crossboard.dev2.smartegy.ca\/fr\/wp-json\/wp\/v2\/types\/page"}],"author":[{"embeddable":true,"href":"https:\/\/crossboard.dev2.smartegy.ca\/fr\/wp-json\/wp\/v2\/users\/1"}],"replies":[{"embeddable":true,"href":"https:\/\/crossboard.dev2.smartegy.ca\/fr\/wp-json\/wp\/v2\/comments?post=22434"}],"version-history":[{"count":10,"href":"https:\/\/crossboard.dev2.smartegy.ca\/fr\/wp-json\/wp\/v2\/pages\/22434\/revisions"}],"predecessor-version":[{"id":23632,"href":"https:\/\/crossboard.dev2.smartegy.ca\/fr\/wp-json\/wp\/v2\/pages\/22434\/revisions\/23632"}],"up":[{"embeddable":true,"href":"https:\/\/crossboard.dev2.smartegy.ca\/fr\/wp-json\/wp\/v2\/pages\/22393"}],"wp:attachment":[{"href":"https:\/\/crossboard.dev2.smartegy.ca\/fr\/wp-json\/wp\/v2\/media?parent=22434"}],"curies":[{"name":"wp","href":"https:\/\/api.w.org\/{rel}","templated":true}]}}