{"id":22474,"date":"2025-02-10T21:24:42","date_gmt":"2025-02-10T21:24:42","guid":{"rendered":"https:\/\/crossboard.dev2.smartegy.ca\/?page_id=22474"},"modified":"2025-05-29T11:39:22","modified_gmt":"2025-05-29T11:39:22","slug":"senegal-fr","status":"publish","type":"page","link":"https:\/\/crossboard.dev2.smartegy.ca\/fr\/notre-travail-ce-que-nous-faisons\/pays-et-partenaires\/senegal-fr\/","title":{"rendered":"Senegal FR"},"content":{"rendered":"\t\t<div data-elementor-type=\"wp-page\" data-elementor-id=\"22474\" class=\"elementor elementor-22474 elementor-18875\" data-elementor-settings=\"{&quot;ha_cmc_init_switcher&quot;:&quot;no&quot;}\" data-elementor-post-type=\"page\">\n\t\t\t\t<div class=\"elementor-element elementor-element-dbff423 e-con-full e-flex e-con e-parent\" data-id=\"dbff423\" data-element_type=\"container\" data-settings=\"{&quot;background_background&quot;:&quot;classic&quot;,&quot;_ha_eqh_enable&quot;:false}\">\n\t\t\t\t<div class=\"elementor-element elementor-element-0aaa45a elementor-widget elementor-widget-text-editor\" data-id=\"0aaa45a\" data-element_type=\"widget\" data-widget_type=\"text-editor.default\">\n\t\t\t\t<div class=\"elementor-widget-container\">\n\t\t\t\t\t\t\t\t\t<p>Notre travail<\/p>\t\t\t\t\t\t\t\t<\/div>\n\t\t\t\t<\/div>\n\t\t\t\t<div class=\"elementor-element elementor-element-e16ae46 elementor-widget elementor-widget-text-editor\" data-id=\"e16ae46\" data-element_type=\"widget\" data-widget_type=\"text-editor.default\">\n\t\t\t\t<div class=\"elementor-widget-container\">\n\t\t\t\t\t\t\t\t\t<p>Pays et partenaires<\/p>\t\t\t\t\t\t\t\t<\/div>\n\t\t\t\t<\/div>\n\t\t\t\t<\/div>\n\t\t<div class=\"elementor-element elementor-element-e702398 e-flex e-con-boxed e-con e-parent\" data-id=\"e702398\" data-element_type=\"container\" data-settings=\"{&quot;_ha_eqh_enable&quot;:false}\">\n\t\t\t\t\t<div class=\"e-con-inner\">\n\t\t\t\t<div class=\"elementor-element elementor-element-0bb872f elementor-widget elementor-widget-shortcode\" data-id=\"0bb872f\" data-element_type=\"widget\" data-widget_type=\"shortcode.default\">\n\t\t\t\t<div class=\"elementor-widget-container\">\n\t\t\t\t\t\t\t<div class=\"elementor-shortcode\"><\/div>\n\t\t\t\t\t\t<\/div>\n\t\t\t\t<\/div>\n\t\t\t\t<div class=\"elementor-element elementor-element-f4a4c17 elementor-widget elementor-widget-heading\" data-id=\"f4a4c17\" data-element_type=\"widget\" data-widget_type=\"heading.default\">\n\t\t\t\t<div class=\"elementor-widget-container\">\n\t\t\t\t\t<h2 class=\"elementor-heading-title elementor-size-default\">Senegal<\/h2>\t\t\t\t<\/div>\n\t\t\t\t<\/div>\n\t\t\t\t<div class=\"elementor-element elementor-element-7489e80 elementor-widget elementor-widget-text-editor\" data-id=\"7489e80\" data-element_type=\"widget\" data-widget_type=\"text-editor.default\">\n\t\t\t\t<div class=\"elementor-widget-container\">\n\t\t\t\t\t\t\t\t\t<p>Le S\u00e9n\u00e9gal est l&rsquo;une des d\u00e9mocraties les plus stables d&rsquo;Afrique et conna\u00eet des \u00e9lections pacifiques depuis 2000. Malgr\u00e9 ce contexte politique positif, le S\u00e9n\u00e9gal figure parmi les pays les moins d\u00e9velopp\u00e9s du monde. Son \u00e9conomie repose fortement sur les cultures de rente et la p\u00eache, deux secteurs vuln\u00e9rables au changement climatique. Pr\u00e8s de 47 % de sa population vit dans la pauvret\u00e9 et 17 % souffre d&rsquo;ins\u00e9curit\u00e9 alimentaire. La situation \u00e9conomique des femmes et des jeunes ruraux est pr\u00e9caire et les possibilit\u00e9s d&rsquo;autonomisation \u00e9conomique sont faibles, ce qui n\u00e9cessite davantage d&rsquo;interventions pour les inclure dans les initiatives de renforcement des capacit\u00e9s et d&rsquo;autonomisation \u00e9conomique.<\/p>\t\t\t\t\t\t\t\t<\/div>\n\t\t\t\t<\/div>\n\t\t\t\t<div class=\"elementor-element elementor-element-f226a88 elementor-widget elementor-widget-button\" data-id=\"f226a88\" data-element_type=\"widget\" data-widget_type=\"button.default\">\n\t\t\t\t<div class=\"elementor-widget-container\">\n\t\t\t\t\t\t\t\t\t<div class=\"elementor-button-wrapper\">\n\t\t\t\t\t<a class=\"elementor-button elementor-button-link elementor-size-sm\" href=\"\/fr\/benevole-besoin-daide-etre-un-sauveur-ou-quelquun\/\">\n\t\t\t\t\t\t<span class=\"elementor-button-content-wrapper\">\n\t\t\t\t\t\t\t\t\t<span class=\"elementor-button-text\"> Faire du volontariat<\/span>\n\t\t\t\t\t<\/span>\n\t\t\t\t\t<\/a>\n\t\t\t\t<\/div>\n\t\t\t\t\t\t\t\t<\/div>\n\t\t\t\t<\/div>\n\t\t\t\t<div class=\"elementor-element elementor-element-31966b4 elementor-widget elementor-widget-heading\" data-id=\"31966b4\" data-element_type=\"widget\" data-widget_type=\"heading.default\">\n\t\t\t\t<div class=\"elementor-widget-container\">\n\t\t\t\t\t<h2 class=\"elementor-heading-title elementor-size-default\">Carrefours d'intervention :<\/h2>\t\t\t\t<\/div>\n\t\t\t\t<\/div>\n\t\t<div class=\"elementor-element elementor-element-6cc19c2 e-con-full e-flex e-con e-child\" data-id=\"6cc19c2\" data-element_type=\"container\" data-settings=\"{&quot;_ha_eqh_enable&quot;:false}\">\n\t\t\t\t<div class=\"elementor-element elementor-element-477558c elementor-widget elementor-widget-button\" data-id=\"477558c\" data-element_type=\"widget\" data-widget_type=\"button.default\">\n\t\t\t\t<div class=\"elementor-widget-container\">\n\t\t\t\t\t\t\t\t\t<div class=\"elementor-button-wrapper\">\n\t\t\t\t\t<a class=\"elementor-button elementor-button-link elementor-size-sm\" href=\"\/fr\/notre-travail-ce-que-nous-faisons\/droits-des-femmes-et-des-filles\/\">\n\t\t\t\t\t\t<span class=\"elementor-button-content-wrapper\">\n\t\t\t\t\t\t<span class=\"elementor-button-icon\">\n\t\t\t\t<svg xmlns=\"http:\/\/www.w3.org\/2000\/svg\" width=\"17\" height=\"18\" viewBox=\"0 0 17 18\" fill=\"none\"><g clip-path=\"url(#clip0_750_15553)\"><path d=\"M4.92023 17.5C4.56197 17.5 4.22515 17.3604 3.97132 17.107C3.71791 16.8534 3.57812 16.5163 3.57812 16.1579C3.57812 15.7994 3.71794 15.4623 3.97132 15.2089L10.1803 8.99993L3.97132 2.79102C3.71791 2.53751 3.57812 2.20046 3.57812 1.842C3.57812 1.48354 3.71794 1.14646 3.97132 0.892992C4.22469 0.63952 4.56197 0.5 4.92023 0.5C5.27849 0.5 5.61577 0.639486 5.86914 0.892859L13.0271 8.05092C13.2805 8.30443 13.4203 8.64147 13.4203 8.99993C13.4203 9.35839 13.2804 9.69547 13.0271 9.94895L5.86914 17.1069C5.6153 17.3604 5.27846 17.5 4.92023 17.5Z\" fill=\"#F3911F\"><\/path><\/g><defs><clipPath id=\"clip0_750_15553\"><rect width=\"17\" height=\"17\" fill=\"white\" transform=\"translate(0 0.5)\"><\/rect><\/clipPath><\/defs><\/svg>\t\t\t<\/span>\n\t\t\t\t\t\t\t\t\t<span class=\"elementor-button-text\">Droits des femmes et des filles<\/span>\n\t\t\t\t\t<\/span>\n\t\t\t\t\t<\/a>\n\t\t\t\t<\/div>\n\t\t\t\t\t\t\t\t<\/div>\n\t\t\t\t<\/div>\n\t\t\t\t<div class=\"elementor-element elementor-element-695eae8 elementor-widget elementor-widget-button\" data-id=\"695eae8\" data-element_type=\"widget\" data-widget_type=\"button.default\">\n\t\t\t\t<div class=\"elementor-widget-container\">\n\t\t\t\t\t\t\t\t\t<div class=\"elementor-button-wrapper\">\n\t\t\t\t\t<a class=\"elementor-button elementor-button-link elementor-size-sm\" href=\"\/fr\/notre-travail-ce-que-nous-faisons\/droits-des-femmes-et-des-filles\/violence-basee-sur-le-genre\/\">\n\t\t\t\t\t\t<span class=\"elementor-button-content-wrapper\">\n\t\t\t\t\t\t<span class=\"elementor-button-icon\">\n\t\t\t\t<svg xmlns=\"http:\/\/www.w3.org\/2000\/svg\" width=\"17\" height=\"18\" viewBox=\"0 0 17 18\" fill=\"none\"><g clip-path=\"url(#clip0_750_15553)\"><path d=\"M4.92023 17.5C4.56197 17.5 4.22515 17.3604 3.97132 17.107C3.71791 16.8534 3.57812 16.5163 3.57812 16.1579C3.57812 15.7994 3.71794 15.4623 3.97132 15.2089L10.1803 8.99993L3.97132 2.79102C3.71791 2.53751 3.57812 2.20046 3.57812 1.842C3.57812 1.48354 3.71794 1.14646 3.97132 0.892992C4.22469 0.63952 4.56197 0.5 4.92023 0.5C5.27849 0.5 5.61577 0.639486 5.86914 0.892859L13.0271 8.05092C13.2805 8.30443 13.4203 8.64147 13.4203 8.99993C13.4203 9.35839 13.2804 9.69547 13.0271 9.94895L5.86914 17.1069C5.6153 17.3604 5.27846 17.5 4.92023 17.5Z\" fill=\"#F3911F\"><\/path><\/g><defs><clipPath id=\"clip0_750_15553\"><rect width=\"17\" height=\"17\" fill=\"white\" transform=\"translate(0 0.5)\"><\/rect><\/clipPath><\/defs><\/svg>\t\t\t<\/span>\n\t\t\t\t\t\t\t\t\t<span class=\"elementor-button-text\">Violence bas\u00e9e sur le genre<\/span>\n\t\t\t\t\t<\/span>\n\t\t\t\t\t<\/a>\n\t\t\t\t<\/div>\n\t\t\t\t\t\t\t\t<\/div>\n\t\t\t\t<\/div>\n\t\t\t\t<div class=\"elementor-element elementor-element-317a023 elementor-widget elementor-widget-button\" data-id=\"317a023\" data-element_type=\"widget\" data-widget_type=\"button.default\">\n\t\t\t\t<div class=\"elementor-widget-container\">\n\t\t\t\t\t\t\t\t\t<div class=\"elementor-button-wrapper\">\n\t\t\t\t\t<a class=\"elementor-button elementor-button-link elementor-size-sm\" href=\"\/fr\/notre-travail-ce-que-nous-faisons\/autonomisation-economique\/\">\n\t\t\t\t\t\t<span class=\"elementor-button-content-wrapper\">\n\t\t\t\t\t\t<span class=\"elementor-button-icon\">\n\t\t\t\t<svg xmlns=\"http:\/\/www.w3.org\/2000\/svg\" width=\"17\" height=\"18\" viewBox=\"0 0 17 18\" fill=\"none\"><g clip-path=\"url(#clip0_750_15553)\"><path d=\"M4.92023 17.5C4.56197 17.5 4.22515 17.3604 3.97132 17.107C3.71791 16.8534 3.57812 16.5163 3.57812 16.1579C3.57812 15.7994 3.71794 15.4623 3.97132 15.2089L10.1803 8.99993L3.97132 2.79102C3.71791 2.53751 3.57812 2.20046 3.57812 1.842C3.57812 1.48354 3.71794 1.14646 3.97132 0.892992C4.22469 0.63952 4.56197 0.5 4.92023 0.5C5.27849 0.5 5.61577 0.639486 5.86914 0.892859L13.0271 8.05092C13.2805 8.30443 13.4203 8.64147 13.4203 8.99993C13.4203 9.35839 13.2804 9.69547 13.0271 9.94895L5.86914 17.1069C5.6153 17.3604 5.27846 17.5 4.92023 17.5Z\" fill=\"#F3911F\"><\/path><\/g><defs><clipPath id=\"clip0_750_15553\"><rect width=\"17\" height=\"17\" fill=\"white\" transform=\"translate(0 0.5)\"><\/rect><\/clipPath><\/defs><\/svg>\t\t\t<\/span>\n\t\t\t\t\t\t\t\t\t<span class=\"elementor-button-text\">Autonomisation \u00e9conomique<\/span>\n\t\t\t\t\t<\/span>\n\t\t\t\t\t<\/a>\n\t\t\t\t<\/div>\n\t\t\t\t\t\t\t\t<\/div>\n\t\t\t\t<\/div>\n\t\t\t\t<\/div>\n\t\t\t\t<div class=\"elementor-element elementor-element-a9e7236 elementor-widget elementor-widget-heading\" data-id=\"a9e7236\" data-element_type=\"widget\" data-widget_type=\"heading.default\">\n\t\t\t\t<div class=\"elementor-widget-container\">\n\t\t\t\t\t<h2 class=\"elementor-heading-title elementor-size-default\">PARTENAIRES<\/h2>\t\t\t\t<\/div>\n\t\t\t\t<\/div>\n\t\t<div class=\"elementor-element elementor-element-d0df64a e-con-full e-flex e-con e-child\" data-id=\"d0df64a\" data-element_type=\"container\" data-settings=\"{&quot;background_background&quot;:&quot;classic&quot;,&quot;_ha_eqh_enable&quot;:false}\">\n\t\t<div class=\"elementor-element elementor-element-a1600cb e-con-full e-flex e-con e-child\" data-id=\"a1600cb\" data-element_type=\"container\" data-settings=\"{&quot;_ha_eqh_enable&quot;:false}\">\n\t\t\t\t<div class=\"elementor-element elementor-element-7fd85cc elementor-widget elementor-widget-heading\" data-id=\"7fd85cc\" data-element_type=\"widget\" data-widget_type=\"heading.default\">\n\t\t\t\t<div class=\"elementor-widget-container\">\n\t\t\t\t\t<h2 class=\"elementor-heading-title elementor-size-default\">ASSOCIATION POUR LA PROMOTION DE LA FEMME S\u00c9N\u00c9GALAISE (APROFES)<\/h2>\t\t\t\t<\/div>\n\t\t\t\t<\/div>\n\t\t\t\t<\/div>\n\t\t\t\t<div class=\"elementor-element elementor-element-b954516 elementor-widget elementor-widget-text-editor\" data-id=\"b954516\" data-element_type=\"widget\" data-widget_type=\"text-editor.default\">\n\t\t\t\t<div class=\"elementor-widget-container\">\n\t\t\t\t\t\t\t\t\t<p>L&rsquo;APROFES soutient le d\u00e9veloppement socio-\u00e9conomique et culturel des femmes s\u00e9n\u00e9galaises et leur participation aux instances d\u00e9cisionnelles. Fond\u00e9e en 1987 par des membres de l&rsquo;association culturelle \u00ab\u00a0Mag Daan\u00a0\u00bb, convaincues que les efforts de d\u00e9veloppement \u00e9chouaient faute de prendre en compte les besoins des femmes, les projets de l&rsquo;APROFES visent \u00e0 sensibiliser aux droits des femmes, \u00e0 renforcer leur repr\u00e9sentation sociale, politique et \u00e9conomique, \u00e0 faciliter leur acc\u00e8s aux services de sant\u00e9, \u00e0 accro\u00eetre leur ind\u00e9pendance \u00e9conomique et \u00e0 r\u00e9duire les violences \u00e0 leur encontre. Partenaires depuis 2007, Carrefour et l&rsquo;APROFES \u0153uvrent ensemble pour la s\u00e9curit\u00e9 alimentaire, l&rsquo;autonomisation \u00e9conomique des femmes et l&rsquo;acc\u00e8s des femmes et des filles \u00e0 la justice.<\/p>\t\t\t\t\t\t\t\t<\/div>\n\t\t\t\t<\/div>\n\t\t\t\t<\/div>\n\t\t<div class=\"elementor-element elementor-element-d198b71 e-con-full e-flex e-con e-child\" data-id=\"d198b71\" data-element_type=\"container\" data-settings=\"{&quot;background_background&quot;:&quot;classic&quot;,&quot;_ha_eqh_enable&quot;:false}\">\n\t\t<div class=\"elementor-element elementor-element-e8d96be e-con-full e-flex e-con e-child\" data-id=\"e8d96be\" data-element_type=\"container\" data-settings=\"{&quot;_ha_eqh_enable&quot;:false}\">\n\t\t\t\t<div class=\"elementor-element elementor-element-f8518d8 elementor-widget elementor-widget-heading\" data-id=\"f8518d8\" data-element_type=\"widget\" data-widget_type=\"heading.default\">\n\t\t\t\t<div class=\"elementor-widget-container\">\n\t\t\t\t\t<h2 class=\"elementor-heading-title elementor-size-default\">UNION NATIONALE DES FEMMES COOP\u00c9RATRICES DU S\u00c9N\u00c9GAL (UNFCS)<\/h2>\t\t\t\t<\/div>\n\t\t\t\t<\/div>\n\t\t\t\t<div class=\"elementor-element elementor-element-775688c elementor-widget elementor-widget-button\" data-id=\"775688c\" data-element_type=\"widget\" data-widget_type=\"button.default\">\n\t\t\t\t<div class=\"elementor-widget-container\">\n\t\t\t\t\t\t\t\t\t<div class=\"elementor-button-wrapper\">\n\t\t\t\t\t<a class=\"elementor-button elementor-button-link elementor-size-sm\" href=\"http:\/\/unfcs.org\">\n\t\t\t\t\t\t<span class=\"elementor-button-content-wrapper\">\n\t\t\t\t\t\t\t\t\t<span class=\"elementor-button-text\">unfcs.org<\/span>\n\t\t\t\t\t<\/span>\n\t\t\t\t\t<\/a>\n\t\t\t\t<\/div>\n\t\t\t\t\t\t\t\t<\/div>\n\t\t\t\t<\/div>\n\t\t\t\t<\/div>\n\t\t\t\t<div class=\"elementor-element elementor-element-8d420c0 elementor-widget elementor-widget-text-editor\" data-id=\"8d420c0\" data-element_type=\"widget\" data-widget_type=\"text-editor.default\">\n\t\t\t\t<div class=\"elementor-widget-container\">\n\t\t\t\t\t\t\t\t\t<p>L&rsquo;UNFCS soutient le d\u00e9veloppement \u00e9conomique et social des femmes depuis sa cr\u00e9ation en 1996. Principalement ax\u00e9e sur les communaut\u00e9s rurales, elle renforce la confiance en soi des femmes, leur permet d&rsquo;acqu\u00e9rir des comp\u00e9tences sp\u00e9cialis\u00e9es et de ma\u00eetriser des techniques professionnelles, d&rsquo;am\u00e9liorer leur situation au sein du foyer et d&rsquo;accro\u00eetre leurs revenus. Les membres de l&rsquo;UNFCS travaillent principalement dans la transformation des aliments et des c\u00e9r\u00e9ales, ainsi que dans la fabrication de savon. L&rsquo;UNFCS touche actuellement plus de 15\u00a0000 femmes dans 10 r\u00e9gions. L&rsquo;Union et Carrefour \u0153uvrent sur des programmes d&rsquo;autonomisation \u00e9conomique des femmes en partenariat avec le secteur priv\u00e9 canadien, Green Beaver et Papillon MDC.<\/p>\t\t\t\t\t\t\t\t<\/div>\n\t\t\t\t<\/div>\n\t\t\t\t<\/div>\n\t\t<div class=\"elementor-element elementor-element-86638b0 e-con-full e-flex e-con e-child\" data-id=\"86638b0\" data-element_type=\"container\" data-settings=\"{&quot;background_background&quot;:&quot;classic&quot;,&quot;_ha_eqh_enable&quot;:false}\">\n\t\t<div class=\"elementor-element elementor-element-3ad4ea6 e-con-full e-flex e-con e-child\" data-id=\"3ad4ea6\" data-element_type=\"container\" data-settings=\"{&quot;_ha_eqh_enable&quot;:false}\">\n\t\t\t\t<div class=\"elementor-element elementor-element-3d680f0 elementor-widget elementor-widget-heading\" data-id=\"3d680f0\" data-element_type=\"widget\" data-widget_type=\"heading.default\">\n\t\t\t\t<div class=\"elementor-widget-container\">\n\t\t\t\t\t<h2 class=\"elementor-heading-title elementor-size-default\">R\u00c9SEAU DES ORGANISATIONS PAYSANNES ET PASTORALES DU S\u00c9N\u00c9GAL (RESOPP)<\/h2>\t\t\t\t<\/div>\n\t\t\t\t<\/div>\n\t\t\t\t<div class=\"elementor-element elementor-element-8434f70 elementor-widget elementor-widget-button\" data-id=\"8434f70\" data-element_type=\"widget\" data-widget_type=\"button.default\">\n\t\t\t\t<div class=\"elementor-widget-container\">\n\t\t\t\t\t\t\t\t\t<div class=\"elementor-button-wrapper\">\n\t\t\t\t\t<a class=\"elementor-button elementor-button-link elementor-size-sm\" href=\"http:\/\/resopp-sn.org\">\n\t\t\t\t\t\t<span class=\"elementor-button-content-wrapper\">\n\t\t\t\t\t\t\t\t\t<span class=\"elementor-button-text\">resopp-sn.org<\/span>\n\t\t\t\t\t<\/span>\n\t\t\t\t\t<\/a>\n\t\t\t\t<\/div>\n\t\t\t\t\t\t\t\t<\/div>\n\t\t\t\t<\/div>\n\t\t\t\t<\/div>\n\t\t\t\t<div class=\"elementor-element elementor-element-35a2b91 elementor-widget elementor-widget-text-editor\" data-id=\"35a2b91\" data-element_type=\"widget\" data-widget_type=\"text-editor.default\">\n\t\t\t\t<div class=\"elementor-widget-container\">\n\t\t\t\t\t\t\t\t\t<p>Le RESOPP est une union de coop\u00e9ratives rurales dont les membres \u0153uvrent principalement dans l&rsquo;agriculture et l&rsquo;\u00e9levage, ainsi que dans les activit\u00e9s connexes de transformation et de commercialisation. Sa mission est d&rsquo;am\u00e9liorer, de mani\u00e8re solidaire et durable, les conditions de vie des populations rurales du S\u00e9n\u00e9gal, gr\u00e2ce \u00e0 des coop\u00e9ratives offrant des services performants et adapt\u00e9s en mati\u00e8re de production, de transformation et de microfinance. Elles offrent un soutien collectif aux coop\u00e9ratives membres, touchant plus de 30\u00a0000 agriculteurs. Le RESOPP et Carrefour \u0153uvrent sur des programmes d&rsquo;autonomisation \u00e9conomique des femmes et des jeunes.<\/p>\t\t\t\t\t\t\t\t<\/div>\n\t\t\t\t<\/div>\n\t\t\t\t<\/div>\n\t\t<div class=\"elementor-element elementor-element-6e56beb e-con-full e-flex e-con e-child\" data-id=\"6e56beb\" data-element_type=\"container\" data-settings=\"{&quot;background_background&quot;:&quot;classic&quot;,&quot;_ha_eqh_enable&quot;:false}\">\n\t\t<div class=\"elementor-element elementor-element-53a6a9e e-con-full e-flex e-con e-child\" data-id=\"53a6a9e\" data-element_type=\"container\" data-settings=\"{&quot;_ha_eqh_enable&quot;:false}\">\n\t\t\t\t<div class=\"elementor-element elementor-element-6fc0f8a elementor-widget elementor-widget-heading\" data-id=\"6fc0f8a\" data-element_type=\"widget\" data-widget_type=\"heading.default\">\n\t\t\t\t<div class=\"elementor-widget-container\">\n\t\t\t\t\t<h2 class=\"elementor-heading-title elementor-size-default\">COSEF (Conseil S\u00e9n\u00e9galais des Femmes)<\/h2>\t\t\t\t<\/div>\n\t\t\t\t<\/div>\n\t\t\t\t<div class=\"elementor-element elementor-element-9030ab5 elementor-widget elementor-widget-button\" data-id=\"9030ab5\" data-element_type=\"widget\" data-widget_type=\"button.default\">\n\t\t\t\t<div class=\"elementor-widget-container\">\n\t\t\t\t\t\t\t\t\t<div class=\"elementor-button-wrapper\">\n\t\t\t\t\t<a class=\"elementor-button elementor-button-link elementor-size-sm\" href=\"http:\/\/cosefsenegal.org\">\n\t\t\t\t\t\t<span class=\"elementor-button-content-wrapper\">\n\t\t\t\t\t\t\t\t\t<span class=\"elementor-button-text\">cosefsenegal.org<\/span>\n\t\t\t\t\t<\/span>\n\t\t\t\t\t<\/a>\n\t\t\t\t<\/div>\n\t\t\t\t\t\t\t\t<\/div>\n\t\t\t\t<\/div>\n\t\t\t\t<\/div>\n\t\t\t\t<div class=\"elementor-element elementor-element-d251245 elementor-widget elementor-widget-text-editor\" data-id=\"d251245\" data-element_type=\"widget\" data-widget_type=\"text-editor.default\">\n\t\t\t\t<div class=\"elementor-widget-container\">\n\t\t\t\t\t\t\t\t\t<p>Ce Conseil, fond\u00e9 en 1995, est une ONG transpartisane qui rassemble des personnalit\u00e9s f\u00e9minines d&rsquo;horizons divers, pour une plus grande implication des femmes dans la consolidation du processus d\u00e9mocratique, tant au niveau national que local, et pour le renforcement de leur acc\u00e8s aux processus d\u00e9cisionnels. Il vise \u00e9galement \u00e0 lutter contre toutes les formes de discrimination fond\u00e9e sur le genre. Carrefour et le COSEF collaborent pour renforcer le pouvoir \u00e9conomique et la repr\u00e9sentation politique des femmes et accro\u00eetre leur leadership ainsi que celui des filles.<\/p>\t\t\t\t\t\t\t\t<\/div>\n\t\t\t\t<\/div>\n\t\t\t\t<\/div>\n\t\t\t\t\t<\/div>\n\t\t\t\t<\/div>\n\t\t\t\t<\/div>\n\t\t","protected":false},"excerpt":{"rendered":"<p>Notre travail Pays et partenaires Senegal Le S\u00e9n\u00e9gal est l&rsquo;une des d\u00e9mocraties les plus stables d&rsquo;Afrique et conna\u00eet des \u00e9lections pacifiques depuis 2000. Malgr\u00e9 ce contexte politique positif, le S\u00e9n\u00e9gal figure parmi les pays les moins d\u00e9velopp\u00e9s du monde. Son \u00e9conomie repose fortement sur les cultures de rente et la p\u00eache, deux secteurs vuln\u00e9rables au [&hellip;]<\/p>\n","protected":false},"author":1,"featured_media":0,"parent":22393,"menu_order":0,"comment_status":"closed","ping_status":"closed","template":"elementor_header_footer","meta":{"_acf_changed":false,"footnotes":""},"class_list":["post-22474","page","type-page","status-publish","hentry"],"acf":[],"_links":{"self":[{"href":"https:\/\/crossboard.dev2.smartegy.ca\/fr\/wp-json\/wp\/v2\/pages\/22474","targetHints":{"allow":["GET"]}}],"collection":[{"href":"https:\/\/crossboard.dev2.smartegy.ca\/fr\/wp-json\/wp\/v2\/pages"}],"about":[{"href":"https:\/\/crossboard.dev2.smartegy.ca\/fr\/wp-json\/wp\/v2\/types\/page"}],"author":[{"embeddable":true,"href":"https:\/\/crossboard.dev2.smartegy.ca\/fr\/wp-json\/wp\/v2\/users\/1"}],"replies":[{"embeddable":true,"href":"https:\/\/crossboard.dev2.smartegy.ca\/fr\/wp-json\/wp\/v2\/comments?post=22474"}],"version-history":[{"count":4,"href":"https:\/\/crossboard.dev2.smartegy.ca\/fr\/wp-json\/wp\/v2\/pages\/22474\/revisions"}],"predecessor-version":[{"id":22482,"href":"https:\/\/crossboard.dev2.smartegy.ca\/fr\/wp-json\/wp\/v2\/pages\/22474\/revisions\/22482"}],"up":[{"embeddable":true,"href":"https:\/\/crossboard.dev2.smartegy.ca\/fr\/wp-json\/wp\/v2\/pages\/22393"}],"wp:attachment":[{"href":"https:\/\/crossboard.dev2.smartegy.ca\/fr\/wp-json\/wp\/v2\/media?parent=22474"}],"curies":[{"name":"wp","href":"https:\/\/api.w.org\/{rel}","templated":true}]}}