{"id":22483,"date":"2025-02-10T21:33:49","date_gmt":"2025-02-10T21:33:49","guid":{"rendered":"https:\/\/crossboard.dev2.smartegy.ca\/?page_id=22483"},"modified":"2025-06-30T12:14:36","modified_gmt":"2025-06-30T12:14:36","slug":"tanzania-fr","status":"publish","type":"page","link":"https:\/\/crossboard.dev2.smartegy.ca\/fr\/notre-travail-ce-que-nous-faisons\/pays-et-partenaires\/tanzania-fr\/","title":{"rendered":"Tanzania FR"},"content":{"rendered":"\t\t<div data-elementor-type=\"wp-page\" data-elementor-id=\"22483\" class=\"elementor elementor-22483 elementor-18885\" data-elementor-settings=\"{&quot;ha_cmc_init_switcher&quot;:&quot;no&quot;}\" data-elementor-post-type=\"page\">\n\t\t\t\t<div class=\"elementor-element elementor-element-9b78301 e-con-full e-flex e-con e-parent\" data-id=\"9b78301\" data-element_type=\"container\" data-settings=\"{&quot;background_background&quot;:&quot;classic&quot;,&quot;_ha_eqh_enable&quot;:false}\">\n\t\t\t\t<div class=\"elementor-element elementor-element-9fad071 elementor-widget elementor-widget-text-editor\" data-id=\"9fad071\" data-element_type=\"widget\" data-widget_type=\"text-editor.default\">\n\t\t\t\t<div class=\"elementor-widget-container\">\n\t\t\t\t\t\t\t\t\t<p>Notre travail<\/p>\t\t\t\t\t\t\t\t<\/div>\n\t\t\t\t<\/div>\n\t\t\t\t<div class=\"elementor-element elementor-element-354f4e6 elementor-widget elementor-widget-text-editor\" data-id=\"354f4e6\" data-element_type=\"widget\" data-widget_type=\"text-editor.default\">\n\t\t\t\t<div class=\"elementor-widget-container\">\n\t\t\t\t\t\t\t\t\t<p>Pays et partenaires<\/p>\t\t\t\t\t\t\t\t<\/div>\n\t\t\t\t<\/div>\n\t\t\t\t<\/div>\n\t\t<div class=\"elementor-element elementor-element-e702398 e-flex e-con-boxed e-con e-parent\" data-id=\"e702398\" data-element_type=\"container\" data-settings=\"{&quot;_ha_eqh_enable&quot;:false}\">\n\t\t\t\t\t<div class=\"e-con-inner\">\n\t\t\t\t<div class=\"elementor-element elementor-element-0bb872f elementor-widget elementor-widget-shortcode\" data-id=\"0bb872f\" data-element_type=\"widget\" data-widget_type=\"shortcode.default\">\n\t\t\t\t<div class=\"elementor-widget-container\">\n\t\t\t\t\t\t\t<div class=\"elementor-shortcode\"><\/div>\n\t\t\t\t\t\t<\/div>\n\t\t\t\t<\/div>\n\t\t\t\t<div class=\"elementor-element elementor-element-f4a4c17 elementor-widget elementor-widget-heading\" data-id=\"f4a4c17\" data-element_type=\"widget\" data-widget_type=\"heading.default\">\n\t\t\t\t<div class=\"elementor-widget-container\">\n\t\t\t\t\t<h2 class=\"elementor-heading-title elementor-size-default\">Tanzania<\/h2>\t\t\t\t<\/div>\n\t\t\t\t<\/div>\n\t\t\t\t<div class=\"elementor-element elementor-element-7489e80 elementor-widget elementor-widget-text-editor\" data-id=\"7489e80\" data-element_type=\"widget\" data-widget_type=\"text-editor.default\">\n\t\t\t\t<div class=\"elementor-widget-container\">\n\t\t\t\t\t\t\t\t\t<p>La Tanzanie est l&rsquo;une des \u00e9conomies \u00e0 la croissance la plus rapide d&rsquo;Afrique subsaharienne. Malgr\u00e9 les progr\u00e8s r\u00e9alis\u00e9s en mati\u00e8re d&rsquo;\u00e9conomie et de gouvernance, pr\u00e8s de 33,6 % de la population vit en dessous du seuil de pauvret\u00e9, tout comme 24,5 % des m\u00e9nages dirig\u00e9s par des femmes. La discrimination, les abus et la violence \u00e0 l&rsquo;\u00e9gard des femmes et des filles sont r\u00e9pandus et courants en Tanzanie en raison des normes patriarcales et traditionnelles. Deux femmes sur cinq \u00e2g\u00e9es de 15 \u00e0 49 ans ont subi des violences physiques. Une femme sur dix \u00e2g\u00e9e de 15 \u00e0 49 ans a subi des rapports sexuels forc\u00e9s <a href=\"http:\/\/africa.unwomen.org\/en\/where-we-are\/eastern-and-southern-africa\/tanzania\" target=\"_blank\" rel=\"noopener noreferrer\">contre son gr\u00e9<\/a>.<\/p>\t\t\t\t\t\t\t\t<\/div>\n\t\t\t\t<\/div>\n\t\t\t\t<div class=\"elementor-element elementor-element-a3984a2 elementor-widget elementor-widget-button\" data-id=\"a3984a2\" data-element_type=\"widget\" data-widget_type=\"button.default\">\n\t\t\t\t<div class=\"elementor-widget-container\">\n\t\t\t\t\t\t\t\t\t<div class=\"elementor-button-wrapper\">\n\t\t\t\t\t<a class=\"elementor-button elementor-button-link elementor-size-sm\" href=\"\/fr\/benevole-besoin-daide-etre-un-sauveur-ou-quelquun\/\">\n\t\t\t\t\t\t<span class=\"elementor-button-content-wrapper\">\n\t\t\t\t\t\t\t\t\t<span class=\"elementor-button-text\"> Faire du volontariat<\/span>\n\t\t\t\t\t<\/span>\n\t\t\t\t\t<\/a>\n\t\t\t\t<\/div>\n\t\t\t\t\t\t\t\t<\/div>\n\t\t\t\t<\/div>\n\t\t\t\t<div class=\"elementor-element elementor-element-31966b4 elementor-widget elementor-widget-heading\" data-id=\"31966b4\" data-element_type=\"widget\" data-widget_type=\"heading.default\">\n\t\t\t\t<div class=\"elementor-widget-container\">\n\t\t\t\t\t<h2 class=\"elementor-heading-title elementor-size-default\">Carrefours d'intervention :<\/h2>\t\t\t\t<\/div>\n\t\t\t\t<\/div>\n\t\t<div class=\"elementor-element elementor-element-6cc19c2 e-con-full e-flex e-con e-child\" data-id=\"6cc19c2\" data-element_type=\"container\" data-settings=\"{&quot;_ha_eqh_enable&quot;:false}\">\n\t\t\t\t<div class=\"elementor-element elementor-element-477558c elementor-widget elementor-widget-button\" data-id=\"477558c\" data-element_type=\"widget\" data-widget_type=\"button.default\">\n\t\t\t\t<div class=\"elementor-widget-container\">\n\t\t\t\t\t\t\t\t\t<div class=\"elementor-button-wrapper\">\n\t\t\t\t\t<a class=\"elementor-button elementor-button-link elementor-size-sm\" href=\"\/fr\/notre-travail-ce-que-nous-faisons\/droits-des-femmes-et-des-filles\/\">\n\t\t\t\t\t\t<span class=\"elementor-button-content-wrapper\">\n\t\t\t\t\t\t<span class=\"elementor-button-icon\">\n\t\t\t\t<svg xmlns=\"http:\/\/www.w3.org\/2000\/svg\" width=\"17\" height=\"18\" viewBox=\"0 0 17 18\" fill=\"none\"><g clip-path=\"url(#clip0_750_15553)\"><path d=\"M4.92023 17.5C4.56197 17.5 4.22515 17.3604 3.97132 17.107C3.71791 16.8534 3.57812 16.5163 3.57812 16.1579C3.57812 15.7994 3.71794 15.4623 3.97132 15.2089L10.1803 8.99993L3.97132 2.79102C3.71791 2.53751 3.57812 2.20046 3.57812 1.842C3.57812 1.48354 3.71794 1.14646 3.97132 0.892992C4.22469 0.63952 4.56197 0.5 4.92023 0.5C5.27849 0.5 5.61577 0.639486 5.86914 0.892859L13.0271 8.05092C13.2805 8.30443 13.4203 8.64147 13.4203 8.99993C13.4203 9.35839 13.2804 9.69547 13.0271 9.94895L5.86914 17.1069C5.6153 17.3604 5.27846 17.5 4.92023 17.5Z\" fill=\"#F3911F\"><\/path><\/g><defs><clipPath id=\"clip0_750_15553\"><rect width=\"17\" height=\"17\" fill=\"white\" transform=\"translate(0 0.5)\"><\/rect><\/clipPath><\/defs><\/svg>\t\t\t<\/span>\n\t\t\t\t\t\t\t\t\t<span class=\"elementor-button-text\">Droits des femmes et des filles<\/span>\n\t\t\t\t\t<\/span>\n\t\t\t\t\t<\/a>\n\t\t\t\t<\/div>\n\t\t\t\t\t\t\t\t<\/div>\n\t\t\t\t<\/div>\n\t\t\t\t<div class=\"elementor-element elementor-element-695eae8 elementor-widget elementor-widget-button\" data-id=\"695eae8\" data-element_type=\"widget\" data-widget_type=\"button.default\">\n\t\t\t\t<div class=\"elementor-widget-container\">\n\t\t\t\t\t\t\t\t\t<div class=\"elementor-button-wrapper\">\n\t\t\t\t\t<a class=\"elementor-button elementor-button-link elementor-size-sm\" href=\"\/fr\/notre-travail-ce-que-nous-faisons\/leadership-feminin\/\">\n\t\t\t\t\t\t<span class=\"elementor-button-content-wrapper\">\n\t\t\t\t\t\t<span class=\"elementor-button-icon\">\n\t\t\t\t<svg xmlns=\"http:\/\/www.w3.org\/2000\/svg\" width=\"17\" height=\"18\" viewBox=\"0 0 17 18\" fill=\"none\"><g clip-path=\"url(#clip0_750_15553)\"><path d=\"M4.92023 17.5C4.56197 17.5 4.22515 17.3604 3.97132 17.107C3.71791 16.8534 3.57812 16.5163 3.57812 16.1579C3.57812 15.7994 3.71794 15.4623 3.97132 15.2089L10.1803 8.99993L3.97132 2.79102C3.71791 2.53751 3.57812 2.20046 3.57812 1.842C3.57812 1.48354 3.71794 1.14646 3.97132 0.892992C4.22469 0.63952 4.56197 0.5 4.92023 0.5C5.27849 0.5 5.61577 0.639486 5.86914 0.892859L13.0271 8.05092C13.2805 8.30443 13.4203 8.64147 13.4203 8.99993C13.4203 9.35839 13.2804 9.69547 13.0271 9.94895L5.86914 17.1069C5.6153 17.3604 5.27846 17.5 4.92023 17.5Z\" fill=\"#F3911F\"><\/path><\/g><defs><clipPath id=\"clip0_750_15553\"><rect width=\"17\" height=\"17\" fill=\"white\" transform=\"translate(0 0.5)\"><\/rect><\/clipPath><\/defs><\/svg>\t\t\t<\/span>\n\t\t\t\t\t\t\t\t\t<span class=\"elementor-button-text\">Leadership f\u00e9minin<\/span>\n\t\t\t\t\t<\/span>\n\t\t\t\t\t<\/a>\n\t\t\t\t<\/div>\n\t\t\t\t\t\t\t\t<\/div>\n\t\t\t\t<\/div>\n\t\t\t\t<\/div>\n\t\t\t\t<div class=\"elementor-element elementor-element-a9e7236 elementor-widget elementor-widget-heading\" data-id=\"a9e7236\" data-element_type=\"widget\" data-widget_type=\"heading.default\">\n\t\t\t\t<div class=\"elementor-widget-container\">\n\t\t\t\t\t<h2 class=\"elementor-heading-title elementor-size-default\">PARTENAIRES<\/h2>\t\t\t\t<\/div>\n\t\t\t\t<\/div>\n\t\t<div class=\"elementor-element elementor-element-d0df64a e-con-full e-flex e-con e-child\" data-id=\"d0df64a\" data-element_type=\"container\" data-settings=\"{&quot;background_background&quot;:&quot;classic&quot;,&quot;_ha_eqh_enable&quot;:false}\">\n\t\t<div class=\"elementor-element elementor-element-a1600cb e-con-full e-flex e-con e-child\" data-id=\"a1600cb\" data-element_type=\"container\" data-settings=\"{&quot;_ha_eqh_enable&quot;:false}\">\n\t\t\t\t<div class=\"elementor-element elementor-element-7fd85cc elementor-widget elementor-widget-heading\" data-id=\"7fd85cc\" data-element_type=\"widget\" data-widget_type=\"heading.default\">\n\t\t\t\t<div class=\"elementor-widget-container\">\n\t\t\t\t\t<h2 class=\"elementor-heading-title elementor-size-default\">ORGANISATION D'\u00c9CHANGE D'INFORMATIONS ET DE CONSEIL POUR LES FEMMES DU KILIMANDJARO (KWIECO)<\/h2>\t\t\t\t<\/div>\n\t\t\t\t<\/div>\n\t\t<div class=\"elementor-element elementor-element-d428ae0 e-con-full e-flex e-con e-child\" data-id=\"d428ae0\" data-element_type=\"container\" data-settings=\"{&quot;_ha_eqh_enable&quot;:false}\">\n\t\t\t\t<div class=\"elementor-element elementor-element-db55b67 elementor-widget elementor-widget-button\" data-id=\"db55b67\" data-element_type=\"widget\" data-widget_type=\"button.default\">\n\t\t\t\t<div class=\"elementor-widget-container\">\n\t\t\t\t\t\t\t\t\t<div class=\"elementor-button-wrapper\">\n\t\t\t\t\t<a class=\"elementor-button elementor-button-link elementor-size-sm\" href=\"http:\/\/www.kwieco.org\">\n\t\t\t\t\t\t<span class=\"elementor-button-content-wrapper\">\n\t\t\t\t\t\t\t\t\t<span class=\"elementor-button-text\">www.kwieco.org<\/span>\n\t\t\t\t\t<\/span>\n\t\t\t\t\t<\/a>\n\t\t\t\t<\/div>\n\t\t\t\t\t\t\t\t<\/div>\n\t\t\t\t<\/div>\n\t\t\t\t<\/div>\n\t\t\t\t<\/div>\n\t\t\t\t<div class=\"elementor-element elementor-element-b954516 elementor-widget elementor-widget-text-editor\" data-id=\"b954516\" data-element_type=\"widget\" data-widget_type=\"text-editor.default\">\n\t\t\t\t<div class=\"elementor-widget-container\">\n\t\t\t\t\t\t\t\t\t<p>WIECO est une organisation de d\u00e9fense des droits humains et de l&rsquo;\u00e9galit\u00e9 des genres qui \u0153uvre pour une soci\u00e9t\u00e9 respectueuse de l&rsquo;\u00e9galit\u00e9 des droits par l&rsquo;\u00e9ducation, l&rsquo;acc\u00e8s \u00e0 la justice et l&rsquo;autonomisation \u00e9conomique des femmes et des populations marginalis\u00e9es. Ses principaux programmes comprennent l&rsquo;\u00e9ducation juridique aux droits humains et \u00e0 l&rsquo;\u00e9galit\u00e9 des genres, le conseil juridique, le contentieux, le lobbying et la d\u00e9fense des droits, l&rsquo;autonomisation \u00e9conomique des femmes et le soutien social aux survivantes de violences sexistes et de maltraitance infantile. KWIECO m\u00e8ne un projet de refuge pour les femmes fuyant les violences. Carrefour International collabore avec KWIECO sur l&rsquo;acc\u00e8s \u00e0 la justice, la pr\u00e9vention des violences sexistes et les programmes d&rsquo;autonomisation \u00e9conomique des femmes depuis 2015. En 2016, Carrefour International a lanc\u00e9 un partenariat avec le refuge pour femmes Ernestine de Toronto afin de soutenir les capacit\u00e9s institutionnelles et les programmes du refuge pour femmes et enfants fuyant la violence.<\/p>\t\t\t\t\t\t\t\t<\/div>\n\t\t\t\t<\/div>\n\t\t\t\t<\/div>\n\t\t<div class=\"elementor-element elementor-element-d198b71 e-con-full e-flex e-con e-child\" data-id=\"d198b71\" data-element_type=\"container\" data-settings=\"{&quot;background_background&quot;:&quot;classic&quot;,&quot;_ha_eqh_enable&quot;:false}\">\n\t\t<div class=\"elementor-element elementor-element-e8d96be e-con-full e-flex e-con e-child\" data-id=\"e8d96be\" data-element_type=\"container\" data-settings=\"{&quot;_ha_eqh_enable&quot;:false}\">\n\t\t\t\t<div class=\"elementor-element elementor-element-f8518d8 elementor-widget elementor-widget-heading\" data-id=\"f8518d8\" data-element_type=\"widget\" data-widget_type=\"heading.default\">\n\t\t\t\t<div class=\"elementor-widget-container\">\n\t\t\t\t\t<h2 class=\"elementor-heading-title elementor-size-default\">Programme de r\u00e9seautage sur les questions de genre en Tanzanie (TGNP)<\/h2>\t\t\t\t<\/div>\n\t\t\t\t<\/div>\n\t\t\t\t<div class=\"elementor-element elementor-element-775688c elementor-widget elementor-widget-button\" data-id=\"775688c\" data-element_type=\"widget\" data-widget_type=\"button.default\">\n\t\t\t\t<div class=\"elementor-widget-container\">\n\t\t\t\t\t\t\t\t\t<div class=\"elementor-button-wrapper\">\n\t\t\t\t\t<a class=\"elementor-button elementor-button-link elementor-size-sm\" href=\"http:\/\/tgnp.or.tz\">\n\t\t\t\t\t\t<span class=\"elementor-button-content-wrapper\">\n\t\t\t\t\t\t\t\t\t<span class=\"elementor-button-text\">tgnp.or.tz<\/span>\n\t\t\t\t\t<\/span>\n\t\t\t\t\t<\/a>\n\t\t\t\t<\/div>\n\t\t\t\t\t\t\t\t<\/div>\n\t\t\t\t<\/div>\n\t\t\t\t<\/div>\n\t\t\t\t<div class=\"elementor-element elementor-element-8d420c0 elementor-widget elementor-widget-text-editor\" data-id=\"8d420c0\" data-element_type=\"widget\" data-widget_type=\"text-editor.default\">\n\t\t\t\t<div class=\"elementor-widget-container\">\n\t\t\t\t\t\t\t\t\t<p>TGNP Mtandao est une organisation de premier plan en Tanzanie pour la promotion de l&rsquo;\u00e9galit\u00e9 des genres. Son objectif est de renforcer l&rsquo;engagement des femmes et des autres groupes marginalis\u00e9s dans sa mission de construction d&rsquo;un mouvement f\u00e9ministe pour la transformation sociale et de genre. Cr\u00e9\u00e9e en 1993, elle sert de lien entre la population et les d\u00e9cideurs politiques. Son objectif est de transformer la soci\u00e9t\u00e9 tanzanienne afin de parvenir \u00e0 l&rsquo;\u00e9galit\u00e9 des genres, \u00e0 l&rsquo;autonomisation des femmes et \u00e0 la justice sociale. TGNP a largement contribu\u00e9 \u00e0 stimuler le d\u00e9bat public et le militantisme sur les politiques et autres questions sociales touchant les femmes et les groupes sociaux marginalis\u00e9s. Le partenariat de Carrefour International avec TGNP est ax\u00e9 sur le leadership des femmes et les programmes d&rsquo;autonomisation \u00e9conomique.<\/p>\t\t\t\t\t\t\t\t<\/div>\n\t\t\t\t<\/div>\n\t\t\t\t<\/div>\n\t\t<div class=\"elementor-element elementor-element-54f6e73 e-con-full e-flex e-con e-child\" data-id=\"54f6e73\" data-element_type=\"container\" data-settings=\"{&quot;background_background&quot;:&quot;classic&quot;,&quot;_ha_eqh_enable&quot;:false}\">\n\t\t<div class=\"elementor-element elementor-element-4be51d3 e-con-full e-flex e-con e-child\" data-id=\"4be51d3\" data-element_type=\"container\" data-settings=\"{&quot;_ha_eqh_enable&quot;:false}\">\n\t\t\t\t<div class=\"elementor-element elementor-element-c3c1e7b elementor-widget elementor-widget-heading\" data-id=\"c3c1e7b\" data-element_type=\"widget\" data-widget_type=\"heading.default\">\n\t\t\t\t<div class=\"elementor-widget-container\">\n\t\t\t\t\t<h2 class=\"elementor-heading-title elementor-size-default\">NAFGEM (R\u00e9seau contre les mutilations g\u00e9nitales f\u00e9minines)<\/h2>\t\t\t\t<\/div>\n\t\t\t\t<\/div>\n\t\t\t\t<div class=\"elementor-element elementor-element-e1fdecd elementor-widget elementor-widget-button\" data-id=\"e1fdecd\" data-element_type=\"widget\" data-widget_type=\"button.default\">\n\t\t\t\t<div class=\"elementor-widget-container\">\n\t\t\t\t\t\t\t\t\t<div class=\"elementor-button-wrapper\">\n\t\t\t\t\t<a class=\"elementor-button elementor-button-link elementor-size-sm\" href=\"http:\/\/nafgemtanzania.or.tz\">\n\t\t\t\t\t\t<span class=\"elementor-button-content-wrapper\">\n\t\t\t\t\t\t\t\t\t<span class=\"elementor-button-text\">nafgemtanzania.or.tz<\/span>\n\t\t\t\t\t<\/span>\n\t\t\t\t\t<\/a>\n\t\t\t\t<\/div>\n\t\t\t\t\t\t\t\t<\/div>\n\t\t\t\t<\/div>\n\t\t\t\t<\/div>\n\t\t\t\t<\/div>\n\t\t<div class=\"elementor-element elementor-element-7878e0d e-con-full e-flex e-con e-child\" data-id=\"7878e0d\" data-element_type=\"container\" data-settings=\"{&quot;background_background&quot;:&quot;classic&quot;,&quot;_ha_eqh_enable&quot;:false}\">\n\t\t<div class=\"elementor-element elementor-element-540cc7d e-con-full e-flex e-con e-child\" data-id=\"540cc7d\" data-element_type=\"container\" data-settings=\"{&quot;_ha_eqh_enable&quot;:false}\">\n\t\t\t\t<div class=\"elementor-element elementor-element-825ff95 elementor-widget elementor-widget-heading\" data-id=\"825ff95\" data-element_type=\"widget\" data-widget_type=\"heading.default\">\n\t\t\t\t<div class=\"elementor-widget-container\">\n\t\t\t\t\t<h2 class=\"elementor-heading-title elementor-size-default\">Organisation de d\u00e9veloppement communautaire de Tusonge<\/h2>\t\t\t\t<\/div>\n\t\t\t\t<\/div>\n\t\t\t\t<div class=\"elementor-element elementor-element-7427054 elementor-widget elementor-widget-button\" data-id=\"7427054\" data-element_type=\"widget\" data-widget_type=\"button.default\">\n\t\t\t\t<div class=\"elementor-widget-container\">\n\t\t\t\t\t\t\t\t\t<div class=\"elementor-button-wrapper\">\n\t\t\t\t\t<a class=\"elementor-button elementor-button-link elementor-size-sm\" href=\"http:\/\/tusongecdo.org\">\n\t\t\t\t\t\t<span class=\"elementor-button-content-wrapper\">\n\t\t\t\t\t\t\t\t\t<span class=\"elementor-button-text\">tusongecdo.org<\/span>\n\t\t\t\t\t<\/span>\n\t\t\t\t\t<\/a>\n\t\t\t\t<\/div>\n\t\t\t\t\t\t\t\t<\/div>\n\t\t\t\t<\/div>\n\t\t\t\t<\/div>\n\t\t\t\t<\/div>\n\t\t\t\t\t<\/div>\n\t\t\t\t<\/div>\n\t\t\t\t<\/div>\n\t\t","protected":false},"excerpt":{"rendered":"<p>Notre travail Pays et partenaires Tanzania La Tanzanie est l&rsquo;une des \u00e9conomies \u00e0 la croissance la plus rapide d&rsquo;Afrique subsaharienne. Malgr\u00e9 les progr\u00e8s r\u00e9alis\u00e9s en mati\u00e8re d&rsquo;\u00e9conomie et de gouvernance, pr\u00e8s de 33,6 % de la population vit en dessous du seuil de pauvret\u00e9, tout comme 24,5 % des m\u00e9nages dirig\u00e9s par des femmes. La [&hellip;]<\/p>\n","protected":false},"author":1,"featured_media":0,"parent":22393,"menu_order":0,"comment_status":"closed","ping_status":"closed","template":"elementor_header_footer","meta":{"_acf_changed":false,"footnotes":""},"class_list":["post-22483","page","type-page","status-publish","hentry"],"acf":[],"_links":{"self":[{"href":"https:\/\/crossboard.dev2.smartegy.ca\/fr\/wp-json\/wp\/v2\/pages\/22483","targetHints":{"allow":["GET"]}}],"collection":[{"href":"https:\/\/crossboard.dev2.smartegy.ca\/fr\/wp-json\/wp\/v2\/pages"}],"about":[{"href":"https:\/\/crossboard.dev2.smartegy.ca\/fr\/wp-json\/wp\/v2\/types\/page"}],"author":[{"embeddable":true,"href":"https:\/\/crossboard.dev2.smartegy.ca\/fr\/wp-json\/wp\/v2\/users\/1"}],"replies":[{"embeddable":true,"href":"https:\/\/crossboard.dev2.smartegy.ca\/fr\/wp-json\/wp\/v2\/comments?post=22483"}],"version-history":[{"count":7,"href":"https:\/\/crossboard.dev2.smartegy.ca\/fr\/wp-json\/wp\/v2\/pages\/22483\/revisions"}],"predecessor-version":[{"id":23644,"href":"https:\/\/crossboard.dev2.smartegy.ca\/fr\/wp-json\/wp\/v2\/pages\/22483\/revisions\/23644"}],"up":[{"embeddable":true,"href":"https:\/\/crossboard.dev2.smartegy.ca\/fr\/wp-json\/wp\/v2\/pages\/22393"}],"wp:attachment":[{"href":"https:\/\/crossboard.dev2.smartegy.ca\/fr\/wp-json\/wp\/v2\/media?parent=22483"}],"curies":[{"name":"wp","href":"https:\/\/api.w.org\/{rel}","templated":true}]}}