{"id":22527,"date":"2025-02-10T21:19:29","date_gmt":"2025-02-10T21:19:29","guid":{"rendered":"https:\/\/crossboard.dev2.smartegy.ca\/?page_id=22527"},"modified":"2025-06-30T12:19:11","modified_gmt":"2025-06-30T12:19:11","slug":"ivory-coast-fr","status":"publish","type":"page","link":"https:\/\/crossboard.dev2.smartegy.ca\/fr\/notre-travail-ce-que-nous-faisons\/pays-et-partenaires\/ivory-coast-fr\/","title":{"rendered":"Ivory Coast FR"},"content":{"rendered":"\t\t<div data-elementor-type=\"wp-page\" data-elementor-id=\"22527\" class=\"elementor elementor-22527 elementor-18870\" data-elementor-settings=\"{&quot;ha_cmc_init_switcher&quot;:&quot;no&quot;}\" data-elementor-post-type=\"page\">\n\t\t\t\t<div class=\"elementor-element elementor-element-c9ec3f2 e-con-full e-flex e-con e-parent\" data-id=\"c9ec3f2\" data-element_type=\"container\" data-settings=\"{&quot;background_background&quot;:&quot;classic&quot;,&quot;_ha_eqh_enable&quot;:false}\">\n\t\t\t\t<div class=\"elementor-element elementor-element-a4fa01f elementor-widget elementor-widget-text-editor\" data-id=\"a4fa01f\" data-element_type=\"widget\" data-widget_type=\"text-editor.default\">\n\t\t\t\t<div class=\"elementor-widget-container\">\n\t\t\t\t\t\t\t\t\t<p>Notre travail<\/p>\t\t\t\t\t\t\t\t<\/div>\n\t\t\t\t<\/div>\n\t\t\t\t<div class=\"elementor-element elementor-element-c250375 elementor-widget elementor-widget-text-editor\" data-id=\"c250375\" data-element_type=\"widget\" data-widget_type=\"text-editor.default\">\n\t\t\t\t<div class=\"elementor-widget-container\">\n\t\t\t\t\t\t\t\t\t<p>Pays et partenaires<\/p>\t\t\t\t\t\t\t\t<\/div>\n\t\t\t\t<\/div>\n\t\t\t\t<\/div>\n\t\t<div class=\"elementor-element elementor-element-e702398 e-flex e-con-boxed e-con e-parent\" data-id=\"e702398\" data-element_type=\"container\" data-settings=\"{&quot;_ha_eqh_enable&quot;:false}\">\n\t\t\t\t\t<div class=\"e-con-inner\">\n\t\t\t\t<div class=\"elementor-element elementor-element-0bb872f elementor-widget elementor-widget-shortcode\" data-id=\"0bb872f\" data-element_type=\"widget\" data-widget_type=\"shortcode.default\">\n\t\t\t\t<div class=\"elementor-widget-container\">\n\t\t\t\t\t\t\t<div class=\"elementor-shortcode\"><\/div>\n\t\t\t\t\t\t<\/div>\n\t\t\t\t<\/div>\n\t\t\t\t<div class=\"elementor-element elementor-element-f4a4c17 elementor-widget elementor-widget-heading\" data-id=\"f4a4c17\" data-element_type=\"widget\" data-widget_type=\"heading.default\">\n\t\t\t\t<div class=\"elementor-widget-container\">\n\t\t\t\t\t<h2 class=\"elementor-heading-title elementor-size-default\">Ivory Coast<\/h2>\t\t\t\t<\/div>\n\t\t\t\t<\/div>\n\t\t\t\t<div class=\"elementor-element elementor-element-7489e80 elementor-widget elementor-widget-text-editor\" data-id=\"7489e80\" data-element_type=\"widget\" data-widget_type=\"text-editor.default\">\n\t\t\t\t<div class=\"elementor-widget-container\">\n\t\t\t\t\t\t\t\t\t<p>Nous renfor\u00e7ons l\u2019acc\u00e8s \u00e0 la justice et travaillons \u00e0 r\u00e9duire la violence contre les groupes les plus vuln\u00e9rables, en particulier les femmes et les filles, ainsi que les personnes atteintes d\u2019albinisme et celles vivant avec un handicap.<\/p>\t\t\t\t\t\t\t\t<\/div>\n\t\t\t\t<\/div>\n\t\t\t\t<div class=\"elementor-element elementor-element-1d7f0bb elementor-widget elementor-widget-button\" data-id=\"1d7f0bb\" data-element_type=\"widget\" data-widget_type=\"button.default\">\n\t\t\t\t<div class=\"elementor-widget-container\">\n\t\t\t\t\t\t\t\t\t<div class=\"elementor-button-wrapper\">\n\t\t\t\t\t<a class=\"elementor-button elementor-button-link elementor-size-sm\" href=\"\/fr\/benevole-besoin-daide-etre-un-sauveur-ou-quelquun\/\">\n\t\t\t\t\t\t<span class=\"elementor-button-content-wrapper\">\n\t\t\t\t\t\t\t\t\t<span class=\"elementor-button-text\"> Faire du volontariat<\/span>\n\t\t\t\t\t<\/span>\n\t\t\t\t\t<\/a>\n\t\t\t\t<\/div>\n\t\t\t\t\t\t\t\t<\/div>\n\t\t\t\t<\/div>\n\t\t\t\t<div class=\"elementor-element elementor-element-a9e7236 elementor-widget elementor-widget-heading\" data-id=\"a9e7236\" data-element_type=\"widget\" data-widget_type=\"heading.default\">\n\t\t\t\t<div class=\"elementor-widget-container\">\n\t\t\t\t\t<h2 class=\"elementor-heading-title elementor-size-default\">PARTENAIRES<\/h2>\t\t\t\t<\/div>\n\t\t\t\t<\/div>\n\t\t<div class=\"elementor-element elementor-element-d0df64a e-con-full e-flex e-con e-child\" data-id=\"d0df64a\" data-element_type=\"container\" data-settings=\"{&quot;background_background&quot;:&quot;classic&quot;,&quot;_ha_eqh_enable&quot;:false}\">\n\t\t<div class=\"elementor-element elementor-element-a1600cb e-con-full e-flex e-con e-child\" data-id=\"a1600cb\" data-element_type=\"container\" data-settings=\"{&quot;_ha_eqh_enable&quot;:false}\">\n\t\t\t\t<div class=\"elementor-element elementor-element-7fd85cc elementor-widget elementor-widget-heading\" data-id=\"7fd85cc\" data-element_type=\"widget\" data-widget_type=\"heading.default\">\n\t\t\t\t<div class=\"elementor-widget-container\">\n\t\t\t\t\t<h2 class=\"elementor-heading-title elementor-size-default\">GFM3 (G\u00e9n\u00e9ration Femme du Troisi\u00e8me Mill\u00e9naire)<\/h2>\t\t\t\t<\/div>\n\t\t\t\t<\/div>\n\t\t<div class=\"elementor-element elementor-element-d428ae0 e-con-full e-flex e-con e-child\" data-id=\"d428ae0\" data-element_type=\"container\" data-settings=\"{&quot;_ha_eqh_enable&quot;:false}\">\n\t\t\t\t<div class=\"elementor-element elementor-element-db55b67 elementor-mobile-align-left elementor-widget elementor-widget-button\" data-id=\"db55b67\" data-element_type=\"widget\" data-widget_type=\"button.default\">\n\t\t\t\t<div class=\"elementor-widget-container\">\n\t\t\t\t\t\t\t\t\t<div class=\"elementor-button-wrapper\">\n\t\t\t\t\t<a class=\"elementor-button elementor-button-link elementor-size-sm\" href=\"http:\/\/gfem3.org\">\n\t\t\t\t\t\t<span class=\"elementor-button-content-wrapper\">\n\t\t\t\t\t\t\t\t\t<span class=\"elementor-button-text\">gfem3.org<\/span>\n\t\t\t\t\t<\/span>\n\t\t\t\t\t<\/a>\n\t\t\t\t<\/div>\n\t\t\t\t\t\t\t\t<\/div>\n\t\t\t\t<\/div>\n\t\t\t\t<\/div>\n\t\t\t\t<\/div>\n\t\t\t\t<div class=\"elementor-element elementor-element-b954516 elementor-widget elementor-widget-text-editor\" data-id=\"b954516\" data-element_type=\"widget\" data-widget_type=\"text-editor.default\">\n\t\t\t\t<div class=\"elementor-widget-container\">\n\t\t\t\t\t\t\t\t\t<p>L&rsquo;ONG a \u00e9t\u00e9 fond\u00e9e en 2004 par un groupe de femmes qui ont port\u00e9 assistance aux personnes vuln\u00e9rables dans le contexte de la crise politico-militaire que traversait la C\u00f4te d&rsquo;Ivoire. Elle soutient les dynamiques de d\u00e9veloppement local en am\u00e9liorant les conditions de vie des femmes, des enfants et des jeunes en milieu rural et dans les quartiers pr\u00e9caires des grandes villes. Avec Carrefour, GFM3 vise \u00e0 am\u00e9liorer l&rsquo;acc\u00e8s \u00e0 la justice et aux droits en mati\u00e8re de sant\u00e9 sexuelle et reproductive, \u00e0 r\u00e9duire les violences bas\u00e9es sur le genre, \u00e0 renforcer le leadership et la repr\u00e9sentation politique des femmes et des filles, mais aussi \u00e0 accro\u00eetre le pouvoir \u00e9conomique des femmes et leur r\u00e9silience face au changement climatique et \u00e0 la durabilit\u00e9 environnementale.<\/p>\t\t\t\t\t\t\t\t<\/div>\n\t\t\t\t<\/div>\n\t\t\t\t<\/div>\n\t\t<div class=\"elementor-element elementor-element-d198b71 e-con-full e-flex e-con e-child\" data-id=\"d198b71\" data-element_type=\"container\" data-settings=\"{&quot;background_background&quot;:&quot;classic&quot;,&quot;_ha_eqh_enable&quot;:false}\">\n\t\t<div class=\"elementor-element elementor-element-e8d96be e-con-full e-flex e-con e-child\" data-id=\"e8d96be\" data-element_type=\"container\" data-settings=\"{&quot;_ha_eqh_enable&quot;:false}\">\n\t\t\t\t<div class=\"elementor-element elementor-element-f8518d8 elementor-widget elementor-widget-heading\" data-id=\"f8518d8\" data-element_type=\"widget\" data-widget_type=\"heading.default\">\n\t\t\t\t<div class=\"elementor-widget-container\">\n\t\t\t\t\t<h2 class=\"elementor-heading-title elementor-size-default\">LeadAfricaines (R\u00e9seau R\u00e9gional pour l\u2019\u00e9tude et la Promotion du Leadership F\u00e9minin)<\/h2>\t\t\t\t<\/div>\n\t\t\t\t<\/div>\n\t\t\t\t<div class=\"elementor-element elementor-element-775688c elementor-widget elementor-widget-button\" data-id=\"775688c\" data-element_type=\"widget\" data-widget_type=\"button.default\">\n\t\t\t\t<div class=\"elementor-widget-container\">\n\t\t\t\t\t\t\t\t\t<div class=\"elementor-button-wrapper\">\n\t\t\t\t\t<a class=\"elementor-button elementor-button-link elementor-size-sm\" href=\"http:\/\/leadafricaines.org\">\n\t\t\t\t\t\t<span class=\"elementor-button-content-wrapper\">\n\t\t\t\t\t\t\t\t\t<span class=\"elementor-button-text\">leadafricaines.org<\/span>\n\t\t\t\t\t<\/span>\n\t\t\t\t\t<\/a>\n\t\t\t\t<\/div>\n\t\t\t\t\t\t\t\t<\/div>\n\t\t\t\t<\/div>\n\t\t\t\t<\/div>\n\t\t\t\t<div class=\"elementor-element elementor-element-8d420c0 elementor-widget elementor-widget-text-editor\" data-id=\"8d420c0\" data-element_type=\"widget\" data-widget_type=\"text-editor.default\">\n\t\t\t\t<div class=\"elementor-widget-container\">\n\t\t\t\t\t\t\t\t\t<p>Ce r\u00e9seau r\u00e9gional pour l\u2019\u00e9tude et la promotion du leadership f\u00e9minin en Afrique francophone regroupe huit pays dont la C\u00f4te d\u2019Ivoire, le Burkina Faso, le S\u00e9n\u00e9gal, le Mali, le Niger, la Guin\u00e9e, le Togo et le B\u00e9nin qui partagent le r\u00eave d\u2019une Afrique de l\u2019Ouest francophone juste et \u00e9quitable o\u00f9 les femmes des zones rurales et urbaines osent entreprendre des initiatives avec dignit\u00e9 et ambition, sont durablement autonomes, exercent un leadership efficace et participent \u00e0 la gouvernance sans discrimination de genre et sans violence bas\u00e9e sur le genre. Carrefour s\u2019associe \u00e0 Lead Africaines pour am\u00e9liorer l\u2019acc\u00e8s \u00e0 la justice et aux droits en mati\u00e8re de sant\u00e9 sexuelle et reproductive, r\u00e9duire les violences bas\u00e9es sur le genre, renforcer le leadership et la repr\u00e9sentation politique des femmes et des filles, accro\u00eetre le pouvoir, le d\u00e9veloppement \u00e9conomique et la r\u00e9silience des femmes au changement climatique et \u00e0 la durabilit\u00e9 environnementale.<\/p>\t\t\t\t\t\t\t\t<\/div>\n\t\t\t\t<\/div>\n\t\t\t\t<\/div>\n\t\t<div class=\"elementor-element elementor-element-86638b0 e-con-full e-flex e-con e-child\" data-id=\"86638b0\" data-element_type=\"container\" data-settings=\"{&quot;background_background&quot;:&quot;classic&quot;,&quot;_ha_eqh_enable&quot;:false}\">\n\t\t<div class=\"elementor-element elementor-element-3ad4ea6 e-con-full e-flex e-con e-child\" data-id=\"3ad4ea6\" data-element_type=\"container\" data-settings=\"{&quot;_ha_eqh_enable&quot;:false}\">\n\t\t\t\t<div class=\"elementor-element elementor-element-3d680f0 elementor-widget elementor-widget-heading\" data-id=\"3d680f0\" data-element_type=\"widget\" data-widget_type=\"heading.default\">\n\t\t\t\t<div class=\"elementor-widget-container\">\n\t\t\t\t\t<h2 class=\"elementor-heading-title elementor-size-default\">CEFCI (Centre F\u00e9minin pour la D\u00e9mocratie et les Droits Humanins en C\u00f4te D\u2019ivoire<\/h2>\t\t\t\t<\/div>\n\t\t\t\t<\/div>\n\t\t\t\t<div class=\"elementor-element elementor-element-8434f70 elementor-widget elementor-widget-button\" data-id=\"8434f70\" data-element_type=\"widget\" data-widget_type=\"button.default\">\n\t\t\t\t<div class=\"elementor-widget-container\">\n\t\t\t\t\t\t\t\t\t<div class=\"elementor-button-wrapper\">\n\t\t\t\t\t<a class=\"elementor-button elementor-button-link elementor-size-sm\" href=\"http:\/\/cefci.org\">\n\t\t\t\t\t\t<span class=\"elementor-button-content-wrapper\">\n\t\t\t\t\t\t\t\t\t<span class=\"elementor-button-text\">cefci.org<\/span>\n\t\t\t\t\t<\/span>\n\t\t\t\t\t<\/a>\n\t\t\t\t<\/div>\n\t\t\t\t\t\t\t\t<\/div>\n\t\t\t\t<\/div>\n\t\t\t\t<\/div>\n\t\t\t\t<div class=\"elementor-element elementor-element-35a2b91 elementor-widget elementor-widget-text-editor\" data-id=\"35a2b91\" data-element_type=\"widget\" data-widget_type=\"text-editor.default\">\n\t\t\t\t<div class=\"elementor-widget-container\">\n\t\t\t\t\t\t\t\t\t<p>Le Centre est une ONG de promotion des droits des femmes, cr\u00e9\u00e9e en 2003. La mission du CEFCI est de soutenir les femmes dans leur lutte quotidienne pour la d\u00e9mocratie, les droits humains et la lutte contre la pauvret\u00e9. Notre collaboration avec le CEFCI vise \u00e0 am\u00e9liorer l&rsquo;acc\u00e8s \u00e0 la justice et aux droits en mati\u00e8re de sant\u00e9 sexuelle et reproductive, ainsi qu&rsquo;\u00e0 r\u00e9duire les violences bas\u00e9es sur le genre. Nous \u0153uvrons \u00e9galement au renforcement du leadership et de la repr\u00e9sentation politique des femmes et des filles, \u00e0 l&rsquo;accroissement de leur pouvoir \u00e9conomique et \u00e0 leur r\u00e9silience face au changement climatique et \u00e0 la durabilit\u00e9 environnementale. L&rsquo;organisation intervient sur l&rsquo;ensemble du territoire ivoirien avec le soutien de ses bureaux op\u00e9rationnels \u00e0 Abidjan et \u00e0 Niakara.<\/p>\t\t\t\t\t\t\t\t<\/div>\n\t\t\t\t<\/div>\n\t\t\t\t<\/div>\n\t\t<div class=\"elementor-element elementor-element-8abc5a4 e-con-full e-flex e-con e-child\" data-id=\"8abc5a4\" data-element_type=\"container\" data-settings=\"{&quot;background_background&quot;:&quot;classic&quot;,&quot;_ha_eqh_enable&quot;:false}\">\n\t\t<div class=\"elementor-element elementor-element-2b9e7a3 e-con-full e-flex e-con e-child\" data-id=\"2b9e7a3\" data-element_type=\"container\" data-settings=\"{&quot;_ha_eqh_enable&quot;:false}\">\n\t\t\t\t<div class=\"elementor-element elementor-element-76d887a elementor-widget elementor-widget-heading\" data-id=\"76d887a\" data-element_type=\"widget\" data-widget_type=\"heading.default\">\n\t\t\t\t<div class=\"elementor-widget-container\">\n\t\t\t\t\t<h2 class=\"elementor-heading-title elementor-size-default\">RIDDEF (R\u00e9seau Ivoirien pour la D\u00e9fense des Droits de l\u2019Enfant et de la Femme)<\/h2>\t\t\t\t<\/div>\n\t\t\t\t<\/div>\n\t\t\t\t<div class=\"elementor-element elementor-element-a2cc5ff elementor-widget elementor-widget-button\" data-id=\"a2cc5ff\" data-element_type=\"widget\" data-widget_type=\"button.default\">\n\t\t\t\t<div class=\"elementor-widget-container\">\n\t\t\t\t\t\t\t\t\t<div class=\"elementor-button-wrapper\">\n\t\t\t\t\t<a class=\"elementor-button elementor-button-link elementor-size-sm\" href=\"http:\/\/riddef.wordpress.com\">\n\t\t\t\t\t\t<span class=\"elementor-button-content-wrapper\">\n\t\t\t\t\t\t\t\t\t<span class=\"elementor-button-text\">riddef.wordpress.com<\/span>\n\t\t\t\t\t<\/span>\n\t\t\t\t\t<\/a>\n\t\t\t\t<\/div>\n\t\t\t\t\t\t\t\t<\/div>\n\t\t\t\t<\/div>\n\t\t\t\t<\/div>\n\t\t\t\t<div class=\"elementor-element elementor-element-9e8f5e9 elementor-widget elementor-widget-text-editor\" data-id=\"9e8f5e9\" data-element_type=\"widget\" data-widget_type=\"text-editor.default\">\n\t\t\t\t<div class=\"elementor-widget-container\">\n\t\t\t\t\t\t\t\t\t<p>Cr\u00e9\u00e9 en 2013, le R\u00e9seau ivoirien de d\u00e9fense des droits de l&rsquo;enfant et de la femme (RIDDEF) est une organisation apolitique, la\u00efque et ind\u00e9pendante qui s&rsquo;int\u00e9resse \u00e0 toute question relative aux droits des femmes et des enfants, en particulier, et \u00e0 la coh\u00e9sion sociale. Carrefour travaille avec le RIDDEF pour am\u00e9liorer l&rsquo;acc\u00e8s \u00e0 la justice et aux droits \u00e0 la sant\u00e9 sexuelle et reproductive, et r\u00e9duire les violences bas\u00e9es sur le genre.<\/p>\t\t\t\t\t\t\t\t<\/div>\n\t\t\t\t<\/div>\n\t\t\t\t<\/div>\n\t\t\t\t\t<\/div>\n\t\t\t\t<\/div>\n\t\t\t\t<\/div>\n\t\t","protected":false},"excerpt":{"rendered":"<p>Notre travail Pays et partenaires Ivory Coast Nous renfor\u00e7ons l\u2019acc\u00e8s \u00e0 la justice et travaillons \u00e0 r\u00e9duire la violence contre les groupes les plus vuln\u00e9rables, en particulier les femmes et les filles, ainsi que les personnes atteintes d\u2019albinisme et celles vivant avec un handicap. Faire du volontariat PARTENAIRES GFM3 (G\u00e9n\u00e9ration Femme du Troisi\u00e8me Mill\u00e9naire) gfem3.org [&hellip;]<\/p>\n","protected":false},"author":1,"featured_media":0,"parent":22393,"menu_order":0,"comment_status":"closed","ping_status":"closed","template":"elementor_header_footer","meta":{"_acf_changed":false,"footnotes":""},"class_list":["post-22527","page","type-page","status-publish","hentry"],"acf":[],"_links":{"self":[{"href":"https:\/\/crossboard.dev2.smartegy.ca\/fr\/wp-json\/wp\/v2\/pages\/22527","targetHints":{"allow":["GET"]}}],"collection":[{"href":"https:\/\/crossboard.dev2.smartegy.ca\/fr\/wp-json\/wp\/v2\/pages"}],"about":[{"href":"https:\/\/crossboard.dev2.smartegy.ca\/fr\/wp-json\/wp\/v2\/types\/page"}],"author":[{"embeddable":true,"href":"https:\/\/crossboard.dev2.smartegy.ca\/fr\/wp-json\/wp\/v2\/users\/1"}],"replies":[{"embeddable":true,"href":"https:\/\/crossboard.dev2.smartegy.ca\/fr\/wp-json\/wp\/v2\/comments?post=22527"}],"version-history":[{"count":7,"href":"https:\/\/crossboard.dev2.smartegy.ca\/fr\/wp-json\/wp\/v2\/pages\/22527\/revisions"}],"predecessor-version":[{"id":23650,"href":"https:\/\/crossboard.dev2.smartegy.ca\/fr\/wp-json\/wp\/v2\/pages\/22527\/revisions\/23650"}],"up":[{"embeddable":true,"href":"https:\/\/crossboard.dev2.smartegy.ca\/fr\/wp-json\/wp\/v2\/pages\/22393"}],"wp:attachment":[{"href":"https:\/\/crossboard.dev2.smartegy.ca\/fr\/wp-json\/wp\/v2\/media?parent=22527"}],"curies":[{"name":"wp","href":"https:\/\/api.w.org\/{rel}","templated":true}]}}