{"id":22537,"date":"2024-12-09T11:22:39","date_gmt":"2024-12-09T11:22:39","guid":{"rendered":"https:\/\/crossboard.dev2.smartegy.ca\/?page_id=22537"},"modified":"2025-06-30T12:24:48","modified_gmt":"2025-06-30T12:24:48","slug":"carrieres","status":"publish","type":"page","link":"https:\/\/crossboard.dev2.smartegy.ca\/fr\/notre-travail-ce-que-nous-faisons\/carrieres\/","title":{"rendered":"CARRI\u00c8RES"},"content":{"rendered":"\t\t<div data-elementor-type=\"wp-page\" data-elementor-id=\"22537\" class=\"elementor elementor-22537 elementor-932\" data-elementor-settings=\"{&quot;ha_cmc_init_switcher&quot;:&quot;no&quot;}\" data-elementor-post-type=\"page\">\n\t\t\t\t<div class=\"elementor-element elementor-element-d19abf8 e-con-full e-flex e-con e-parent\" data-id=\"d19abf8\" data-element_type=\"container\" data-settings=\"{&quot;background_background&quot;:&quot;classic&quot;,&quot;_ha_eqh_enable&quot;:false}\">\n\t\t\t\t<div class=\"elementor-element elementor-element-094e1e8 elementor-widget elementor-widget-text-editor\" data-id=\"094e1e8\" data-element_type=\"widget\" data-widget_type=\"text-editor.default\">\n\t\t\t\t<div class=\"elementor-widget-container\">\n\t\t\t\t\t\t\t\t\t<p>Notre travail<\/p>\t\t\t\t\t\t\t\t<\/div>\n\t\t\t\t<\/div>\n\t\t\t\t<div class=\"elementor-element elementor-element-29b439e elementor-widget elementor-widget-text-editor\" data-id=\"29b439e\" data-element_type=\"widget\" data-widget_type=\"text-editor.default\">\n\t\t\t\t<div class=\"elementor-widget-container\">\n\t\t\t\t\t\t\t\t\t<p>CARRI\u00c8RES<\/p>\t\t\t\t\t\t\t\t<\/div>\n\t\t\t\t<\/div>\n\t\t\t\t<\/div>\n\t\t<div class=\"elementor-element elementor-element-e702398 e-flex e-con-boxed e-con e-parent\" data-id=\"e702398\" data-element_type=\"container\" data-settings=\"{&quot;_ha_eqh_enable&quot;:false}\">\n\t\t\t\t\t<div class=\"e-con-inner\">\n\t\t\t\t<div class=\"elementor-element elementor-element-f4a4c17 elementor-widget elementor-widget-heading\" data-id=\"f4a4c17\" data-element_type=\"widget\" data-widget_type=\"heading.default\">\n\t\t\t\t<div class=\"elementor-widget-container\">\n\t\t\t\t\t<h2 class=\"elementor-heading-title elementor-size-default\">CARRI\u00c8RES<\/h2>\t\t\t\t<\/div>\n\t\t\t\t<\/div>\n\t\t\t\t<div class=\"elementor-element elementor-element-7489e80 elementor-widget elementor-widget-text-editor\" data-id=\"7489e80\" data-element_type=\"widget\" data-widget_type=\"text-editor.default\">\n\t\t\t\t<div class=\"elementor-widget-container\">\n\t\t\t\t\t\t\t\t\t<p>Participez \u00e0 un mouvement engag\u00e9 pour l&rsquo;\u00e9radication de la pauvret\u00e9 et la promotion des droits des femmes et des filles partout dans le monde. L&rsquo;\u00e9quipe de Carrefour International est compos\u00e9e de professionnels engag\u00e9s qui travaillent sur un pied d&rsquo;\u00e9galit\u00e9 avec leurs partenaires \u00e0 l&rsquo;\u00e9tranger et au Canada pour b\u00e2tir un monde plus juste et plus \u00e9quitable.<\/p>\t\t\t\t\t\t\t\t<\/div>\n\t\t\t\t<\/div>\n\t\t<div class=\"elementor-element elementor-element-df301d0 e-con-full e-flex e-con e-child\" data-id=\"df301d0\" data-element_type=\"container\" data-settings=\"{&quot;_ha_eqh_enable&quot;:false}\">\n\t\t<div class=\"elementor-element elementor-element-45f4908 e-con-full e-flex e-con e-child\" data-id=\"45f4908\" data-element_type=\"container\" data-settings=\"{&quot;_ha_eqh_enable&quot;:false}\">\n\t\t\t\t<div class=\"elementor-element elementor-element-d21e165 elementor-widget elementor-widget-heading\" data-id=\"d21e165\" data-element_type=\"widget\" data-widget_type=\"heading.default\">\n\t\t\t\t<div class=\"elementor-widget-container\">\n\t\t\t\t\t<h2 class=\"elementor-heading-title elementor-size-default\">POSTES ACTUELS \u2013 CANADA<\/h2>\t\t\t\t<\/div>\n\t\t\t\t<\/div>\n\t\t\t\t<div class=\"elementor-element elementor-element-df01dc4 elementor-widget elementor-widget-button\" data-id=\"df01dc4\" data-element_type=\"widget\" data-widget_type=\"button.default\">\n\t\t\t\t<div class=\"elementor-widget-container\">\n\t\t\t\t\t\t\t\t\t<div class=\"elementor-button-wrapper\">\n\t\t\t\t\t<a class=\"elementor-button elementor-button-link elementor-size-sm\" href=\"\/fr\/notre-travail-ce-que-nous-faisons\/carrieres\/carrieres-postes-actuels-analyste-financier-de-projet-canada\/\">\n\t\t\t\t\t\t<span class=\"elementor-button-content-wrapper\">\n\t\t\t\t\t\t<span class=\"elementor-button-icon\">\n\t\t\t\t<svg xmlns=\"http:\/\/www.w3.org\/2000\/svg\" width=\"17\" height=\"18\" viewBox=\"0 0 17 18\" fill=\"none\"><g clip-path=\"url(#clip0_750_15553)\"><path d=\"M4.92023 17.5C4.56197 17.5 4.22515 17.3604 3.97132 17.107C3.71791 16.8534 3.57812 16.5163 3.57812 16.1579C3.57812 15.7994 3.71794 15.4623 3.97132 15.2089L10.1803 8.99993L3.97132 2.79102C3.71791 2.53751 3.57812 2.20046 3.57812 1.842C3.57812 1.48354 3.71794 1.14646 3.97132 0.892992C4.22469 0.63952 4.56197 0.5 4.92023 0.5C5.27849 0.5 5.61577 0.639486 5.86914 0.892859L13.0271 8.05092C13.2805 8.30443 13.4203 8.64147 13.4203 8.99993C13.4203 9.35839 13.2804 9.69547 13.0271 9.94895L5.86914 17.1069C5.6153 17.3604 5.27846 17.5 4.92023 17.5Z\" fill=\"#F3911F\"><\/path><\/g><defs><clipPath id=\"clip0_750_15553\"><rect width=\"17\" height=\"17\" fill=\"white\" transform=\"translate(0 0.5)\"><\/rect><\/clipPath><\/defs><\/svg>\t\t\t<\/span>\n\t\t\t\t\t\t\t\t\t<span class=\"elementor-button-text\">Analyste financier de projet<\/span>\n\t\t\t\t\t<\/span>\n\t\t\t\t\t<\/a>\n\t\t\t\t<\/div>\n\t\t\t\t\t\t\t\t<\/div>\n\t\t\t\t<\/div>\n\t\t\t\t<div class=\"elementor-element elementor-element-d1228f3 elementor-widget elementor-widget-heading\" data-id=\"d1228f3\" data-element_type=\"widget\" data-widget_type=\"heading.default\">\n\t\t\t\t<div class=\"elementor-widget-container\">\n\t\t\t\t\t<h2 class=\"elementor-heading-title elementor-size-default\">FONCTIONS ACTUELLES \u2013 OUGANDA<\/h2>\t\t\t\t<\/div>\n\t\t\t\t<\/div>\n\t\t\t\t<div class=\"elementor-element elementor-element-31d1c05 elementor-widget elementor-widget-button\" data-id=\"31d1c05\" data-element_type=\"widget\" data-widget_type=\"button.default\">\n\t\t\t\t<div class=\"elementor-widget-container\">\n\t\t\t\t\t\t\t\t\t<div class=\"elementor-button-wrapper\">\n\t\t\t\t\t<a class=\"elementor-button elementor-button-link elementor-size-sm\" href=\"\/fr\/notre-travail-ce-que-nous-faisons\/carrieres\/carrieres-postes-actuels-ouganda-responsable-principal-des-finances-et-de-ladministration-ssc\/\">\n\t\t\t\t\t\t<span class=\"elementor-button-content-wrapper\">\n\t\t\t\t\t\t<span class=\"elementor-button-icon\">\n\t\t\t\t<svg xmlns=\"http:\/\/www.w3.org\/2000\/svg\" width=\"17\" height=\"18\" viewBox=\"0 0 17 18\" fill=\"none\"><g clip-path=\"url(#clip0_750_15553)\"><path d=\"M4.92023 17.5C4.56197 17.5 4.22515 17.3604 3.97132 17.107C3.71791 16.8534 3.57812 16.5163 3.57812 16.1579C3.57812 15.7994 3.71794 15.4623 3.97132 15.2089L10.1803 8.99993L3.97132 2.79102C3.71791 2.53751 3.57812 2.20046 3.57812 1.842C3.57812 1.48354 3.71794 1.14646 3.97132 0.892992C4.22469 0.63952 4.56197 0.5 4.92023 0.5C5.27849 0.5 5.61577 0.639486 5.86914 0.892859L13.0271 8.05092C13.2805 8.30443 13.4203 8.64147 13.4203 8.99993C13.4203 9.35839 13.2804 9.69547 13.0271 9.94895L5.86914 17.1069C5.6153 17.3604 5.27846 17.5 4.92023 17.5Z\" fill=\"#F3911F\"><\/path><\/g><defs><clipPath id=\"clip0_750_15553\"><rect width=\"17\" height=\"17\" fill=\"white\" transform=\"translate(0 0.5)\"><\/rect><\/clipPath><\/defs><\/svg>\t\t\t<\/span>\n\t\t\t\t\t\t\t\t\t<span class=\"elementor-button-text\">Agent principal des finances et de l'administration (SSC)<\/span>\n\t\t\t\t\t<\/span>\n\t\t\t\t\t<\/a>\n\t\t\t\t<\/div>\n\t\t\t\t\t\t\t\t<\/div>\n\t\t\t\t<\/div>\n\t\t\t\t<div class=\"elementor-element elementor-element-989a5d0 elementor-hidden-desktop elementor-hidden-tablet elementor-hidden-mobile elementor-widget elementor-widget-heading\" data-id=\"989a5d0\" data-element_type=\"widget\" data-widget_type=\"heading.default\">\n\t\t\t\t<div class=\"elementor-widget-container\">\n\t\t\t\t\t<h2 class=\"elementor-heading-title elementor-size-default\">CURRENT POSTINGS \u2013 TANZANIA<\/h2>\t\t\t\t<\/div>\n\t\t\t\t<\/div>\n\t\t\t\t<div class=\"elementor-element elementor-element-7aaecd3 elementor-hidden-desktop elementor-hidden-tablet elementor-hidden-mobile elementor-widget elementor-widget-button\" data-id=\"7aaecd3\" data-element_type=\"widget\" data-widget_type=\"button.default\">\n\t\t\t\t<div class=\"elementor-widget-container\">\n\t\t\t\t\t\t\t\t\t<div class=\"elementor-button-wrapper\">\n\t\t\t\t\t<a class=\"elementor-button elementor-button-link elementor-size-sm\" href=\"#\">\n\t\t\t\t\t\t<span class=\"elementor-button-content-wrapper\">\n\t\t\t\t\t\t<span class=\"elementor-button-icon\">\n\t\t\t\t<svg xmlns=\"http:\/\/www.w3.org\/2000\/svg\" width=\"17\" height=\"18\" viewBox=\"0 0 17 18\" fill=\"none\"><g clip-path=\"url(#clip0_750_15553)\"><path d=\"M4.92023 17.5C4.56197 17.5 4.22515 17.3604 3.97132 17.107C3.71791 16.8534 3.57812 16.5163 3.57812 16.1579C3.57812 15.7994 3.71794 15.4623 3.97132 15.2089L10.1803 8.99993L3.97132 2.79102C3.71791 2.53751 3.57812 2.20046 3.57812 1.842C3.57812 1.48354 3.71794 1.14646 3.97132 0.892992C4.22469 0.63952 4.56197 0.5 4.92023 0.5C5.27849 0.5 5.61577 0.639486 5.86914 0.892859L13.0271 8.05092C13.2805 8.30443 13.4203 8.64147 13.4203 8.99993C13.4203 9.35839 13.2804 9.69547 13.0271 9.94895L5.86914 17.1069C5.6153 17.3604 5.27846 17.5 4.92023 17.5Z\" fill=\"#F3911F\"><\/path><\/g><defs><clipPath id=\"clip0_750_15553\"><rect width=\"17\" height=\"17\" fill=\"white\" transform=\"translate(0 0.5)\"><\/rect><\/clipPath><\/defs><\/svg>\t\t\t<\/span>\n\t\t\t\t\t\t\t\t\t<span class=\"elementor-button-text\">Office Driver\/Administrative Assistant<\/span>\n\t\t\t\t\t<\/span>\n\t\t\t\t\t<\/a>\n\t\t\t\t<\/div>\n\t\t\t\t\t\t\t\t<\/div>\n\t\t\t\t<\/div>\n\t\t\t\t<div class=\"elementor-element elementor-element-a40a016 elementor-hidden-desktop elementor-hidden-tablet elementor-hidden-mobile elementor-widget elementor-widget-heading\" data-id=\"a40a016\" data-element_type=\"widget\" data-widget_type=\"heading.default\">\n\t\t\t\t<div class=\"elementor-widget-container\">\n\t\t\t\t\t<h2 class=\"elementor-heading-title elementor-size-default\">CURRENT POSTINGS \u2013 GUINEA<\/h2>\t\t\t\t<\/div>\n\t\t\t\t<\/div>\n\t\t\t\t<div class=\"elementor-element elementor-element-3fd08f9 elementor-hidden-desktop elementor-hidden-tablet elementor-hidden-mobile elementor-widget elementor-widget-button\" data-id=\"3fd08f9\" data-element_type=\"widget\" data-widget_type=\"button.default\">\n\t\t\t\t<div class=\"elementor-widget-container\">\n\t\t\t\t\t\t\t\t\t<div class=\"elementor-button-wrapper\">\n\t\t\t\t\t<a class=\"elementor-button elementor-button-link elementor-size-sm\" href=\"#\">\n\t\t\t\t\t\t<span class=\"elementor-button-content-wrapper\">\n\t\t\t\t\t\t<span class=\"elementor-button-icon\">\n\t\t\t\t<svg xmlns=\"http:\/\/www.w3.org\/2000\/svg\" width=\"17\" height=\"18\" viewBox=\"0 0 17 18\" fill=\"none\"><g clip-path=\"url(#clip0_750_15553)\"><path d=\"M4.92023 17.5C4.56197 17.5 4.22515 17.3604 3.97132 17.107C3.71791 16.8534 3.57812 16.5163 3.57812 16.1579C3.57812 15.7994 3.71794 15.4623 3.97132 15.2089L10.1803 8.99993L3.97132 2.79102C3.71791 2.53751 3.57812 2.20046 3.57812 1.842C3.57812 1.48354 3.71794 1.14646 3.97132 0.892992C4.22469 0.63952 4.56197 0.5 4.92023 0.5C5.27849 0.5 5.61577 0.639486 5.86914 0.892859L13.0271 8.05092C13.2805 8.30443 13.4203 8.64147 13.4203 8.99993C13.4203 9.35839 13.2804 9.69547 13.0271 9.94895L5.86914 17.1069C5.6153 17.3604 5.27846 17.5 4.92023 17.5Z\" fill=\"#F3911F\"><\/path><\/g><defs><clipPath id=\"clip0_750_15553\"><rect width=\"17\" height=\"17\" fill=\"white\" transform=\"translate(0 0.5)\"><\/rect><\/clipPath><\/defs><\/svg>\t\t\t<\/span>\n\t\t\t\t\t\t\t\t\t<span class=\"elementor-button-text\">Project Officer, Corporate Partnerships (FR)<\/span>\n\t\t\t\t\t<\/span>\n\t\t\t\t\t<\/a>\n\t\t\t\t<\/div>\n\t\t\t\t\t\t\t\t<\/div>\n\t\t\t\t<\/div>\n\t\t\t\t<\/div>\n\t\t<div class=\"elementor-element elementor-element-fd92579 e-con-full e-flex e-con e-child\" data-id=\"fd92579\" data-element_type=\"container\" data-settings=\"{&quot;background_background&quot;:&quot;classic&quot;,&quot;_ha_eqh_enable&quot;:false}\">\n\t\t\t\t<div class=\"elementor-element elementor-element-e1e9600 elementor-widget elementor-widget-image\" data-id=\"e1e9600\" data-element_type=\"widget\" data-widget_type=\"image.default\">\n\t\t\t\t<div class=\"elementor-widget-container\">\n\t\t\t\t\t\t\t\t\t\t\t\t\t\t\t<img fetchpriority=\"high\" decoding=\"async\" width=\"455\" height=\"625\" src=\"https:\/\/crossboard.dev2.smartegy.ca\/wp-content\/uploads\/2025\/02\/Title-41.webp\" class=\"attachment-full size-full wp-image-19751\" alt=\"\" srcset=\"https:\/\/crossboard.dev2.smartegy.ca\/wp-content\/uploads\/2025\/02\/Title-41.webp 455w, https:\/\/crossboard.dev2.smartegy.ca\/wp-content\/uploads\/2025\/02\/Title-41-218x300.webp 218w\" sizes=\"(max-width: 455px) 100vw, 455px\" \/>\t\t\t\t\t\t\t\t\t\t\t\t\t\t\t<\/div>\n\t\t\t\t<\/div>\n\t\t\t\t<\/div>\n\t\t\t\t<\/div>\n\t\t\t\t<div class=\"elementor-element elementor-element-74e5b66 elementor-widget elementor-widget-heading\" data-id=\"74e5b66\" data-element_type=\"widget\" data-widget_type=\"heading.default\">\n\t\t\t\t<div class=\"elementor-widget-container\">\n\t\t\t\t\t<h2 class=\"elementor-heading-title elementor-size-default\">OPPORTUNIT\u00c9S DE STAGE<\/h2>\t\t\t\t<\/div>\n\t\t\t\t<\/div>\n\t\t\t\t<div class=\"elementor-element elementor-element-9ab5ca6 elementor-widget elementor-widget-text-editor\" data-id=\"9ab5ca6\" data-element_type=\"widget\" data-widget_type=\"text-editor.default\">\n\t\t\t\t<div class=\"elementor-widget-container\">\n\t\t\t\t\t\t\t\t\t<p>Nous vous invitons \u00e0 postuler \u00e0 notre programme de stages, qui vous propose une exp\u00e9rience dynamique et enrichissante. Rejoignez-nous pour encourager l&rsquo;innovation et la diversit\u00e9 et \u0153uvrer ensemble \u00e0 la r\u00e9alisation de notre vision chez Carrefour International.<\/p><p>Pour nos stages non r\u00e9mun\u00e9r\u00e9s, les candidats doivent \u00eatre inscrits \u00e0 un programme d&rsquo;\u00e9tudes postsecondaires pr\u00e9voyant un stage.<\/p><p>Si aucun stage ne correspond \u00e0 votre profil, nous acceptons \u00e9galement les candidatures spontan\u00e9es.<\/p><p>Si cette exp\u00e9rience vous int\u00e9resse et vous int\u00e9resse, n&rsquo;h\u00e9sitez pas \u00e0 nous contacter par courriel \u00e0 l&rsquo;adresse <a href=\"mailto:rh_hr@cintl.org\">rh_hr@cintl.org<\/a> pour toute demande d&rsquo;information.<\/p>\t\t\t\t\t\t\t\t<\/div>\n\t\t\t\t<\/div>\n\t\t\t\t<div class=\"elementor-element elementor-element-b6b9944 btn-hustle-popup-fr elementor-widget elementor-widget-button\" data-id=\"b6b9944\" data-element_type=\"widget\" data-widget_type=\"button.default\">\n\t\t\t\t<div class=\"elementor-widget-container\">\n\t\t\t\t\t\t\t\t\t<div class=\"elementor-button-wrapper\">\n\t\t\t\t\t<a class=\"elementor-button elementor-button-link elementor-size-sm\" href=\"#\">\n\t\t\t\t\t\t<span class=\"elementor-button-content-wrapper\">\n\t\t\t\t\t\t\t\t\t<span class=\"elementor-button-text\">Postulez maintenant<\/span>\n\t\t\t\t\t<\/span>\n\t\t\t\t\t<\/a>\n\t\t\t\t<\/div>\n\t\t\t\t\t\t\t\t<\/div>\n\t\t\t\t<\/div>\n\t\t\t\t<div class=\"elementor-element elementor-element-b52b951 elementor-widget elementor-widget-heading\" data-id=\"b52b951\" data-element_type=\"widget\" data-widget_type=\"heading.default\">\n\t\t\t\t<div class=\"elementor-widget-container\">\n\t\t\t\t\t<h2 class=\"elementor-heading-title elementor-size-default\">DEVENEZ VOLONTAIRE CHEZ CARREFOUR INTERNATIONAL<\/h2>\t\t\t\t<\/div>\n\t\t\t\t<\/div>\n\t\t\t\t<div class=\"elementor-element elementor-element-e570c98 elementor-widget elementor-widget-text-editor\" data-id=\"e570c98\" data-element_type=\"widget\" data-widget_type=\"text-editor.default\">\n\t\t\t\t<div class=\"elementor-widget-container\">\n\t\t\t\t\t\t\t\t\t<p>Le succ\u00e8s des projets de Carrefour International repose sur le d\u00e9vouement de ses volontaires et de son personnel. Chaque ann\u00e9e, Carrefour recrute des volontaires canadiens pour un large \u00e9ventail de missions en Afrique subsaharienne et en Am\u00e9rique du Sud. Carrefour soutient \u00e9galement les placements Sud-Nord de ses employ\u00e9s et volontaires partenaires, ainsi que les \u00e9changes Sud-Sud entre ses partenaires du Sud.<\/p><p>Notre travail est supervis\u00e9 par un conseil d&rsquo;administration volontaire compos\u00e9 de repr\u00e9sentants de partout au Canada et d&rsquo;organisations partenaires du Sud. Des volontaires de partout au pays soutiennent notre programme en tant que familles d&rsquo;accueil pour les Carrefouristes du Sud, en offrant conseils et expertise, en organisant des \u00e9v\u00e9nements, en collectant des fonds et en sensibilisant aux enjeux mondiaux.<\/p><p>\u00cates-vous engag\u00e9 en faveur du d\u00e9veloppement durable ? Passionn\u00e9 par le changement ? Apprenez-en davantage sur le volontariat \u00e0 l&rsquo;\u00e9tranger et sur ce que vous pouvez faire au Canada pour cr\u00e9er un monde plus juste et \u00e9quitable. Consultez nos offres d&#8217;emploi de volontaires.<\/p>\t\t\t\t\t\t\t\t<\/div>\n\t\t\t\t<\/div>\n\t\t\t\t<div class=\"elementor-element elementor-element-84b8ca1 elementor-widget elementor-widget-button\" data-id=\"84b8ca1\" data-element_type=\"widget\" data-widget_type=\"button.default\">\n\t\t\t\t<div class=\"elementor-widget-container\">\n\t\t\t\t\t\t\t\t\t<div class=\"elementor-button-wrapper\">\n\t\t\t\t\t<a class=\"elementor-button elementor-button-link elementor-size-sm\" href=\"\/fr\/benevole-besoin-daide-etre-un-sauveur-ou-quelquun\/\">\n\t\t\t\t\t\t<span class=\"elementor-button-content-wrapper\">\n\t\t\t\t\t\t\t\t\t<span class=\"elementor-button-text\">Voir les offres d'emploi<\/span>\n\t\t\t\t\t<\/span>\n\t\t\t\t\t<\/a>\n\t\t\t\t<\/div>\n\t\t\t\t\t\t\t\t<\/div>\n\t\t\t\t<\/div>\n\t\t\t\t\t<\/div>\n\t\t\t\t<\/div>\n\t\t<div class=\"elementor-element elementor-element-4b2df6d e-flex e-con-boxed e-con e-parent\" data-id=\"4b2df6d\" data-element_type=\"container\" data-settings=\"{&quot;_ha_eqh_enable&quot;:false}\">\n\t\t\t\t\t<div class=\"e-con-inner\">\n\t\t<div class=\"elementor-element elementor-element-12cd2c5 e-con-full e-flex e-con e-child\" data-id=\"12cd2c5\" data-element_type=\"container\" data-settings=\"{&quot;_ha_eqh_enable&quot;:false}\">\n\t\t\t\t<div class=\"elementor-element elementor-element-83aab95 elementor-widget elementor-widget-heading\" data-id=\"83aab95\" data-element_type=\"widget\" data-widget_type=\"heading.default\">\n\t\t\t\t<div class=\"elementor-widget-container\">\n\t\t\t\t\t<h2 class=\"elementor-heading-title elementor-size-default\">CERTIFI\u00c9 GREAT PLACE TO WORK (GPTW)<\/h2>\t\t\t\t<\/div>\n\t\t\t\t<\/div>\n\t\t\t\t<div class=\"elementor-element elementor-element-40bd88b elementor-widget elementor-widget-text-editor\" data-id=\"40bd88b\" data-element_type=\"widget\" data-widget_type=\"text-editor.default\">\n\t\t\t\t<div class=\"elementor-widget-container\">\n\t\t\t\t\t\t\t\t\t<p>Nous sommes fiers d&rsquo;annoncer que nous avons obtenu la certification Great Place To Work (GPTW) par nos employ\u00e9s au Canada et au S\u00e9n\u00e9gal. Pour en savoir plus sur notre certification GPTW, <a href=\"https:\/\/www.greatplacetowork.ca\/en\/certification-menu\/certified-organizations-updated#certified-organizations2\/view-sub-list-details70\/64761b47a0b43b0028d83152\/\" target=\"_blank\" rel=\"noopener\">cliquez ici.<\/a><br \/>(Veuillez noter que nous n&rsquo;avons pas suffisamment d&#8217;employ\u00e9s au Ghana ou en Tanzanie pour y \u00eatre certifi\u00e9s.)<\/p>\t\t\t\t\t\t\t\t<\/div>\n\t\t\t\t<\/div>\n\t\t\t\t<\/div>\n\t\t<div class=\"elementor-element elementor-element-4841102 e-con-full e-flex e-con e-child\" data-id=\"4841102\" data-element_type=\"container\" data-settings=\"{&quot;_ha_eqh_enable&quot;:false}\">\n\t\t\t\t<\/div>\n\t\t\t\t\t<\/div>\n\t\t\t\t<\/div>\n\t\t\t\t<\/div>\n\t\t","protected":false},"excerpt":{"rendered":"<p>Notre travail CARRI\u00c8RES CARRI\u00c8RES Participez \u00e0 un mouvement engag\u00e9 pour l&rsquo;\u00e9radication de la pauvret\u00e9 et la promotion des droits des femmes et des filles partout dans le monde. L&rsquo;\u00e9quipe de Carrefour International est compos\u00e9e de professionnels engag\u00e9s qui travaillent sur un pied d&rsquo;\u00e9galit\u00e9 avec leurs partenaires \u00e0 l&rsquo;\u00e9tranger et au Canada pour b\u00e2tir un monde [&hellip;]<\/p>\n","protected":false},"author":1,"featured_media":0,"parent":22172,"menu_order":0,"comment_status":"closed","ping_status":"closed","template":"elementor_header_footer","meta":{"_acf_changed":false,"footnotes":""},"class_list":["post-22537","page","type-page","status-publish","hentry"],"acf":[],"_links":{"self":[{"href":"https:\/\/crossboard.dev2.smartegy.ca\/fr\/wp-json\/wp\/v2\/pages\/22537","targetHints":{"allow":["GET"]}}],"collection":[{"href":"https:\/\/crossboard.dev2.smartegy.ca\/fr\/wp-json\/wp\/v2\/pages"}],"about":[{"href":"https:\/\/crossboard.dev2.smartegy.ca\/fr\/wp-json\/wp\/v2\/types\/page"}],"author":[{"embeddable":true,"href":"https:\/\/crossboard.dev2.smartegy.ca\/fr\/wp-json\/wp\/v2\/users\/1"}],"replies":[{"embeddable":true,"href":"https:\/\/crossboard.dev2.smartegy.ca\/fr\/wp-json\/wp\/v2\/comments?post=22537"}],"version-history":[{"count":10,"href":"https:\/\/crossboard.dev2.smartegy.ca\/fr\/wp-json\/wp\/v2\/pages\/22537\/revisions"}],"predecessor-version":[{"id":23653,"href":"https:\/\/crossboard.dev2.smartegy.ca\/fr\/wp-json\/wp\/v2\/pages\/22537\/revisions\/23653"}],"up":[{"embeddable":true,"href":"https:\/\/crossboard.dev2.smartegy.ca\/fr\/wp-json\/wp\/v2\/pages\/22172"}],"wp:attachment":[{"href":"https:\/\/crossboard.dev2.smartegy.ca\/fr\/wp-json\/wp\/v2\/media?parent=22537"}],"curies":[{"name":"wp","href":"https:\/\/api.w.org\/{rel}","templated":true}]}}