{"id":22688,"date":"2025-02-21T15:24:57","date_gmt":"2025-02-21T15:24:57","guid":{"rendered":"https:\/\/crossboard.dev2.smartegy.ca\/?page_id=22688"},"modified":"2025-06-30T14:43:09","modified_gmt":"2025-06-30T14:43:09","slug":"impact-dans-les-medias-les-benevoles-de-crossroads-montrent-au-monde-comment-atteindre-les-objectifs","status":"publish","type":"page","link":"https:\/\/crossboard.dev2.smartegy.ca\/fr\/impact-dans-les-medias-les-benevoles-de-crossroads-montrent-au-monde-comment-atteindre-les-objectifs\/","title":{"rendered":"Impact \u2013 Dans les m\u00e9dias \u2013 Les b\u00e9n\u00e9voles de Crossroads montrent au monde comment \u00ab\u00a0atteindre les objectifs\u00a0\u00bb"},"content":{"rendered":"\t\t<div data-elementor-type=\"wp-page\" data-elementor-id=\"22688\" class=\"elementor elementor-22688 elementor-19570\" data-elementor-settings=\"{&quot;ha_cmc_init_switcher&quot;:&quot;no&quot;}\" data-elementor-post-type=\"page\">\n\t\t\t\t<div class=\"elementor-element elementor-element-f89fdc6 e-con-full e-flex e-con e-parent\" data-id=\"f89fdc6\" data-element_type=\"container\" data-settings=\"{&quot;background_background&quot;:&quot;classic&quot;,&quot;_ha_eqh_enable&quot;:false}\">\n\t\t\t\t<div class=\"elementor-element elementor-element-d9795e4 elementor-widget elementor-widget-text-editor\" data-id=\"d9795e4\" data-element_type=\"widget\" data-widget_type=\"text-editor.default\">\n\t\t\t\t<div class=\"elementor-widget-container\">\n\t\t\t\t\t\t\t\t\t<p>Dans l&rsquo;actualit\u00e9<\/p>\t\t\t\t\t\t\t\t<\/div>\n\t\t\t\t<\/div>\n\t\t\t\t<div class=\"elementor-element elementor-element-cef70bd elementor-widget elementor-widget-text-editor\" data-id=\"cef70bd\" data-element_type=\"widget\" data-widget_type=\"text-editor.default\">\n\t\t\t\t<div class=\"elementor-widget-container\">\n\t\t\t\t\t\t\t\t\t<p>Pour les m\u00e9dias<\/p>\t\t\t\t\t\t\t\t<\/div>\n\t\t\t\t<\/div>\n\t\t\t\t<\/div>\n\t\t<div class=\"elementor-element elementor-element-977f2f9 e-flex e-con-boxed e-con e-parent\" data-id=\"977f2f9\" data-element_type=\"container\" data-settings=\"{&quot;_ha_eqh_enable&quot;:false}\">\n\t\t\t\t\t<div class=\"e-con-inner\">\n\t\t\t\t<div class=\"elementor-element elementor-element-8311d2d elementor-widget elementor-widget-heading\" data-id=\"8311d2d\" data-element_type=\"widget\" data-widget_type=\"heading.default\">\n\t\t\t\t<div class=\"elementor-widget-container\">\n\t\t\t\t\t<h2 class=\"elementor-heading-title elementor-size-default\">Communiqu\u00e9s de presse de Carrefour<\/h2>\t\t\t\t<\/div>\n\t\t\t\t<\/div>\n\t\t\t\t<div class=\"elementor-element elementor-element-708e3cc elementor-position-left elementor-vertical-align-middle elementor-mobile-position-left elementor-view-default elementor-widget elementor-widget-icon-box\" data-id=\"708e3cc\" data-element_type=\"widget\" data-widget_type=\"icon-box.default\">\n\t\t\t\t<div class=\"elementor-widget-container\">\n\t\t\t\t\t\t\t<div class=\"elementor-icon-box-wrapper\">\n\n\t\t\t\t\t\t<div class=\"elementor-icon-box-icon\">\n\t\t\t\t<a href=\"\/fr\/impact-dans-les-medias\/\" class=\"elementor-icon\" tabindex=\"-1\">\n\t\t\t\t<svg xmlns=\"http:\/\/www.w3.org\/2000\/svg\" width=\"28\" height=\"28\" viewBox=\"0 0 28 28\" fill=\"none\"><g clip-path=\"url(#clip0_750_15573)\"><path d=\"M19.8949 -1.9325e-07C20.485 -1.41664e-07 21.0398 0.229906 21.4579 0.647282C21.8752 1.06498 22.1055 1.62017 22.1055 2.21058C22.1055 2.80098 21.8752 3.35617 21.4579 3.77366L11.2312 14.0001L21.4579 24.2266C21.8752 24.6441 22.1055 25.1992 22.1055 25.7896C22.1055 26.38 21.8752 26.9352 21.4579 27.3527C21.0405 27.7702 20.485 28 19.8949 28C19.3049 28 18.7494 27.7703 18.332 27.3529L6.5425 15.5632C6.12513 15.1456 5.89489 14.5905 5.89489 14.0001C5.89489 13.4097 6.12518 12.8545 6.5425 12.437L18.332 0.647499C18.7501 0.229906 19.3049 -2.44832e-07 19.8949 -1.9325e-07Z\" fill=\"#F3911F\"><\/path><\/g><defs><clipPath id=\"clip0_750_15573\"><rect width=\"28\" height=\"28\" fill=\"white\" transform=\"translate(28 28) rotate(-180)\"><\/rect><\/clipPath><\/defs><\/svg>\t\t\t\t<\/a>\n\t\t\t<\/div>\n\t\t\t\n\t\t\t\t\t\t<div class=\"elementor-icon-box-content\">\n\n\t\t\t\t\n\t\t\t\t\t\t\t\t\t<p class=\"elementor-icon-box-description\">\n\t\t\t\t\t\tLes volontaires de Carrefour montrent au monde comment \u00ab\u00a0atteindre les objectifs\u00a0\u00bb\t\t\t\t\t<\/p>\n\t\t\t\t\n\t\t\t<\/div>\n\t\t\t\n\t\t<\/div>\n\t\t\t\t\t\t<\/div>\n\t\t\t\t<\/div>\n\t\t\t\t\t<\/div>\n\t\t\t\t<\/div>\n\t\t<div class=\"elementor-element elementor-element-60463dc e-flex e-con-boxed e-con e-parent\" data-id=\"60463dc\" data-element_type=\"container\" data-settings=\"{&quot;_ha_eqh_enable&quot;:false}\">\n\t\t\t\t\t<div class=\"e-con-inner\">\n\t\t<div class=\"elementor-element elementor-element-0631087 e-con-full e-flex e-con e-child\" data-id=\"0631087\" data-element_type=\"container\" data-settings=\"{&quot;_ha_eqh_enable&quot;:false}\">\n\t\t\t\t<div class=\"elementor-element elementor-element-74430ad elementor-widget elementor-widget-text-editor\" data-id=\"74430ad\" data-element_type=\"widget\" data-widget_type=\"text-editor.default\">\n\t\t\t\t<div class=\"elementor-widget-container\">\n\t\t\t\t\t\t\t\t\t<p><strong>Toronto (Ontario), le 29 janvier 2020<\/strong> \u2013 Carrefour International souligne la 30e Semaine annuelle du d\u00e9veloppement international, qui se d\u00e9roule du 2 au 8 f\u00e9vrier, en c\u00e9l\u00e9brant les volontaires canadiens qui #VisentLesObjectifs. Ces Objectifs font r\u00e9f\u00e9rence au Programme de d\u00e9veloppement durable \u00e0 l\u2019horizon 2030 des Nations Unies et comprennent des cibles ambitieuses visant \u00e0 mettre fin \u00e0 la pauvret\u00e9 dans le monde, \u00e0 promouvoir l\u2019\u00e9galit\u00e9 des genres et la s\u00e9curit\u00e9 alimentaire, entre autres, et reconnaissent explicitement les groupes de volontaires comme parties prenantes pour atteindre les 17 ODD. Les volontaires de Carrefour rel\u00e8vent le d\u00e9fi en travaillant avec des partenaires locaux pour faire progresser les droits des femmes et r\u00e9duire la pauvret\u00e9 dans le monde.<\/p><p>\u00ab Les Objectifs de d\u00e9veloppement durable des Nations Unies sont ambitieux et atteignables \u00bb, a d\u00e9clar\u00e9 Heather Shapter, directrice g\u00e9n\u00e9rale de Carrefour International. \u00ab Mais il faudra que chacun d&rsquo;entre nous s&rsquo;engage avec audace pour incarner le changement. Les volontaires de Carrefour choisissent de se battre pour atteindre ces objectifs avec toute leur \u00e9nergie. \u00bb<\/p><p>Les volontaires de Carrefour International travaillent avec des organisations locales \u00e0 travers l&rsquo;Afrique en partenariat pour la r\u00e9alisation des Objectifs de d\u00e9veloppement durable des Nations Unies, notamment : l&rsquo;\u00e9radication de la pauvret\u00e9 ; l&rsquo;\u00e9galit\u00e9 des genres ; l&rsquo;action climatique ; le travail d\u00e9cent ; la paix, l&rsquo;acc\u00e8s \u00e0 la justice et le renforcement des institutions. Parmi ces pays figurent le Burkina Faso, o\u00f9 le taux de mariage des enfants atteint le chiffre effarant de 52 % ; l&rsquo;Eswatini, o\u00f9 une fille sur trois est victime d&rsquo;abus sexuels avant l&rsquo;\u00e2ge de 18 ans, et la Tanzanie, o\u00f9 la l\u00e9gislation sur la violence domestique est \u00e9clips\u00e9e par le manque de ressources et, par cons\u00e9quent, d&rsquo;acc\u00e8s \u00e0 la justice, pour n&rsquo;en citer que quelques-uns.<\/p>\t\t\t\t\t\t\t\t<\/div>\n\t\t\t\t<\/div>\n\t\t\t\t<\/div>\n\t\t\t\t\t<\/div>\n\t\t\t\t<\/div>\n\t\t<div class=\"elementor-element elementor-element-af48a89 e-flex e-con-boxed e-con e-parent\" data-id=\"af48a89\" data-element_type=\"container\" data-settings=\"{&quot;_ha_eqh_enable&quot;:false}\">\n\t\t\t\t\t<div class=\"e-con-inner\">\n\t\t\t\t<div class=\"elementor-element elementor-element-9ebfa51 elementor-widget elementor-widget-text-editor\" data-id=\"9ebfa51\" data-element_type=\"widget\" data-widget_type=\"text-editor.default\">\n\t\t\t\t<div class=\"elementor-widget-container\">\n\t\t\t\t\t\t\t\t\t<p>Parmi les volontaires qui aident le Canada \u00e0 faire sa part pour atteindre les objectifs, on trouve :<\/p>\t\t\t\t\t\t\t\t<\/div>\n\t\t\t\t<\/div>\n\t\t\t\t<div class=\"elementor-element elementor-element-17f220c elementor-widget elementor-widget-text-editor\" data-id=\"17f220c\" data-element_type=\"widget\" data-widget_type=\"text-editor.default\">\n\t\t\t\t<div class=\"elementor-widget-container\">\n\t\t\t\t\t\t\t\t\t<ul><li>Beth Lafay, travailleuse sociale \u00e0 Belleville, en Ontario, a r\u00e9cemment pass\u00e9 trois mois \u00e0 travailler avec le Programme de r\u00e9seautage sur le genre de Tanzanie \u00e0 Dar es Salaam sur le forum des jeunes f\u00e9ministes, une initiative qui aide les jeunes femmes \u00e0 cr\u00e9er des p\u00f4les de discussion sur le genre \u00e0 l&rsquo;universit\u00e9 afin qu&rsquo;elles puissent parler des enjeux qui affectent leur vie actuelle et leur avenir, des risques d&rsquo;abus sexuels \u00e0 la candidature \u00e0 des postes \u00e0 responsabilit\u00e9 politique. En peu de temps, elle a constat\u00e9 que les jeunes femmes avaient davantage confiance en elles et \u00e9taient plus pers\u00e9v\u00e9rantes dans leur d\u00e9fense de leurs droits. Elle a \u00e9t\u00e9 impressionn\u00e9e par la fa\u00e7on dont les diff\u00e9rentes organisations et les \u00e9tudiants ont collabor\u00e9, incarnant ainsi un plaidoyer local.<\/li><li>Fatou Seck, de Winnipeg, s&rsquo;engage \u00e0 faire progresser les droits des femmes en r\u00e9duisant la pauvret\u00e9 et en favorisant leur autonomisation gr\u00e2ce \u00e0 l&rsquo;entrepreneuriat. Mme Feck met \u00e0 profit sa vaste exp\u00e9rience en finance et en gestion de projets, notamment \u00e0 la Banque mondiale, pour soutenir l&rsquo;autonomisation des femmes. Actuellement au S\u00e9n\u00e9gal, Mme Seck a effectu\u00e9 plusieurs missions dans les domaines de l&rsquo;entrepreneuriat et de la s\u00e9curit\u00e9 alimentaire.<p>Atinuke (Tinu) Chineme, ing\u00e9nieur \u00e0 Calgary, a pass\u00e9 trois mois \u00e0 soutenir le programme de r\u00e9seautage entre les genres en Tanzanie en tant que conseiller en planification strat\u00e9gique. \u00c0 ce titre, Mme Chineme a aid\u00e9 l&rsquo;organisation \u00e0 \u00e9laborer sa strat\u00e9gie d&rsquo;affaires pour 2020 en examinant les approches actuelles, en interrogeant le personnel et les parties prenantes, en identifiant des r\u00e9sultats r\u00e9alisables et en formulant des recommandations. Mme Chineme a repris ses recherches de ma\u00eetrise en \u00e9valuation des besoins des organismes sans but lucratif avec une nouvelle perspective sur la vie et la communaut\u00e9. Elle encourage les Canadiens poss\u00e9dant une exp\u00e9rience et une expertise sp\u00e9cifiques \u00e0 faire du volontariat \u00e0 l&rsquo;\u00e9tranger \u00ab au moins une fois dans leur vie, car cela en vaut la peine \u00bb.<\/p><p>Stephen Bates est responsable des rapports sur les risques et de la gestion de portefeuille dans une institution financi\u00e8re \u00e0 Toronto. Il poss\u00e8de \u00e9galement une formation sp\u00e9cialis\u00e9e en \u00e9conomie agricole. M. Bates a pass\u00e9 deux mois en eSwatini pour soutenir la Woman Farmer Foundation. Il a dispens\u00e9 des formations et du mentorat pour aider les agricultrices \u00e0 passer du statut de jardini\u00e8res \u00e0 celui d&rsquo;agricultrices commerciales, et a \u00e9labor\u00e9 un nouveau programme de formation, actuellement \u00e9tendu et traduit en langue locale. De r\u00e9centes modifications l\u00e9gislatives facilitent l&rsquo;acc\u00e8s \u00e0 la propri\u00e9t\u00e9 fonci\u00e8re pour les femmes, et les agricultrices prosp\u00e8res sont invit\u00e9es \u00e0 jouer un r\u00f4le de leadership au sein de la soci\u00e9t\u00e9. D&rsquo;apr\u00e8s ses propres observations, M. Bates constate que ces agricultrices contribuent \u00e0 la marche vers une plus grande \u00e9galit\u00e9 des genres en eSwatini.<\/p><\/li><\/ul>\t\t\t\t\t\t\t\t<\/div>\n\t\t\t\t<\/div>\n\t\t\t\t<div class=\"elementor-element elementor-element-4c4a43d elementor-widget elementor-widget-text-editor\" data-id=\"4c4a43d\" data-element_type=\"widget\" data-widget_type=\"text-editor.default\">\n\t\t\t\t<div class=\"elementor-widget-container\">\n\t\t\t\t\t\t\t\t\t<p>La Semaine du d\u00e9veloppement international est une initiative nationale qui mobilise et c\u00e9l\u00e8bre les efforts des Canadiens pour am\u00e9liorer les conditions de vie des populations du monde entier. Tout au long de la semaine, vous aurez l&rsquo;occasion d&rsquo;en apprendre davantage sur les Objectifs, les enjeux sous-jacents et la fa\u00e7on dont les Canadiens peuvent s&rsquo;impliquer. Pour en savoir plus, consultez le site\u00a0: <a href=\"https:\/\/www.international.gc.ca\/world-monde\/issues_development-enjeux_developpement\/idw-sdi-social.aspx?lang=fra\" target=\"_blank\" rel=\"noopener\">https:\/\/www.international.gc.ca\/world-monde\/issues_development-enjeux_developpement\/idw-sdi-social.aspx?lang=fra<\/a>.<\/p><p>Tout au long de la semaine, Carrefour et ses partenaires du secteur du d\u00e9veloppement tiendront des s\u00e9ances d&rsquo;information publiques, notamment \u00e0 Toronto et \u00e0 Montr\u00e9al. Pour en savoir plus, consultez le site\u00a0: <a href=\"https:\/\/cintl.org\/news\/events\/\" target=\"_blank\" rel=\"noopener\">https:\/\/cintl.org\/news\/events\/<\/a>. Les Canadiens sont encourag\u00e9s \u00e0 en apprendre davantage sur le travail effectu\u00e9 dans le secteur du d\u00e9veloppement, \u00e0 s\u2019impliquer et \u00e0 demander des comptes aux gouvernements sur leurs propositions et leurs actions concernant les Objectifs.<\/p>\t\t\t\t\t\t\t\t<\/div>\n\t\t\t\t<\/div>\n\t\t\t\t<div class=\"elementor-element elementor-element-a39dc00 elementor-widget elementor-widget-text-editor\" data-id=\"a39dc00\" data-element_type=\"widget\" data-widget_type=\"text-editor.default\">\n\t\t\t\t<div class=\"elementor-widget-container\">\n\t\t\t\t\t\t\t\t\t<p>\u00c0 propos de Carrefour International<\/p>\t\t\t\t\t\t\t\t<\/div>\n\t\t\t\t<\/div>\n\t\t\t\t<div class=\"elementor-element elementor-element-c800471 elementor-widget elementor-widget-text-editor\" data-id=\"c800471\" data-element_type=\"widget\" data-widget_type=\"text-editor.default\">\n\t\t\t\t<div class=\"elementor-widget-container\">\n\t\t\t\t\t\t\t\t\t<p>Carrefour International est un leader de la coop\u00e9ration internationale et lutte contre les in\u00e9galit\u00e9s depuis pr\u00e8s de 60 ans. Carrefour travaille dans certains des pays les plus pauvres du monde en Afrique, avec des organisations partenaires locales pour cr\u00e9er des emplois d\u00e9cents et donner aux femmes les moyens de devenir des leaders et de vivre \u00e0 l&rsquo;abri de la violence. Chaque ann\u00e9e, nous engageons des volontaires et du personnel exp\u00e9riment\u00e9s du Nord et du Sud qui mettent leur expertise au service des enjeux mondiaux. Ensemble, nous mettons \u00e0 profit nos connaissances, notre expertise et nos fonds pour cr\u00e9er un monde plus juste et plus \u00e9quitable.<\/p>\t\t\t\t\t\t\t\t<\/div>\n\t\t\t\t<\/div>\n\t\t\t\t<div class=\"elementor-element elementor-element-fafbbb0 elementor-widget elementor-widget-text-editor\" data-id=\"fafbbb0\" data-element_type=\"widget\" data-widget_type=\"text-editor.default\">\n\t\t\t\t<div class=\"elementor-widget-container\">\n\t\t\t\t\t\t\t\t\t<p>-30-<\/p><p>Pour organiser une entrevue ou obtenir plus d&rsquo;informations, veuillez contacter\u00a0:<\/p><p>Christopher Holcroft<br \/>Empower Consulting<br \/>416-996-0767<br \/><u>christopherholcroft@hotmail.ca<\/u><\/p>\t\t\t\t\t\t\t\t<\/div>\n\t\t\t\t<\/div>\n\t\t\t\t\t<\/div>\n\t\t\t\t<\/div>\n\t\t\t\t<\/div>\n\t\t","protected":false},"excerpt":{"rendered":"<p>Dans l&rsquo;actualit\u00e9 Pour les m\u00e9dias Communiqu\u00e9s de presse de Carrefour Les volontaires de Carrefour montrent au monde comment \u00ab\u00a0atteindre les objectifs\u00a0\u00bb Toronto (Ontario), le 29 janvier 2020 \u2013 Carrefour International souligne la 30e Semaine annuelle du d\u00e9veloppement international, qui se d\u00e9roule du 2 au 8 f\u00e9vrier, en c\u00e9l\u00e9brant les volontaires canadiens qui #VisentLesObjectifs. Ces Objectifs [&hellip;]<\/p>\n","protected":false},"author":1,"featured_media":0,"parent":0,"menu_order":0,"comment_status":"closed","ping_status":"closed","template":"elementor_header_footer","meta":{"_acf_changed":false,"footnotes":""},"class_list":["post-22688","page","type-page","status-publish","hentry"],"acf":[],"_links":{"self":[{"href":"https:\/\/crossboard.dev2.smartegy.ca\/fr\/wp-json\/wp\/v2\/pages\/22688","targetHints":{"allow":["GET"]}}],"collection":[{"href":"https:\/\/crossboard.dev2.smartegy.ca\/fr\/wp-json\/wp\/v2\/pages"}],"about":[{"href":"https:\/\/crossboard.dev2.smartegy.ca\/fr\/wp-json\/wp\/v2\/types\/page"}],"author":[{"embeddable":true,"href":"https:\/\/crossboard.dev2.smartegy.ca\/fr\/wp-json\/wp\/v2\/users\/1"}],"replies":[{"embeddable":true,"href":"https:\/\/crossboard.dev2.smartegy.ca\/fr\/wp-json\/wp\/v2\/comments?post=22688"}],"version-history":[{"count":10,"href":"https:\/\/crossboard.dev2.smartegy.ca\/fr\/wp-json\/wp\/v2\/pages\/22688\/revisions"}],"predecessor-version":[{"id":23758,"href":"https:\/\/crossboard.dev2.smartegy.ca\/fr\/wp-json\/wp\/v2\/pages\/22688\/revisions\/23758"}],"wp:attachment":[{"href":"https:\/\/crossboard.dev2.smartegy.ca\/fr\/wp-json\/wp\/v2\/media?parent=22688"}],"curies":[{"name":"wp","href":"https:\/\/api.w.org\/{rel}","templated":true}]}}