{"id":22706,"date":"2025-02-21T15:16:39","date_gmt":"2025-02-21T15:16:39","guid":{"rendered":"https:\/\/crossboard.dev2.smartegy.ca\/?page_id=22706"},"modified":"2025-06-30T14:37:28","modified_gmt":"2025-06-30T14:37:28","slug":"impact-dans-les-medias-la-fondation-de-la-famille-slaight-finance-crossroads-pour-soutenir-les-jeunes-vulnerables-au-senegal","status":"publish","type":"page","link":"https:\/\/crossboard.dev2.smartegy.ca\/fr\/impact-dans-les-medias-la-fondation-de-la-famille-slaight-finance-crossroads-pour-soutenir-les-jeunes-vulnerables-au-senegal\/","title":{"rendered":"Impact &#8211; Dans les m\u00e9dias &#8211; La Fondation de la famille Slaight finance Crossroads pour soutenir les jeunes vuln\u00e9rables au S\u00e9n\u00e9gal"},"content":{"rendered":"\t\t<div data-elementor-type=\"wp-page\" data-elementor-id=\"22706\" class=\"elementor elementor-22706 elementor-19563\" data-elementor-settings=\"{&quot;ha_cmc_init_switcher&quot;:&quot;no&quot;}\" data-elementor-post-type=\"page\">\n\t\t\t\t<div class=\"elementor-element elementor-element-81a4a8a e-con-full e-flex e-con e-parent\" data-id=\"81a4a8a\" data-element_type=\"container\" data-settings=\"{&quot;background_background&quot;:&quot;classic&quot;,&quot;_ha_eqh_enable&quot;:false}\">\n\t\t\t\t<div class=\"elementor-element elementor-element-26b9ae5 elementor-widget elementor-widget-text-editor\" data-id=\"26b9ae5\" data-element_type=\"widget\" data-widget_type=\"text-editor.default\">\n\t\t\t\t<div class=\"elementor-widget-container\">\n\t\t\t\t\t\t\t\t\t<p>Dans l&rsquo;actualit\u00e9<\/p>\t\t\t\t\t\t\t\t<\/div>\n\t\t\t\t<\/div>\n\t\t\t\t<div class=\"elementor-element elementor-element-445ca68 elementor-widget elementor-widget-text-editor\" data-id=\"445ca68\" data-element_type=\"widget\" data-widget_type=\"text-editor.default\">\n\t\t\t\t<div class=\"elementor-widget-container\">\n\t\t\t\t\t\t\t\t\t<p>Pour les m\u00e9dias<\/p>\t\t\t\t\t\t\t\t<\/div>\n\t\t\t\t<\/div>\n\t\t\t\t<\/div>\n\t\t<div class=\"elementor-element elementor-element-ec01ef3 e-flex e-con-boxed e-con e-parent\" data-id=\"ec01ef3\" data-element_type=\"container\" data-settings=\"{&quot;_ha_eqh_enable&quot;:false}\">\n\t\t\t\t\t<div class=\"e-con-inner\">\n\t\t\t\t<div class=\"elementor-element elementor-element-5763b37 elementor-widget elementor-widget-heading\" data-id=\"5763b37\" data-element_type=\"widget\" data-widget_type=\"heading.default\">\n\t\t\t\t<div class=\"elementor-widget-container\">\n\t\t\t\t\t<h2 class=\"elementor-heading-title elementor-size-default\">Communiqu\u00e9s de presse de Carrefour<\/h2>\t\t\t\t<\/div>\n\t\t\t\t<\/div>\n\t\t\t\t<div class=\"elementor-element elementor-element-ee6642a elementor-position-left elementor-vertical-align-middle elementor-mobile-position-left elementor-view-default elementor-widget elementor-widget-icon-box\" data-id=\"ee6642a\" data-element_type=\"widget\" data-widget_type=\"icon-box.default\">\n\t\t\t\t<div class=\"elementor-widget-container\">\n\t\t\t\t\t\t\t<div class=\"elementor-icon-box-wrapper\">\n\n\t\t\t\t\t\t<div class=\"elementor-icon-box-icon\">\n\t\t\t\t<a href=\"\/fr\/impact-dans-les-medias\/\" class=\"elementor-icon\" tabindex=\"-1\">\n\t\t\t\t<svg xmlns=\"http:\/\/www.w3.org\/2000\/svg\" width=\"28\" height=\"28\" viewBox=\"0 0 28 28\" fill=\"none\"><g clip-path=\"url(#clip0_750_15573)\"><path d=\"M19.8949 -1.9325e-07C20.485 -1.41664e-07 21.0398 0.229906 21.4579 0.647282C21.8752 1.06498 22.1055 1.62017 22.1055 2.21058C22.1055 2.80098 21.8752 3.35617 21.4579 3.77366L11.2312 14.0001L21.4579 24.2266C21.8752 24.6441 22.1055 25.1992 22.1055 25.7896C22.1055 26.38 21.8752 26.9352 21.4579 27.3527C21.0405 27.7702 20.485 28 19.8949 28C19.3049 28 18.7494 27.7703 18.332 27.3529L6.5425 15.5632C6.12513 15.1456 5.89489 14.5905 5.89489 14.0001C5.89489 13.4097 6.12518 12.8545 6.5425 12.437L18.332 0.647499C18.7501 0.229906 19.3049 -2.44832e-07 19.8949 -1.9325e-07Z\" fill=\"#F3911F\"><\/path><\/g><defs><clipPath id=\"clip0_750_15573\"><rect width=\"28\" height=\"28\" fill=\"white\" transform=\"translate(28 28) rotate(-180)\"><\/rect><\/clipPath><\/defs><\/svg>\t\t\t\t<\/a>\n\t\t\t<\/div>\n\t\t\t\n\t\t\t\t\t\t<div class=\"elementor-icon-box-content\">\n\n\t\t\t\t\n\t\t\t\t\t\t\t\t\t<p class=\"elementor-icon-box-description\">\n\t\t\t\t\t\tLa Fondation de la famille Slaight finance Carrefour pour soutenir les jeunes vuln\u00e9rables au S\u00e9n\u00e9gal\t\t\t\t\t<\/p>\n\t\t\t\t\n\t\t\t<\/div>\n\t\t\t\n\t\t<\/div>\n\t\t\t\t\t\t<\/div>\n\t\t\t\t<\/div>\n\t\t\t\t\t<\/div>\n\t\t\t\t<\/div>\n\t\t<div class=\"elementor-element elementor-element-60463dc e-flex e-con-boxed e-con e-parent\" data-id=\"60463dc\" data-element_type=\"container\" data-settings=\"{&quot;_ha_eqh_enable&quot;:false}\">\n\t\t\t\t\t<div class=\"e-con-inner\">\n\t\t<div class=\"elementor-element elementor-element-0631087 e-con-full e-flex e-con e-child\" data-id=\"0631087\" data-element_type=\"container\" data-settings=\"{&quot;_ha_eqh_enable&quot;:false}\">\n\t\t\t\t<div class=\"elementor-element elementor-element-a8e0b78 elementor-widget elementor-widget-text-editor\" data-id=\"a8e0b78\" data-element_type=\"widget\" data-widget_type=\"text-editor.default\">\n\t\t\t\t<div class=\"elementor-widget-container\">\n\t\t\t\t\t\t\t\t\t<p>La Fondation de la famille Slaight finance Carrefour pour faire progresser les droits sexuels et reproductifs des jeunes vuln\u00e9rables au S\u00e9n\u00e9gal<\/p>\t\t\t\t\t\t\t\t<\/div>\n\t\t\t\t<\/div>\n\t\t\t\t<div class=\"elementor-element elementor-element-74430ad elementor-widget elementor-widget-text-editor\" data-id=\"74430ad\" data-element_type=\"widget\" data-widget_type=\"text-editor.default\">\n\t\t\t\t<div class=\"elementor-widget-container\">\n\t\t\t\t\t\t\t\t\t<p>TORONTO (ONTARIO) \u2013 LE 3 MARS 2020 \u2013 Des jeunes expos\u00e9s au risque de violence sexuelle dans l\u2019une des r\u00e9gions les plus pauvres du S\u00e9n\u00e9gal b\u00e9n\u00e9ficieront d\u2019un nouveau financement de la Fondation de la famille Slaight pour Carrefour International. Ces fonds permettront \u00e0 Carrefour d\u2019atteindre 30\u00a0000 adolescents et 75\u00a0000 b\u00e9n\u00e9ficiaires indirects gr\u00e2ce \u00e0 une initiative men\u00e9e par des jeunes visant \u00e0 sensibiliser davantage les adolescents expos\u00e9s au risque de traite des enfants, de prostitution forc\u00e9e, de travail des enfants et de violence sexuelle aux droits en mati\u00e8re de sant\u00e9 sexuelle et reproductive. L\u2019annonce de la Fondation de la famille Slaight, faite en pr\u00e9vision de la Journ\u00e9e internationale des femmes, s\u2019inscrit dans le cadre d\u2019un engagement de 15 millions de dollars de la part de 15 organisations visant \u00e0 am\u00e9liorer les droits humains et les opportunit\u00e9s des femmes et des filles.<\/p>\t\t\t\t\t\t\t\t<\/div>\n\t\t\t\t<\/div>\n\t\t\t\t<\/div>\n\t\t\t\t\t<\/div>\n\t\t\t\t<\/div>\n\t\t<div class=\"elementor-element elementor-element-6e18f49 e-flex e-con-boxed e-con e-parent\" data-id=\"6e18f49\" data-element_type=\"container\" data-settings=\"{&quot;_ha_eqh_enable&quot;:false}\">\n\t\t\t\t\t<div class=\"e-con-inner\">\n\t\t<div class=\"elementor-element elementor-element-0343ec8 e-con-full e-flex e-con e-child\" data-id=\"0343ec8\" data-element_type=\"container\" data-settings=\"{&quot;_ha_eqh_enable&quot;:false}\">\n\t\t\t\t<div class=\"elementor-element elementor-element-68d81af ha-has-bg-overlay elementor-widget elementor-widget-text-editor\" data-id=\"68d81af\" data-element_type=\"widget\" data-widget_type=\"text-editor.default\">\n\t\t\t\t<div class=\"elementor-widget-container\">\n\t\t\t\t\t\t\t\t\t<p>\u00ab Ce soutien permettra \u00e0 Carrefour et \u00e0 ses partenaires d&rsquo;atteindre un nombre sans pr\u00e9c\u00e9dent d&rsquo;enfants et de jeunes \u00e0 risque dans l&rsquo;une des r\u00e9gions les plus pauvres du monde et de transformer leur acc\u00e8s aux informations et aux services de sant\u00e9 sexuelle et reproductive \u00bb, a d\u00e9clar\u00e9 Heather Shapter, directrice g\u00e9n\u00e9rale de Carrefour International. \u00ab Nous sommes tr\u00e8s reconnaissants \u00e0 la Fondation de la famille Slaight pour son leadership inspirant. \u00bb<\/p>\t\t\t\t\t\t\t\t<\/div>\n\t\t\t\t<\/div>\n\t\t\t\t<\/div>\n\t\t<div class=\"elementor-element elementor-element-c9f0ef4 e-con-full e-flex e-con e-child\" data-id=\"c9f0ef4\" data-element_type=\"container\" data-settings=\"{&quot;background_background&quot;:&quot;classic&quot;,&quot;_ha_eqh_enable&quot;:false}\">\n\t\t\t\t<\/div>\n\t\t\t\t\t<\/div>\n\t\t\t\t<\/div>\n\t\t<div class=\"elementor-element elementor-element-af48a89 e-flex e-con-boxed e-con e-parent\" data-id=\"af48a89\" data-element_type=\"container\" data-settings=\"{&quot;_ha_eqh_enable&quot;:false}\">\n\t\t\t\t\t<div class=\"e-con-inner\">\n\t\t\t\t<div class=\"elementor-element elementor-element-9ebfa51 elementor-widget elementor-widget-text-editor\" data-id=\"9ebfa51\" data-element_type=\"widget\" data-widget_type=\"text-editor.default\">\n\t\t\t\t<div class=\"elementor-widget-container\">\n\t\t\t\t\t\t\t\t\t<p>K\u00e9dougou, au S\u00e9n\u00e9gal, est un p\u00f4le d&rsquo;activit\u00e9 pour les industries extractives. La population de la r\u00e9gion peut passer de 150\u00a0000 \u00e0 2 millions d&rsquo;habitants plusieurs mois par an. Plus de la moiti\u00e9 de la population a moins de 17 ans. La prostitution forc\u00e9e, la traite des enfants et les violences sexuelles constituent une crise majeure\u00a0: la grossesse et l&rsquo;accouchement sont la principale cause de d\u00e9c\u00e8s chez les adolescentes de 15 \u00e0 19\u00a0ans\u00a0; les mariages d&rsquo;enfants et les mariages forc\u00e9s sont fr\u00e9quents, 52\u00a0% des filles \u00e9tant d\u00e9j\u00e0 mari\u00e9es\u00a0; seule une adolescente sur 20 utilise la contraception\u00a0; et 77\u00a0% des filles d\u00e9clarent avoir besoin de services de sant\u00e9 sexuelle et reproductive s\u00fbrs. La stigmatisation li\u00e9e \u00e0 la sant\u00e9 sexuelle et reproductive est importante et les services sont limit\u00e9s. Carrefour s&rsquo;associera \u00e0 Action Aid S\u00e9n\u00e9gal et \u00e0 ses partenaires locaux, l&rsquo;APROFES (Association pour la promotion de la femme s\u00e9n\u00e9galaise) et la CONAFE (Coalition nationale des associations et ONG en faveur de l&rsquo;enfance), pour am\u00e9liorer l&rsquo;acc\u00e8s \u00e0 des services de sant\u00e9 de qualit\u00e9 et sensibles au genre \u00e0 K\u00e9dougou, en fournissant des informations sensibles au genre et des services de sant\u00e9 accessibles aux adolescents, notamment des tests de d\u00e9pistage, des services de planification familiale et un meilleur acc\u00e8s \u00e0 la contraception.<\/p><p>La Fondation de la famille Slaight finance \u00e9galement des actions de sensibilisation, de collecte de donn\u00e9es, de signalement et de suivi des filles contraintes ou forc\u00e9es \u00e0 se prostituer dans les mines. Gr\u00e2ce \u00e0 un acc\u00e8s fiable et en temps r\u00e9el \u00e0 des informations sur les violences faites aux femmes et aux filles, notamment la traite des enfants, le travail des enfants, la prostitution, les grossesses pr\u00e9coces et les mariages pr\u00e9coces et forc\u00e9s, les gouvernements et les autres acteurs locaux peuvent \u00e9laborer des interventions adapt\u00e9es pour que les enfants et les jeunes vivent \u00e0 l&rsquo;abri de la violence.<\/p><p>Les fonds de la Fondation \u00e9galeront le soutien d&rsquo;Affaires mondiales Canada au projet novateur de Carrefour. \u00ab Les engagements de financement des fondations et du gouvernement alimentent la croissance d\u2019un mouvement dirig\u00e9 par les jeunes pour aider les jeunes \u00e0 faire valoir leurs droits et \u00e0 faire des choix pour un avenir meilleur \u00bb, a d\u00e9clar\u00e9 Mme Shapter.<\/p>\t\t\t\t\t\t\t\t<\/div>\n\t\t\t\t<\/div>\n\t\t\t\t<div class=\"elementor-element elementor-element-c494a7e elementor-widget elementor-widget-text-editor\" data-id=\"c494a7e\" data-element_type=\"widget\" data-widget_type=\"text-editor.default\">\n\t\t\t\t<div class=\"elementor-widget-container\">\n\t\t\t\t\t\t\t\t\t<p>\u00c0 propos de Carrefour International<\/p>\t\t\t\t\t\t\t\t<\/div>\n\t\t\t\t<\/div>\n\t\t\t\t<div class=\"elementor-element elementor-element-17f220c elementor-widget elementor-widget-text-editor\" data-id=\"17f220c\" data-element_type=\"widget\" data-widget_type=\"text-editor.default\">\n\t\t\t\t<div class=\"elementor-widget-container\">\n\t\t\t\t\t\t\t\t\t<p>Carrefour International est un leader de la coop\u00e9ration internationale et lutte contre les in\u00e9galit\u00e9s depuis 60 ans. Carrefour travaille avec des organisations partenaires locales pour cr\u00e9er des emplois d\u00e9cents et donner aux femmes les moyens de devenir des leaders et de vivre \u00e0 l&rsquo;abri de la violence dans certains des pays les plus pauvres du monde. Chaque ann\u00e9e, nous engageons des volontaires et du personnel exp\u00e9riment\u00e9s, du Nord comme du Sud, qui mettent leur expertise au service des enjeux mondiaux. Ensemble, nous mettons \u00e0 profit nos connaissances, notre expertise et nos ressources financi\u00e8res pour cr\u00e9er un monde plus juste et plus \u00e9quitable.<\/p>\t\t\t\t\t\t\t\t<\/div>\n\t\t\t\t<\/div>\n\t\t\t\t<div class=\"elementor-element elementor-element-4c4a43d elementor-widget elementor-widget-text-editor\" data-id=\"4c4a43d\" data-element_type=\"widget\" data-widget_type=\"text-editor.default\">\n\t\t\t\t<div class=\"elementor-widget-container\">\n\t\t\t\t\t\t\t\t\t<p>-30-<\/p><p>Pour organiser une entrevue ou obtenir de plus amples renseignements, veuillez contacter\u00a0:<\/p><p>Christopher Holcroft<br \/>Empower Consulting<br \/>416-996-0767<br \/><a href=\"mailto:christopherholcroft@hotmail.ca\"><u>christopherholcroft@hotmail.ca<\/u>\u00a0<\/a><\/p>\t\t\t\t\t\t\t\t<\/div>\n\t\t\t\t<\/div>\n\t\t\t\t\t<\/div>\n\t\t\t\t<\/div>\n\t\t\t\t<\/div>\n\t\t","protected":false},"excerpt":{"rendered":"<p>Dans l&rsquo;actualit\u00e9 Pour les m\u00e9dias Communiqu\u00e9s de presse de Carrefour La Fondation de la famille Slaight finance Carrefour pour soutenir les jeunes vuln\u00e9rables au S\u00e9n\u00e9gal La Fondation de la famille Slaight finance Carrefour pour faire progresser les droits sexuels et reproductifs des jeunes vuln\u00e9rables au S\u00e9n\u00e9gal TORONTO (ONTARIO) \u2013 LE 3 MARS 2020 \u2013 Des [&hellip;]<\/p>\n","protected":false},"author":1,"featured_media":0,"parent":0,"menu_order":0,"comment_status":"closed","ping_status":"closed","template":"elementor_header_footer","meta":{"_acf_changed":false,"footnotes":""},"class_list":["post-22706","page","type-page","status-publish","hentry"],"acf":[],"_links":{"self":[{"href":"https:\/\/crossboard.dev2.smartegy.ca\/fr\/wp-json\/wp\/v2\/pages\/22706","targetHints":{"allow":["GET"]}}],"collection":[{"href":"https:\/\/crossboard.dev2.smartegy.ca\/fr\/wp-json\/wp\/v2\/pages"}],"about":[{"href":"https:\/\/crossboard.dev2.smartegy.ca\/fr\/wp-json\/wp\/v2\/types\/page"}],"author":[{"embeddable":true,"href":"https:\/\/crossboard.dev2.smartegy.ca\/fr\/wp-json\/wp\/v2\/users\/1"}],"replies":[{"embeddable":true,"href":"https:\/\/crossboard.dev2.smartegy.ca\/fr\/wp-json\/wp\/v2\/comments?post=22706"}],"version-history":[{"count":7,"href":"https:\/\/crossboard.dev2.smartegy.ca\/fr\/wp-json\/wp\/v2\/pages\/22706\/revisions"}],"predecessor-version":[{"id":23752,"href":"https:\/\/crossboard.dev2.smartegy.ca\/fr\/wp-json\/wp\/v2\/pages\/22706\/revisions\/23752"}],"wp:attachment":[{"href":"https:\/\/crossboard.dev2.smartegy.ca\/fr\/wp-json\/wp\/v2\/media?parent=22706"}],"curies":[{"name":"wp","href":"https:\/\/api.w.org\/{rel}","templated":true}]}}