{"id":22714,"date":"2025-02-21T15:34:08","date_gmt":"2025-02-21T15:34:08","guid":{"rendered":"https:\/\/crossboard.dev2.smartegy.ca\/?page_id=22714"},"modified":"2025-06-30T14:47:40","modified_gmt":"2025-06-30T14:47:40","slug":"impact-dans-les-medias-rebeca-gyumi-laureate-du-prix-des-nations-unies-2018-sera-la-tete-daffiche-du-8e-petit-dejeuner-annuel-de-la-journee-de-la-fille","status":"publish","type":"page","link":"https:\/\/crossboard.dev2.smartegy.ca\/fr\/impact-dans-les-medias-rebeca-gyumi-laureate-du-prix-des-nations-unies-2018-sera-la-tete-daffiche-du-8e-petit-dejeuner-annuel-de-la-journee-de-la-fille\/","title":{"rendered":"Impact &#8211; Dans les m\u00e9dias &#8211; Rebeca Gyumi, laur\u00e9ate du Prix des Nations Unies 2018, sera la t\u00eate d&rsquo;affiche du 8e petit-d\u00e9jeuner annuel de la Journ\u00e9e de la fille"},"content":{"rendered":"\t\t<div data-elementor-type=\"wp-page\" data-elementor-id=\"22714\" class=\"elementor elementor-22714 elementor-19582\" data-elementor-settings=\"{&quot;ha_cmc_init_switcher&quot;:&quot;no&quot;}\" data-elementor-post-type=\"page\">\n\t\t\t\t<div class=\"elementor-element elementor-element-be75341 e-con-full e-flex e-con e-parent\" data-id=\"be75341\" data-element_type=\"container\" data-settings=\"{&quot;background_background&quot;:&quot;classic&quot;,&quot;_ha_eqh_enable&quot;:false}\">\n\t\t\t\t<div class=\"elementor-element elementor-element-44ae9f6 elementor-widget elementor-widget-text-editor\" data-id=\"44ae9f6\" data-element_type=\"widget\" data-widget_type=\"text-editor.default\">\n\t\t\t\t<div class=\"elementor-widget-container\">\n\t\t\t\t\t\t\t\t\t<p>Dans l&rsquo;actualit\u00e9<\/p>\t\t\t\t\t\t\t\t<\/div>\n\t\t\t\t<\/div>\n\t\t\t\t<div class=\"elementor-element elementor-element-c16c6a7 elementor-widget elementor-widget-text-editor\" data-id=\"c16c6a7\" data-element_type=\"widget\" data-widget_type=\"text-editor.default\">\n\t\t\t\t<div class=\"elementor-widget-container\">\n\t\t\t\t\t\t\t\t\t<p>Pour les m\u00e9dias<\/p>\t\t\t\t\t\t\t\t<\/div>\n\t\t\t\t<\/div>\n\t\t\t\t<\/div>\n\t\t<div class=\"elementor-element elementor-element-ec01ef3 e-flex e-con-boxed e-con e-parent\" data-id=\"ec01ef3\" data-element_type=\"container\" data-settings=\"{&quot;_ha_eqh_enable&quot;:false}\">\n\t\t\t\t\t<div class=\"e-con-inner\">\n\t\t\t\t<div class=\"elementor-element elementor-element-5763b37 elementor-widget elementor-widget-heading\" data-id=\"5763b37\" data-element_type=\"widget\" data-widget_type=\"heading.default\">\n\t\t\t\t<div class=\"elementor-widget-container\">\n\t\t\t\t\t<h2 class=\"elementor-heading-title elementor-size-default\">Communiqu\u00e9s de presse de Carrefour<\/h2>\t\t\t\t<\/div>\n\t\t\t\t<\/div>\n\t\t\t\t<div class=\"elementor-element elementor-element-ee6642a elementor-position-left elementor-vertical-align-middle elementor-mobile-position-left elementor-view-default elementor-widget elementor-widget-icon-box\" data-id=\"ee6642a\" data-element_type=\"widget\" data-widget_type=\"icon-box.default\">\n\t\t\t\t<div class=\"elementor-widget-container\">\n\t\t\t\t\t\t\t<div class=\"elementor-icon-box-wrapper\">\n\n\t\t\t\t\t\t<div class=\"elementor-icon-box-icon\">\n\t\t\t\t<a href=\"\/fr\/impact-dans-les-medias\/\" class=\"elementor-icon\" tabindex=\"-1\">\n\t\t\t\t<svg xmlns=\"http:\/\/www.w3.org\/2000\/svg\" width=\"28\" height=\"28\" viewBox=\"0 0 28 28\" fill=\"none\"><g clip-path=\"url(#clip0_750_15573)\"><path d=\"M19.8949 -1.9325e-07C20.485 -1.41664e-07 21.0398 0.229906 21.4579 0.647282C21.8752 1.06498 22.1055 1.62017 22.1055 2.21058C22.1055 2.80098 21.8752 3.35617 21.4579 3.77366L11.2312 14.0001L21.4579 24.2266C21.8752 24.6441 22.1055 25.1992 22.1055 25.7896C22.1055 26.38 21.8752 26.9352 21.4579 27.3527C21.0405 27.7702 20.485 28 19.8949 28C19.3049 28 18.7494 27.7703 18.332 27.3529L6.5425 15.5632C6.12513 15.1456 5.89489 14.5905 5.89489 14.0001C5.89489 13.4097 6.12518 12.8545 6.5425 12.437L18.332 0.647499C18.7501 0.229906 19.3049 -2.44832e-07 19.8949 -1.9325e-07Z\" fill=\"#F3911F\"><\/path><\/g><defs><clipPath id=\"clip0_750_15573\"><rect width=\"28\" height=\"28\" fill=\"white\" transform=\"translate(28 28) rotate(-180)\"><\/rect><\/clipPath><\/defs><\/svg>\t\t\t\t<\/a>\n\t\t\t<\/div>\n\t\t\t\n\t\t\t\t\t\t<div class=\"elementor-icon-box-content\">\n\n\t\t\t\t\n\t\t\t\t\t\t\t\t\t<p class=\"elementor-icon-box-description\">\n\t\t\t\t\t\tRebeca Gyumi, laur\u00e9ate du Prix des Nations Unies 2018, sera la t\u00eate d'affiche du 8e petit-d\u00e9jeuner annuel de la Journ\u00e9e de la fille\t\t\t\t\t<\/p>\n\t\t\t\t\n\t\t\t<\/div>\n\t\t\t\n\t\t<\/div>\n\t\t\t\t\t\t<\/div>\n\t\t\t\t<\/div>\n\t\t\t\t\t<\/div>\n\t\t\t\t<\/div>\n\t\t<div class=\"elementor-element elementor-element-60463dc e-flex e-con-boxed e-con e-parent\" data-id=\"60463dc\" data-element_type=\"container\" data-settings=\"{&quot;_ha_eqh_enable&quot;:false}\">\n\t\t\t\t\t<div class=\"e-con-inner\">\n\t\t<div class=\"elementor-element elementor-element-0631087 e-con-full e-flex e-con e-child\" data-id=\"0631087\" data-element_type=\"container\" data-settings=\"{&quot;_ha_eqh_enable&quot;:false}\">\n\t\t\t\t<div class=\"elementor-element elementor-element-74430ad elementor-widget elementor-widget-text-editor\" data-id=\"74430ad\" data-element_type=\"widget\" data-widget_type=\"text-editor.default\">\n\t\t\t\t<div class=\"elementor-widget-container\">\n\t\t\t\t\t\t\t\t\t<p><strong>Toronto (Ontario), le 6 septembre 2019<\/strong> \u2013 Carrefour International, organisme canadien de coop\u00e9ration volontaire, souligne la Journ\u00e9e internationale de la fille, le 10 octobre, en mettant en lumi\u00e8re les menaces qui p\u00e8sent sur les droits, la s\u00e9curit\u00e9 et le bien-\u00eatre des filles et des femmes dans le monde, et en appelant le Canada \u00e0 faire autorit\u00e9 moralement par des actions audacieuses.<\/p><p>Les volontaires de Carrefour International travaillent avec des partenaires locaux dans certains des endroits les plus difficiles au monde pour les jeunes femmes, notamment au Burkina Faso, o\u00f9 le taux de mariage d\u2019enfants atteint le chiffre stup\u00e9fiant de 52 %, au Swaziland, o\u00f9 une fille sur trois est victime d\u2019abus sexuels avant l\u2019\u00e2ge de 18 ans, et en Tanzanie, o\u00f9 la l\u00e9gislation sur la violence familiale est \u00e9clips\u00e9e par le manque de ressources et, par cons\u00e9quent, d\u2019acc\u00e8s \u00e0 la justice, pour n\u2019en citer que quelques-uns.<\/p><p>En fait, la Tanzanie est un centre cl\u00e9 de la lutte mondiale pour les droits des filles et des femmes. En 2016, l&rsquo;avocate Rebeca Gyumi a d\u00e9pos\u00e9 une requ\u00eate aupr\u00e8s de la Haute Cour de Tanzanie pour modifier la loi de 1971 sur le mariage, qui autorise les filles d\u00e8s l&rsquo;\u00e2ge de 14 ans \u00e0 se marier. La Cour a donn\u00e9 raison \u00e0 Mme Gyumi, portant l&rsquo;\u00e2ge du mariage \u00e0 18 ans pour les gar\u00e7ons comme pour les filles. Cependant, le gouvernement a fait appel, et un sursis \u00e0 ex\u00e9cution a \u00e9t\u00e9 accord\u00e9 jusqu&rsquo;\u00e0 ce que la Cour d&rsquo;appel statue sur l&rsquo;affaire. Une d\u00e9cision est attendue prochainement.<\/p><p>Mme Gyumi sera la t\u00eate d&rsquo;affiche<strong>\u00a0<span style=\"color: #464f01;\"><a style=\"color: #464f01;\" href=\"https:\/\/cintl.org\/news\/events\/day-of-the-girl-breakfast-2019\/\" target=\"_blank\" rel=\"noopener\">Le 8<sup>e<\/sup> petit-d\u00e9jeuner annuel de la Journ\u00e9e des filles de Carrefour \u00e0 Toronto<\/a>\u00a0<\/span><\/strong>a pour but de collecter des fonds pour le programme d&rsquo;autonomisation des filles de Carrefour, qui touche plus de 3 000 filles chaque ann\u00e9e dans plusieurs pays d&rsquo;Afrique. Gr\u00e2ce \u00e0 ces efforts, l&rsquo;organisation constate des r\u00e9sultats concrets : diminution des grossesses chez les adolescentes, am\u00e9lioration des r\u00e9sultats scolaires et plus de signalements d&rsquo;abus.<\/p>\t\t\t\t\t\t\t\t<\/div>\n\t\t\t\t<\/div>\n\t\t\t\t<\/div>\n\t\t\t\t\t<\/div>\n\t\t\t\t<\/div>\n\t\t<div class=\"elementor-element elementor-element-6e18f49 e-flex e-con-boxed e-con e-parent\" data-id=\"6e18f49\" data-element_type=\"container\" data-settings=\"{&quot;_ha_eqh_enable&quot;:false}\">\n\t\t\t\t\t<div class=\"e-con-inner\">\n\t\t<div class=\"elementor-element elementor-element-0343ec8 e-con-full e-flex e-con e-child\" data-id=\"0343ec8\" data-element_type=\"container\" data-settings=\"{&quot;_ha_eqh_enable&quot;:false}\">\n\t\t\t\t<div class=\"elementor-element elementor-element-68d81af ha-has-bg-overlay elementor-widget elementor-widget-text-editor\" data-id=\"68d81af\" data-element_type=\"widget\" data-widget_type=\"text-editor.default\">\n\t\t\t\t<div class=\"elementor-widget-container\">\n\t\t\t\t\t\t\t\t\t<p>\u00ab Rebeca Gyumi est une figure inspirante du combat pour l&rsquo;\u00e9galit\u00e9 et la justice pour les femmes et les filles \u00bb, a d\u00e9clar\u00e9 Heather Shapter, directrice g\u00e9n\u00e9rale de Carrefour International. \u00ab Nous sommes ravis qu&rsquo;elle intervienne lors de notre petit-d\u00e9jeuner pour partager son exp\u00e9rience et ses connaissances professionnelles en tant qu&rsquo;avocate sp\u00e9cialis\u00e9e dans les droits humains en Tanzanie. \u00bb<\/p>\t\t\t\t\t\t\t\t<\/div>\n\t\t\t\t<\/div>\n\t\t\t\t<div class=\"elementor-element elementor-element-9ebfa51 elementor-widget elementor-widget-text-editor\" data-id=\"9ebfa51\" data-element_type=\"widget\" data-widget_type=\"text-editor.default\">\n\t\t\t\t<div class=\"elementor-widget-container\">\n\t\t\t\t\t\t\t\t\t<p>Laur\u00e9ate du Prix des droits de l&rsquo;homme des Nations Unies, Mme Gyumi est \u00e9galement fondatrice et directrice ex\u00e9cutive de l&rsquo;Initiative Msichana, une organisation tanzanienne qui promeut l&rsquo;autonomisation des filles par l&rsquo;\u00e9ducation. Ayant grandi \u00e0 Dodoma, la capitale tanzanienne, Mme Gyumi a \u00e9t\u00e9 inspir\u00e9e \u00e0 devenir avocate et militante par l&rsquo;observation de femmes comme la ministre Asha Rose Migiro. Mme Gyumi est aujourd&rsquo;hui en mesure d&rsquo;influer sur des changements significatifs.<\/p>\t\t\t\t\t\t\t\t<\/div>\n\t\t\t\t<\/div>\n\t\t\t\t<div class=\"elementor-element elementor-element-0abd2c3 ha-has-bg-overlay elementor-widget elementor-widget-text-editor\" data-id=\"0abd2c3\" data-element_type=\"widget\" data-widget_type=\"text-editor.default\">\n\t\t\t\t<div class=\"elementor-widget-container\">\n\t\t\t\t\t\t\t\t\t<p>\u00ab Mon exp\u00e9rience personnelle et professionnelle en Tanzanie d\u00e9montre ce qu&rsquo;il est possible d&rsquo;accomplir lorsqu&rsquo;on \u00e9coute les femmes et les filles et qu&rsquo;on agit dans leur int\u00e9r\u00eat \u00bb, a d\u00e9clar\u00e9 Mme Gyumi. \u00ab Les Canadiens et leur gouvernement ont apport\u00e9 et doivent continuer d&rsquo;apporter une contribution importante \u00e0 la lutte pour l&rsquo;\u00e9galit\u00e9 dans le monde, en particulier dans des pays comme le mien. Des organisations comme Carrefour International illustrent la mani\u00e8re coop\u00e9rative et solidaire dont les gens peuvent travailler ensemble pour am\u00e9liorer les conditions et les opportunit\u00e9s des femmes et des filles dans les pays du Sud. \u00bb<\/p>\t\t\t\t\t\t\t\t<\/div>\n\t\t\t\t<\/div>\n\t\t\t\t<div class=\"elementor-element elementor-element-2d896e8 ha-has-bg-overlay elementor-widget elementor-widget-text-editor\" data-id=\"2d896e8\" data-element_type=\"widget\" data-widget_type=\"text-editor.default\">\n\t\t\t\t<div class=\"elementor-widget-container\">\n\t\t\t\t\t\t\t\t\t<p>\u00ab Le Canada doit \u00eatre \u00e0 la fois un symbole d&rsquo;espoir et un rempart contre les attaques contre les droits des femmes \u00bb, a d\u00e9clar\u00e9 Mme Shapter. \u00ab Carrefour est encourag\u00e9 par les nombreuses mesures positives prises par le gouvernement f\u00e9d\u00e9ral, mais pr\u00e9occup\u00e9 par la mont\u00e9e mondiale des discours de division et des politiques dangereuses qui portent atteinte aux droits des femmes et des filles. Nous devons continuer \u00e0 tendre la main, \u00e0 nous exprimer et \u00e0 exprimer notre solidarit\u00e9 avec les populations f\u00e9minines les plus vuln\u00e9rables du monde. \u00bb<\/p>\t\t\t\t\t\t\t\t<\/div>\n\t\t\t\t<\/div>\n\t\t\t\t<\/div>\n\t\t\t\t\t<\/div>\n\t\t\t\t<\/div>\n\t\t<div class=\"elementor-element elementor-element-af48a89 e-flex e-con-boxed e-con e-parent\" data-id=\"af48a89\" data-element_type=\"container\" data-settings=\"{&quot;_ha_eqh_enable&quot;:false}\">\n\t\t\t\t\t<div class=\"e-con-inner\">\n\t\t\t\t<div class=\"elementor-element elementor-element-c494a7e elementor-widget elementor-widget-text-editor\" data-id=\"c494a7e\" data-element_type=\"widget\" data-widget_type=\"text-editor.default\">\n\t\t\t\t<div class=\"elementor-widget-container\">\n\t\t\t\t\t\t\t\t\t<p>\u00c0 propos de Carrefour International<\/p>\t\t\t\t\t\t\t\t<\/div>\n\t\t\t\t<\/div>\n\t\t\t\t<div class=\"elementor-element elementor-element-17f220c elementor-widget elementor-widget-text-editor\" data-id=\"17f220c\" data-element_type=\"widget\" data-widget_type=\"text-editor.default\">\n\t\t\t\t<div class=\"elementor-widget-container\">\n\t\t\t\t\t\t\t\t\t<p>Carrefour International est un leader de la coop\u00e9ration internationale et lutte contre les in\u00e9galit\u00e9s depuis 60 ans. Carrefour travaille avec des organisations partenaires locales pour cr\u00e9er des emplois d\u00e9cents et donner aux femmes les moyens de devenir des leaders et de vivre \u00e0 l&rsquo;abri de la violence dans certains des pays les plus pauvres du monde. Chaque ann\u00e9e, nous engageons des volontaires et du personnel exp\u00e9riment\u00e9s, du Nord comme du Sud, qui mettent leur expertise au service des enjeux mondiaux. Ensemble, nous mettons \u00e0 profit nos connaissances, notre expertise et nos ressources financi\u00e8res pour cr\u00e9er un monde plus juste et plus \u00e9quitable.<\/p>\t\t\t\t\t\t\t\t<\/div>\n\t\t\t\t<\/div>\n\t\t\t\t<div class=\"elementor-element elementor-element-4c4a43d elementor-widget elementor-widget-text-editor\" data-id=\"4c4a43d\" data-element_type=\"widget\" data-widget_type=\"text-editor.default\">\n\t\t\t\t<div class=\"elementor-widget-container\">\n\t\t\t\t\t\t\t\t\t<p>-30-<\/p><p><strong>Pour organiser une entrevue ou obtenir plus d&rsquo;informations, veuillez contacter\u00a0:<\/strong><\/p><p>Christopher Holcroft, Empower Consulting, 416-996-0767\/ 514-844-0664<\/p><p><u>christopherholcroft@hotmail.ca<\/u><\/p><p><em>Carrefour International remercie chaleureusement les commanditaires du Petit-d\u00e9jeuner de la Journ\u00e9e internationale des filles\u00a0; sans eux, cet \u00e9v\u00e9nement ne pourrait pas avoir lieu.<\/em><\/p>\t\t\t\t\t\t\t\t<\/div>\n\t\t\t\t<\/div>\n\t\t\t\t\t<\/div>\n\t\t\t\t<\/div>\n\t\t\t\t<\/div>\n\t\t","protected":false},"excerpt":{"rendered":"<p>Dans l&rsquo;actualit\u00e9 Pour les m\u00e9dias Communiqu\u00e9s de presse de Carrefour Rebeca Gyumi, laur\u00e9ate du Prix des Nations Unies 2018, sera la t\u00eate d&rsquo;affiche du 8e petit-d\u00e9jeuner annuel de la Journ\u00e9e de la fille Toronto (Ontario), le 6 septembre 2019 \u2013 Carrefour International, organisme canadien de coop\u00e9ration volontaire, souligne la Journ\u00e9e internationale de la fille, le [&hellip;]<\/p>\n","protected":false},"author":1,"featured_media":0,"parent":0,"menu_order":0,"comment_status":"closed","ping_status":"closed","template":"elementor_header_footer","meta":{"_acf_changed":false,"footnotes":""},"class_list":["post-22714","page","type-page","status-publish","hentry"],"acf":[],"_links":{"self":[{"href":"https:\/\/crossboard.dev2.smartegy.ca\/fr\/wp-json\/wp\/v2\/pages\/22714","targetHints":{"allow":["GET"]}}],"collection":[{"href":"https:\/\/crossboard.dev2.smartegy.ca\/fr\/wp-json\/wp\/v2\/pages"}],"about":[{"href":"https:\/\/crossboard.dev2.smartegy.ca\/fr\/wp-json\/wp\/v2\/types\/page"}],"author":[{"embeddable":true,"href":"https:\/\/crossboard.dev2.smartegy.ca\/fr\/wp-json\/wp\/v2\/users\/1"}],"replies":[{"embeddable":true,"href":"https:\/\/crossboard.dev2.smartegy.ca\/fr\/wp-json\/wp\/v2\/comments?post=22714"}],"version-history":[{"count":10,"href":"https:\/\/crossboard.dev2.smartegy.ca\/fr\/wp-json\/wp\/v2\/pages\/22714\/revisions"}],"predecessor-version":[{"id":23767,"href":"https:\/\/crossboard.dev2.smartegy.ca\/fr\/wp-json\/wp\/v2\/pages\/22714\/revisions\/23767"}],"wp:attachment":[{"href":"https:\/\/crossboard.dev2.smartegy.ca\/fr\/wp-json\/wp\/v2\/media?parent=22714"}],"curies":[{"name":"wp","href":"https:\/\/api.w.org\/{rel}","templated":true}]}}