{"id":22725,"date":"2025-02-21T15:40:32","date_gmt":"2025-02-21T15:40:32","guid":{"rendered":"https:\/\/crossboard.dev2.smartegy.ca\/?page_id=22725"},"modified":"2025-06-30T14:49:54","modified_gmt":"2025-06-30T14:49:54","slug":"impact-dans-les-medias-crossroads-international-accueille-sa-nouvelle-directrice-generale-heather-shapter","status":"publish","type":"page","link":"https:\/\/crossboard.dev2.smartegy.ca\/fr\/impact-dans-les-medias-crossroads-international-accueille-sa-nouvelle-directrice-generale-heather-shapter\/","title":{"rendered":"Impact &#8211; Dans les m\u00e9dias &#8211; Crossroads International accueille sa nouvelle directrice g\u00e9n\u00e9rale, Heather Shapter"},"content":{"rendered":"\t\t<div data-elementor-type=\"wp-page\" data-elementor-id=\"22725\" class=\"elementor elementor-22725 elementor-19587\" data-elementor-settings=\"{&quot;ha_cmc_init_switcher&quot;:&quot;no&quot;}\" data-elementor-post-type=\"page\">\n\t\t\t\t<div class=\"elementor-element elementor-element-42b4eae e-con-full e-flex e-con e-parent\" data-id=\"42b4eae\" data-element_type=\"container\" data-settings=\"{&quot;background_background&quot;:&quot;classic&quot;,&quot;_ha_eqh_enable&quot;:false}\">\n\t\t\t\t<div class=\"elementor-element elementor-element-2bcbabb elementor-widget elementor-widget-text-editor\" data-id=\"2bcbabb\" data-element_type=\"widget\" data-widget_type=\"text-editor.default\">\n\t\t\t\t<div class=\"elementor-widget-container\">\n\t\t\t\t\t\t\t\t\t<p>Dans l&rsquo;actualit\u00e9<\/p>\t\t\t\t\t\t\t\t<\/div>\n\t\t\t\t<\/div>\n\t\t\t\t<div class=\"elementor-element elementor-element-a836af8 elementor-widget elementor-widget-text-editor\" data-id=\"a836af8\" data-element_type=\"widget\" data-widget_type=\"text-editor.default\">\n\t\t\t\t<div class=\"elementor-widget-container\">\n\t\t\t\t\t\t\t\t\t<p>Pour les m\u00e9dias<\/p>\t\t\t\t\t\t\t\t<\/div>\n\t\t\t\t<\/div>\n\t\t\t\t<\/div>\n\t\t<div class=\"elementor-element elementor-element-ec01ef3 e-flex e-con-boxed e-con e-parent\" data-id=\"ec01ef3\" data-element_type=\"container\" data-settings=\"{&quot;_ha_eqh_enable&quot;:false}\">\n\t\t\t\t\t<div class=\"e-con-inner\">\n\t\t\t\t<div class=\"elementor-element elementor-element-5763b37 elementor-widget elementor-widget-heading\" data-id=\"5763b37\" data-element_type=\"widget\" data-widget_type=\"heading.default\">\n\t\t\t\t<div class=\"elementor-widget-container\">\n\t\t\t\t\t<h2 class=\"elementor-heading-title elementor-size-default\">Communiqu\u00e9s de presse de Carrefour<\/h2>\t\t\t\t<\/div>\n\t\t\t\t<\/div>\n\t\t\t\t<div class=\"elementor-element elementor-element-ee6642a elementor-position-left elementor-vertical-align-middle elementor-mobile-position-left elementor-view-default elementor-widget elementor-widget-icon-box\" data-id=\"ee6642a\" data-element_type=\"widget\" data-widget_type=\"icon-box.default\">\n\t\t\t\t<div class=\"elementor-widget-container\">\n\t\t\t\t\t\t\t<div class=\"elementor-icon-box-wrapper\">\n\n\t\t\t\t\t\t<div class=\"elementor-icon-box-icon\">\n\t\t\t\t<a href=\"\/fr\/impact-dans-les-medias\/\" class=\"elementor-icon\" tabindex=\"-1\">\n\t\t\t\t<svg xmlns=\"http:\/\/www.w3.org\/2000\/svg\" width=\"28\" height=\"28\" viewBox=\"0 0 28 28\" fill=\"none\"><g clip-path=\"url(#clip0_750_15573)\"><path d=\"M19.8949 -1.9325e-07C20.485 -1.41664e-07 21.0398 0.229906 21.4579 0.647282C21.8752 1.06498 22.1055 1.62017 22.1055 2.21058C22.1055 2.80098 21.8752 3.35617 21.4579 3.77366L11.2312 14.0001L21.4579 24.2266C21.8752 24.6441 22.1055 25.1992 22.1055 25.7896C22.1055 26.38 21.8752 26.9352 21.4579 27.3527C21.0405 27.7702 20.485 28 19.8949 28C19.3049 28 18.7494 27.7703 18.332 27.3529L6.5425 15.5632C6.12513 15.1456 5.89489 14.5905 5.89489 14.0001C5.89489 13.4097 6.12518 12.8545 6.5425 12.437L18.332 0.647499C18.7501 0.229906 19.3049 -2.44832e-07 19.8949 -1.9325e-07Z\" fill=\"#F3911F\"><\/path><\/g><defs><clipPath id=\"clip0_750_15573\"><rect width=\"28\" height=\"28\" fill=\"white\" transform=\"translate(28 28) rotate(-180)\"><\/rect><\/clipPath><\/defs><\/svg>\t\t\t\t<\/a>\n\t\t\t<\/div>\n\t\t\t\n\t\t\t\t\t\t<div class=\"elementor-icon-box-content\">\n\n\t\t\t\t\n\t\t\t\t\t\t\t\t\t<p class=\"elementor-icon-box-description\">\n\t\t\t\t\t\tCarrefour International accueille sa nouvelle directrice g\u00e9n\u00e9rale, Heather Shapter\t\t\t\t\t<\/p>\n\t\t\t\t\n\t\t\t<\/div>\n\t\t\t\n\t\t<\/div>\n\t\t\t\t\t\t<\/div>\n\t\t\t\t<\/div>\n\t\t\t\t\t<\/div>\n\t\t\t\t<\/div>\n\t\t<div class=\"elementor-element elementor-element-60463dc e-flex e-con-boxed e-con e-parent\" data-id=\"60463dc\" data-element_type=\"container\" data-settings=\"{&quot;_ha_eqh_enable&quot;:false}\">\n\t\t\t\t\t<div class=\"e-con-inner\">\n\t\t<div class=\"elementor-element elementor-element-0631087 e-con-full e-flex e-con e-child\" data-id=\"0631087\" data-element_type=\"container\" data-settings=\"{&quot;_ha_eqh_enable&quot;:false}\">\n\t\t\t\t<div class=\"elementor-element elementor-element-74430ad elementor-widget elementor-widget-text-editor\" data-id=\"74430ad\" data-element_type=\"widget\" data-widget_type=\"text-editor.default\">\n\t\t\t\t<div class=\"elementor-widget-container\">\n\t\t\t\t\t\t\t\t\t<p>Toronto (Ontario), le 3 juillet 2019 \u2013 Carrefour International est heureux d&rsquo;annoncer la nomination de Heather Shapter au poste de directrice g\u00e9n\u00e9rale. Mme Shapter est une dirigeante accomplie dans le domaine du d\u00e9veloppement international et apporte \u00e0 ce poste plus de 20 ans d&rsquo;exp\u00e9rience au sein d&rsquo;ONG et du secteur priv\u00e9. Sa carri\u00e8re professionnelle a \u00e9t\u00e9 consacr\u00e9e \u00e0 l&rsquo;\u00e9radication de la pauvret\u00e9 par l&rsquo;autonomisation des femmes et des enfants.<\/p>\t\t\t\t\t\t\t\t<\/div>\n\t\t\t\t<\/div>\n\t\t\t\t<\/div>\n\t\t\t\t\t<\/div>\n\t\t\t\t<\/div>\n\t\t<div class=\"elementor-element elementor-element-6e18f49 e-flex e-con-boxed e-con e-parent\" data-id=\"6e18f49\" data-element_type=\"container\" data-settings=\"{&quot;_ha_eqh_enable&quot;:false}\">\n\t\t\t\t\t<div class=\"e-con-inner\">\n\t\t<div class=\"elementor-element elementor-element-0343ec8 e-con-full e-flex e-con e-child\" data-id=\"0343ec8\" data-element_type=\"container\" data-settings=\"{&quot;_ha_eqh_enable&quot;:false}\">\n\t\t\t\t<div class=\"elementor-element elementor-element-68d81af ha-has-bg-overlay elementor-widget elementor-widget-text-editor\" data-id=\"68d81af\" data-element_type=\"widget\" data-widget_type=\"text-editor.default\">\n\t\t\t\t<div class=\"elementor-widget-container\">\n\t\t\t\t\t\t\t\t\t<p>\u00ab Je suis ravie de me joindre \u00e0 une organisation qui a une longue exp\u00e9rience en mati\u00e8re de changement \u00bb, a d\u00e9clar\u00e9 Mme Shapter. \u00ab Bien que la Politique d&rsquo;aide internationale f\u00e9ministe du gouvernement du Canada ait dynamis\u00e9 le secteur, les d\u00e9fis auxquels font face les femmes sont consid\u00e9rables. Carrefour a un potentiel \u00e9norme pour tirer parti de l&rsquo;engagement de volontaires canadiens qualifi\u00e9s dans de nouveaux partenariats et programmes visant \u00e0 autonomiser les femmes et les filles. J&rsquo;ai h\u00e2te de me mettre au travail avec mon \u00e9quipe. \u00bb<\/p>\t\t\t\t\t\t\t\t<\/div>\n\t\t\t\t<\/div>\n\t\t\t\t<div class=\"elementor-element elementor-element-9ebfa51 elementor-widget elementor-widget-text-editor\" data-id=\"9ebfa51\" data-element_type=\"widget\" data-widget_type=\"text-editor.default\">\n\t\t\t\t<div class=\"elementor-widget-container\">\n\t\t\t\t\t\t\t\t\t<p>Carrefour International travaille avec des partenaires locaux dans certains des pays les plus pauvres du monde pour faire progresser les droits, r\u00e9duire la pauvret\u00e9 et am\u00e9liorer l&rsquo;acc\u00e8s \u00e0 la justice pour des milliers de filles et de femmes. Dans de nombreux pays o\u00f9 Carrefour intervient, les attitudes soci\u00e9tales envers les femmes et l&rsquo;absence d&rsquo;opportunit\u00e9s \u00e9conomiques et de protection juridique menacent la s\u00e9curit\u00e9 et le bien-\u00eatre des femmes et des filles.<\/p>\t\t\t\t\t\t\t\t<\/div>\n\t\t\t\t<\/div>\n\t\t\t\t<div class=\"elementor-element elementor-element-ccd4821 ha-has-bg-overlay elementor-widget elementor-widget-text-editor\" data-id=\"ccd4821\" data-element_type=\"widget\" data-widget_type=\"text-editor.default\">\n\t\t\t\t<div class=\"elementor-widget-container\">\n\t\t\t\t\t\t\t\t\t<p>\u00ab Heather apporte \u00e0 Carrefour sa passion pour l&rsquo;autonomisation des femmes et son exp\u00e9rience en mati\u00e8re de collaborations innovantes \u00bb, a d\u00e9clar\u00e9 Mme Susan Watts, pr\u00e9sidente du conseil d&rsquo;administration. \u00ab Nous sommes convaincus que gr\u00e2ce \u00e0 son leadership dynamique, nous pourrons continuer \u00e0 d\u00e9velopper notre programme et notre impact. \u00bb<\/p>\t\t\t\t\t\t\t\t<\/div>\n\t\t\t\t<\/div>\n\t\t\t\t<div class=\"elementor-element elementor-element-1d7eb17 elementor-widget elementor-widget-text-editor\" data-id=\"1d7eb17\" data-element_type=\"widget\" data-widget_type=\"text-editor.default\">\n\t\t\t\t<div class=\"elementor-widget-container\">\n\t\t\t\t\t\t\t\t\t<p>Au cours de sa longue carri\u00e8re dans le secteur du d\u00e9veloppement, Mme Shapter a occup\u00e9 des postes \u00e0 responsabilit\u00e9s croissantes au sein de CARE Canada, de BRAC au Bangladesh, de Save the Children USA en Ha\u00efti, de Prosper Canada et de Global Impact. Dans le secteur priv\u00e9, Mme Shapter a pr\u00e9c\u00e9demment dirig\u00e9 la division ONG de Bluedrop Learning Networks, o\u00f9 elle a aid\u00e9 des organisations partenaires \u00e0 d\u00e9velopper leurs programmes d&#8217;emploi et d&rsquo;entrepreneuriat destin\u00e9s aux jeunes et aux femmes marginalis\u00e9s. Le travail de Bluedrop a \u00e9t\u00e9 reconnu par la Clinton Global Initiative.<\/p><p>Mme Shapter a \u00e9galement dirig\u00e9 pendant de nombreuses ann\u00e9es un cabinet de conseil international ax\u00e9 sur le d\u00e9veloppement du leadership et l&rsquo;optimisation de la culture organisationnelle pour obtenir des r\u00e9sultats exceptionnels. Elle est titulaire d&rsquo;un MBA de l&rsquo;Universit\u00e9 Queen&rsquo;s et d&rsquo;un baccalaur\u00e9at de l&rsquo;Universit\u00e9 Memorial.<\/p>\t\t\t\t\t\t\t\t<\/div>\n\t\t\t\t<\/div>\n\t\t\t\t<\/div>\n\t\t\t\t\t<\/div>\n\t\t\t\t<\/div>\n\t\t<div class=\"elementor-element elementor-element-af48a89 e-flex e-con-boxed e-con e-parent\" data-id=\"af48a89\" data-element_type=\"container\" data-settings=\"{&quot;_ha_eqh_enable&quot;:false}\">\n\t\t\t\t\t<div class=\"e-con-inner\">\n\t\t\t\t<div class=\"elementor-element elementor-element-c494a7e elementor-widget elementor-widget-text-editor\" data-id=\"c494a7e\" data-element_type=\"widget\" data-widget_type=\"text-editor.default\">\n\t\t\t\t<div class=\"elementor-widget-container\">\n\t\t\t\t\t\t\t\t\t<p>\u00c0 propos de Carrefour International<\/p>\t\t\t\t\t\t\t\t<\/div>\n\t\t\t\t<\/div>\n\t\t\t\t<div class=\"elementor-element elementor-element-17f220c elementor-widget elementor-widget-text-editor\" data-id=\"17f220c\" data-element_type=\"widget\" data-widget_type=\"text-editor.default\">\n\t\t\t\t<div class=\"elementor-widget-container\">\n\t\t\t\t\t\t\t\t\t<p><strong>Carrefour International<\/strong> est un leader de la coop\u00e9ration internationale et lutte contre les in\u00e9galit\u00e9s depuis 60 ans. Carrefour travaille dans certains des pays les plus pauvres du monde en Afrique australe, en Afrique de l&rsquo;Ouest et en Am\u00e9rique du Sud, avec des organisations partenaires locales pour cr\u00e9er des emplois d\u00e9cents et donner aux femmes les moyens de devenir des leaders et de vivre \u00e0 l&rsquo;abri de la violence. Chaque ann\u00e9e, nous engageons des volontaires et du personnel exp\u00e9riment\u00e9s du Nord et du Sud qui mettent leur expertise au service des enjeux mondiaux. Ensemble, nous mettons \u00e0 profit nos connaissances, notre expertise et nos fonds pour cr\u00e9er un monde plus juste et plus \u00e9quitable.<\/p>\t\t\t\t\t\t\t\t<\/div>\n\t\t\t\t<\/div>\n\t\t\t\t<div class=\"elementor-element elementor-element-4c4a43d elementor-widget elementor-widget-text-editor\" data-id=\"4c4a43d\" data-element_type=\"widget\" data-widget_type=\"text-editor.default\">\n\t\t\t\t<div class=\"elementor-widget-container\">\n\t\t\t\t\t\t\t\t\t<p>Pour plus d&rsquo;informations, veuillez contacter\u00a0:<\/p><p><strong>Christopher Holcroft<br \/><\/strong><strong>Empower Consulting<br \/><\/strong><strong>Ms 416-996-0767<br \/><\/strong><a href=\"mailto:christopherholcroft@hotmail.ca\"><strong>christopherholcroft@hotmail.ca<\/strong><\/a><\/p>\t\t\t\t\t\t\t\t<\/div>\n\t\t\t\t<\/div>\n\t\t\t\t\t<\/div>\n\t\t\t\t<\/div>\n\t\t\t\t<\/div>\n\t\t","protected":false},"excerpt":{"rendered":"<p>Dans l&rsquo;actualit\u00e9 Pour les m\u00e9dias Communiqu\u00e9s de presse de Carrefour Carrefour International accueille sa nouvelle directrice g\u00e9n\u00e9rale, Heather Shapter Toronto (Ontario), le 3 juillet 2019 \u2013 Carrefour International est heureux d&rsquo;annoncer la nomination de Heather Shapter au poste de directrice g\u00e9n\u00e9rale. Mme Shapter est une dirigeante accomplie dans le domaine du d\u00e9veloppement international et apporte [&hellip;]<\/p>\n","protected":false},"author":1,"featured_media":0,"parent":0,"menu_order":0,"comment_status":"closed","ping_status":"closed","template":"elementor_header_footer","meta":{"_acf_changed":false,"footnotes":""},"class_list":["post-22725","page","type-page","status-publish","hentry"],"acf":[],"_links":{"self":[{"href":"https:\/\/crossboard.dev2.smartegy.ca\/fr\/wp-json\/wp\/v2\/pages\/22725","targetHints":{"allow":["GET"]}}],"collection":[{"href":"https:\/\/crossboard.dev2.smartegy.ca\/fr\/wp-json\/wp\/v2\/pages"}],"about":[{"href":"https:\/\/crossboard.dev2.smartegy.ca\/fr\/wp-json\/wp\/v2\/types\/page"}],"author":[{"embeddable":true,"href":"https:\/\/crossboard.dev2.smartegy.ca\/fr\/wp-json\/wp\/v2\/users\/1"}],"replies":[{"embeddable":true,"href":"https:\/\/crossboard.dev2.smartegy.ca\/fr\/wp-json\/wp\/v2\/comments?post=22725"}],"version-history":[{"count":10,"href":"https:\/\/crossboard.dev2.smartegy.ca\/fr\/wp-json\/wp\/v2\/pages\/22725\/revisions"}],"predecessor-version":[{"id":23770,"href":"https:\/\/crossboard.dev2.smartegy.ca\/fr\/wp-json\/wp\/v2\/pages\/22725\/revisions\/23770"}],"wp:attachment":[{"href":"https:\/\/crossboard.dev2.smartegy.ca\/fr\/wp-json\/wp\/v2\/media?parent=22725"}],"curies":[{"name":"wp","href":"https:\/\/api.w.org\/{rel}","templated":true}]}}