{"id":22737,"date":"2025-02-21T15:49:04","date_gmt":"2025-02-21T15:49:04","guid":{"rendered":"https:\/\/crossboard.dev2.smartegy.ca\/?page_id=22737"},"modified":"2025-06-30T14:53:51","modified_gmt":"2025-06-30T14:53:51","slug":"impact-dans-les-medias-crossroads-international-felicite-lhonorable-maryam-monsef-pour-sa-nomination-au-poste-de-ministre-du-developpement-international","status":"publish","type":"page","link":"https:\/\/crossboard.dev2.smartegy.ca\/fr\/impact-dans-les-medias-crossroads-international-felicite-lhonorable-maryam-monsef-pour-sa-nomination-au-poste-de-ministre-du-developpement-international\/","title":{"rendered":"Impact &#8211; Dans les m\u00e9dias &#8211; Crossroads International f\u00e9licite l&rsquo;honorable Maryam Monsef pour sa nomination au poste de ministre du D\u00e9veloppement international"},"content":{"rendered":"\t\t<div data-elementor-type=\"wp-page\" data-elementor-id=\"22737\" class=\"elementor elementor-22737 elementor-19595\" data-elementor-settings=\"{&quot;ha_cmc_init_switcher&quot;:&quot;no&quot;}\" data-elementor-post-type=\"page\">\n\t\t\t\t<div class=\"elementor-element elementor-element-f8f72f7 e-con-full e-flex e-con e-parent\" data-id=\"f8f72f7\" data-element_type=\"container\" data-settings=\"{&quot;background_background&quot;:&quot;classic&quot;,&quot;_ha_eqh_enable&quot;:false}\">\n\t\t\t\t<div class=\"elementor-element elementor-element-4835767 elementor-widget elementor-widget-text-editor\" data-id=\"4835767\" data-element_type=\"widget\" data-widget_type=\"text-editor.default\">\n\t\t\t\t<div class=\"elementor-widget-container\">\n\t\t\t\t\t\t\t\t\t<p>Dans l&rsquo;actualit\u00e9<\/p>\t\t\t\t\t\t\t\t<\/div>\n\t\t\t\t<\/div>\n\t\t\t\t<div class=\"elementor-element elementor-element-53084a4 elementor-widget elementor-widget-text-editor\" data-id=\"53084a4\" data-element_type=\"widget\" data-widget_type=\"text-editor.default\">\n\t\t\t\t<div class=\"elementor-widget-container\">\n\t\t\t\t\t\t\t\t\t<p>Pour les m\u00e9dias<\/p>\t\t\t\t\t\t\t\t<\/div>\n\t\t\t\t<\/div>\n\t\t\t\t<\/div>\n\t\t<div class=\"elementor-element elementor-element-ec01ef3 e-flex e-con-boxed e-con e-parent\" data-id=\"ec01ef3\" data-element_type=\"container\" data-settings=\"{&quot;_ha_eqh_enable&quot;:false}\">\n\t\t\t\t\t<div class=\"e-con-inner\">\n\t\t\t\t<div class=\"elementor-element elementor-element-5763b37 elementor-widget elementor-widget-heading\" data-id=\"5763b37\" data-element_type=\"widget\" data-widget_type=\"heading.default\">\n\t\t\t\t<div class=\"elementor-widget-container\">\n\t\t\t\t\t<h2 class=\"elementor-heading-title elementor-size-default\">Communiqu\u00e9s de presse de Carrefour<\/h2>\t\t\t\t<\/div>\n\t\t\t\t<\/div>\n\t\t\t\t<div class=\"elementor-element elementor-element-ee6642a elementor-position-left elementor-vertical-align-middle elementor-mobile-position-left elementor-view-default elementor-widget elementor-widget-icon-box\" data-id=\"ee6642a\" data-element_type=\"widget\" data-widget_type=\"icon-box.default\">\n\t\t\t\t<div class=\"elementor-widget-container\">\n\t\t\t\t\t\t\t<div class=\"elementor-icon-box-wrapper\">\n\n\t\t\t\t\t\t<div class=\"elementor-icon-box-icon\">\n\t\t\t\t<a href=\"\/fr\/impact-dans-les-medias\/\" class=\"elementor-icon\" tabindex=\"-1\">\n\t\t\t\t<svg xmlns=\"http:\/\/www.w3.org\/2000\/svg\" width=\"28\" height=\"28\" viewBox=\"0 0 28 28\" fill=\"none\"><g clip-path=\"url(#clip0_750_15573)\"><path d=\"M19.8949 -1.9325e-07C20.485 -1.41664e-07 21.0398 0.229906 21.4579 0.647282C21.8752 1.06498 22.1055 1.62017 22.1055 2.21058C22.1055 2.80098 21.8752 3.35617 21.4579 3.77366L11.2312 14.0001L21.4579 24.2266C21.8752 24.6441 22.1055 25.1992 22.1055 25.7896C22.1055 26.38 21.8752 26.9352 21.4579 27.3527C21.0405 27.7702 20.485 28 19.8949 28C19.3049 28 18.7494 27.7703 18.332 27.3529L6.5425 15.5632C6.12513 15.1456 5.89489 14.5905 5.89489 14.0001C5.89489 13.4097 6.12518 12.8545 6.5425 12.437L18.332 0.647499C18.7501 0.229906 19.3049 -2.44832e-07 19.8949 -1.9325e-07Z\" fill=\"#F3911F\"><\/path><\/g><defs><clipPath id=\"clip0_750_15573\"><rect width=\"28\" height=\"28\" fill=\"white\" transform=\"translate(28 28) rotate(-180)\"><\/rect><\/clipPath><\/defs><\/svg>\t\t\t\t<\/a>\n\t\t\t<\/div>\n\t\t\t\n\t\t\t\t\t\t<div class=\"elementor-icon-box-content\">\n\n\t\t\t\t\n\t\t\t\t\t\t\t\t\t<p class=\"elementor-icon-box-description\">\n\t\t\t\t\t\tCarrefour International f\u00e9licite l'honorable Maryam Monsef pour sa nomination au poste de ministre du D\u00e9veloppement international\t\t\t\t\t<\/p>\n\t\t\t\t\n\t\t\t<\/div>\n\t\t\t\n\t\t<\/div>\n\t\t\t\t\t\t<\/div>\n\t\t\t\t<\/div>\n\t\t\t\t\t<\/div>\n\t\t\t\t<\/div>\n\t\t<div class=\"elementor-element elementor-element-60463dc e-flex e-con-boxed e-con e-parent\" data-id=\"60463dc\" data-element_type=\"container\" data-settings=\"{&quot;_ha_eqh_enable&quot;:false}\">\n\t\t\t\t\t<div class=\"e-con-inner\">\n\t\t<div class=\"elementor-element elementor-element-0631087 e-con-full e-flex e-con e-child\" data-id=\"0631087\" data-element_type=\"container\" data-settings=\"{&quot;_ha_eqh_enable&quot;:false}\">\n\t\t\t\t<div class=\"elementor-element elementor-element-74430ad elementor-widget elementor-widget-text-editor\" data-id=\"74430ad\" data-element_type=\"widget\" data-widget_type=\"text-editor.default\">\n\t\t\t\t<div class=\"elementor-widget-container\">\n\t\t\t\t\t\t\t\t\t<p><strong>Toronto (Ontario), le 1er mars 2019<\/strong> \u2013 Carrefour International, organisme de d\u00e9fense des droits des femmes, f\u00e9licite l\u2019honorable Maryam Monsef pour sa nomination aujourd\u2019hui au poste de ministre du D\u00e9veloppement international. Son parcours personnel inspirant et son engagement au sein du gouvernement \u00e0 titre de ministre des Femmes et de l\u2019\u00c9galit\u00e9 des genres s\u2019inscrivent parfaitement dans le cadre de l\u2019\u00e9laboration de la Politique d\u2019aide internationale f\u00e9ministe du Canada et du soutien apport\u00e9 aux Canadiennes et aux Canadiens qui s\u2019engagent volontairement \u00e0 l\u2019\u00e9tranger pour promouvoir les droits de la personne et r\u00e9duire la pauvret\u00e9.<\/p>\t\t\t\t\t\t\t\t<\/div>\n\t\t\t\t<\/div>\n\t\t\t\t<\/div>\n\t\t\t\t\t<\/div>\n\t\t\t\t<\/div>\n\t\t<div class=\"elementor-element elementor-element-6e18f49 e-flex e-con-boxed e-con e-parent\" data-id=\"6e18f49\" data-element_type=\"container\" data-settings=\"{&quot;_ha_eqh_enable&quot;:false}\">\n\t\t\t\t\t<div class=\"e-con-inner\">\n\t\t<div class=\"elementor-element elementor-element-0343ec8 e-con-full e-flex e-con e-child\" data-id=\"0343ec8\" data-element_type=\"container\" data-settings=\"{&quot;_ha_eqh_enable&quot;:false}\">\n\t\t\t\t<div class=\"elementor-element elementor-element-68d81af ha-has-bg-overlay elementor-widget elementor-widget-text-editor\" data-id=\"68d81af\" data-element_type=\"widget\" data-widget_type=\"text-editor.default\">\n\t\t\t\t<div class=\"elementor-widget-container\">\n\t\t\t\t\t\t\t\t\t<p>\u00ab Nous nous r\u00e9jouissons de collaborer avec la ministre Monsef au service des droits des femmes dans le Sud \u00bb, a d\u00e9clar\u00e9 Patricia Erb, directrice g\u00e9n\u00e9rale par int\u00e9rim de Carrefour International. \u00ab La ministre a toujours d\u00e9fendu les communaut\u00e9s vuln\u00e9rables et nous vivons un moment historique o\u00f9 davantage de voix s&rsquo;\u00e9l\u00e8vent pour d\u00e9fendre la justice et l&rsquo;\u00e9galit\u00e9 des genres en particulier, et o\u00f9 des actions concr\u00e8tes sont n\u00e9cessaires pour cr\u00e9er un v\u00e9ritable changement. \u00bb<\/p>\t\t\t\t\t\t\t\t<\/div>\n\t\t\t\t<\/div>\n\t\t\t\t<div class=\"elementor-element elementor-element-9ebfa51 elementor-widget elementor-widget-text-editor\" data-id=\"9ebfa51\" data-element_type=\"widget\" data-widget_type=\"text-editor.default\">\n\t\t\t\t<div class=\"elementor-widget-container\">\n\t\t\t\t\t\t\t\t\t<p>L&rsquo;organisation tient \u00e9galement \u00e0 remercier l&rsquo;honorable Marie-Claude Bibeau pour son service en tant que ministre du D\u00e9veloppement international. Sa contribution \u00e0 la promotion des droits des femmes dans le Sud constitue un pr\u00e9cieux h\u00e9ritage. \u00ab Ce fut un plaisir de travailler avec la ministre et son \u00e9quipe sur ce dossier \u00bb, a d\u00e9clar\u00e9 Mme Erb.<\/p><p>En tant qu&rsquo;organisation de coop\u00e9ration volontaire internationale bas\u00e9e au Canada et forte de plus de 60 ans d&rsquo;exp\u00e9rience dans le Sud, nous sommes parfaitement conscients du type de strat\u00e9gies qui peuvent engendrer des changements dans des contextes culturels, juridiques et politiques tr\u00e8s diff\u00e9rents du n\u00f4tre. Dans de nombreux pays o\u00f9 Carrefour intervient, les attitudes soci\u00e9tales envers les femmes et l&rsquo;absence de protection juridique menacent la s\u00e9curit\u00e9 et le bien-\u00eatre des femmes et des filles. \u00c0 titre d&rsquo;exemple, le Burkina Faso affiche un taux de mariage d&rsquo;enfants de 52 %\u00a0; une femme sur trois est victime d&rsquo;abus sexuels au Ghana\u00a0; et en Tanzanie, le pr\u00e9sident a r\u00e9cemment qualifi\u00e9 de \u00ab\u00a0paresseuses\u00a0\u00bb les femmes qui utilisent la contraception et a menac\u00e9 d&rsquo;interdire l&rsquo;\u00e9cole aux filles enceintes.<\/p><p>Des volontaires canadiens travaillent avec nos partenaires dans certains des pays les plus pauvres du monde pour faire progresser les droits, r\u00e9duire la pauvret\u00e9 et am\u00e9liorer l&rsquo;acc\u00e8s \u00e0 la justice pour des milliers de filles et de femmes. Ces volontaires canadiens ont endoss\u00e9 le r\u00f4le de citoyens du monde et changent des vies.<\/p>\t\t\t\t\t\t\t\t<\/div>\n\t\t\t\t<\/div>\n\t\t\t\t<div class=\"elementor-element elementor-element-0abd2c3 ha-has-bg-overlay elementor-widget elementor-widget-text-editor\" data-id=\"0abd2c3\" data-element_type=\"widget\" data-widget_type=\"text-editor.default\">\n\t\t\t\t<div class=\"elementor-widget-container\">\n\t\t\t\t\t\t\t\t\t<p>\u00ab Le Canada est devenu un chef de file mondial en mati\u00e8re de promotion des droits des femmes. Mais il reste encore beaucoup \u00e0 faire \u00bb, a d\u00e9clar\u00e9 Mme Erb. \u00ab Nous communiquerons tr\u00e8s bient\u00f4t avec la ministre Monsef pour entamer ensemble cet important travail. \u00bb<\/p>\t\t\t\t\t\t\t\t<\/div>\n\t\t\t\t<\/div>\n\t\t\t\t<\/div>\n\t\t\t\t\t<\/div>\n\t\t\t\t<\/div>\n\t\t<div class=\"elementor-element elementor-element-af48a89 e-flex e-con-boxed e-con e-parent\" data-id=\"af48a89\" data-element_type=\"container\" data-settings=\"{&quot;_ha_eqh_enable&quot;:false}\">\n\t\t\t\t\t<div class=\"e-con-inner\">\n\t\t\t\t<div class=\"elementor-element elementor-element-c494a7e elementor-widget elementor-widget-text-editor\" data-id=\"c494a7e\" data-element_type=\"widget\" data-widget_type=\"text-editor.default\">\n\t\t\t\t<div class=\"elementor-widget-container\">\n\t\t\t\t\t\t\t\t\t<p>\u00c0 propos de Carrefour International<\/p>\t\t\t\t\t\t\t\t<\/div>\n\t\t\t\t<\/div>\n\t\t\t\t<div class=\"elementor-element elementor-element-17f220c elementor-widget elementor-widget-text-editor\" data-id=\"17f220c\" data-element_type=\"widget\" data-widget_type=\"text-editor.default\">\n\t\t\t\t<div class=\"elementor-widget-container\">\n\t\t\t\t\t\t\t\t\t<p><strong>Carrefour International<\/strong> est un leader de la coop\u00e9ration internationale et lutte contre les in\u00e9galit\u00e9s depuis 60 ans. Carrefour travaille dans certains des pays les plus pauvres du monde, en Afrique australe, en Afrique de l&rsquo;Ouest et en Am\u00e9rique du Sud, avec des organisations partenaires locales, pour cr\u00e9er des emplois d\u00e9cents et donner aux femmes les moyens de devenir des leaders et de vivre \u00e0 l&rsquo;abri de la violence. Chaque ann\u00e9e, nous engageons des volontaires et du personnel exp\u00e9riment\u00e9s, du Nord comme du Sud, qui mettent leur expertise au service des enjeux mondiaux. Ensemble, nous mettons \u00e0 profit nos connaissances, notre expertise et nos ressources financi\u00e8res pour cr\u00e9er un monde plus juste et plus \u00e9quitable.<\/p>\t\t\t\t\t\t\t\t<\/div>\n\t\t\t\t<\/div>\n\t\t\t\t<div class=\"elementor-element elementor-element-4c4a43d elementor-widget elementor-widget-text-editor\" data-id=\"4c4a43d\" data-element_type=\"widget\" data-widget_type=\"text-editor.default\">\n\t\t\t\t<div class=\"elementor-widget-container\">\n\t\t\t\t\t\t\t\t\t<p>Pour organiser une entrevue avec Mme Erb, veuillez contacter\u00a0:<\/p><p>Christopher Holcroft<\/p><p>Empower Consulting<\/p><p>Ms\u00a0: 416-996-0767\/ 514-844-0664<\/p><p><a href=\"mailto:christopherholcroft@hotmail.ca\"><strong>christopherholcroft@hotmail.ca<\/strong><\/a><\/p>\t\t\t\t\t\t\t\t<\/div>\n\t\t\t\t<\/div>\n\t\t\t\t\t<\/div>\n\t\t\t\t<\/div>\n\t\t\t\t<\/div>\n\t\t","protected":false},"excerpt":{"rendered":"<p>Dans l&rsquo;actualit\u00e9 Pour les m\u00e9dias Communiqu\u00e9s de presse de Carrefour Carrefour International f\u00e9licite l&rsquo;honorable Maryam Monsef pour sa nomination au poste de ministre du D\u00e9veloppement international Toronto (Ontario), le 1er mars 2019 \u2013 Carrefour International, organisme de d\u00e9fense des droits des femmes, f\u00e9licite l\u2019honorable Maryam Monsef pour sa nomination aujourd\u2019hui au poste de ministre du [&hellip;]<\/p>\n","protected":false},"author":1,"featured_media":0,"parent":0,"menu_order":0,"comment_status":"closed","ping_status":"closed","template":"elementor_header_footer","meta":{"_acf_changed":false,"footnotes":""},"class_list":["post-22737","page","type-page","status-publish","hentry"],"acf":[],"_links":{"self":[{"href":"https:\/\/crossboard.dev2.smartegy.ca\/fr\/wp-json\/wp\/v2\/pages\/22737","targetHints":{"allow":["GET"]}}],"collection":[{"href":"https:\/\/crossboard.dev2.smartegy.ca\/fr\/wp-json\/wp\/v2\/pages"}],"about":[{"href":"https:\/\/crossboard.dev2.smartegy.ca\/fr\/wp-json\/wp\/v2\/types\/page"}],"author":[{"embeddable":true,"href":"https:\/\/crossboard.dev2.smartegy.ca\/fr\/wp-json\/wp\/v2\/users\/1"}],"replies":[{"embeddable":true,"href":"https:\/\/crossboard.dev2.smartegy.ca\/fr\/wp-json\/wp\/v2\/comments?post=22737"}],"version-history":[{"count":10,"href":"https:\/\/crossboard.dev2.smartegy.ca\/fr\/wp-json\/wp\/v2\/pages\/22737\/revisions"}],"predecessor-version":[{"id":23776,"href":"https:\/\/crossboard.dev2.smartegy.ca\/fr\/wp-json\/wp\/v2\/pages\/22737\/revisions\/23776"}],"wp:attachment":[{"href":"https:\/\/crossboard.dev2.smartegy.ca\/fr\/wp-json\/wp\/v2\/media?parent=22737"}],"curies":[{"name":"wp","href":"https:\/\/api.w.org\/{rel}","templated":true}]}}