{"id":22747,"date":"2025-02-25T11:32:28","date_gmt":"2025-02-25T11:32:28","guid":{"rendered":"https:\/\/crossboard.dev2.smartegy.ca\/?page_id=22747"},"modified":"2025-06-30T15:04:25","modified_gmt":"2025-06-30T15:04:25","slug":"impact-dans-les-medias-crossroads-international-celebre-la-journee-internationale-des-benevoles-en-appelant-les-canadiens-a-embrasser-leur-citoyennete-mondiale","status":"publish","type":"page","link":"https:\/\/crossboard.dev2.smartegy.ca\/fr\/impact-dans-les-medias-crossroads-international-celebre-la-journee-internationale-des-benevoles-en-appelant-les-canadiens-a-embrasser-leur-citoyennete-mondiale\/","title":{"rendered":"Impact &#8211; Dans les m\u00e9dias &#8211; Crossroads International c\u00e9l\u00e8bre la Journ\u00e9e internationale des b\u00e9n\u00e9voles en appelant les Canadiens \u00e0 embrasser leur citoyennet\u00e9 mondiale"},"content":{"rendered":"\t\t<div data-elementor-type=\"wp-page\" data-elementor-id=\"22747\" class=\"elementor elementor-22747 elementor-20188\" data-elementor-settings=\"{&quot;ha_cmc_init_switcher&quot;:&quot;no&quot;}\" data-elementor-post-type=\"page\">\n\t\t\t\t<div class=\"elementor-element elementor-element-af1ffc9 e-con-full e-flex e-con e-parent\" data-id=\"af1ffc9\" data-element_type=\"container\" data-settings=\"{&quot;background_background&quot;:&quot;classic&quot;,&quot;_ha_eqh_enable&quot;:false}\">\n\t\t\t\t<div class=\"elementor-element elementor-element-d23cb65 elementor-widget elementor-widget-text-editor\" data-id=\"d23cb65\" data-element_type=\"widget\" data-widget_type=\"text-editor.default\">\n\t\t\t\t<div class=\"elementor-widget-container\">\n\t\t\t\t\t\t\t\t\t<p>Dans l&rsquo;actualit\u00e9<\/p>\t\t\t\t\t\t\t\t<\/div>\n\t\t\t\t<\/div>\n\t\t\t\t<div class=\"elementor-element elementor-element-6e6bca2 elementor-widget elementor-widget-text-editor\" data-id=\"6e6bca2\" data-element_type=\"widget\" data-widget_type=\"text-editor.default\">\n\t\t\t\t<div class=\"elementor-widget-container\">\n\t\t\t\t\t\t\t\t\t<p>Pour les m\u00e9dias<\/p>\t\t\t\t\t\t\t\t<\/div>\n\t\t\t\t<\/div>\n\t\t\t\t<\/div>\n\t\t<div class=\"elementor-element elementor-element-ec01ef3 e-flex e-con-boxed e-con e-parent\" data-id=\"ec01ef3\" data-element_type=\"container\" data-settings=\"{&quot;_ha_eqh_enable&quot;:false}\">\n\t\t\t\t\t<div class=\"e-con-inner\">\n\t\t\t\t<div class=\"elementor-element elementor-element-5763b37 elementor-widget elementor-widget-heading\" data-id=\"5763b37\" data-element_type=\"widget\" data-widget_type=\"heading.default\">\n\t\t\t\t<div class=\"elementor-widget-container\">\n\t\t\t\t\t<h2 class=\"elementor-heading-title elementor-size-default\">Communiqu\u00e9s de presse de Carrefour<\/h2>\t\t\t\t<\/div>\n\t\t\t\t<\/div>\n\t\t\t\t<div class=\"elementor-element elementor-element-ee6642a elementor-position-left elementor-vertical-align-middle elementor-mobile-position-left elementor-view-default elementor-widget elementor-widget-icon-box\" data-id=\"ee6642a\" data-element_type=\"widget\" data-widget_type=\"icon-box.default\">\n\t\t\t\t<div class=\"elementor-widget-container\">\n\t\t\t\t\t\t\t<div class=\"elementor-icon-box-wrapper\">\n\n\t\t\t\t\t\t<div class=\"elementor-icon-box-icon\">\n\t\t\t\t<a href=\"\/fr\/impact-dans-les-medias\/\" class=\"elementor-icon\" tabindex=\"-1\">\n\t\t\t\t<svg xmlns=\"http:\/\/www.w3.org\/2000\/svg\" width=\"28\" height=\"28\" viewBox=\"0 0 28 28\" fill=\"none\"><g clip-path=\"url(#clip0_750_15573)\"><path d=\"M19.8949 -1.9325e-07C20.485 -1.41664e-07 21.0398 0.229906 21.4579 0.647282C21.8752 1.06498 22.1055 1.62017 22.1055 2.21058C22.1055 2.80098 21.8752 3.35617 21.4579 3.77366L11.2312 14.0001L21.4579 24.2266C21.8752 24.6441 22.1055 25.1992 22.1055 25.7896C22.1055 26.38 21.8752 26.9352 21.4579 27.3527C21.0405 27.7702 20.485 28 19.8949 28C19.3049 28 18.7494 27.7703 18.332 27.3529L6.5425 15.5632C6.12513 15.1456 5.89489 14.5905 5.89489 14.0001C5.89489 13.4097 6.12518 12.8545 6.5425 12.437L18.332 0.647499C18.7501 0.229906 19.3049 -2.44832e-07 19.8949 -1.9325e-07Z\" fill=\"#F3911F\"><\/path><\/g><defs><clipPath id=\"clip0_750_15573\"><rect width=\"28\" height=\"28\" fill=\"white\" transform=\"translate(28 28) rotate(-180)\"><\/rect><\/clipPath><\/defs><\/svg>\t\t\t\t<\/a>\n\t\t\t<\/div>\n\t\t\t\n\t\t\t\t\t\t<div class=\"elementor-icon-box-content\">\n\n\t\t\t\t\n\t\t\t\t\t\t\t\t\t<p class=\"elementor-icon-box-description\">\n\t\t\t\t\t\tCarrefour International c\u00e9l\u00e8bre la Journ\u00e9e internationale des volontaires en appelant les Canadiens \u00e0 embrasser leur citoyennet\u00e9 mondiale\t\t\t\t\t<\/p>\n\t\t\t\t\n\t\t\t<\/div>\n\t\t\t\n\t\t<\/div>\n\t\t\t\t\t\t<\/div>\n\t\t\t\t<\/div>\n\t\t\t\t\t<\/div>\n\t\t\t\t<\/div>\n\t\t<div class=\"elementor-element elementor-element-60463dc e-flex e-con-boxed e-con e-parent\" data-id=\"60463dc\" data-element_type=\"container\" data-settings=\"{&quot;_ha_eqh_enable&quot;:false}\">\n\t\t\t\t\t<div class=\"e-con-inner\">\n\t\t<div class=\"elementor-element elementor-element-0631087 e-con-full e-flex e-con e-child\" data-id=\"0631087\" data-element_type=\"container\" data-settings=\"{&quot;_ha_eqh_enable&quot;:false}\">\n\t\t\t\t<div class=\"elementor-element elementor-element-74430ad elementor-widget elementor-widget-text-editor\" data-id=\"74430ad\" data-element_type=\"widget\" data-widget_type=\"text-editor.default\">\n\t\t\t\t<div class=\"elementor-widget-container\">\n\t\t\t\t\t\t\t\t\t<p>Toronto (Ontario), le 5 d\u00e9cembre 2018 \u2013 L\u2019organisme de d\u00e9fense des droits des femmes Carrefour International souligne la Journ\u00e9e internationale des volontaires en c\u00e9l\u00e9brant ceux qui font du volontariat \u00e0 l\u2019\u00e9tranger et en appelant tous les Canadiens \u00e0 embrasser leur citoyennet\u00e9 mondiale et \u00e0 devenir des voix pour le changement au nom des plus vuln\u00e9rables du monde.<\/p>\t\t\t\t\t\t\t\t<\/div>\n\t\t\t\t<\/div>\n\t\t\t\t<\/div>\n\t\t\t\t\t<\/div>\n\t\t\t\t<\/div>\n\t\t<div class=\"elementor-element elementor-element-6e18f49 e-flex e-con-boxed e-con e-parent\" data-id=\"6e18f49\" data-element_type=\"container\" data-settings=\"{&quot;_ha_eqh_enable&quot;:false}\">\n\t\t\t\t\t<div class=\"e-con-inner\">\n\t\t<div class=\"elementor-element elementor-element-0343ec8 e-con-full e-flex e-con e-child\" data-id=\"0343ec8\" data-element_type=\"container\" data-settings=\"{&quot;_ha_eqh_enable&quot;:false}\">\n\t\t\t\t<div class=\"elementor-element elementor-element-68d81af ha-has-bg-overlay elementor-widget elementor-widget-text-editor\" data-id=\"68d81af\" data-element_type=\"widget\" data-widget_type=\"text-editor.default\">\n\t\t\t\t<div class=\"elementor-widget-container\">\n\t\t\t\t\t\t\t\t\t<p>\u00ab Les Canadiens comprennent particuli\u00e8rement bien le concept de citoyennet\u00e9 mondiale \u00bb, a d\u00e9clar\u00e9 Christine Campbell, directrice nationale des relations ext\u00e9rieures de Carrefour International. \u00ab La citoyennet\u00e9 s&rsquo;accompagne de responsabilit\u00e9s, et l&rsquo;une d&rsquo;elles est de soutenir les plus vuln\u00e9rables et de faire entendre leur voix. Dans de nombreux pays du Sud, il s&rsquo;agit des femmes et des filles. \u00bb\u00a0<\/p>\t\t\t\t\t\t\t\t<\/div>\n\t\t\t\t<\/div>\n\t\t\t\t<div class=\"elementor-element elementor-element-9ebfa51 elementor-widget elementor-widget-text-editor\" data-id=\"9ebfa51\" data-element_type=\"widget\" data-widget_type=\"text-editor.default\">\n\t\t\t\t<div class=\"elementor-widget-container\">\n\t\t\t\t\t\t\t\t\t<p>Les jeunes, en particulier, sont susceptibles de consid\u00e9rer le monde comme une seule communaut\u00e9. Une enqu\u00eate men\u00e9e en 2017 par Rechercher maintenant aupr\u00e8s de personnes \u00e2g\u00e9es de 20 \u00e0 30 ans dans 15 pays, dont le Canada, a r\u00e9v\u00e9l\u00e9 que pr\u00e8s de 60 % d&rsquo;entre elles se consid\u00e8rent comme des citoyennes du monde.<\/p><p>Dans de nombreux pays, les attitudes soci\u00e9tales envers les femmes et l&rsquo;absence de protection juridique menacent la s\u00e9curit\u00e9 et le bien-\u00eatre des femmes et des filles. \u00c0 titre d&rsquo;exemple, le Burkina Faso affiche un taux de mariage d&rsquo;enfants de 52 %\u00a0; une femme sur trois est victime d&rsquo;abus sexuels au Ghana\u00a0; et en Tanzanie, le pr\u00e9sident a r\u00e9cemment qualifi\u00e9 de \u00ab\u00a0paresseuses\u00a0\u00bb les femmes qui utilisent la contraception et a menac\u00e9 d&rsquo;interdire l&rsquo;\u00e9cole aux filles enceintes.<\/p><p>C\u00e9l\u00e9brant ses 60 ans de coop\u00e9ration mondiale, Carrefour met en relation les Canadiens avec des partenaires locaux afin de renforcer les capacit\u00e9s de ces organisations \u00e0 soutenir les droits, la s\u00e9curit\u00e9 et l&rsquo;autonomisation des femmes. Parmi les volontaires canadiens \u00e0 l&rsquo;\u00e9tranger qui \u0153uvrent \u00e0 b\u00e2tir un monde meilleur, on compte\u00a0:<\/p>\t\t\t\t\t\t\t\t<\/div>\n\t\t\t\t<\/div>\n\t\t\t\t<div class=\"elementor-element elementor-element-cddfeb8 elementor-widget elementor-widget-text-editor\" data-id=\"cddfeb8\" data-element_type=\"widget\" data-widget_type=\"text-editor.default\">\n\t\t\t\t<div class=\"elementor-widget-container\">\n\t\t\t\t\t\t\t\t\t<ul><li style=\"list-style-type: none;\"><ul><li>Asia Clarke est une artiste joailli\u00e8re et \u00e9tudiante dipl\u00f4m\u00e9e qui a effectu\u00e9 deux missions volontaires en 2018, respectivement au Ghana et en eSwatini (Swaziland). Mme Clarke a collabor\u00e9 avec des organisations locales soutenant les femmes entrepreneures \u2013 fuyant le travail du sexe et les abus, ou chefs de famille cherchant \u00e0 sortir de l&rsquo;extr\u00eame pauvret\u00e9 \u2013 afin de partager son exp\u00e9rience et ses id\u00e9es en mati\u00e8re de design esth\u00e9tique et de strat\u00e9gie de marque pour les aider \u00e0 d\u00e9velopper leurs propres entreprises de joaillerie. Les \u00e9tudes universitaires de Mme Clarke portent sur la durabilit\u00e9 des programmes d&rsquo;autonomisation \u00e9conomique des femmes dans le cadre de la politique d&rsquo;aide internationale. Elle retournera au Ghana \u00e0 l&rsquo;\u00e9t\u00e9 2019 pour une autre mission volontaire tout en soutenant ses recherches.<\/li><li>Fatou Seck, de Winnipeg, s&rsquo;engage \u00e0 promouvoir les droits des femmes en r\u00e9duisant la pauvret\u00e9 et en favorisant leur autonomisation gr\u00e2ce \u00e0 l&rsquo;entrepreneuriat. Mme Feck met \u00e0 profit sa vaste exp\u00e9rience en finance et en gestion de projets, notamment \u00e0 la Banque mondiale, pour soutenir une initiative entrepreneuriale qui autonomise les femmes au S\u00e9n\u00e9gal et assure la s\u00e9curit\u00e9 alimentaire de leurs communaut\u00e9s. Mme Seck dirige la restructuration de l&rsquo;un de ses partenaires s\u00e9n\u00e9galais afin de l&rsquo;aider \u00e0 accro\u00eetre son efficacit\u00e9 dans son soutien aux femmes entrepreneures. Mme Seck effectue actuellement sa deuxi\u00e8me mission au S\u00e9n\u00e9gal cette ann\u00e9e.<p>Sierra Nallo est une photographe torontoise de 27 ans. Elle est actuellement volontaire aupr\u00e8s de Carrefour dans le cadre d&rsquo;un programme d&rsquo;autonomisation des filles au Ghana. Ce programme aide les jeunes femmes ghan\u00e9ennes \u00e0 raconter leurs propres histoires gr\u00e2ce \u00e0 la photographie, un outil p\u00e9dagogique communautaire. Ces histoires doivent \u00eatre racont\u00e9es. Sa prochaine mission volontaire est d\u00e9j\u00e0 planifi\u00e9e : elle retournera au Ghana pour travailler avec les femmes afin de renforcer leur capacit\u00e9 \u00e0 participer \u00e0 la prise de d\u00e9cision \u00e0 tous les niveaux, notamment en ce qui concerne la l\u00e9gislation sur les changements climatiques.<\/p><p>Robert Trudel, avocat \u00e0 Victoriaville, au Qu\u00e9bec, est un volontaire international de longue date. Sa plus r\u00e9cente mission a eu lieu plus t\u00f4t cette ann\u00e9e au Ghana, dans le cadre du programme d&rsquo;acc\u00e8s \u00e0 la justice de Carrefour. M. Trudel a collabor\u00e9 avec des partenaires locaux pour superviser le suivi de l&rsquo;application des lois sur la pr\u00e9vention de la violence familiale par les juges, les avocats et la police. Les observations et recommandations issues de cette initiative \u00e9clairent les programmes communautaires et la formation continue des acteurs judiciaires. M. Trudel est r\u00e9cemment parti pour sa prochaine mission, qui consiste \u00e0 \u00e9valuer les progr\u00e8s r\u00e9alis\u00e9s gr\u00e2ce aux projets des partenaires de Carrefour en Tanzanie.<\/p><\/li><\/ul><\/li><\/ul>\t\t\t\t\t\t\t\t<\/div>\n\t\t\t\t<\/div>\n\t\t\t\t<div class=\"elementor-element elementor-element-e6c184d elementor-widget elementor-widget-text-editor\" data-id=\"e6c184d\" data-element_type=\"widget\" data-widget_type=\"text-editor.default\">\n\t\t\t\t<div class=\"elementor-widget-container\">\n\t\t\t\t\t\t\t\t\t<p>Les efforts de ces volontaires produisent des r\u00e9sultats tangibles. Par exemple, gr\u00e2ce au travail de volontaires comme Mme Seck et de partenaires sur le terrain comme l&rsquo;UNFCS, 1 300 entrepreneures ont diversifi\u00e9 leurs produits et d\u00e9velopp\u00e9 leurs comp\u00e9tences en production durable de savon, et 65 femmes rurales ont acquis de nouvelles comp\u00e9tences en agriculture biologique et en \u00e9nergie solaire, assurant ainsi la s\u00e9curit\u00e9 alimentaire de 1 500 personnes dans leurs communaut\u00e9s. Un autre partenariat novateur avec les entreprises canadiennes Green Beaver et Papillon MDC a permis au r\u00e9seau de producteurs de savon d&rsquo;augmenter ses ventes de 80 % et de d\u00e9velopper l&rsquo;engagement et le leadership des jeunes femmes.<\/p>\t\t\t\t\t\t\t\t<\/div>\n\t\t\t\t<\/div>\n\t\t\t\t<div class=\"elementor-element elementor-element-1a990b5 ha-has-bg-overlay elementor-widget elementor-widget-text-editor\" data-id=\"1a990b5\" data-element_type=\"widget\" data-widget_type=\"text-editor.default\">\n\t\t\t\t<div class=\"elementor-widget-container\">\n\t\t\t\t\t\t\t\t\t<p>\u00ab Des volontaires canadiens travaillent avec nos partenaires dans certains des pays les plus pauvres du monde pour faire progresser les droits, r\u00e9duire la pauvret\u00e9 et am\u00e9liorer l&rsquo;acc\u00e8s \u00e0 la justice pour des milliers de filles et de femmes \u00bb, a d\u00e9clar\u00e9 Campbell. \u00ab Nous devrions tous c\u00e9l\u00e9brer ces Canadiennes. \u00bb<\/p>\t\t\t\t\t\t\t\t<\/div>\n\t\t\t\t<\/div>\n\t\t\t\t<\/div>\n\t\t\t\t\t<\/div>\n\t\t\t\t<\/div>\n\t\t<div class=\"elementor-element elementor-element-af48a89 e-flex e-con-boxed e-con e-parent\" data-id=\"af48a89\" data-element_type=\"container\" data-settings=\"{&quot;_ha_eqh_enable&quot;:false}\">\n\t\t\t\t\t<div class=\"e-con-inner\">\n\t\t\t\t<div class=\"elementor-element elementor-element-c494a7e elementor-widget elementor-widget-text-editor\" data-id=\"c494a7e\" data-element_type=\"widget\" data-widget_type=\"text-editor.default\">\n\t\t\t\t<div class=\"elementor-widget-container\">\n\t\t\t\t\t\t\t\t\t<p>\u00c0 propos de Carrefour International<\/p>\t\t\t\t\t\t\t\t<\/div>\n\t\t\t\t<\/div>\n\t\t\t\t<div class=\"elementor-element elementor-element-17f220c elementor-widget elementor-widget-text-editor\" data-id=\"17f220c\" data-element_type=\"widget\" data-widget_type=\"text-editor.default\">\n\t\t\t\t<div class=\"elementor-widget-container\">\n\t\t\t\t\t\t\t\t\t<p><strong>Carrefour International<\/strong> est un leader de la coop\u00e9ration internationale et lutte contre les in\u00e9galit\u00e9s depuis 60 ans. Carrefour travaille dans certains des pays les plus pauvres du monde, en Afrique australe, en Afrique de l&rsquo;Ouest et en Am\u00e9rique du Sud, avec des organisations partenaires locales, pour cr\u00e9er des emplois d\u00e9cents et donner aux femmes les moyens de devenir des leaders et de vivre \u00e0 l&rsquo;abri de la violence. Chaque ann\u00e9e, nous engageons des volontaires et du personnel exp\u00e9riment\u00e9s, du Nord comme du Sud, qui mettent leur expertise au service des enjeux mondiaux. Ensemble, nous mettons \u00e0 profit nos connaissances, notre expertise et nos ressources financi\u00e8res pour cr\u00e9er un monde plus juste et plus \u00e9quitable.<\/p>\t\t\t\t\t\t\t\t<\/div>\n\t\t\t\t<\/div>\n\t\t\t\t<div class=\"elementor-element elementor-element-4c4a43d elementor-widget elementor-widget-text-editor\" data-id=\"4c4a43d\" data-element_type=\"widget\" data-widget_type=\"text-editor.default\">\n\t\t\t\t<div class=\"elementor-widget-container\">\n\t\t\t\t\t\t\t\t\t<p>Pour organiser une entrevue avec Mme Campbell ou l&rsquo;un des volontaires, veuillez contacter :<\/p><p><strong>Christopher Holcroft<\/strong><\/p><p><strong>Empower Consulting<\/strong><\/p><p><strong>416-996-0767\/ 514-844-0664<\/strong><\/p><p><strong><a href=\"mailto:christopherholcroft@hotmail.ca\">christopherholcroft@hotmail.ca<\/a><\/strong><\/p><p><strong>Carrefour International remercie chaleureusement :\u00a0<\/strong><\/p>\t\t\t\t\t\t\t\t<\/div>\n\t\t\t\t<\/div>\n\t\t\t\t<div class=\"elementor-element elementor-element-592db2f elementor-widget elementor-widget-image\" data-id=\"592db2f\" data-element_type=\"widget\" data-widget_type=\"image.default\">\n\t\t\t\t<div class=\"elementor-widget-container\">\n\t\t\t\t\t\t\t\t\t\t\t\t\t\t\t<img decoding=\"async\" width=\"353\" height=\"30\" src=\"https:\/\/crossboard.dev2.smartegy.ca\/wp-content\/uploads\/2025\/02\/logo-gaf-1.webp\" class=\"attachment-full size-full wp-image-20261\" alt=\"\" srcset=\"https:\/\/crossboard.dev2.smartegy.ca\/wp-content\/uploads\/2025\/02\/logo-gaf-1.webp 353w, https:\/\/crossboard.dev2.smartegy.ca\/wp-content\/uploads\/2025\/02\/logo-gaf-1-300x25.webp 300w\" sizes=\"(max-width: 353px) 100vw, 353px\" \/>\t\t\t\t\t\t\t\t\t\t\t\t\t\t\t<\/div>\n\t\t\t\t<\/div>\n\t\t\t\t\t<\/div>\n\t\t\t\t<\/div>\n\t\t\t\t<\/div>\n\t\t","protected":false},"excerpt":{"rendered":"<p>Dans l&rsquo;actualit\u00e9 Pour les m\u00e9dias Communiqu\u00e9s de presse de Carrefour Carrefour International c\u00e9l\u00e8bre la Journ\u00e9e internationale des volontaires en appelant les Canadiens \u00e0 embrasser leur citoyennet\u00e9 mondiale Toronto (Ontario), le 5 d\u00e9cembre 2018 \u2013 L\u2019organisme de d\u00e9fense des droits des femmes Carrefour International souligne la Journ\u00e9e internationale des volontaires en c\u00e9l\u00e9brant ceux qui font du [&hellip;]<\/p>\n","protected":false},"author":1,"featured_media":0,"parent":0,"menu_order":0,"comment_status":"closed","ping_status":"closed","template":"elementor_header_footer","meta":{"_acf_changed":false,"footnotes":""},"class_list":["post-22747","page","type-page","status-publish","hentry"],"acf":[],"_links":{"self":[{"href":"https:\/\/crossboard.dev2.smartegy.ca\/fr\/wp-json\/wp\/v2\/pages\/22747","targetHints":{"allow":["GET"]}}],"collection":[{"href":"https:\/\/crossboard.dev2.smartegy.ca\/fr\/wp-json\/wp\/v2\/pages"}],"about":[{"href":"https:\/\/crossboard.dev2.smartegy.ca\/fr\/wp-json\/wp\/v2\/types\/page"}],"author":[{"embeddable":true,"href":"https:\/\/crossboard.dev2.smartegy.ca\/fr\/wp-json\/wp\/v2\/users\/1"}],"replies":[{"embeddable":true,"href":"https:\/\/crossboard.dev2.smartegy.ca\/fr\/wp-json\/wp\/v2\/comments?post=22747"}],"version-history":[{"count":10,"href":"https:\/\/crossboard.dev2.smartegy.ca\/fr\/wp-json\/wp\/v2\/pages\/22747\/revisions"}],"predecessor-version":[{"id":23791,"href":"https:\/\/crossboard.dev2.smartegy.ca\/fr\/wp-json\/wp\/v2\/pages\/22747\/revisions\/23791"}],"wp:attachment":[{"href":"https:\/\/crossboard.dev2.smartegy.ca\/fr\/wp-json\/wp\/v2\/media?parent=22747"}],"curies":[{"name":"wp","href":"https:\/\/api.w.org\/{rel}","templated":true}]}}