{"id":22829,"date":"2025-02-05T14:58:14","date_gmt":"2025-02-05T14:58:14","guid":{"rendered":"https:\/\/crossboard.dev2.smartegy.ca\/?page_id=22829"},"modified":"2025-06-13T09:53:01","modified_gmt":"2025-06-13T09:53:01","slug":"devenez-benevole-au-canada","status":"publish","type":"page","link":"https:\/\/crossboard.dev2.smartegy.ca\/fr\/devenez-benevole-au-canada\/","title":{"rendered":"Devenez b\u00e9n\u00e9vole au Canada"},"content":{"rendered":"\t\t<div data-elementor-type=\"wp-page\" data-elementor-id=\"22829\" class=\"elementor elementor-22829 elementor-18423\" data-elementor-settings=\"{&quot;ha_cmc_init_switcher&quot;:&quot;no&quot;}\" data-elementor-post-type=\"page\">\n\t\t\t\t<div class=\"elementor-element elementor-element-747adc5 e-con-full e-flex e-con e-parent\" data-id=\"747adc5\" data-element_type=\"container\" data-settings=\"{&quot;background_background&quot;:&quot;classic&quot;,&quot;_ha_eqh_enable&quot;:false}\">\n\t\t\t\t<div class=\"elementor-element elementor-element-ea11e67 elementor-widget elementor-widget-text-editor\" data-id=\"ea11e67\" data-element_type=\"widget\" data-widget_type=\"text-editor.default\">\n\t\t\t\t<div class=\"elementor-widget-container\">\n\t\t\t\t\t\t\t\t\t<p>Volontariat<\/p>\t\t\t\t\t\t\t\t<\/div>\n\t\t\t\t<\/div>\n\t\t\t\t<div class=\"elementor-element elementor-element-26d4a97 elementor-widget elementor-widget-text-editor\" data-id=\"26d4a97\" data-element_type=\"widget\" data-widget_type=\"text-editor.default\">\n\t\t\t\t<div class=\"elementor-widget-container\">\n\t\t\t\t\t\t\t\t\t<p>Devenez volontaire au Canada<\/p>\t\t\t\t\t\t\t\t<\/div>\n\t\t\t\t<\/div>\n\t\t\t\t<\/div>\n\t\t<div class=\"elementor-element elementor-element-e702398 e-flex e-con-boxed e-con e-parent\" data-id=\"e702398\" data-element_type=\"container\" data-settings=\"{&quot;_ha_eqh_enable&quot;:false}\">\n\t\t\t\t\t<div class=\"e-con-inner\">\n\t\t\t\t<div class=\"elementor-element elementor-element-f4a4c17 elementor-widget elementor-widget-heading\" data-id=\"f4a4c17\" data-element_type=\"widget\" data-widget_type=\"heading.default\">\n\t\t\t\t<div class=\"elementor-widget-container\">\n\t\t\t\t\t<h2 class=\"elementor-heading-title elementor-size-default\">Volontariat au Canada<\/h2>\t\t\t\t<\/div>\n\t\t\t\t<\/div>\n\t\t\t\t<div class=\"elementor-element elementor-element-9d101fd elementor-widget elementor-widget-text-editor\" data-id=\"9d101fd\" data-element_type=\"widget\" data-widget_type=\"text-editor.default\">\n\t\t\t\t<div class=\"elementor-widget-container\">\n\t\t\t\t\t\t\t\t\t<p>Vous souhaitez faire une diff\u00e9rence, mais vous n&rsquo;avez pas le temps de partir \u00e0 l&rsquo;\u00e9tranger\u00a0? Vous pouvez mettre vos connaissances et votre enthousiasme au service des communaut\u00e9s vuln\u00e9rables du Sud sans quitter votre pays. Il existe diff\u00e9rentes fa\u00e7ons de faire une diff\u00e9rence depuis le Canada.<\/p>\t\t\t\t\t\t\t\t<\/div>\n\t\t\t\t<\/div>\n\t\t\t\t\t<\/div>\n\t\t\t\t<\/div>\n\t\t<div class=\"elementor-element elementor-element-2fd7370 e-flex e-con-boxed e-con e-parent\" data-id=\"2fd7370\" data-element_type=\"container\" data-settings=\"{&quot;_ha_eqh_enable&quot;:false}\">\n\t\t\t\t\t<div class=\"e-con-inner\">\n\t\t<div class=\"elementor-element elementor-element-017fa85 e-con-full e-flex e-con e-child\" data-id=\"017fa85\" data-element_type=\"container\" data-settings=\"{&quot;background_background&quot;:&quot;classic&quot;,&quot;_ha_eqh_enable&quot;:false}\">\n\t\t\t\t<div class=\"elementor-element elementor-element-00f9b7c elementor-widget elementor-widget-heading\" data-id=\"00f9b7c\" data-element_type=\"widget\" data-widget_type=\"heading.default\">\n\t\t\t\t<div class=\"elementor-widget-container\">\n\t\t\t\t\t<h2 class=\"elementor-heading-title elementor-size-default\">E-Volontaires<\/h2>\t\t\t\t<\/div>\n\t\t\t\t<\/div>\n\t\t\t\t<div class=\"elementor-element elementor-element-0205c08 elementor-widget elementor-widget-text-editor\" data-id=\"0205c08\" data-element_type=\"widget\" data-widget_type=\"text-editor.default\">\n\t\t\t\t<div class=\"elementor-widget-container\">\n\t\t\t\t\t\t\t\t\t<p>Nous recherchons des volontaires pr\u00eats \u00e0 travailler en ligne avec Carrefour et ses partenaires.. Le volontariat en ligne est un moyen flexible et efficace de partager de pr\u00e9cieuses comp\u00e9tences techniques avec nos partenaires locaux du Sud. Vous pouvez choisir de travailler sur des projets en lien avec vos comp\u00e9tences et vos centres d&rsquo;int\u00e9r\u00eat. De l&rsquo;agro\u00e9cologie \u00e0 la communication, les comp\u00e9tences recherch\u00e9es par nos partenaires sont tr\u00e8s vari\u00e9es. Consultez nos offres de volontariat en ligne ou contactez notre \u00e9quipe pour en savoir plus.<\/p>\t\t\t\t\t\t\t\t<\/div>\n\t\t\t\t<\/div>\n\t\t\t\t<\/div>\n\t\t<div class=\"elementor-element elementor-element-b58f0b3 e-con-full e-flex e-con e-child\" data-id=\"b58f0b3\" data-element_type=\"container\" data-settings=\"{&quot;background_background&quot;:&quot;classic&quot;,&quot;_ha_eqh_enable&quot;:false}\">\n\t\t\t\t<div class=\"elementor-element elementor-element-31868a2 elementor-widget elementor-widget-heading\" data-id=\"31868a2\" data-element_type=\"widget\" data-widget_type=\"heading.default\">\n\t\t\t\t<div class=\"elementor-widget-container\">\n\t\t\t\t\t<h2 class=\"elementor-heading-title elementor-size-default\">Devenez un mentor Carrefouriste<\/h2>\t\t\t\t<\/div>\n\t\t\t\t<\/div>\n\t\t\t\t<div class=\"elementor-element elementor-element-e4910cd elementor-widget elementor-widget-text-editor\" data-id=\"e4910cd\" data-element_type=\"widget\" data-widget_type=\"text-editor.default\">\n\t\t\t\t<div class=\"elementor-widget-container\">\n\t\t\t\t\t\t\t\t\t<p>Nous recherchons des volontaires pr\u00eats \u00e0 travailler en ligne avec Carrefour et ses partenaires. Le volontariat en ligne est un moyen flexible et efficace de partager de pr\u00e9cieuses comp\u00e9tences techniques avec nos partenaires locaux du Sud. Vous pouvez choisir de travailler sur des projets en lien avec vos comp\u00e9tences et vos centres d&rsquo;int\u00e9r\u00eat. De l&rsquo;agro\u00e9cologie \u00e0 la communication, les comp\u00e9tences recherch\u00e9es par nos partenaires sont tr\u00e8s vari\u00e9es. Consultez nos offres de volontariat en ligne ou contactez notre \u00e9quipe pour en savoir plus.<\/p>\t\t\t\t\t\t\t\t<\/div>\n\t\t\t\t<\/div>\n\t\t\t\t<div class=\"elementor-element elementor-element-1c1e531 elementor-align-center elementor-widget elementor-widget-button\" data-id=\"1c1e531\" data-element_type=\"widget\" data-widget_type=\"button.default\">\n\t\t\t\t<div class=\"elementor-widget-container\">\n\t\t\t\t\t\t\t\t\t<div class=\"elementor-button-wrapper\">\n\t\t\t\t\t<a class=\"elementor-button elementor-button-link elementor-size-sm\" href=\"mailto:%20info@cintl.org\">\n\t\t\t\t\t\t<span class=\"elementor-button-content-wrapper\">\n\t\t\t\t\t\t\t\t\t<span class=\"elementor-button-text\">Contactez-nous<\/span>\n\t\t\t\t\t<\/span>\n\t\t\t\t\t<\/a>\n\t\t\t\t<\/div>\n\t\t\t\t\t\t\t\t<\/div>\n\t\t\t\t<\/div>\n\t\t\t\t<\/div>\n\t\t<div class=\"elementor-element elementor-element-1059ed4 e-con-full e-flex e-con e-child\" data-id=\"1059ed4\" data-element_type=\"container\" data-settings=\"{&quot;background_background&quot;:&quot;classic&quot;,&quot;_ha_eqh_enable&quot;:false}\">\n\t\t\t\t<div class=\"elementor-element elementor-element-22961b2 elementor-widget elementor-widget-heading\" data-id=\"22961b2\" data-element_type=\"widget\" data-widget_type=\"heading.default\">\n\t\t\t\t<div class=\"elementor-widget-container\">\n\t\t\t\t\t<h2 class=\"elementor-heading-title elementor-size-default\">Volontaire aux \u00e9v\u00e9nements Carrefour\n\n\n\n\n\n\n\n\n<\/h2>\t\t\t\t<\/div>\n\t\t\t\t<\/div>\n\t\t\t\t<div class=\"elementor-element elementor-element-b00c16b elementor-widget elementor-widget-text-editor\" data-id=\"b00c16b\" data-element_type=\"widget\" data-widget_type=\"text-editor.default\">\n\t\t\t\t<div class=\"elementor-widget-container\">\n\t\t\t\t\t\t\t\t\tCarrefour est actif dans les communaut\u00e9s partout au Canada, organisant r\u00e9guli\u00e8rement des \u00e9v\u00e9nements sp\u00e9ciaux, des campagnes et des visites de partenaires \u00e9trangers. De plus, nous recherchons r\u00e9guli\u00e8rement des volontaires pour organiser des sorties sociales pour les volontaires Sud-Nord lors de leurs visites au Canada. Prenez position, sensibilisez les gens et rencontrez des volontaires qui partagent votre passion pour un monde plus juste et plus durable. Contactez notre \u00e9quipe de volontaires pour en savoir plus sur la fa\u00e7on de soutenir les activit\u00e9s de Carrefour au Canada. \t\t\t\t\t\t\t\t<\/div>\n\t\t\t\t<\/div>\n\t\t\t\t<\/div>\n\t\t\t\t\t<\/div>\n\t\t\t\t<\/div>\n\t\t\t\t<\/div>\n\t\t","protected":false},"excerpt":{"rendered":"<p>Volontariat Devenez volontaire au Canada Volontariat au Canada Vous souhaitez faire une diff\u00e9rence, mais vous n&rsquo;avez pas le temps de partir \u00e0 l&rsquo;\u00e9tranger\u00a0? Vous pouvez mettre vos connaissances et votre enthousiasme au service des communaut\u00e9s vuln\u00e9rables du Sud sans quitter votre pays. Il existe diff\u00e9rentes fa\u00e7ons de faire une diff\u00e9rence depuis le Canada. E-Volontaires Nous [&hellip;]<\/p>\n","protected":false},"author":1,"featured_media":0,"parent":0,"menu_order":0,"comment_status":"closed","ping_status":"closed","template":"elementor_header_footer","meta":{"_acf_changed":false,"footnotes":""},"class_list":["post-22829","page","type-page","status-publish","hentry"],"acf":[],"_links":{"self":[{"href":"https:\/\/crossboard.dev2.smartegy.ca\/fr\/wp-json\/wp\/v2\/pages\/22829","targetHints":{"allow":["GET"]}}],"collection":[{"href":"https:\/\/crossboard.dev2.smartegy.ca\/fr\/wp-json\/wp\/v2\/pages"}],"about":[{"href":"https:\/\/crossboard.dev2.smartegy.ca\/fr\/wp-json\/wp\/v2\/types\/page"}],"author":[{"embeddable":true,"href":"https:\/\/crossboard.dev2.smartegy.ca\/fr\/wp-json\/wp\/v2\/users\/1"}],"replies":[{"embeddable":true,"href":"https:\/\/crossboard.dev2.smartegy.ca\/fr\/wp-json\/wp\/v2\/comments?post=22829"}],"version-history":[{"count":7,"href":"https:\/\/crossboard.dev2.smartegy.ca\/fr\/wp-json\/wp\/v2\/pages\/22829\/revisions"}],"predecessor-version":[{"id":23235,"href":"https:\/\/crossboard.dev2.smartegy.ca\/fr\/wp-json\/wp\/v2\/pages\/22829\/revisions\/23235"}],"wp:attachment":[{"href":"https:\/\/crossboard.dev2.smartegy.ca\/fr\/wp-json\/wp\/v2\/media?parent=22829"}],"curies":[{"name":"wp","href":"https:\/\/api.w.org\/{rel}","templated":true}]}}