{"id":22853,"date":"2025-03-10T09:42:41","date_gmt":"2025-03-10T09:42:41","guid":{"rendered":"https:\/\/crossboard.dev2.smartegy.ca\/?page_id=22853"},"modified":"2025-06-30T15:40:24","modified_gmt":"2025-06-30T15:40:24","slug":"dons-dassurance-vie-2","status":"publish","type":"page","link":"https:\/\/crossboard.dev2.smartegy.ca\/fr\/faire-un-don-dons-testamentaires\/dons-dassurance-vie-2\/","title":{"rendered":"Dons d&rsquo;assurance-vie"},"content":{"rendered":"\t\t<div data-elementor-type=\"wp-page\" data-elementor-id=\"22853\" class=\"elementor elementor-22853 elementor-20501\" data-elementor-settings=\"{&quot;ha_cmc_init_switcher&quot;:&quot;no&quot;}\" data-elementor-post-type=\"page\">\n\t\t\t\t<div class=\"elementor-element elementor-element-d1606fb e-con-full e-flex e-con e-parent\" data-id=\"d1606fb\" data-element_type=\"container\" data-settings=\"{&quot;background_background&quot;:&quot;classic&quot;,&quot;_ha_eqh_enable&quot;:false}\">\n\t\t\t\t<div class=\"elementor-element elementor-element-8fcb52a elementor-widget elementor-widget-text-editor\" data-id=\"8fcb52a\" data-element_type=\"widget\" data-widget_type=\"text-editor.default\">\n\t\t\t\t<div class=\"elementor-widget-container\">\n\t\t\t\t\t\t\t\t\t<p>FAIRE UN DON \u2013 D\u00e9tails du don testamentaire<\/p>\t\t\t\t\t\t\t\t<\/div>\n\t\t\t\t<\/div>\n\t\t\t\t<div class=\"elementor-element elementor-element-0e92b8a elementor-widget elementor-widget-text-editor\" data-id=\"0e92b8a\" data-element_type=\"widget\" data-widget_type=\"text-editor.default\">\n\t\t\t\t<div class=\"elementor-widget-container\">\n\t\t\t\t\t\t\t\t\t<p>Dons d&rsquo;assurance-vie<\/p>\t\t\t\t\t\t\t\t<\/div>\n\t\t\t\t<\/div>\n\t\t\t\t<\/div>\n\t\t<div class=\"elementor-element elementor-element-a7aa123 e-flex e-con-boxed e-con e-parent\" data-id=\"a7aa123\" data-element_type=\"container\" data-settings=\"{&quot;_ha_eqh_enable&quot;:false}\">\n\t\t\t\t\t<div class=\"e-con-inner\">\n\t\t<div class=\"elementor-element elementor-element-2ded755 e-con-full e-flex e-con e-child\" data-id=\"2ded755\" data-element_type=\"container\" data-settings=\"{&quot;_ha_eqh_enable&quot;:false}\">\n\t\t\t\t<div class=\"elementor-element elementor-element-82fdb6e elementor-widget elementor-widget-heading\" data-id=\"82fdb6e\" data-element_type=\"widget\" data-widget_type=\"heading.default\">\n\t\t\t\t<div class=\"elementor-widget-container\">\n\t\t\t\t\t<h2 class=\"elementor-heading-title elementor-size-default\">COMMENT COMMENCER<\/h2>\t\t\t\t<\/div>\n\t\t\t\t<\/div>\n\t\t\t\t<div class=\"elementor-element elementor-element-74bae68 elementor-widget elementor-widget-text-editor\" data-id=\"74bae68\" data-element_type=\"widget\" data-widget_type=\"text-editor.default\">\n\t\t\t\t<div class=\"elementor-widget-container\">\n\t\t\t\t\t\t\t\t\t<p>Un don d&rsquo;assurance-vie peut \u00eatre int\u00e9ressant si vous avez moins de 50 ans et \u00eates en bonne sant\u00e9 et souhaitez faire un don important pour un investissement financier relativement faible, ou si vous \u00eates plus \u00e2g\u00e9 et que vous avez une police dont vous ou votre famille n&rsquo;avez plus besoin. Carrefour vous recommande vivement de consulter un professionnel afin de vous assurer que vos objectifs financiers sont pris en compte, que votre situation fiscale est examin\u00e9e et que votre don planifi\u00e9 est adapt\u00e9 \u00e0 votre situation.<\/p>\t\t\t\t\t\t\t\t<\/div>\n\t\t\t\t<\/div>\n\t\t\t\t<\/div>\n\t\t<div class=\"elementor-element elementor-element-3e74436 e-con-full e-flex e-con e-child\" data-id=\"3e74436\" data-element_type=\"container\" data-settings=\"{&quot;background_background&quot;:&quot;classic&quot;,&quot;_ha_eqh_enable&quot;:false}\">\n\t\t\t\t<div class=\"elementor-element elementor-element-ace48e3 elementor-position-left elementor-view-default elementor-mobile-position-top elementor-vertical-align-top elementor-widget elementor-widget-icon-box\" data-id=\"ace48e3\" data-element_type=\"widget\" data-widget_type=\"icon-box.default\">\n\t\t\t\t<div class=\"elementor-widget-container\">\n\t\t\t\t\t\t\t<div class=\"elementor-icon-box-wrapper\">\n\n\t\t\t\t\t\t<div class=\"elementor-icon-box-icon\">\n\t\t\t\t<span  class=\"elementor-icon\">\n\t\t\t\t<svg xmlns=\"http:\/\/www.w3.org\/2000\/svg\" width=\"32\" height=\"24\" viewBox=\"0 0 32 24\" fill=\"none\"><path d=\"M25.5074 23.5957C23.6856 23.5957 22.1282 22.9493 20.8353 21.6564C19.6012 20.3047 18.9841 18.6592 18.9841 16.7199C18.9841 13.0762 20.042 9.81458 22.1576 6.93494C24.3321 3.99652 26.8297 1.79271 29.6506 0.323503L30.0032 0.235352C30.4733 0.235352 30.7084 0.470423 30.7084 0.940567C30.7084 1.11687 30.6203 1.29318 30.444 1.46949C29.0335 2.70362 27.9463 3.96714 27.1823 5.26004C26.4183 6.49417 26.0363 7.61077 26.0363 8.60983C26.0363 9.66766 26.5946 10.5492 27.7112 11.2544C29.0629 12.0184 30.0914 12.8118 30.7966 13.6345C31.5606 14.4573 31.9426 15.6033 31.9426 17.0725C31.9426 18.8943 31.2961 20.4516 30.0032 21.7445C28.7691 22.9787 27.2705 23.5957 25.5074 23.5957ZM7.08357 23.5957C5.32052 23.5957 3.79254 22.9493 2.49964 21.6564C1.2655 20.3047 0.648438 18.6592 0.648438 16.7199C0.648438 13.0762 1.73565 9.81458 3.91008 6.93494C6.0845 3.99652 8.52339 1.82209 11.2267 0.411654C11.3443 0.352887 11.4912 0.323503 11.6675 0.323503C12.0789 0.323503 12.2846 0.558576 12.2846 1.02872C12.2846 1.20503 12.2258 1.35195 12.1083 1.46949C10.6978 2.76239 9.6106 4.05529 8.84661 5.34819C8.08263 6.58233 7.70063 7.66954 7.70063 8.60983C7.70063 9.9615 8.25893 10.843 9.37553 11.2544C10.6684 11.9009 11.6675 12.6648 12.3727 13.5464C13.1367 14.4279 13.5187 15.6033 13.5187 17.0725C13.5187 18.8943 12.9016 20.4516 11.6675 21.7445C10.4334 22.9787 8.90538 23.5957 7.08357 23.5957Z\" fill=\"white\"><\/path><\/svg>\t\t\t\t<\/span>\n\t\t\t<\/div>\n\t\t\t\n\t\t\t\t\t\t<div class=\"elementor-icon-box-content\">\n\n\t\t\t\t\n\t\t\t\t\t\t\t\t\t<p class=\"elementor-icon-box-description\">\n\t\t\t\t\t\tVous croyez qu'en travaillant ensemble sur un pied d'\u00e9galit\u00e9, nous pouvons lib\u00e9rer le potentiel des g\u00e9n\u00e9rations actuelles et futures pour vaincre la pauvret\u00e9 et faire progresser les droits des femmes et des filles. Vous croyez que les femmes, les jeunes et les populations rurales pauvres ont le droit de s'exprimer sur un pied d'\u00e9galit\u00e9, de vivre \u00e0 l'abri de la violence, de d\u00e9terminer leur avenir et de r\u00e9aliser pleinement leur potentiel. Vous pouvez nous aider \u00e0 y parvenir. Vous pouvez \u00eatre un acteur du changement en faisant un don testamentaire \u00e0 Carrefour International.\t\t\t\t\t<\/p>\n\t\t\t\t\n\t\t\t<\/div>\n\t\t\t\n\t\t<\/div>\n\t\t\t\t\t\t<\/div>\n\t\t\t\t<\/div>\n\t\t\t\t<\/div>\n\t\t\t\t\t<\/div>\n\t\t\t\t<\/div>\n\t\t<div class=\"elementor-element elementor-element-856e5d0 e-flex e-con-boxed e-con e-parent\" data-id=\"856e5d0\" data-element_type=\"container\" data-settings=\"{&quot;_ha_eqh_enable&quot;:false}\">\n\t\t\t\t\t<div class=\"e-con-inner\">\n\t\t<div class=\"elementor-element elementor-element-b8c4080 e-con-full e-flex e-con e-child\" data-id=\"b8c4080\" data-element_type=\"container\" data-settings=\"{&quot;_ha_eqh_enable&quot;:false}\">\n\t\t\t\t<div class=\"elementor-element elementor-element-9c8f627 elementor-widget elementor-widget-heading\" data-id=\"9c8f627\" data-element_type=\"widget\" data-widget_type=\"heading.default\">\n\t\t\t\t<div class=\"elementor-widget-container\">\n\t\t\t\t\t<h2 class=\"elementor-heading-title elementor-size-default\">AVANTAGES POUR VOUS<\/h2>\t\t\t\t<\/div>\n\t\t\t\t<\/div>\n\t\t\t\t<div class=\"elementor-element elementor-element-3a9807b elementor-widget elementor-widget-text-editor\" data-id=\"3a9807b\" data-element_type=\"widget\" data-widget_type=\"text-editor.default\">\n\t\t\t\t<div class=\"elementor-widget-container\">\n\t\t\t\t\t\t\t\t\t<ul><li><strong>SIMPLE ET PRATIQUE<\/strong>\u00a0: La transaction est simple. Votre sp\u00e9cialiste en assurance vie peut vous conseiller sur le type de contrat le mieux adapt\u00e9 \u00e0 vos besoins.<\/li><li><strong>EFFET DE LEVIER\u00a0:<\/strong> Un moyen \u00e9conomique de faire un don plus important que vous ne le pourriez autrement, sans \u00e9puiser votre patrimoine actuel ni votre succession. La valeur de votre contrat sera bien sup\u00e9rieure aux primes que vous payez.<\/li><li><strong>\u00c9LIMINATION DES FRAIS D&rsquo;HOMOLOGATION, DE JUSTICE ET D&rsquo;EX\u00c9CUTION TESTAMENTAIRE\u00a0:<\/strong> L&rsquo;assurance vie n&rsquo;est pas soumise aux frais d&rsquo;homologation ni aux retards de r\u00e8glement. Le capital laiss\u00e9 \u00e0 Carrefour International lui sera vers\u00e9 directement \u00e0 votre d\u00e9c\u00e8s.<\/li><li><strong>CONTR\u00d4LE\u00a0:<\/strong> L&rsquo;assurance vie n&rsquo;est pas publique et vous permet de rester anonyme. Contrairement \u00e0 un testament, le don est non contestable.<\/li><li><strong>TRANQUILLIT\u00c9 D&rsquo;ESPRIT<\/strong>\u00a0: Vous pouvez organiser le don et vous aurez la certitude qu&rsquo;il se d\u00e9roulera comme pr\u00e9vu.<\/li><li><strong>RECONNAISSANCE<\/strong>\u00a0: Votre don peut \u00eatre honor\u00e9 de votre vivant.<\/li><li><strong>FLEXIBILIT\u00c9<\/strong>\u00a0: Le don d&rsquo;une assurance-vie peut entra\u00eener un all\u00e8gement fiscal annuel pour les primes que vous avez pay\u00e9es ou un cr\u00e9dit d&rsquo;imp\u00f4t pour votre succession l&rsquo;ann\u00e9e de votre d\u00e9c\u00e8s. Vous et votre conseiller financier pouvez d\u00e9terminer comment structurer votre don afin de r\u00e9aliser des \u00e9conomies d&rsquo;imp\u00f4t pour vous-m\u00eame ou votre succession. De votre vivant, le plafond des dons est de 75\u00a0% du revenu net et passe \u00e0 100\u00a0% de votre revenu l&rsquo;ann\u00e9e de votre d\u00e9c\u00e8s. Carrefour International d\u00e9livrera un re\u00e7u fiscal pour don de bienfaisance correspondant \u00e0 la valeur totale du produit du don d&rsquo;assurance. Votre succession utilisera ce re\u00e7u pour r\u00e9duire l&rsquo;imp\u00f4t \u00e0 payer sur votre d\u00e9claration de revenus finale. Si le don d\u00e9passe 100 % de votre revenu net l&rsquo;ann\u00e9e de votre d\u00e9c\u00e8s, le cr\u00e9dit d&rsquo;imp\u00f4t exc\u00e9dentaire peut \u00eatre report\u00e9 r\u00e9trospectivement sur l&rsquo;ann\u00e9e d&rsquo;imposition pr\u00e9c\u00e9dente ou prospective dans le cadre d&rsquo;un plan successoral \u00e0 taux progressifs.<\/li><\/ul>\t\t\t\t\t\t\t\t<\/div>\n\t\t\t\t<\/div>\n\t\t\t\t<\/div>\n\t\t<div class=\"elementor-element elementor-element-34e4da1 e-con-full e-flex e-con e-child\" data-id=\"34e4da1\" data-element_type=\"container\" data-settings=\"{&quot;_ha_eqh_enable&quot;:false}\">\n\t\t\t\t<div class=\"elementor-element elementor-element-a03cf8a elementor-widget elementor-widget-heading\" data-id=\"a03cf8a\" data-element_type=\"widget\" data-widget_type=\"heading.default\">\n\t\t\t\t<div class=\"elementor-widget-container\">\n\t\t\t\t\t<h2 class=\"elementor-heading-title elementor-size-default\">GUIDE DES DONS D'ASSURANCE-VIE<\/h2>\t\t\t\t<\/div>\n\t\t\t\t<\/div>\n\t\t\t\t<div class=\"elementor-element elementor-element-bdb4891 elementor-widget elementor-widget-text-editor\" data-id=\"bdb4891\" data-element_type=\"widget\" data-widget_type=\"text-editor.default\">\n\t\t\t\t<div class=\"elementor-widget-container\">\n\t\t\t\t\t\t\t\t\t<p>Il existe plusieurs fa\u00e7ons simples de faire don d&rsquo;une assurance vie \u00e0 Carrefour.<\/p><p>Vous pouvez conserver une police d&rsquo;assurance vie permanente existante dont la fonction initiale a \u00e9t\u00e9 \u00e9puis\u00e9e et en transf\u00e9rer simplement la propri\u00e9t\u00e9 et la d\u00e9signation de b\u00e9n\u00e9ficiaire \u00e0 Carrefour.<\/p><p>Cette d\u00e9signation est irr\u00e9vocable et non modifiable.<\/p><p>Un re\u00e7u fiscal pour don de bienfaisance sera \u00e9mis pour la valeur de la police au moment du transfert. Tout paiement de primes continu donne \u00e9galement droit \u00e0 un re\u00e7u fiscal pour don de bienfaisance. Veuillez noter que conserver les polices existantes pr\u00e9sente des avantages fiscaux. Carrefour vous recommande fortement d&rsquo;en discuter avec votre conseiller en assurance avant tout transfert.<\/p><p>Vous pouvez souscrire une nouvelle police d&rsquo;assurance vie. Apr\u00e8s le paiement d&rsquo;une prime, Carrefour est d\u00e9sign\u00e9 propri\u00e9taire et b\u00e9n\u00e9ficiaire. Vous continuez \u00e0 payer les primes et recevez un re\u00e7u fiscal pour ces paiements. Encore une fois, cette d\u00e9signation est irr\u00e9vocable et non modifiable. Vous pouvez d\u00e9signer Carrefour comme b\u00e9n\u00e9ficiaire de votre assurance vie individuelle ou collective. Vous conservez la propri\u00e9t\u00e9 de la police. Vous pouvez modifier la d\u00e9signation du b\u00e9n\u00e9ficiaire \u00e0 tout moment. Vous ne recevrez pas de re\u00e7u fiscal pour les primes vers\u00e9es de votre vivant. Votre succession recevra un re\u00e7u fiscal pour la valeur du capital vers\u00e9 \u00e0 Carrefour. Si vous \u00eates salari\u00e9 et que vous b\u00e9n\u00e9ficiez d&rsquo;un r\u00e9gime d&rsquo;avantages sociaux avec capital d\u00e9c\u00e8s, pensez \u00e0 d\u00e9signer Carrefour comme b\u00e9n\u00e9ficiaire ; c&rsquo;est un moyen simple de faire un don planifi\u00e9.<\/p>\t\t\t\t\t\t\t\t<\/div>\n\t\t\t\t<\/div>\n\t\t\t\t<\/div>\n\t\t\t\t\t<\/div>\n\t\t\t\t<\/div>\n\t\t<div class=\"elementor-element elementor-element-e2e8406 e-flex e-con-boxed e-con e-parent\" data-id=\"e2e8406\" data-element_type=\"container\" data-settings=\"{&quot;_ha_eqh_enable&quot;:false}\">\n\t\t\t\t\t<div class=\"e-con-inner\">\n\t\t<div class=\"elementor-element elementor-element-f695736 e-con-full e-flex e-con e-child\" data-id=\"f695736\" data-element_type=\"container\" data-settings=\"{&quot;background_background&quot;:&quot;classic&quot;,&quot;_ha_eqh_enable&quot;:false}\">\n\t\t\t\t<div class=\"elementor-element elementor-element-c4bf972 elementor-widget elementor-widget-heading\" data-id=\"c4bf972\" data-element_type=\"widget\" data-widget_type=\"heading.default\">\n\t\t\t\t<div class=\"elementor-widget-container\">\n\t\t\t\t\t<h2 class=\"elementor-heading-title elementor-size-default\"><p>\n<a href=\"\/wp-content\/uploads\/2025\/03\/One-World-Legacy-Circle_LIFE-INSURANCE_ENG_April_20.pdf\" target=\"_blank\">\nT\u00e9l\u00e9chargez ces informations comme ressource pour vous\n<\/a>\nou contactez Wanjiro Ndungu, notre responsable philanthropie, \u00e0\n<a href=\"mailto:wanjiro@cintl.org\">wanjiro@cintl.org<\/a>\nou appelez le\n<a href=\"tel:4169671611\">416-967-1611<\/a>\npour plus d'informations.\n<\/p><\/h2>\t\t\t\t<\/div>\n\t\t\t\t<\/div>\n\t\t\t\t<\/div>\n\t\t\t\t\t<\/div>\n\t\t\t\t<\/div>\n\t\t\t\t<\/div>\n\t\t","protected":false},"excerpt":{"rendered":"<p>FAIRE UN DON \u2013 D\u00e9tails du don testamentaire Dons d&rsquo;assurance-vie COMMENT COMMENCER Un don d&rsquo;assurance-vie peut \u00eatre int\u00e9ressant si vous avez moins de 50 ans et \u00eates en bonne sant\u00e9 et souhaitez faire un don important pour un investissement financier relativement faible, ou si vous \u00eates plus \u00e2g\u00e9 et que vous avez une police dont [&hellip;]<\/p>\n","protected":false},"author":1,"featured_media":0,"parent":22017,"menu_order":0,"comment_status":"closed","ping_status":"closed","template":"elementor_header_footer","meta":{"_acf_changed":false,"footnotes":""},"class_list":["post-22853","page","type-page","status-publish","hentry"],"acf":[],"_links":{"self":[{"href":"https:\/\/crossboard.dev2.smartegy.ca\/fr\/wp-json\/wp\/v2\/pages\/22853","targetHints":{"allow":["GET"]}}],"collection":[{"href":"https:\/\/crossboard.dev2.smartegy.ca\/fr\/wp-json\/wp\/v2\/pages"}],"about":[{"href":"https:\/\/crossboard.dev2.smartegy.ca\/fr\/wp-json\/wp\/v2\/types\/page"}],"author":[{"embeddable":true,"href":"https:\/\/crossboard.dev2.smartegy.ca\/fr\/wp-json\/wp\/v2\/users\/1"}],"replies":[{"embeddable":true,"href":"https:\/\/crossboard.dev2.smartegy.ca\/fr\/wp-json\/wp\/v2\/comments?post=22853"}],"version-history":[{"count":10,"href":"https:\/\/crossboard.dev2.smartegy.ca\/fr\/wp-json\/wp\/v2\/pages\/22853\/revisions"}],"predecessor-version":[{"id":23829,"href":"https:\/\/crossboard.dev2.smartegy.ca\/fr\/wp-json\/wp\/v2\/pages\/22853\/revisions\/23829"}],"up":[{"embeddable":true,"href":"https:\/\/crossboard.dev2.smartegy.ca\/fr\/wp-json\/wp\/v2\/pages\/22017"}],"wp:attachment":[{"href":"https:\/\/crossboard.dev2.smartegy.ca\/fr\/wp-json\/wp\/v2\/media?parent=22853"}],"curies":[{"name":"wp","href":"https:\/\/api.w.org\/{rel}","templated":true}]}}