{"id":22865,"date":"2025-03-10T09:55:35","date_gmt":"2025-03-10T09:55:35","guid":{"rendered":"https:\/\/crossboard.dev2.smartegy.ca\/?page_id=22865"},"modified":"2025-06-30T15:43:20","modified_gmt":"2025-06-30T15:43:20","slug":"dons-dactions-et-de-titres-2","status":"publish","type":"page","link":"https:\/\/crossboard.dev2.smartegy.ca\/fr\/faire-un-don-dons-testamentaires\/dons-dactions-et-de-titres-2\/","title":{"rendered":"Dons d\u2019actions et de titres"},"content":{"rendered":"\t\t<div data-elementor-type=\"wp-page\" data-elementor-id=\"22865\" class=\"elementor elementor-22865 elementor-20517\" data-elementor-settings=\"{&quot;ha_cmc_init_switcher&quot;:&quot;no&quot;}\" data-elementor-post-type=\"page\">\n\t\t\t\t<div class=\"elementor-element elementor-element-56ae8af e-con-full e-flex e-con e-parent\" data-id=\"56ae8af\" data-element_type=\"container\" data-settings=\"{&quot;background_background&quot;:&quot;classic&quot;,&quot;_ha_eqh_enable&quot;:false}\">\n\t\t\t\t<div class=\"elementor-element elementor-element-018a09a elementor-widget elementor-widget-text-editor\" data-id=\"018a09a\" data-element_type=\"widget\" data-widget_type=\"text-editor.default\">\n\t\t\t\t<div class=\"elementor-widget-container\">\n\t\t\t\t\t\t\t\t\t<p>FAIRE UN DON \u2013 D\u00e9tails du don testamentaire<\/p>\t\t\t\t\t\t\t\t<\/div>\n\t\t\t\t<\/div>\n\t\t\t\t<div class=\"elementor-element elementor-element-ad6b1ff elementor-widget elementor-widget-text-editor\" data-id=\"ad6b1ff\" data-element_type=\"widget\" data-widget_type=\"text-editor.default\">\n\t\t\t\t<div class=\"elementor-widget-container\">\n\t\t\t\t\t\t\t\t\t<p>Dons d&rsquo;actions et de valeurs mobili\u00e8res<\/p>\t\t\t\t\t\t\t\t<\/div>\n\t\t\t\t<\/div>\n\t\t\t\t<\/div>\n\t\t<div class=\"elementor-element elementor-element-a7aa123 e-flex e-con-boxed e-con e-parent\" data-id=\"a7aa123\" data-element_type=\"container\" data-settings=\"{&quot;_ha_eqh_enable&quot;:false}\">\n\t\t\t\t\t<div class=\"e-con-inner\">\n\t\t<div class=\"elementor-element elementor-element-2ded755 e-con-full e-flex e-con e-child\" data-id=\"2ded755\" data-element_type=\"container\" data-settings=\"{&quot;_ha_eqh_enable&quot;:false}\">\n\t\t\t\t<div class=\"elementor-element elementor-element-82fdb6e elementor-widget elementor-widget-heading\" data-id=\"82fdb6e\" data-element_type=\"widget\" data-widget_type=\"heading.default\">\n\t\t\t\t<div class=\"elementor-widget-container\">\n\t\t\t\t\t<h2 class=\"elementor-heading-title elementor-size-default\">COMMENT COMMENCER<\/h2>\t\t\t\t<\/div>\n\t\t\t\t<\/div>\n\t\t\t\t<div class=\"elementor-element elementor-element-74bae68 elementor-widget elementor-widget-text-editor\" data-id=\"74bae68\" data-element_type=\"widget\" data-widget_type=\"text-editor.default\">\n\t\t\t\t<div class=\"elementor-widget-container\">\n\t\t\t\t\t\t\t\t\t<p>Si vous poss\u00e9dez des actions ou des fonds communs de placement dont la valeur a augment\u00e9, vous pourriez \u00eatre impos\u00e9 sur vos b\u00e9n\u00e9fices lors de leur vente. En les donnant directement \u00e0 Carrefour, vous pouvez \u00e9liminer votre imp\u00f4t, recevoir un re\u00e7u fiscal pour don de bienfaisance et faire un don important. Cette option est int\u00e9ressante si vous avez des placements \u00e0 forte valeur ajout\u00e9e et souhaitez faire un don \u00e0 partir de votre \u00e9pargne plut\u00f4t que de vos liquidit\u00e9s.<\/p>\t\t\t\t\t\t\t\t<\/div>\n\t\t\t\t<\/div>\n\t\t\t\t<\/div>\n\t\t<div class=\"elementor-element elementor-element-3e74436 e-con-full e-flex e-con e-child\" data-id=\"3e74436\" data-element_type=\"container\" data-settings=\"{&quot;background_background&quot;:&quot;classic&quot;,&quot;_ha_eqh_enable&quot;:false}\">\n\t\t\t\t<div class=\"elementor-element elementor-element-ace48e3 elementor-position-left elementor-view-default elementor-mobile-position-top elementor-vertical-align-top elementor-widget elementor-widget-icon-box\" data-id=\"ace48e3\" data-element_type=\"widget\" data-widget_type=\"icon-box.default\">\n\t\t\t\t<div class=\"elementor-widget-container\">\n\t\t\t\t\t\t\t<div class=\"elementor-icon-box-wrapper\">\n\n\t\t\t\t\t\t<div class=\"elementor-icon-box-icon\">\n\t\t\t\t<span  class=\"elementor-icon\">\n\t\t\t\t<svg xmlns=\"http:\/\/www.w3.org\/2000\/svg\" width=\"32\" height=\"24\" viewBox=\"0 0 32 24\" fill=\"none\"><path d=\"M25.5074 23.5957C23.6856 23.5957 22.1282 22.9493 20.8353 21.6564C19.6012 20.3047 18.9841 18.6592 18.9841 16.7199C18.9841 13.0762 20.042 9.81458 22.1576 6.93494C24.3321 3.99652 26.8297 1.79271 29.6506 0.323503L30.0032 0.235352C30.4733 0.235352 30.7084 0.470423 30.7084 0.940567C30.7084 1.11687 30.6203 1.29318 30.444 1.46949C29.0335 2.70362 27.9463 3.96714 27.1823 5.26004C26.4183 6.49417 26.0363 7.61077 26.0363 8.60983C26.0363 9.66766 26.5946 10.5492 27.7112 11.2544C29.0629 12.0184 30.0914 12.8118 30.7966 13.6345C31.5606 14.4573 31.9426 15.6033 31.9426 17.0725C31.9426 18.8943 31.2961 20.4516 30.0032 21.7445C28.7691 22.9787 27.2705 23.5957 25.5074 23.5957ZM7.08357 23.5957C5.32052 23.5957 3.79254 22.9493 2.49964 21.6564C1.2655 20.3047 0.648438 18.6592 0.648438 16.7199C0.648438 13.0762 1.73565 9.81458 3.91008 6.93494C6.0845 3.99652 8.52339 1.82209 11.2267 0.411654C11.3443 0.352887 11.4912 0.323503 11.6675 0.323503C12.0789 0.323503 12.2846 0.558576 12.2846 1.02872C12.2846 1.20503 12.2258 1.35195 12.1083 1.46949C10.6978 2.76239 9.6106 4.05529 8.84661 5.34819C8.08263 6.58233 7.70063 7.66954 7.70063 8.60983C7.70063 9.9615 8.25893 10.843 9.37553 11.2544C10.6684 11.9009 11.6675 12.6648 12.3727 13.5464C13.1367 14.4279 13.5187 15.6033 13.5187 17.0725C13.5187 18.8943 12.9016 20.4516 11.6675 21.7445C10.4334 22.9787 8.90538 23.5957 7.08357 23.5957Z\" fill=\"white\"><\/path><\/svg>\t\t\t\t<\/span>\n\t\t\t<\/div>\n\t\t\t\n\t\t\t\t\t\t<div class=\"elementor-icon-box-content\">\n\n\t\t\t\t\n\t\t\t\t\t\t\t\t\t<p class=\"elementor-icon-box-description\">\n\t\t\t\t\t\tVous croyez qu'en travaillant ensemble sur un pied d'\u00e9galit\u00e9, nous pouvons lib\u00e9rer le potentiel des g\u00e9n\u00e9rations actuelles et futures pour vaincre la pauvret\u00e9 et faire progresser les droits des femmes et des filles. Vous croyez que les femmes, les jeunes et les populations rurales pauvres ont le droit de s'exprimer sur un pied d'\u00e9galit\u00e9, de vivre \u00e0 l'abri de la violence, de d\u00e9terminer leur avenir et de r\u00e9aliser pleinement leur potentiel. Vous pouvez nous aider \u00e0 y parvenir. Vous pouvez \u00eatre un acteur du changement en faisant un don testamentaire \u00e0 Carrefour International.\t\t\t\t\t<\/p>\n\t\t\t\t\n\t\t\t<\/div>\n\t\t\t\n\t\t<\/div>\n\t\t\t\t\t\t<\/div>\n\t\t\t\t<\/div>\n\t\t\t\t<\/div>\n\t\t\t\t\t<\/div>\n\t\t\t\t<\/div>\n\t\t<div class=\"elementor-element elementor-element-66feea3 e-flex e-con-boxed e-con e-parent\" data-id=\"66feea3\" data-element_type=\"container\" data-settings=\"{&quot;_ha_eqh_enable&quot;:false}\">\n\t\t\t\t\t<div class=\"e-con-inner\">\n\t\t<div class=\"elementor-element elementor-element-9863a1b e-con-full e-flex e-con e-child\" data-id=\"9863a1b\" data-element_type=\"container\" data-settings=\"{&quot;_ha_eqh_enable&quot;:false}\">\n\t\t\t\t<div class=\"elementor-element elementor-element-c8d6317 elementor-widget elementor-widget-text-editor\" data-id=\"c8d6317\" data-element_type=\"widget\" data-widget_type=\"text-editor.default\">\n\t\t\t\t<div class=\"elementor-widget-container\">\n\t\t\t\t\t\t\t\t\t<p>Votre don ne sera pas admissible \u00e0 l&rsquo;exon\u00e9ration de l&rsquo;imp\u00f4t sur les gains en capital si vos actions sont vendues et que le montant en esp\u00e8ces est ensuite donn\u00e9 \u00e0 un organisme de bienfaisance. Le don doit \u00eatre effectu\u00e9 en nature pour b\u00e9n\u00e9ficier de l&rsquo;exon\u00e9ration de l&rsquo;imp\u00f4t sur les gains en capital ; les titres doivent donc \u00eatre transf\u00e9r\u00e9s directement sur le compte de courtage de Carrefour. Un re\u00e7u de don est d\u00e9livr\u00e9 pour la juste valeur marchande du titre \u00e0 la date du transfert.<\/p><p>Carrefour vous recommande vivement de consulter un professionnel afin de vous assurer que vos objectifs financiers sont pris en compte, que votre situation fiscale est examin\u00e9e et que votre don planifi\u00e9 est adapt\u00e9 \u00e0 votre situation.<\/p>\t\t\t\t\t\t\t\t<\/div>\n\t\t\t\t<\/div>\n\t\t\t\t<\/div>\n\t\t\t\t\t<\/div>\n\t\t\t\t<\/div>\n\t\t<div class=\"elementor-element elementor-element-856e5d0 e-flex e-con-boxed e-con e-parent\" data-id=\"856e5d0\" data-element_type=\"container\" data-settings=\"{&quot;_ha_eqh_enable&quot;:false}\">\n\t\t\t\t\t<div class=\"e-con-inner\">\n\t\t<div class=\"elementor-element elementor-element-b8c4080 e-con-full e-flex e-con e-child\" data-id=\"b8c4080\" data-element_type=\"container\" data-settings=\"{&quot;_ha_eqh_enable&quot;:false}\">\n\t\t\t\t<div class=\"elementor-element elementor-element-9c8f627 elementor-widget elementor-widget-heading\" data-id=\"9c8f627\" data-element_type=\"widget\" data-widget_type=\"heading.default\">\n\t\t\t\t<div class=\"elementor-widget-container\">\n\t\t\t\t\t<h2 class=\"elementor-heading-title elementor-size-default\">AVANTAGES POUR VOUS<\/h2>\t\t\t\t<\/div>\n\t\t\t\t<\/div>\n\t\t\t\t<div class=\"elementor-element elementor-element-3a9807b elementor-widget elementor-widget-text-editor\" data-id=\"3a9807b\" data-element_type=\"widget\" data-widget_type=\"text-editor.default\">\n\t\t\t\t<div class=\"elementor-widget-container\">\n\t\t\t\t\t\t\t\t\t<ul><li><strong>SIMPLES ET PRATIQUE<\/strong> : Les actions sont faciles \u00e0 transf\u00e9rer. Votre courtier transf\u00e8re les actions de votre compte directement vers le compte de courtage de Carrefour International. La date de votre don correspond \u00e0 la date de r\u00e9ception des actions sur notre compte.<\/li><li><strong>AVANTAGES FISCAUX : En faisant don de vos actions ou de vos fonds communs de placement \u00e0 plus-value directement \u00e0 Carrefour, vous b\u00e9n\u00e9ficiez de deux types d&rsquo;\u00e9conomies d&rsquo;imp\u00f4t : un cr\u00e9dit d&rsquo;imp\u00f4t sous forme de re\u00e7u fiscal pour don de bienfaisance et l&rsquo;\u00e9limination des gains en capital dus \u00e0 la cession des actions.<\/strong><\/li><li><strong>AUTRE AVANTAGE FISCAL : Vous pouvez \u00e9galement faire don d&rsquo;actions et de titres cot\u00e9s en bourse par testament. C&rsquo;est un excellent moyen de r\u00e9duire l&rsquo;imp\u00f4t sur les gains en capital au d\u00e9c\u00e8s, r\u00e9duisant ainsi consid\u00e9rablement l&rsquo;imp\u00f4t d\u00fb. Carrefour \u00e9mettra un re\u00e7u fiscal pour don de bienfaisance correspondant \u00e0 la valeur totale des actions \u00e0 la date de r\u00e9ception par notre courtier. Votre succession utilisera ce re\u00e7u pour r\u00e9duire l&rsquo;imp\u00f4t \u00e0 payer sur votre d\u00e9claration de revenus finale. Si votre don d\u00e9passe 100 % de votre revenu net l&rsquo;ann\u00e9e de votre d\u00e9c\u00e8s, le cr\u00e9dit d&rsquo;imp\u00f4t exc\u00e9dentaire peut \u00eatre report\u00e9 r\u00e9trospectivement sur l&rsquo;ann\u00e9e fiscale pr\u00e9c\u00e9dente ou prospective dans le cadre d&rsquo;un plan successoral \u00e0 taux progressifs.<br \/><\/strong><\/li><\/ul>\t\t\t\t\t\t\t\t<\/div>\n\t\t\t\t<\/div>\n\t\t\t\t<\/div>\n\t\t<div class=\"elementor-element elementor-element-34e4da1 e-con-full e-flex e-con e-child\" data-id=\"34e4da1\" data-element_type=\"container\" data-settings=\"{&quot;_ha_eqh_enable&quot;:false}\">\n\t\t\t\t<div class=\"elementor-element elementor-element-a03cf8a elementor-widget elementor-widget-heading\" data-id=\"a03cf8a\" data-element_type=\"widget\" data-widget_type=\"heading.default\">\n\t\t\t\t<div class=\"elementor-widget-container\">\n\t\t\t\t\t<h2 class=\"elementor-heading-title elementor-size-default\">DIRECTIVES POUR LE TRANSFERT D'ACTIFS<\/h2>\t\t\t\t<\/div>\n\t\t\t\t<\/div>\n\t\t\t\t<div class=\"elementor-element elementor-element-bdb4891 elementor-widget elementor-widget-text-editor\" data-id=\"bdb4891\" data-element_type=\"widget\" data-widget_type=\"text-editor.default\">\n\t\t\t\t<div class=\"elementor-widget-container\">\n\t\t\t\t\t\t\t\t\t<p>Comptes de courtage<br \/>La m\u00e9thode de transfert la plus simple et la plus s\u00fbre est de placer vos actions sur un compte de courtage.<br \/>Les actions peuvent \u00eatre transf\u00e9r\u00e9es sur instruction de votre donateur \u00e0 votre courtier, qui les transf\u00e9rera directement de votre compte de courtage vers celui de Carrefour.<\/p><p>Certificats d&rsquo;actions<br \/>Si vous d\u00e9tenez des certificats d&rsquo;actions, vous pouvez faire don d&rsquo;un certificat endoss\u00e9 portant votre signature garantie par la banque ou votre courtier, ou d&rsquo;un certificat non endoss\u00e9 et d&rsquo;une procuration sign\u00e9e pour actions ou obligations, avec signature garantie. Les certificats peuvent \u00eatre livr\u00e9s par coursier \u00e0 Carrefour si les pr\u00e9cautions n\u00e9cessaires sont prises, c&rsquo;est-\u00e0-dire que les certificats non endoss\u00e9s et la procuration pour actions ou obligations sont livr\u00e9s s\u00e9par\u00e9ment. Il est d\u00e9conseill\u00e9 de r\u00e9enregistrer les certificats d&rsquo;actions au nom de Carrefour, car cette op\u00e9ration peut prendre plus de deux semaines, p\u00e9riode pendant laquelle la valeur des actions peut fluctuer.<\/p>\t\t\t\t\t\t\t\t<\/div>\n\t\t\t\t<\/div>\n\t\t\t\t<\/div>\n\t\t\t\t\t<\/div>\n\t\t\t\t<\/div>\n\t\t<div class=\"elementor-element elementor-element-e2e8406 e-flex e-con-boxed e-con e-parent\" data-id=\"e2e8406\" data-element_type=\"container\" data-settings=\"{&quot;_ha_eqh_enable&quot;:false}\">\n\t\t\t\t\t<div class=\"e-con-inner\">\n\t\t<div class=\"elementor-element elementor-element-f695736 e-con-full e-flex e-con e-child\" data-id=\"f695736\" data-element_type=\"container\" data-settings=\"{&quot;background_background&quot;:&quot;classic&quot;,&quot;_ha_eqh_enable&quot;:false}\">\n\t\t\t\t<div class=\"elementor-element elementor-element-1cb1de5 elementor-widget elementor-widget-text-editor\" data-id=\"1cb1de5\" data-element_type=\"widget\" data-widget_type=\"text-editor.default\">\n\t\t\t\t<div class=\"elementor-widget-container\">\n\t\t\t\t\t\t\t\t\t<p>T\u00e9l\u00e9chargez les <a href=\"\/wp-content\/uploads\/2025\/03\/Guide-to-Gifts-of-Stocks-and-Securities.pdf\" target=\"_blank\" rel=\"noopener\">Lignes directrices pour le transfert d&rsquo;actifs<\/a>. Pour en savoir plus sur notre programme de dons planifi\u00e9s, veuillez contacter Wanjiro Ndungu, directeur principal de la philanthropie et de l&rsquo;engagement public, \u00e0 <a href=\"mailto:wanjiro@cintl.org\">wanjiro@cintl.org<\/a> ou par t\u00e9l\u00e9phone au 416-967-1611. Vous pouvez \u00e9galement <a href=\"\/wp-content\/uploads\/2025\/03\/One-World-Legacy-Circle_STOCKS-AND-SECURITIES_FRA_2021-1.pdf\" target=\"_blank\" rel=\"noopener\">t\u00e9l\u00e9charger ces informations comme ressource pour vous<\/a>.<\/p><p>Carrefour International a le plaisir de vous fournir un <a href=\"\/wp-content\/uploads\/2025\/03\/Securities-Donation-Intent-Form-11.23.23-UPDATED.pdf\" target=\"_blank\" rel=\"noopener\">Formulaire d&rsquo;intention de don de titres<\/a>\u00a0pour finaliser la transaction.<\/p>\t\t\t\t\t\t\t\t<\/div>\n\t\t\t\t<\/div>\n\t\t\t\t<\/div>\n\t\t\t\t\t<\/div>\n\t\t\t\t<\/div>\n\t\t\t\t<\/div>\n\t\t","protected":false},"excerpt":{"rendered":"<p>FAIRE UN DON \u2013 D\u00e9tails du don testamentaire Dons d&rsquo;actions et de valeurs mobili\u00e8res COMMENT COMMENCER Si vous poss\u00e9dez des actions ou des fonds communs de placement dont la valeur a augment\u00e9, vous pourriez \u00eatre impos\u00e9 sur vos b\u00e9n\u00e9fices lors de leur vente. En les donnant directement \u00e0 Carrefour, vous pouvez \u00e9liminer votre imp\u00f4t, recevoir [&hellip;]<\/p>\n","protected":false},"author":1,"featured_media":0,"parent":22017,"menu_order":0,"comment_status":"closed","ping_status":"closed","template":"elementor_header_footer","meta":{"_acf_changed":false,"footnotes":""},"class_list":["post-22865","page","type-page","status-publish","hentry"],"acf":[],"_links":{"self":[{"href":"https:\/\/crossboard.dev2.smartegy.ca\/fr\/wp-json\/wp\/v2\/pages\/22865","targetHints":{"allow":["GET"]}}],"collection":[{"href":"https:\/\/crossboard.dev2.smartegy.ca\/fr\/wp-json\/wp\/v2\/pages"}],"about":[{"href":"https:\/\/crossboard.dev2.smartegy.ca\/fr\/wp-json\/wp\/v2\/types\/page"}],"author":[{"embeddable":true,"href":"https:\/\/crossboard.dev2.smartegy.ca\/fr\/wp-json\/wp\/v2\/users\/1"}],"replies":[{"embeddable":true,"href":"https:\/\/crossboard.dev2.smartegy.ca\/fr\/wp-json\/wp\/v2\/comments?post=22865"}],"version-history":[{"count":7,"href":"https:\/\/crossboard.dev2.smartegy.ca\/fr\/wp-json\/wp\/v2\/pages\/22865\/revisions"}],"predecessor-version":[{"id":23832,"href":"https:\/\/crossboard.dev2.smartegy.ca\/fr\/wp-json\/wp\/v2\/pages\/22865\/revisions\/23832"}],"up":[{"embeddable":true,"href":"https:\/\/crossboard.dev2.smartegy.ca\/fr\/wp-json\/wp\/v2\/pages\/22017"}],"wp:attachment":[{"href":"https:\/\/crossboard.dev2.smartegy.ca\/fr\/wp-json\/wp\/v2\/media?parent=22865"}],"curies":[{"name":"wp","href":"https:\/\/api.w.org\/{rel}","templated":true}]}}